{"id":5950,"date":"2025-03-09T13:50:26","date_gmt":"2025-03-09T13:50:26","guid":{"rendered":"https:\/\/artstella-elixirs-floraux.com\/product\/plumbago-10ml-deva\/"},"modified":"2025-06-08T12:49:22","modified_gmt":"2025-06-08T12:49:22","slug":"plumbago-10ml-deva","status":"publish","type":"product","link":"https:\/\/artstella-elixirs-floraux.com\/en\/product\/plumbago-10ml-deva\/","title":{"rendered":"Plumbago 10ml DEVA"},"content":{"rendered":"","protected":false},"excerpt":{"rendered":"<h2>Plumbago &#8211; Cerato<\/h2>\n<p class=\"produitsFicheLatin\"><em>Ceratostigma willmottiana<\/em><\/p>\n<p class=\"produitsFicheCategorie\"><em>Confiance en soi, intuition<\/em><\/p>\n<p class=\"produitsFicheCategorie\">Pour ceux qui doutent de leurs capacit\u00e9s, qui n&rsquo;ont pas confiance dans leur intuition. Manquant de volont\u00e9, ils n&rsquo;ont pas le courage de leurs convictions.<\/p>","protected":false},"featured_media":5951,"template":"","meta":[],"product_brand":[],"product_cat":[189],"product_tag":[],"class_list":{"0":"post-5950","1":"product","2":"type-product","3":"status-publish","4":"has-post-thumbnail","6":"product_cat-les-fleurs-de-bach-par-deva","8":"first","9":"instock","10":"taxable","11":"shipping-taxable","12":"purchasable","13":"product-type-simple"},"etheme_brands":{"errors":{"invalid_taxonomy":["Invalid taxonomy."]},"error_data":[]},"jetpack_sharing_enabled":true,"jetpack-related-posts":[{"id":12249,"url":"https:\/\/artstella-elixirs-floraux.com\/en\/product\/5-orchidee-de-lintuition-spathoglottis-plicata-sylfos\/","url_meta":{"origin":5950,"position":0},"title":"05. ORCHID\u00c9E DE L\u2019INTUITION Spathoglottis plicata Sylfos","author":"eveapprill","date":"13 March 2026","format":false,"excerpt":"\u00c9lixir d\u2019intuition et de clart\u00e9 int\u00e9rieure. Ouvre la perception subtile, apaise le mental et renforce la confiance dans la voix int\u00e9rieure.","rel":"","context":"Similar post","block_context":{"text":"Similar post","link":""},"img":{"alt_text":"","src":"https:\/\/i0.wp.com\/artstella-elixirs-floraux.com\/wp-content\/uploads\/2026\/03\/5_intuicion_-WEB.png?resize=350%2C200&ssl=1","width":350,"height":200},"classes":[]},{"id":5830,"url":"https:\/\/artstella-elixirs-floraux.com\/en\/product\/lezard-lizard-gallotia-caesaris-gomerae15-ml-phi\/","url_meta":{"origin":5950,"position":1},"title":"L\u00e9zard &#8211; Lizard (Gallotia caesaris gomerae)15 ml PHI","author":"eveapprill","date":"9 March 2025","format":false,"excerpt":"L\u00e9zard - Lizard (Gallotia caesaris gomerae)\u00a0 Energ\u00e9tiquement cet \u00e9lixir nous offre un fort potentiel de r\u00e9g\u00e9n\u00e9ration, notamment apr\u00e8s un traitement pour des probl\u00e8mes cutan\u00e9s. Il nous aide \u00e0 faire confiance \u00e0 notre intuition et \u00e0 suivre notre lumi\u00e8re int\u00e9rieure.","rel":"","context":"Similar post","block_context":{"text":"Similar post","link":""},"img":{"alt_text":"","src":"","width":0,"height":0},"classes":[]},{"id":2977,"url":"https:\/\/artstella-elixirs-floraux.com\/en\/product\/citrine-15-ml-phi\/","url_meta":{"origin":5950,"position":2},"title":"CITRINE 15 ML PHI","author":"eveapprill","date":"9 March 2025","format":false,"excerpt":"Citrine (Zitrin) \u00c9quilibre les \u00e9motions au niveau du plexus solaire et renforce la confiance en soi, l'intuition et le sens de la communaut\u00e9. Stimule le troisi\u00e8me \u0153il et le chakra coronal.","rel":"","context":"Similar post","block_context":{"text":"Similar post","link":""},"img":{"alt_text":"","src":"https:\/\/i0.wp.com\/artstella-elixirs-floraux.com\/wp-content\/uploads\/2025\/03\/wp-image312.png?resize=350%2C200&ssl=1","width":350,"height":200},"classes":[]},{"id":12351,"url":"https:\/\/artstella-elixirs-floraux.com\/en\/product\/lapis-lazuli-15-ml-sylfos\/","url_meta":{"origin":5950,"position":3},"title":"LAPIS LAZULI 15 ml Sylfos","author":"eveapprill","date":"16 March 2026","format":false,"excerpt":"La labradorite prot\u00e8ge le champ \u00e9nerg\u00e9tique et renforce l'intuition. Elle est utile pour les personnes sensibles ou dans les environnements charg\u00e9s. Elle aide \u00e0 \u00e9viter l'absorption \u00e9motionnelle externe et \u00e0 faire confiance \u00e0 sa propre perception. Son \u00e9nergie apporte clart\u00e9, protection et \u00e9quilibre.","rel":"","context":"Similar post","block_context":{"text":"Similar post","link":""},"img":{"alt_text":"","src":"https:\/\/i0.wp.com\/artstella-elixirs-floraux.com\/wp-content\/uploads\/2026\/03\/LapisLazuli_1.png?resize=350%2C200&ssl=1","width":350,"height":200},"classes":[]},{"id":4090,"url":"https:\/\/artstella-elixirs-floraux.com\/en\/product\/avocatier-15ml-fleur-sylfos\/","url_meta":{"origin":5950,"position":4},"title":"AVOCATIER 15ML FLEUR SYLFOS","author":"eveapprill","date":"9 March 2025","format":false,"excerpt":"AVOCATIER \/ PALTO\u00a0\u00a0\u00a0\u00a0 Avocado\u00a0\u00a0 Persea americana \u00a0 \u00a0 Stabilise les fluctuations \u00e9motionnelles. Utile pour ceux qui ont des difficult\u00e9s \u00e0 exp\u00e9rimenter le plaisir. Permet de retrouver la confiance en soi-m\u00eame et dans les autres\u00a0;\u00a0","rel":"","context":"Similar post","block_context":{"text":"Similar post","link":""},"img":{"alt_text":"","src":"","width":0,"height":0},"classes":[]},{"id":2670,"url":"https:\/\/artstella-elixirs-floraux.com\/en\/product\/bush-fuchsia-15ml\/","url_meta":{"origin":5950,"position":5},"title":"BUSH FUCHSIA 15ml","author":"eveapprill","date":"9 March 2025","format":false,"excerpt":"BUSH FUSHIA\u00a0 Incapacit\u00e9 \u00e0 \u00e9quilibrer la logique et la rationalit\u00e9 avec l\u2019intuition et la cr\u00e9ativit\u00e9, ne pas \u00e9couter son intuition. Pour l\u2019int\u00e9gration des connaissances, pour \u00e9couter et suivre son intuition.","rel":"","context":"Similar post","block_context":{"text":"Similar post","link":""},"img":{"alt_text":"","src":"https:\/\/i0.wp.com\/artstella-elixirs-floraux.com\/wp-content\/uploads\/2025\/03\/wp-image248.png?resize=350%2C200&ssl=1","width":350,"height":200},"classes":[]}],"_links":{"self":[{"href":"https:\/\/artstella-elixirs-floraux.com\/en\/wp-json\/wp\/v2\/product\/5950","targetHints":{"allow":["GET"]}}],"collection":[{"href":"https:\/\/artstella-elixirs-floraux.com\/en\/wp-json\/wp\/v2\/product"}],"about":[{"href":"https:\/\/artstella-elixirs-floraux.com\/en\/wp-json\/wp\/v2\/types\/product"}],"version-history":[{"count":0,"href":"https:\/\/artstella-elixirs-floraux.com\/en\/wp-json\/wp\/v2\/product\/5950\/revisions"}],"wp:featuredmedia":[{"embeddable":true,"href":"https:\/\/artstella-elixirs-floraux.com\/en\/wp-json\/wp\/v2\/media\/5951"}],"wp:attachment":[{"href":"https:\/\/artstella-elixirs-floraux.com\/en\/wp-json\/wp\/v2\/media?parent=5950"}],"wp:term":[{"taxonomy":"product_brand","embeddable":true,"href":"https:\/\/artstella-elixirs-floraux.com\/en\/wp-json\/wp\/v2\/product_brand?post=5950"},{"taxonomy":"product_cat","embeddable":true,"href":"https:\/\/artstella-elixirs-floraux.com\/en\/wp-json\/wp\/v2\/product_cat?post=5950"},{"taxonomy":"product_tag","embeddable":true,"href":"https:\/\/artstella-elixirs-floraux.com\/en\/wp-json\/wp\/v2\/product_tag?post=5950"}],"curies":[{"name":"wp","href":"https:\/\/api.w.org\/{rel}","templated":true}]}}