{"id":5956,"date":"2025-03-09T13:50:30","date_gmt":"2025-03-09T13:50:30","guid":{"rendered":"https:\/\/artstella-elixirs-floraux.com\/product\/scleranthus-10ml-deva\/"},"modified":"2025-06-08T12:49:22","modified_gmt":"2025-06-08T12:49:22","slug":"scleranthus-10ml-deva","status":"publish","type":"product","link":"https:\/\/artstella-elixirs-floraux.com\/en\/product\/scleranthus-10ml-deva\/","title":{"rendered":"Scleranthus 10ml DEVA"},"content":{"rendered":"","protected":false},"excerpt":{"rendered":"<h2>Scleranthus<\/h2>\n<p class=\"produitsFicheLatin\"><em>Scleranthus annuus<\/em><\/p>\n<p class=\"produitsFicheCategorie\"><em>Equilibre, stabilit\u00e9 et d\u00e9termination<\/em><\/p>\n<p class=\"produitsFicheCategorie\">Pour prendre des d\u00e9cisions avec clart\u00e9 et d\u00e9termination. Pour ceux qui sont incapables de prendre une d\u00e9cision lorsqu&rsquo;ils sont plac\u00e9s entre deux choix.<\/p>","protected":false},"featured_media":5957,"template":"","meta":[],"product_brand":[],"product_cat":[189],"product_tag":[],"class_list":{"0":"post-5956","1":"product","2":"type-product","3":"status-publish","4":"has-post-thumbnail","6":"product_cat-les-fleurs-de-bach-par-deva","8":"first","9":"instock","10":"taxable","11":"shipping-taxable","12":"purchasable","13":"product-type-simple"},"etheme_brands":{"errors":{"invalid_taxonomy":["Invalid taxonomy."]},"error_data":[]},"jetpack_sharing_enabled":true,"jetpack-related-posts":[{"id":12285,"url":"https:\/\/artstella-elixirs-floraux.com\/en\/product\/14-orchidee-du-courage-dendrobium-anceps-sylfos\/","url_meta":{"origin":5956,"position":0},"title":"14. ORCHID\u00c9E DU COURAGE Dendrobium anceps Sylfos","author":"eveapprill","date":"13 March 2026","format":false,"excerpt":"\u00c9lixir de\u00a0r\u00e9silience et de force int\u00e9rieure. Aide \u00e0 d\u00e9passer la peur, \u00e0 prendre des d\u00e9cisions et \u00e0 avancer avec d\u00e9termination face aux d\u00e9fis.","rel":"","context":"Similar post","block_context":{"text":"Similar post","link":""},"img":{"alt_text":"","src":"https:\/\/i0.wp.com\/artstella-elixirs-floraux.com\/wp-content\/uploads\/2026\/03\/14_valentia_-WEB.png?resize=350%2C200&ssl=1","width":350,"height":200},"classes":[]},{"id":2811,"url":"https:\/\/artstella-elixirs-floraux.com\/en\/product\/cerato-phi-15-ml\/","url_meta":{"origin":5956,"position":1},"title":"CERATO PHI 15 ML","author":"eveapprill","date":"9 March 2025","format":false,"excerpt":"Cerato (Ceratostigma villmottiana) (Plumbago) Favorise l'intuition et nous aide \u00e0 prendre des d\u00e9cisions.","rel":"","context":"Similar post","block_context":{"text":"Similar post","link":""},"img":{"alt_text":"","src":"https:\/\/i0.wp.com\/artstella-elixirs-floraux.com\/wp-content\/uploads\/2025\/03\/wp-image337.png?resize=350%2C200&ssl=1","width":350,"height":200},"classes":[]},{"id":12341,"url":"https:\/\/artstella-elixirs-floraux.com\/en\/product\/chrysoberyl-crisoberio-15ml-sylfos\/","url_meta":{"origin":5956,"position":2},"title":"CHRYSOBERYL &#8211; CRISOBERIO 15ml Sylfos","author":"eveapprill","date":"16 March 2026","format":false,"excerpt":"Le chrysob\u00e9ryl apporte de la clart\u00e9 mentale et renforce le discernement dans les situations complexes. Il aide \u00e0 int\u00e9grer intuition et raison, r\u00e9duisant les doutes et l'ind\u00e9cision. Il est utile lorsqu'il faut prendre des d\u00e9cisions importantes. Son \u00e9nergie favorise une perception objective et consciente.","rel":"","context":"Similar post","block_context":{"text":"Similar post","link":""},"img":{"alt_text":"","src":"https:\/\/i0.wp.com\/artstella-elixirs-floraux.com\/wp-content\/uploads\/2026\/03\/Crisoberilo_1.png?resize=350%2C200&ssl=1","width":350,"height":200},"classes":[]},{"id":12355,"url":"https:\/\/artstella-elixirs-floraux.com\/en\/product\/opale-andine-opalo-andino\/","url_meta":{"origin":5956,"position":3},"title":"OPALE ANDINE &#8211; OPALO ANDINO","author":"eveapprill","date":"16 March 2026","format":false,"excerpt":"Le lapis-lazuli \u00e9veille la sagesse int\u00e9rieure et favorise l'expression claire de la v\u00e9rit\u00e9. Il aide \u00e0 surmonter la confusion mentale et \u00e0 prendre des d\u00e9cisions conscientes. Il est utile dans les processus d'introspection ou de communication authentique. Son \u00e9nergie apporte coh\u00e9rence, clart\u00e9 et confiance.","rel":"","context":"Similar post","block_context":{"text":"Similar post","link":""},"img":{"alt_text":"","src":"https:\/\/i0.wp.com\/artstella-elixirs-floraux.com\/wp-content\/uploads\/2026\/03\/OpaloAndino_1.png?resize=350%2C200&ssl=1","width":350,"height":200},"classes":[]},{"id":2086,"url":"https:\/\/artstella-elixirs-floraux.com\/en\/product\/bladder-wort-alaskan\/","url_meta":{"origin":5956,"position":4},"title":"Bladder Wort Alaskan","author":"eveapprill","date":"9 March 2025","format":false,"excerpt":"Bladder Wort Alaska Pi\u00e9g\u00e9 dans l'illusion, incapacit\u00e9 \u00e0 prendre des d\u00e9cisions pour notre plus grand bien ; manque de discernement, souvent d\u00e9\u00e7u ou roul\u00e9.Pour voir \u00e0 travers l'illusion gr\u00e2ce \u00e0 la connaissance int\u00e9rieur, soutient le discernement face \u00e0 la malhonn\u00eatet\u00e9 d'autrui. Renforce notre capacit\u00e9 \u00e0 percevoir la v\u00e9rit\u00e9 malgr\u00e9 la\u2026","rel":"","context":"Similar post","block_context":{"text":"Similar post","link":""},"img":{"alt_text":"","src":"https:\/\/i0.wp.com\/artstella-elixirs-floraux.com\/wp-content\/uploads\/2025\/03\/wp-image41.webp?resize=350%2C200&ssl=1","width":350,"height":200},"classes":[]},{"id":5440,"url":"https:\/\/artstella-elixirs-floraux.com\/en\/product\/tanaisie-tansy-10-ml\/","url_meta":{"origin":5956,"position":5},"title":"Tanaisie &#8211; Tansy 10 ml","author":"eveapprill","date":"9 March 2025","format":false,"excerpt":"Tanaisie \/ Tanacetum vulgare - Tansy\u00a0 Pour sortir du doute et de l\u2019ind\u00e9cision, pour apprendre \u00e0 trancher et \u00e0 agir. Aide \u00e0 percevoir les processus de d\u00e9cisions et \u00e0 comprendre que tant que l\u2019on ne prend pas une d\u00e9cision, rien n\u2019arrivera.","rel":"","context":"Similar post","block_context":{"text":"Similar post","link":""},"img":{"alt_text":"","src":"","width":0,"height":0},"classes":[]}],"_links":{"self":[{"href":"https:\/\/artstella-elixirs-floraux.com\/en\/wp-json\/wp\/v2\/product\/5956","targetHints":{"allow":["GET"]}}],"collection":[{"href":"https:\/\/artstella-elixirs-floraux.com\/en\/wp-json\/wp\/v2\/product"}],"about":[{"href":"https:\/\/artstella-elixirs-floraux.com\/en\/wp-json\/wp\/v2\/types\/product"}],"version-history":[{"count":0,"href":"https:\/\/artstella-elixirs-floraux.com\/en\/wp-json\/wp\/v2\/product\/5956\/revisions"}],"wp:featuredmedia":[{"embeddable":true,"href":"https:\/\/artstella-elixirs-floraux.com\/en\/wp-json\/wp\/v2\/media\/5957"}],"wp:attachment":[{"href":"https:\/\/artstella-elixirs-floraux.com\/en\/wp-json\/wp\/v2\/media?parent=5956"}],"wp:term":[{"taxonomy":"product_brand","embeddable":true,"href":"https:\/\/artstella-elixirs-floraux.com\/en\/wp-json\/wp\/v2\/product_brand?post=5956"},{"taxonomy":"product_cat","embeddable":true,"href":"https:\/\/artstella-elixirs-floraux.com\/en\/wp-json\/wp\/v2\/product_cat?post=5956"},{"taxonomy":"product_tag","embeddable":true,"href":"https:\/\/artstella-elixirs-floraux.com\/en\/wp-json\/wp\/v2\/product_tag?post=5956"}],"curies":[{"name":"wp","href":"https:\/\/api.w.org\/{rel}","templated":true}]}}