{"id":5968,"date":"2025-03-09T13:50:38","date_gmt":"2025-03-09T13:50:38","guid":{"rendered":"https:\/\/artstella-elixirs-floraux.com\/product\/coprin-a-tete-doree-bloesem-10ml\/"},"modified":"2025-06-08T13:00:27","modified_gmt":"2025-06-08T13:00:27","slug":"coprin-a-tete-doree-bloesem-10ml","status":"publish","type":"product","link":"https:\/\/artstella-elixirs-floraux.com\/en\/product\/coprin-a-tete-doree-bloesem-10ml\/","title":{"rendered":"COPRIN \u00c0 T\u00caTE DOR\u00c9E BLOESEM 10ML"},"content":{"rendered":"","protected":false},"excerpt":{"rendered":"<p><strong>COPRIN \u00c0 T\u00caTE DOR\u00c9E &#8211; KASTANJE INKTZWAM \u2013- <em>Coprinus auricomus<\/em><\/strong><\/p>\n<p>Ce champignon nous aide \u00e0 agir \u00e0 partir de notre force originelle. Il nous recentre sur notre propre structure. Pour suivre le flux et le rythme du c\u0153ur et des poumons. Pour pers\u00e9v\u00e9rer malgr\u00e9 des blocages et le sentiment qu\u2019on ne peut plus avancer. Il nous ouvre le c\u0153ur et nous pr\u00e9pare pour aller en avant vers notre avenir.<\/p>","protected":false},"featured_media":5969,"template":"","meta":[],"product_brand":[],"product_cat":[190],"product_tag":[],"class_list":{"0":"post-5968","1":"product","2":"type-product","3":"status-publish","4":"has-post-thumbnail","6":"product_cat-elixirs-bloesem-supplementaires","8":"first","9":"instock","10":"taxable","11":"shipping-taxable","12":"purchasable","13":"product-type-simple"},"etheme_brands":{"errors":{"invalid_taxonomy":["Invalid taxonomy."]},"error_data":[]},"jetpack_sharing_enabled":true,"jetpack-related-posts":[{"id":6241,"url":"https:\/\/artstella-elixirs-floraux.com\/en\/product\/compose-des-4-champignons-bloesem-remedies\/","url_meta":{"origin":5968,"position":0},"title":"COMPOS\u00c9 des 4 CHAMPIGNONS Bloesem remedies","author":"eveapprill","date":"9 March 2025","format":false,"excerpt":"Ce compos\u00e9 facilite l\u2019expression et la manifestation de qui l\u2019on est\u00a0; de fa\u00e7on \u00e0 \u00eatre capable de l\u2019exprimer clairement. Il est utile quand on a r\u00e9ussi l\u2019int\u00e9gration des aspects masculin et f\u00e9minin, mais que l\u2019intuition et la sph\u00e8re plus haute sont encore trop neuves et l\u2019on n\u2019a pas encore le\u2026","rel":"","context":"Similar post","block_context":{"text":"Similar post","link":""},"img":{"alt_text":"","src":"","width":0,"height":0},"classes":[]},{"id":5442,"url":"https:\/\/artstella-elixirs-floraux.com\/en\/product\/coprin-little-inky-cap-10-ml\/","url_meta":{"origin":5968,"position":1},"title":"Coprin &#8211; Little Inky Cap 10 ML","author":"eveapprill","date":"9 March 2025","format":false,"excerpt":"Coprin \/ Coprinus xanthotrix (little inky cap\/Coprin) Ce petit champignon aide \u00e0 se lib\u00e9rer des \u00e9motions. \u00a0telle la col\u00e8re ainsi que des sch\u00e9mas familiaux souvent inconscients. A ceux qui se sentent vuln\u00e9rables, l\u2019\u00e9lixir apporte de la force \u00e9motionnelle\u00a0","rel":"","context":"Similar post","block_context":{"text":"Similar post","link":""},"img":{"alt_text":"","src":"","width":0,"height":0},"classes":[]},{"id":6175,"url":"https:\/\/artstella-elixirs-floraux.com\/en\/product\/terra-extra-bloesem-remedies\/","url_meta":{"origin":5968,"position":2},"title":"TERRA EXTRA Bloesem Remedies","author":"eveapprill","date":"9 March 2025","format":false,"excerpt":"TERRA EXTRA \u2013 Rem\u00e8de de premiers secours Terra Extra est un compos\u00e9 d\u2019\u00e9lixirss contenant les cinq essences qui se trouvent dans le Terra standard, sauf que Myc\u00e8ne\u00a0 est remplac\u00e9 par le Coprin \u00e0 t\u00eate dor\u00e9e.","rel":"","context":"Similar post","block_context":{"text":"Similar post","link":""},"img":{"alt_text":"","src":"https:\/\/i0.wp.com\/artstella-elixirs-floraux.com\/wp-content\/uploads\/2025\/03\/wp-image2179.png?resize=350%2C200&ssl=1","width":350,"height":200},"classes":[]},{"id":6103,"url":"https:\/\/artstella-elixirs-floraux.com\/en\/product\/coprin-chevelu-phi\/","url_meta":{"origin":5968,"position":3},"title":"Coprin chevelu PHI","author":"eveapprill","date":"9 March 2025","format":false,"excerpt":"Coprin chevelu - Schopftintling: (Coprinus comatus) Pour ceux qui ont du mal \u00e0 se remettre en question et ont tendance \u00e0 critiquer.","rel":"","context":"Similar post","block_context":{"text":"Similar post","link":""},"img":{"alt_text":"","src":"","width":0,"height":0},"classes":[]},{"id":3697,"url":"https:\/\/artstella-elixirs-floraux.com\/en\/product\/75-wisdom-of-compassion-ltoe-15-ml\/","url_meta":{"origin":5968,"position":4},"title":"75. WISDOM OF COMPASSION LTOE 15 ML","author":"eveapprill","date":"9 March 2025","format":false,"excerpt":"Wisdom of Compassion\/ Sagesse et compassion il fut cr\u00e9\u00e9 un soir de pleine lune, je jour anniversaire de l\u2019illumination du Bouddha. L\u2019orchid\u00e9e a demand\u00e9 doucement, mais clairement, qu\u2019on en fasse un \u00e9lixir afin de partager son message de compassion envers tous.","rel":"","context":"Similar post","block_context":{"text":"Similar post","link":""},"img":{"alt_text":"","src":"https:\/\/i0.wp.com\/artstella-elixirs-floraux.com\/wp-content\/uploads\/2025\/03\/cb85053d-2957-46e4-aff2-8c69846c56ad.jpg?resize=350%2C200&ssl=1","width":350,"height":200,"srcset":"https:\/\/i0.wp.com\/artstella-elixirs-floraux.com\/wp-content\/uploads\/2025\/03\/cb85053d-2957-46e4-aff2-8c69846c56ad.jpg?resize=350%2C200&ssl=1 1x, https:\/\/i0.wp.com\/artstella-elixirs-floraux.com\/wp-content\/uploads\/2025\/03\/cb85053d-2957-46e4-aff2-8c69846c56ad.jpg?resize=525%2C300&ssl=1 1.5x, https:\/\/i0.wp.com\/artstella-elixirs-floraux.com\/wp-content\/uploads\/2025\/03\/cb85053d-2957-46e4-aff2-8c69846c56ad.jpg?resize=700%2C400&ssl=1 2x"},"classes":[]},{"id":5023,"url":"https:\/\/artstella-elixirs-floraux.com\/en\/product\/yellow-paintbrush-alaskan-f-sup\/","url_meta":{"origin":5968,"position":5},"title":"YELLOW PAINTBRUSH ALASKAN F SUP","author":"eveapprill","date":"9 March 2025","format":false,"excerpt":"Yellow Paintbrush Castilleja unalaschensis Castill\u00e9jie dor\u00e9e Indications\u00a0: alignement vertical faible; quand l\u2019inspiration et l\u2019\u00e9nergie cr\u00e9atrice ne fonctionnent pas ensemble; le processus cr\u00e9atif est d\u00e9cousu et en panne\u00a0; frustration chronique au niveau de la cr\u00e9ativit\u00e9.","rel":"","context":"Similar post","block_context":{"text":"Similar post","link":""},"img":{"alt_text":"","src":"","width":0,"height":0},"classes":[]}],"_links":{"self":[{"href":"https:\/\/artstella-elixirs-floraux.com\/en\/wp-json\/wp\/v2\/product\/5968","targetHints":{"allow":["GET"]}}],"collection":[{"href":"https:\/\/artstella-elixirs-floraux.com\/en\/wp-json\/wp\/v2\/product"}],"about":[{"href":"https:\/\/artstella-elixirs-floraux.com\/en\/wp-json\/wp\/v2\/types\/product"}],"version-history":[{"count":0,"href":"https:\/\/artstella-elixirs-floraux.com\/en\/wp-json\/wp\/v2\/product\/5968\/revisions"}],"wp:featuredmedia":[{"embeddable":true,"href":"https:\/\/artstella-elixirs-floraux.com\/en\/wp-json\/wp\/v2\/media\/5969"}],"wp:attachment":[{"href":"https:\/\/artstella-elixirs-floraux.com\/en\/wp-json\/wp\/v2\/media?parent=5968"}],"wp:term":[{"taxonomy":"product_brand","embeddable":true,"href":"https:\/\/artstella-elixirs-floraux.com\/en\/wp-json\/wp\/v2\/product_brand?post=5968"},{"taxonomy":"product_cat","embeddable":true,"href":"https:\/\/artstella-elixirs-floraux.com\/en\/wp-json\/wp\/v2\/product_cat?post=5968"},{"taxonomy":"product_tag","embeddable":true,"href":"https:\/\/artstella-elixirs-floraux.com\/en\/wp-json\/wp\/v2\/product_tag?post=5968"}],"curies":[{"name":"wp","href":"https:\/\/api.w.org\/{rel}","templated":true}]}}