{"id":5970,"date":"2025-03-09T13:50:39","date_gmt":"2025-03-09T13:50:39","guid":{"rendered":"https:\/\/artstella-elixirs-floraux.com\/product\/strophaire-orangee-bloesem-10-ml\/"},"modified":"2025-06-08T13:00:27","modified_gmt":"2025-06-08T13:00:27","slug":"strophaire-orangee-bloesem-10-ml","status":"publish","type":"product","link":"https:\/\/artstella-elixirs-floraux.com\/en\/product\/strophaire-orangee-bloesem-10-ml\/","title":{"rendered":"STROPHAIRE ORANG\u00c9E BLOESEM 10 ML"},"content":{"rendered":"","protected":false},"excerpt":{"rendered":"<p><strong>STROPHAIRE ORANG\u00c9E &#8211; ORANJERODE STROPHARIA \u2013<em>Stropharia aurantiaca<\/em><\/strong><\/p>\n<p>C\u2019est un champignon tr\u00e8s rare qui est originaire de l\u2019Australie et dont les spores ont \u00e9t\u00e9 apport\u00e9es par les vents jusqu\u2019aux Pays-Bas. Son action a trait \u00e0 la tristesse li\u00e9e au sentiment de ne pas appartenir \u00e0 la Terre, avec pour r\u00e9sultat d\u2019\u00eatre incapable de manifester le feu ou la force du Moi Sup\u00e9rieur<\/p>","protected":false},"featured_media":5971,"template":"","meta":[],"product_brand":[],"product_cat":[190],"product_tag":[],"class_list":{"0":"post-5970","1":"product","2":"type-product","3":"status-publish","4":"has-post-thumbnail","6":"product_cat-elixirs-bloesem-supplementaires","8":"first","9":"instock","10":"taxable","11":"shipping-taxable","12":"purchasable","13":"product-type-simple"},"etheme_brands":{"errors":{"invalid_taxonomy":["Invalid taxonomy."]},"error_data":[]},"jetpack_sharing_enabled":true,"jetpack-related-posts":[{"id":5462,"url":"https:\/\/artstella-elixirs-floraux.com\/en\/product\/strophaire-a-anneau-rugueux-10ml-bl\/","url_meta":{"origin":5970,"position":0},"title":"Strophaire \u00e0 anneau rugueux 10ml BL","author":"eveapprill","date":"9 March 2025","format":false,"excerpt":"Strophaire \u00e0 anneau rugueux \/ Stropharia rugoso annulata\u00a0\u00a0\u00a0\u00a0\u00a0\u00a0\u00a0\u00a0\u00a0\u00a0\u00a0\u00a0\u00a0\u00a0 Peut atteindre 40 \u00e0 50 cm de circonf\u00e9rence. Pour trouver de nouvelles intuitions dans ses activit\u00e9s.","rel":"","context":"Similar post","block_context":{"text":"Similar post","link":""},"img":{"alt_text":"","src":"","width":0,"height":0},"classes":[]},{"id":3444,"url":"https:\/\/artstella-elixirs-floraux.com\/en\/product\/pezize-orangee-15-ml-phi\/","url_meta":{"origin":5970,"position":1},"title":"PEZIZE ORANGEE 15 ML PHI","author":"eveapprill","date":"9 March 2025","format":false,"excerpt":"\u00a0Pezize orang\u00e9e (Aleuria aurantia) (Orangebecherling) L'\u00e9lixir am\u00e9liore l'\u00e9quilibre entre la mati\u00e8re et l'esprit, autant pour ceux qui sont trop accroch\u00e9s \u00e0 la mati\u00e8re que pour ceux qui sont uniquement tourn\u00e9s vers l'esprit et n\u00e9gligent les besoins du corps.","rel":"","context":"Similar post","block_context":{"text":"Similar post","link":""},"img":{"alt_text":"","src":"https:\/\/i0.wp.com\/artstella-elixirs-floraux.com\/wp-content\/uploads\/2025\/03\/wp-image322.png?resize=350%2C200&ssl=1","width":350,"height":200},"classes":[]},{"id":6241,"url":"https:\/\/artstella-elixirs-floraux.com\/en\/product\/compose-des-4-champignons-bloesem-remedies\/","url_meta":{"origin":5970,"position":2},"title":"COMPOS\u00c9 des 4 CHAMPIGNONS Bloesem remedies","author":"eveapprill","date":"9 March 2025","format":false,"excerpt":"Ce compos\u00e9 facilite l\u2019expression et la manifestation de qui l\u2019on est\u00a0; de fa\u00e7on \u00e0 \u00eatre capable de l\u2019exprimer clairement. Il est utile quand on a r\u00e9ussi l\u2019int\u00e9gration des aspects masculin et f\u00e9minin, mais que l\u2019intuition et la sph\u00e8re plus haute sont encore trop neuves et l\u2019on n\u2019a pas encore le\u2026","rel":"","context":"Similar post","block_context":{"text":"Similar post","link":""},"img":{"alt_text":"","src":"","width":0,"height":0},"classes":[]},{"id":6229,"url":"https:\/\/artstella-elixirs-floraux.com\/en\/product\/intergration-compose-bloesem-10ml\/","url_meta":{"origin":5970,"position":3},"title":"INTEGRATION COMPOSE BLOESEM","author":"eveapprill","date":"9 March 2025","format":false,"excerpt":"Il favorise l\u2019int\u00e9gration, la protection et la r\u00e9solution d\u2019\u00e9motions v\u00e9cues dans le pass\u00e9. Quand, \u00e0 un moment, on pu perdre le contr\u00f4le de sa vie. Il nous aide \u00e0 l\u00e2cher prise sur le pass\u00e9 en nous donnant une perception claire de l\u2019origine du probl\u00e8me","rel":"","context":"Similar post","block_context":{"text":"Similar post","link":""},"img":{"alt_text":"","src":"","width":0,"height":0},"classes":[]},{"id":6237,"url":"https:\/\/artstella-elixirs-floraux.com\/en\/product\/purete-zuivering-compose-bloesem-remedies\/","url_meta":{"origin":5970,"position":4},"title":"PURET\u00c9 &#8211; ZUIVERING COMPOSE BLOESEM REMEDIES","author":"eveapprill","date":"9 March 2025","format":false,"excerpt":"Il purifie l\u2019\u00e2me et le corps et nous met en contact avec la terre. Il agit en nous faisant sentir vraiment bien dans notre peau et nous met en contact avec la puret\u00e9 originelle de notre \u00e2me. 12.00 Normal 0 21 false false false FR X-NONE X-NONE MicrosoftInternetExplorer4 \/* Style\u2026","rel":"","context":"Similar post","block_context":{"text":"Similar post","link":""},"img":{"alt_text":"","src":"","width":0,"height":0},"classes":[]},{"id":6308,"url":"https:\/\/artstella-elixirs-floraux.com\/en\/product\/unconditional-love-ltoe15ml\/","url_meta":{"origin":5970,"position":5},"title":"UNCONDITIONAL LOVE LTOE15ML","author":"eveapprill","date":"9 March 2025","format":false,"excerpt":"Unconditional Love \u2013 Amour Inconditionnel L\u2019\u00e2me aspire \u00e0 se reconnecter \u00e0 notre source ultime, avec l\u2019Etre qui est au-del\u00e0 de notre compr\u00e9hension. Une \u00e9tape cl\u00e9 sur ce chemin vers ce que certains appellent le Divin est de l\u00e2cher les sch\u00e9mas restrictifs qui conditionnent l\u2019ouverture du c\u0153ur aux autres.","rel":"","context":"Similar post","block_context":{"text":"Similar post","link":""},"img":{"alt_text":"","src":"https:\/\/i0.wp.com\/artstella-elixirs-floraux.com\/wp-content\/uploads\/2025\/03\/wp-image2242.png?resize=350%2C200&ssl=1","width":350,"height":200,"srcset":"https:\/\/i0.wp.com\/artstella-elixirs-floraux.com\/wp-content\/uploads\/2025\/03\/wp-image2242.png?resize=350%2C200&ssl=1 1x, https:\/\/i0.wp.com\/artstella-elixirs-floraux.com\/wp-content\/uploads\/2025\/03\/wp-image2242.png?resize=525%2C300&ssl=1 1.5x, https:\/\/i0.wp.com\/artstella-elixirs-floraux.com\/wp-content\/uploads\/2025\/03\/wp-image2242.png?resize=700%2C400&ssl=1 2x, https:\/\/i0.wp.com\/artstella-elixirs-floraux.com\/wp-content\/uploads\/2025\/03\/wp-image2242.png?resize=1050%2C600&ssl=1 3x, https:\/\/i0.wp.com\/artstella-elixirs-floraux.com\/wp-content\/uploads\/2025\/03\/wp-image2242.png?resize=1400%2C800&ssl=1 4x"},"classes":[]}],"_links":{"self":[{"href":"https:\/\/artstella-elixirs-floraux.com\/en\/wp-json\/wp\/v2\/product\/5970","targetHints":{"allow":["GET"]}}],"collection":[{"href":"https:\/\/artstella-elixirs-floraux.com\/en\/wp-json\/wp\/v2\/product"}],"about":[{"href":"https:\/\/artstella-elixirs-floraux.com\/en\/wp-json\/wp\/v2\/types\/product"}],"version-history":[{"count":0,"href":"https:\/\/artstella-elixirs-floraux.com\/en\/wp-json\/wp\/v2\/product\/5970\/revisions"}],"wp:featuredmedia":[{"embeddable":true,"href":"https:\/\/artstella-elixirs-floraux.com\/en\/wp-json\/wp\/v2\/media\/5971"}],"wp:attachment":[{"href":"https:\/\/artstella-elixirs-floraux.com\/en\/wp-json\/wp\/v2\/media?parent=5970"}],"wp:term":[{"taxonomy":"product_brand","embeddable":true,"href":"https:\/\/artstella-elixirs-floraux.com\/en\/wp-json\/wp\/v2\/product_brand?post=5970"},{"taxonomy":"product_cat","embeddable":true,"href":"https:\/\/artstella-elixirs-floraux.com\/en\/wp-json\/wp\/v2\/product_cat?post=5970"},{"taxonomy":"product_tag","embeddable":true,"href":"https:\/\/artstella-elixirs-floraux.com\/en\/wp-json\/wp\/v2\/product_tag?post=5970"}],"curies":[{"name":"wp","href":"https:\/\/api.w.org\/{rel}","templated":true}]}}