{"id":5982,"date":"2025-03-09T13:50:47","date_gmt":"2025-03-09T13:50:47","guid":{"rendered":"https:\/\/artstella-elixirs-floraux.com\/product\/gaia-10ml-bush\/"},"modified":"2025-06-08T13:00:26","modified_gmt":"2025-06-08T13:00:26","slug":"gaia-10ml-bush","status":"publish","type":"product","link":"https:\/\/artstella-elixirs-floraux.com\/en\/product\/gaia-10ml-bush\/","title":{"rendered":"GAIA 10ML BUSH"},"content":{"rendered":"<p>\u2022 Cr\u00e9e une ouverture et aligne aux changements, aux transformations qui se produisent en nous et autour de nous.<\/p>\n<p>\u2022 Nous ancre \u00e0 un profond niveau spirituel et \u00e9l\u00e8ve notre conscience.<\/p>\n<p>\u2022 Nous assiste pour laisser entrer et exp\u00e9rimenter pleinement l\u2019\u00e9nergie de Solar Logos qui pleut et s\u2019\u00e9coule sur la Terre.<\/p>","protected":false},"excerpt":{"rendered":"<p><strong>GAIA<\/strong><\/p>\n<p>\u2022 Aligne aux \u00e9l\u00e9ments de la Terre, de l\u2019Air, de Feu et de l\u2019Eau autour de nous et en nous.<\/p>\n<p>\u2022 Forge un sentiment d\u2019amour et de protection envers la Terre, Ga\u00efa.<\/p>","protected":false},"featured_media":9943,"template":"","meta":[],"product_brand":[],"product_cat":[191],"product_tag":[],"class_list":{"0":"post-5982","1":"product","2":"type-product","3":"status-publish","4":"has-post-thumbnail","6":"product_cat-les-elixirs-divine-presence-du-bush-australien","8":"first","9":"instock","10":"taxable","11":"shipping-taxable","12":"purchasable","13":"product-type-simple"},"etheme_brands":{"errors":{"invalid_taxonomy":["Invalid taxonomy."]},"error_data":[]},"jetpack_sharing_enabled":true,"jetpack-related-posts":[{"id":6175,"url":"https:\/\/artstella-elixirs-floraux.com\/en\/product\/terra-extra-bloesem-remedies\/","url_meta":{"origin":5982,"position":0},"title":"TERRA EXTRA Bloesem Remedies","author":"eveapprill","date":"9 March 2025","format":false,"excerpt":"TERRA EXTRA \u2013 Rem\u00e8de de premiers secours Terra Extra est un compos\u00e9 d\u2019\u00e9lixirss contenant les cinq essences qui se trouvent dans le Terra standard, sauf que Myc\u00e8ne\u00a0 est remplac\u00e9 par le Coprin \u00e0 t\u00eate dor\u00e9e.","rel":"","context":"Similar post","block_context":{"text":"Similar post","link":""},"img":{"alt_text":"","src":"https:\/\/i0.wp.com\/artstella-elixirs-floraux.com\/wp-content\/uploads\/2025\/03\/wp-image2179.png?resize=350%2C200&ssl=1","width":350,"height":200},"classes":[]},{"id":4308,"url":"https:\/\/artstella-elixirs-floraux.com\/en\/product\/earthworm-ver-de-terre-wea-30-ml\/","url_meta":{"origin":5982,"position":1},"title":"EARTHWORM\/VER DE TERRE WEA 30 ML","author":"eveapprill","date":"9 March 2025","format":false,"excerpt":"Earthworm (ver de terre) Int\u00e9gration absolue du masculin et du f\u00e9minin\u00a0; ancrage\u00a0; voyager dans l\u2019obscurit\u00e9","rel":"","context":"Similar post","block_context":{"text":"Similar post","link":""},"img":{"alt_text":"","src":"https:\/\/i0.wp.com\/artstella-elixirs-floraux.com\/wp-content\/uploads\/2025\/03\/wp-image2291.png?resize=350%2C200&ssl=1","width":350,"height":200,"srcset":"https:\/\/i0.wp.com\/artstella-elixirs-floraux.com\/wp-content\/uploads\/2025\/03\/wp-image2291.png?resize=350%2C200&ssl=1 1x, https:\/\/i0.wp.com\/artstella-elixirs-floraux.com\/wp-content\/uploads\/2025\/03\/wp-image2291.png?resize=525%2C300&ssl=1 1.5x, https:\/\/i0.wp.com\/artstella-elixirs-floraux.com\/wp-content\/uploads\/2025\/03\/wp-image2291.png?resize=700%2C400&ssl=1 2x, https:\/\/i0.wp.com\/artstella-elixirs-floraux.com\/wp-content\/uploads\/2025\/03\/wp-image2291.png?resize=1050%2C600&ssl=1 3x"},"classes":[]},{"id":2753,"url":"https:\/\/artstella-elixirs-floraux.com\/en\/product\/earth-terre-bush-white-light\/","url_meta":{"origin":5982,"position":2},"title":"EARTH (Terre) BUSH WHITE LIGHT","author":"eveapprill","date":"9 March 2025","format":false,"excerpt":"L\u2019\u00c9LIXIR TERRE (EARTH ESSENCE)\u00a0\u00e9t\u00e9 pr\u00e9par\u00e9 dans la grotte sacr\u00e9e du village de Patal Bhuvaneshwar au nord de l\u2019Inde. Au niveau \u00e9motionnel, il apporte la stabilit\u00e9.","rel":"","context":"Similar post","block_context":{"text":"Similar post","link":""},"img":{"alt_text":"","src":"https:\/\/i0.wp.com\/artstella-elixirs-floraux.com\/wp-content\/uploads\/2025\/03\/a4b34596-73c3-4e23-bbc2-6536f4fd1abf.jpg?resize=350%2C200&ssl=1","width":350,"height":200,"srcset":"https:\/\/i0.wp.com\/artstella-elixirs-floraux.com\/wp-content\/uploads\/2025\/03\/a4b34596-73c3-4e23-bbc2-6536f4fd1abf.jpg?resize=350%2C200&ssl=1 1x, https:\/\/i0.wp.com\/artstella-elixirs-floraux.com\/wp-content\/uploads\/2025\/03\/a4b34596-73c3-4e23-bbc2-6536f4fd1abf.jpg?resize=525%2C300&ssl=1 1.5x, https:\/\/i0.wp.com\/artstella-elixirs-floraux.com\/wp-content\/uploads\/2025\/03\/a4b34596-73c3-4e23-bbc2-6536f4fd1abf.jpg?resize=700%2C400&ssl=1 2x"},"classes":[]},{"id":2755,"url":"https:\/\/artstella-elixirs-floraux.com\/en\/product\/fire-feu-bush-white-light\/","url_meta":{"origin":5982,"position":3},"title":"FIRE (Feu) BUSH WHITE LIGHT","author":"eveapprill","date":"9 March 2025","format":false,"excerpt":"L'\u00c9LIXIR FEU (FIRE ESSENCE)a \u00e9t\u00e9 pr\u00e9par\u00e9 dans la zone sacr\u00e9e de Katajuta en Australie Centrale. Il contient l\u2019\u00e9nergie de passion, de cr\u00e9ation, des possibilit\u00e9s et du potentiel du Feu. Un aspect des quatre \u00e9lixirs des \u00e9l\u00e9ments (Feu, Eau, Air et Terre) ...","rel":"","context":"Similar post","block_context":{"text":"Similar post","link":""},"img":{"alt_text":"","src":"https:\/\/i0.wp.com\/artstella-elixirs-floraux.com\/wp-content\/uploads\/2025\/03\/f632d282-b8dc-4bcb-9292-c0f9db32d983.jpg?resize=350%2C200&ssl=1","width":350,"height":200,"srcset":"https:\/\/i0.wp.com\/artstella-elixirs-floraux.com\/wp-content\/uploads\/2025\/03\/f632d282-b8dc-4bcb-9292-c0f9db32d983.jpg?resize=350%2C200&ssl=1 1x, https:\/\/i0.wp.com\/artstella-elixirs-floraux.com\/wp-content\/uploads\/2025\/03\/f632d282-b8dc-4bcb-9292-c0f9db32d983.jpg?resize=525%2C300&ssl=1 1.5x, https:\/\/i0.wp.com\/artstella-elixirs-floraux.com\/wp-content\/uploads\/2025\/03\/f632d282-b8dc-4bcb-9292-c0f9db32d983.jpg?resize=700%2C400&ssl=1 2x"},"classes":[]},{"id":2777,"url":"https:\/\/artstella-elixirs-floraux.com\/en\/product\/mt-pinatubo-10ml-bush-lf\/","url_meta":{"origin":5982,"position":4},"title":"MT PINATUBO 10ML BUSH LF","author":"eveapprill","date":"9 March 2025","format":false,"excerpt":"Mont Pinatubo Essence\u00a0 - Elixir du Mt Pinatubo\u00a0 Renforce l\u2019intuition pour avoir conscience de la pulsation profonde de la Terre et des \u00e9v\u00e9nements futurs qui se pr\u00e9parent, pour savoir o\u00f9 se trouver pour \u00eatre en s\u00e9curit\u00e9. Nous permet d\u2019\u00eatre ancr\u00e9 et centr\u00e9 dans notre pouvoir.","rel":"","context":"Similar post","block_context":{"text":"Similar post","link":""},"img":{"alt_text":"","src":"https:\/\/i0.wp.com\/artstella-elixirs-floraux.com\/wp-content\/uploads\/2025\/03\/fa9b96e1-bbc9-4978-a4f5-37c8f01b6d10.jpg?resize=350%2C200&ssl=1","width":350,"height":200,"srcset":"https:\/\/i0.wp.com\/artstella-elixirs-floraux.com\/wp-content\/uploads\/2025\/03\/fa9b96e1-bbc9-4978-a4f5-37c8f01b6d10.jpg?resize=350%2C200&ssl=1 1x, https:\/\/i0.wp.com\/artstella-elixirs-floraux.com\/wp-content\/uploads\/2025\/03\/fa9b96e1-bbc9-4978-a4f5-37c8f01b6d10.jpg?resize=525%2C300&ssl=1 1.5x, https:\/\/i0.wp.com\/artstella-elixirs-floraux.com\/wp-content\/uploads\/2025\/03\/fa9b96e1-bbc9-4978-a4f5-37c8f01b6d10.jpg?resize=700%2C400&ssl=1 2x"},"classes":[]},{"id":5472,"url":"https:\/\/artstella-elixirs-floraux.com\/en\/product\/terra-bloesem-10-ml\/","url_meta":{"origin":5982,"position":5},"title":"TERRA BLOESEM 10 ML","author":"eveapprill","date":"9 March 2025","format":false,"excerpt":"Terra, (Ang\u00e9lique, Cl\u00e9matite, Mycena, Cephalanth\u00e8re rouge, , Yeloow star tulip) Combinaison d\u2019urgence.","rel":"","context":"Similar post","block_context":{"text":"Similar post","link":""},"img":{"alt_text":"","src":"","width":0,"height":0},"classes":[]}],"_links":{"self":[{"href":"https:\/\/artstella-elixirs-floraux.com\/en\/wp-json\/wp\/v2\/product\/5982","targetHints":{"allow":["GET"]}}],"collection":[{"href":"https:\/\/artstella-elixirs-floraux.com\/en\/wp-json\/wp\/v2\/product"}],"about":[{"href":"https:\/\/artstella-elixirs-floraux.com\/en\/wp-json\/wp\/v2\/types\/product"}],"version-history":[{"count":0,"href":"https:\/\/artstella-elixirs-floraux.com\/en\/wp-json\/wp\/v2\/product\/5982\/revisions"}],"wp:featuredmedia":[{"embeddable":true,"href":"https:\/\/artstella-elixirs-floraux.com\/en\/wp-json\/wp\/v2\/media\/9943"}],"wp:attachment":[{"href":"https:\/\/artstella-elixirs-floraux.com\/en\/wp-json\/wp\/v2\/media?parent=5982"}],"wp:term":[{"taxonomy":"product_brand","embeddable":true,"href":"https:\/\/artstella-elixirs-floraux.com\/en\/wp-json\/wp\/v2\/product_brand?post=5982"},{"taxonomy":"product_cat","embeddable":true,"href":"https:\/\/artstella-elixirs-floraux.com\/en\/wp-json\/wp\/v2\/product_cat?post=5982"},{"taxonomy":"product_tag","embeddable":true,"href":"https:\/\/artstella-elixirs-floraux.com\/en\/wp-json\/wp\/v2\/product_tag?post=5982"}],"curies":[{"name":"wp","href":"https:\/\/api.w.org\/{rel}","templated":true}]}}