{"id":5984,"date":"2025-03-09T13:50:48","date_gmt":"2025-03-09T13:50:48","guid":{"rendered":"https:\/\/artstella-elixirs-floraux.com\/product\/vesta-creciente-papillon-lune-15ml\/"},"modified":"2025-06-08T13:00:26","modified_gmt":"2025-06-08T13:00:26","slug":"vesta-creciente-papillon-lune-15ml","status":"publish","type":"product","link":"https:\/\/artstella-elixirs-floraux.com\/en\/product\/vesta-creciente-papillon-lune-15ml\/","title":{"rendered":"VESTA CRECIENTE &#8211; PAPILLON LUNE 15ml"},"content":{"rendered":"<p>Il nous permet de valoriser nos actions et nous-m\u00eames afin d\u2019\u00eatre r\u00e9ellement Soi.<\/p>","protected":false},"excerpt":{"rendered":"<p><strong>39. VESTA CRECIENTE\/ PAPILLON LUNE <\/strong>\u00a0Phyciodes vesta\u00a0\u00a0\u00a0 Retrouver son centre\u00a0 \u2013 Auto-valorisation \u00a0Cet \u00e9lixir est l\u00e0 pour nous aider \u00e0 nous centrer sur ce qui est r\u00e9ellement n\u00e9cessaire et nous permet de simplifier notre fa\u00e7on d\u2019agir, nous \u00e9loignant du brouhaha quotidien que nous avons fait n\u00f4tre.<\/p>","protected":false},"featured_media":5985,"template":"","meta":[],"product_brand":[],"product_cat":[177],"product_tag":[],"class_list":{"0":"post-5984","1":"product","2":"type-product","3":"status-publish","4":"has-post-thumbnail","6":"product_cat-papillons-coffrets-3-4","8":"first","9":"instock","10":"taxable","11":"shipping-taxable","12":"purchasable","13":"product-type-simple"},"etheme_brands":{"errors":{"invalid_taxonomy":["Invalid taxonomy."]},"error_data":[]},"jetpack_sharing_enabled":true,"jetpack-related-posts":[{"id":4117,"url":"https:\/\/artstella-elixirs-floraux.com\/en\/product\/afrodite-papillons-sylfos-15ml\/","url_meta":{"origin":5984,"position":0},"title":"AFRODITE PAPILLONS SYLFOS 15ML","author":"eveapprill","date":"9 March 2025","format":false,"excerpt":"AFRODITA Speyeria aphrodite Auto valorisation \u2013 Communication - Beaut\u00e9 Un \u00e9lixir pour augmenter le charisme. Il nous permet de d\u00e9couvrir, d\u2019appr\u00e9cier, d\u2019augmenter la beaut\u00e9 tant int\u00e9rieure qu\u2019ext\u00e9rieure. Pour profiter de notre capacit\u00e9 d\u2019attraction envers les autres, mais d\u2019une fa\u00e7on positive et constructive","rel":"","context":"Similar post","block_context":{"text":"Similar post","link":""},"img":{"alt_text":"","src":"https:\/\/i0.wp.com\/artstella-elixirs-floraux.com\/wp-content\/uploads\/2025\/03\/2e30d79f-a059-4ce2-b867-da60d3bfb22d.jpg?resize=350%2C200&ssl=1","width":350,"height":200,"srcset":"https:\/\/i0.wp.com\/artstella-elixirs-floraux.com\/wp-content\/uploads\/2025\/03\/2e30d79f-a059-4ce2-b867-da60d3bfb22d.jpg?resize=350%2C200&ssl=1 1x, https:\/\/i0.wp.com\/artstella-elixirs-floraux.com\/wp-content\/uploads\/2025\/03\/2e30d79f-a059-4ce2-b867-da60d3bfb22d.jpg?resize=525%2C300&ssl=1 1.5x, https:\/\/i0.wp.com\/artstella-elixirs-floraux.com\/wp-content\/uploads\/2025\/03\/2e30d79f-a059-4ce2-b867-da60d3bfb22d.jpg?resize=700%2C400&ssl=1 2x"},"classes":[]},{"id":5396,"url":"https:\/\/artstella-elixirs-floraux.com\/en\/product\/ojo-de-macho-sylfos-15ml-pap\/","url_meta":{"origin":5984,"position":1},"title":"OJO DE MACHO SYLFOS 15ML PAP","author":"eveapprill","date":"9 March 2025","format":false,"excerpt":"34 - OJO DE MACHO\/ PAPILLON OCELL\u00c9 Junonia coenia\u00a0\u00a0 Vision - Conscience- Evolution Cet \u00e9lixir nous permet de transformer la n\u00e9gativit\u00e9 afin de pouvoir voire la v\u00e9rit\u00e9. Il nous permet de voire plus clairement la situation afin de nous aider \u00e0 voire et \u00e0 aller directement au centre du probl\u00e8me","rel":"","context":"Similar post","block_context":{"text":"Similar post","link":""},"img":{"alt_text":"","src":"https:\/\/i0.wp.com\/artstella-elixirs-floraux.com\/wp-content\/uploads\/2025\/03\/599dbec6-a0ba-4dd0-b4c6-380b343e864f.jpg?resize=350%2C200&ssl=1","width":350,"height":200,"srcset":"https:\/\/i0.wp.com\/artstella-elixirs-floraux.com\/wp-content\/uploads\/2025\/03\/599dbec6-a0ba-4dd0-b4c6-380b343e864f.jpg?resize=350%2C200&ssl=1 1x, https:\/\/i0.wp.com\/artstella-elixirs-floraux.com\/wp-content\/uploads\/2025\/03\/599dbec6-a0ba-4dd0-b4c6-380b343e864f.jpg?resize=525%2C300&ssl=1 1.5x, https:\/\/i0.wp.com\/artstella-elixirs-floraux.com\/wp-content\/uploads\/2025\/03\/599dbec6-a0ba-4dd0-b4c6-380b343e864f.jpg?resize=700%2C400&ssl=1 2x"},"classes":[]},{"id":3924,"url":"https:\/\/artstella-elixirs-floraux.com\/en\/product\/papillon-a-e-15-ml-phi\/","url_meta":{"origin":5984,"position":2},"title":"PAPILLON A.E 15 ML PHI","author":"eveapprill","date":"9 March 2025","format":false,"excerpt":"Papillon Schmetterling, Roter fuchs nous aide \u00e0 \u00eatre nous-m\u00eame dans les situations difficiles pour nous en lib\u00e9rer. Il est l\u2019\u00e9lixir de la transformation et de la l\u00e9g\u00e8ret\u00e9. Il lib\u00e8re l\u2019\u00e2me et permet de reconna\u00eetre son potentiel.","rel":"","context":"Similar post","block_context":{"text":"Similar post","link":""},"img":{"alt_text":"","src":"","width":0,"height":0},"classes":[]},{"id":4142,"url":"https:\/\/artstella-elixirs-floraux.com\/en\/product\/icaro-sylfos-15ml-pap\/","url_meta":{"origin":5984,"position":3},"title":"ICARO SYLFOS 15ML PAP","author":"eveapprill","date":"9 March 2025","format":false,"excerpt":"ICARO Polymmatus icarus Auto valorisation \u2013 Cr\u00e9ativit\u00e9 positive. Cet \u00e9lixir est particuli\u00e8rement adapt\u00e9 aux personnes qui croient que les autres ont plus de talent, ont plus \u00e0 offrir et \u00e0 donner, sont plus \u00e9l\u00e9gants, plus cr\u00e9atifs, mieux lotis qu\u2019eux...","rel":"","context":"Similar post","block_context":{"text":"Similar post","link":""},"img":{"alt_text":"","src":"","width":0,"height":0},"classes":[]},{"id":5394,"url":"https:\/\/artstella-elixirs-floraux.com\/en\/product\/morfo-blanco-sylfos\/","url_meta":{"origin":5984,"position":4},"title":"MORFO BLANCO SYLFOS","author":"eveapprill","date":"9 March 2025","format":false,"excerpt":"33 - MORFO BLANCO\/ MORPHO BLANC Morpho polyphemus\u00a0\u00a0 Contr\u00f4le de l\u2019ego -\u00a0 Reconnaissance Cet \u00e9lixir nous permet d\u2019accepter les \u00e9loges et la reconnaissance de la part des autres, car ils valorisent et reconnaissent nos contributions.","rel":"","context":"Similar post","block_context":{"text":"Similar post","link":""},"img":{"alt_text":"","src":"https:\/\/i0.wp.com\/artstella-elixirs-floraux.com\/wp-content\/uploads\/2025\/03\/a6f90f42-30f1-4d81-ac70-8af75cb91c09.jpg?resize=350%2C200&ssl=1","width":350,"height":200,"srcset":"https:\/\/i0.wp.com\/artstella-elixirs-floraux.com\/wp-content\/uploads\/2025\/03\/a6f90f42-30f1-4d81-ac70-8af75cb91c09.jpg?resize=350%2C200&ssl=1 1x, https:\/\/i0.wp.com\/artstella-elixirs-floraux.com\/wp-content\/uploads\/2025\/03\/a6f90f42-30f1-4d81-ac70-8af75cb91c09.jpg?resize=525%2C300&ssl=1 1.5x, https:\/\/i0.wp.com\/artstella-elixirs-floraux.com\/wp-content\/uploads\/2025\/03\/a6f90f42-30f1-4d81-ac70-8af75cb91c09.jpg?resize=700%2C400&ssl=1 2x"},"classes":[]},{"id":2371,"url":"https:\/\/artstella-elixirs-floraux.com\/en\/product\/full-moon-reflexion\/","url_meta":{"origin":5984,"position":5},"title":"FULL MOON REFLEXION &#8211; R\u00e9flexion de pleine lune","author":"eveapprill","date":"9 March 2025","format":false,"excerpt":"\u00a0FULL MONN REFLEXION. REFLEXION DE PLEIN LUNE Cet \u00e9lixir fut r\u00e9alis\u00e9 lors d'une nuit de pleine lune, froide et claire, dans un canyon dominant la Baie de Kachemak. C'est l'\u00e9lixir de la lumi\u00e8re refl\u00e9t\u00e9e - la lumi\u00e8re du soleil refl\u00e9t\u00e9e par la lune sur les eaux de la baie du\u2026","rel":"","context":"Similar post","block_context":{"text":"Similar post","link":""},"img":{"alt_text":"","src":"https:\/\/i0.wp.com\/artstella-elixirs-floraux.com\/wp-content\/uploads\/2025\/03\/Full_Moon_Reflection_1024x1024-1.jpg?resize=350%2C200&ssl=1","width":350,"height":200},"classes":[]}],"_links":{"self":[{"href":"https:\/\/artstella-elixirs-floraux.com\/en\/wp-json\/wp\/v2\/product\/5984","targetHints":{"allow":["GET"]}}],"collection":[{"href":"https:\/\/artstella-elixirs-floraux.com\/en\/wp-json\/wp\/v2\/product"}],"about":[{"href":"https:\/\/artstella-elixirs-floraux.com\/en\/wp-json\/wp\/v2\/types\/product"}],"version-history":[{"count":0,"href":"https:\/\/artstella-elixirs-floraux.com\/en\/wp-json\/wp\/v2\/product\/5984\/revisions"}],"wp:featuredmedia":[{"embeddable":true,"href":"https:\/\/artstella-elixirs-floraux.com\/en\/wp-json\/wp\/v2\/media\/5985"}],"wp:attachment":[{"href":"https:\/\/artstella-elixirs-floraux.com\/en\/wp-json\/wp\/v2\/media?parent=5984"}],"wp:term":[{"taxonomy":"product_brand","embeddable":true,"href":"https:\/\/artstella-elixirs-floraux.com\/en\/wp-json\/wp\/v2\/product_brand?post=5984"},{"taxonomy":"product_cat","embeddable":true,"href":"https:\/\/artstella-elixirs-floraux.com\/en\/wp-json\/wp\/v2\/product_cat?post=5984"},{"taxonomy":"product_tag","embeddable":true,"href":"https:\/\/artstella-elixirs-floraux.com\/en\/wp-json\/wp\/v2\/product_tag?post=5984"}],"curies":[{"name":"wp","href":"https:\/\/api.w.org\/{rel}","templated":true}]}}