{"id":5986,"date":"2025-03-09T13:50:49","date_gmt":"2025-03-09T13:50:49","guid":{"rendered":"https:\/\/artstella-elixirs-floraux.com\/product\/duende-de-los-pinos-15-ml-sylfos\/"},"modified":"2025-06-08T13:00:26","modified_gmt":"2025-06-08T13:00:26","slug":"duende-de-los-pinos-15-ml-sylfos","status":"publish","type":"product","link":"https:\/\/artstella-elixirs-floraux.com\/en\/product\/duende-de-los-pinos-15-ml-sylfos\/","title":{"rendered":"DUENDE DE LOS PINOS 15 ML SYLFOS"},"content":{"rendered":"","protected":false},"excerpt":{"rendered":"<p><strong><em>DUENDE DE LOS PINOS\/ LUTIN DES PINS<\/em><\/strong> <em>Callophrys niphon <\/em><\/p>\n<p><strong><em>Union \u2013 Courage \u2013 Force<\/em><\/strong><strong><em><\/em><\/strong><\/p>\n<p>Cet \u00e9lixir aide \u00e0 arranger ou rompre des relations destructives, sachant prendre en compte si celles-ci ont quelque chose de bon ou de n\u00e9cessaire\u00a0ou si au contraire, elles sont destructives. Il nous aide \u00e0 d\u00e9passer l\u2019angoisse lors d\u2019une rupture de relation \u00e9motionnelle..<\/p>","protected":false},"featured_media":5987,"template":"","meta":[],"product_brand":[],"product_cat":[177],"product_tag":[],"class_list":{"0":"post-5986","1":"product","2":"type-product","3":"status-publish","4":"has-post-thumbnail","6":"product_cat-papillons-coffrets-3-4","8":"first","9":"instock","10":"taxable","11":"shipping-taxable","12":"purchasable","13":"product-type-simple"},"etheme_brands":{"errors":{"invalid_taxonomy":["Invalid taxonomy."]},"error_data":[]},"jetpack_sharing_enabled":true,"jetpack-related-posts":[{"id":5566,"url":"https:\/\/artstella-elixirs-floraux.com\/en\/product\/ravenelle-sylfos-15-ml\/","url_meta":{"origin":5986,"position":0},"title":"RAVENELLE SYLFOS 15 ML","author":"eveapprill","date":"9 March 2025","format":false,"excerpt":"RAVENELLE\u00a0 Raphanus raphanistrum RABANO \u00a0 \u00a0 Pour gu\u00e9rir les blessures dans la relation avec le p\u00e8re ou l\u2019image masculine.","rel":"","context":"Similar post","block_context":{"text":"Similar post","link":""},"img":{"alt_text":"","src":"","width":0,"height":0},"classes":[]},{"id":2739,"url":"https:\/\/artstella-elixirs-floraux.com\/en\/product\/relationship-relationnel-bush-30ml\/","url_meta":{"origin":5986,"position":1},"title":"RELATIONSHIP Relationnel BUSH 30ml","author":"eveapprill","date":"9 March 2025","format":false,"excerpt":"Relationship -\u00a0Relationnel Aide \u00e0 am\u00e9liorer toutes les relations surtout les plus intimes. Il abolit le ressentiment et permet de donner libre cours \u00e0 ses \u00e9motions. Il supprime la confusion, la douleur et l'agitation caus\u00e9es par des relations tumultueuses.","rel":"","context":"Similar post","block_context":{"text":"Similar post","link":""},"img":{"alt_text":"","src":"https:\/\/i0.wp.com\/artstella-elixirs-floraux.com\/wp-content\/uploads\/2025\/03\/b36d3ca3-6343-487b-82d9-c5955e421302.jpg?resize=350%2C200&ssl=1","width":350,"height":200,"srcset":"https:\/\/i0.wp.com\/artstella-elixirs-floraux.com\/wp-content\/uploads\/2025\/03\/b36d3ca3-6343-487b-82d9-c5955e421302.jpg?resize=350%2C200&ssl=1 1x, https:\/\/i0.wp.com\/artstella-elixirs-floraux.com\/wp-content\/uploads\/2025\/03\/b36d3ca3-6343-487b-82d9-c5955e421302.jpg?resize=525%2C300&ssl=1 1.5x, https:\/\/i0.wp.com\/artstella-elixirs-floraux.com\/wp-content\/uploads\/2025\/03\/b36d3ca3-6343-487b-82d9-c5955e421302.jpg?resize=700%2C400&ssl=1 2x"},"classes":[]},{"id":5138,"url":"https:\/\/artstella-elixirs-floraux.com\/en\/product\/pater-15-ml\/","url_meta":{"origin":5986,"position":2},"title":"PATER 15 ML","author":"eveapprill","date":"9 March 2025","format":false,"excerpt":"PATER 15ML Pour se reconnecter au sch\u00e9ma \u00e9motionnel du \u00ab\u00a0P\u00e8re Int\u00e9rieur\u00a0\u00bb. Aide \u00e0 clarifier la lign\u00e9e paternelle, aussi bien ascendante que descendante. Apporte un soutien au niveau physique et psychique dans la relation au p\u00e8re et d\u00e9veloppe \u00a0l'union et la r\u00e9conciliation p\u00e8re\/enfant. Permet une relation saine \u00e0 l\u2019autorit\u00e9 et au\u2026","rel":"","context":"Similar post","block_context":{"text":"Similar post","link":""},"img":{"alt_text":"","src":"https:\/\/i0.wp.com\/artstella-elixirs-floraux.com\/wp-content\/uploads\/2025\/03\/825ba292-20de-49d2-a6f8-42ef8c9b88bc.jpg?resize=350%2C200&ssl=1","width":350,"height":200,"srcset":"https:\/\/i0.wp.com\/artstella-elixirs-floraux.com\/wp-content\/uploads\/2025\/03\/825ba292-20de-49d2-a6f8-42ef8c9b88bc.jpg?resize=350%2C200&ssl=1 1x, https:\/\/i0.wp.com\/artstella-elixirs-floraux.com\/wp-content\/uploads\/2025\/03\/825ba292-20de-49d2-a6f8-42ef8c9b88bc.jpg?resize=525%2C300&ssl=1 1.5x, https:\/\/i0.wp.com\/artstella-elixirs-floraux.com\/wp-content\/uploads\/2025\/03\/825ba292-20de-49d2-a6f8-42ef8c9b88bc.jpg?resize=700%2C400&ssl=1 2x"},"classes":[]},{"id":5112,"url":"https:\/\/artstella-elixirs-floraux.com\/en\/product\/vesuvianite-7-5-ml-alas-gem-sup\/","url_meta":{"origin":5986,"position":3},"title":"VESUVIANITE 7.5 ML ALAS GEM SUP","author":"eveapprill","date":"9 March 2025","format":false,"excerpt":"Vesuvianite - V\u00e9suvianite Indications: d\u00e9sincarn\u00e9; solitaire; difficult\u00e9 \u00e0 maintenir des relations amoureuses positives et centr\u00e9es dans le c\u0153ur; manque de confiance \u00e0 se croire capable de cr\u00e9er la vie que l\u2019on d\u00e9sire.","rel":"","context":"Similar post","block_context":{"text":"Similar post","link":""},"img":{"alt_text":"Les Elixirs de gemmes","src":"https:\/\/i0.wp.com\/artstella-elixirs-floraux.com\/wp-content\/uploads\/2025\/03\/wp-image1421.png?resize=350%2C200&ssl=1","width":350,"height":200},"classes":[]},{"id":4934,"url":"https:\/\/artstella-elixirs-floraux.com\/en\/product\/ladies-mantle-alaskan-f-sup\/","url_meta":{"origin":5986,"position":4},"title":"LADIES&rsquo; MANTLE ALASKAN F SUP","author":"eveapprill","date":"9 March 2025","format":false,"excerpt":"Ladies' Mantle Alchemille commune Aide au nettoyage de la tristesse et du d\u00e9sespoir ; renforce notre relation au f\u00e9minin sacr\u00e9 ; traite la connexion f\u00e9minine entre sensualit\u00e9, cr\u00e9ativit\u00e9 et divinit\u00e9 ; aide les hommes \u00e0 \u00e9quilibrer leur relation avec le pouvoir f\u00e9minin en eux-m\u00eames et chez les autres.","rel":"","context":"Similar post","block_context":{"text":"Similar post","link":""},"img":{"alt_text":"","src":"https:\/\/i0.wp.com\/artstella-elixirs-floraux.com\/wp-content\/uploads\/2025\/03\/wp-image1390.png?resize=350%2C200&ssl=1","width":350,"height":200},"classes":[]},{"id":4954,"url":"https:\/\/artstella-elixirs-floraux.com\/en\/product\/northern-coral-root-alaskan-f-s\/","url_meta":{"origin":5986,"position":5},"title":"NORTHERN CORAL ROOT ALASKAN F S","author":"eveapprill","date":"9 March 2025","format":false,"excerpt":"Northern Coral Root \u00abRacine de Corail\u00a0\u00bb Aide \u00e0 transformer des \u00e9motions toxiques et d\u00e9s\u00e9quilibr\u00e9es, les formes-pens\u00e9es et les \u00e9nergies en les ramenant \u00e0 la lumi\u00e8re. Aide \u00e0 devenir plus conscient et respectueux de notre relation symbiotique avec la terre. Nous aide \u00e0 recevoir ce dont nous avons besoin \u00e0 travers\u2026","rel":"","context":"Similar post","block_context":{"text":"Similar post","link":""},"img":{"alt_text":"","src":"https:\/\/i0.wp.com\/artstella-elixirs-floraux.com\/wp-content\/uploads\/2025\/03\/wp-image1395-e1748848040392.png?resize=350%2C200&ssl=1","width":350,"height":200},"classes":[]}],"_links":{"self":[{"href":"https:\/\/artstella-elixirs-floraux.com\/en\/wp-json\/wp\/v2\/product\/5986","targetHints":{"allow":["GET"]}}],"collection":[{"href":"https:\/\/artstella-elixirs-floraux.com\/en\/wp-json\/wp\/v2\/product"}],"about":[{"href":"https:\/\/artstella-elixirs-floraux.com\/en\/wp-json\/wp\/v2\/types\/product"}],"version-history":[{"count":0,"href":"https:\/\/artstella-elixirs-floraux.com\/en\/wp-json\/wp\/v2\/product\/5986\/revisions"}],"wp:featuredmedia":[{"embeddable":true,"href":"https:\/\/artstella-elixirs-floraux.com\/en\/wp-json\/wp\/v2\/media\/5987"}],"wp:attachment":[{"href":"https:\/\/artstella-elixirs-floraux.com\/en\/wp-json\/wp\/v2\/media?parent=5986"}],"wp:term":[{"taxonomy":"product_brand","embeddable":true,"href":"https:\/\/artstella-elixirs-floraux.com\/en\/wp-json\/wp\/v2\/product_brand?post=5986"},{"taxonomy":"product_cat","embeddable":true,"href":"https:\/\/artstella-elixirs-floraux.com\/en\/wp-json\/wp\/v2\/product_cat?post=5986"},{"taxonomy":"product_tag","embeddable":true,"href":"https:\/\/artstella-elixirs-floraux.com\/en\/wp-json\/wp\/v2\/product_tag?post=5986"}],"curies":[{"name":"wp","href":"https:\/\/api.w.org\/{rel}","templated":true}]}}