{"id":5990,"date":"2025-03-09T13:50:52","date_gmt":"2025-03-09T13:50:52","guid":{"rendered":"https:\/\/artstella-elixirs-floraux.com\/product\/tulipier-sylfos-15-ml\/"},"modified":"2025-04-30T20:50:57","modified_gmt":"2025-04-30T20:50:57","slug":"tulipier-sylfos-15-ml","status":"publish","type":"product","link":"https:\/\/artstella-elixirs-floraux.com\/en\/product\/tulipier-sylfos-15-ml\/","title":{"rendered":"TULIPIER SYLFOS 15 ML"},"content":{"rendered":"<p>Il favorise l&rsquo;expression artistique et permet d&rsquo;atteindre l&rsquo;\u00e9quilibre n\u00e9cessaire \u00e0 la m\u00e9ditation. Il aide \u00e0 surmonter la faible estime de soi, car il nous aide \u00e0 renouer avec notre nature spirituelle.<\/p>","protected":false},"excerpt":{"rendered":"<p><strong>TULIPERO \/ TULIPIER<\/strong>\u00a0 Liriodendrontulipifera\u00a0<strong> Reconnexion spirituelle\u00a0<\/strong><\/p>\n<p>C&rsquo;est une \u00ab\u00a0nourriture\u00a0\u00bb spirituelle, surtout pour ceux qui se sentent agit\u00e9s et insatisfaits ou qui ont des tendances addictives. L\u2019\u00e9lixir nous permettra de trouver des d\u00e9bouch\u00e9s positifs et d&rsquo;atteindre nos nouveaux objectifs avec \u00e9nergie.<\/p>","protected":false},"featured_media":5991,"template":"","meta":[],"product_brand":[],"product_cat":[139],"product_tag":[],"class_list":{"0":"post-5990","1":"product","2":"type-product","3":"status-publish","4":"has-post-thumbnail","6":"product_cat-les-fleurs-andiness-upplementaires-compose","8":"first","9":"instock","10":"taxable","11":"shipping-taxable","12":"purchasable","13":"product-type-simple"},"etheme_brands":{"errors":{"invalid_taxonomy":["Invalid taxonomy."]},"error_data":[]},"jetpack_sharing_enabled":true,"jetpack-related-posts":[{"id":5504,"url":"https:\/\/artstella-elixirs-floraux.com\/en\/product\/chemin-spirituel-bloesem-remedies\/","url_meta":{"origin":5990,"position":0},"title":"Chemin spirituel Bloesem Remedies","author":"eveapprill","date":"9 March 2025","format":false,"excerpt":"CHEMIN SPIRITUEL - HET SPIRITUELE PAD - Compos\u00e9 contenant\u00a0Eschscholzia, Bignone et Bourrache Ce compos\u00e9 aide \u00e0 s\u2019orienter de fa\u00e7on spirituelle dans la vie.","rel":"","context":"Similar post","block_context":{"text":"Similar post","link":""},"img":{"alt_text":"","src":"","width":0,"height":0},"classes":[]},{"id":4115,"url":"https:\/\/artstella-elixirs-floraux.com\/en\/product\/saumon-sylfos-15ml\/","url_meta":{"origin":5990,"position":1},"title":"SAUMON SYLFOS 15ML","author":"eveapprill","date":"9 March 2025","format":false,"excerpt":"SALM\u00d3N \/ SAUMON\u00a0\u00a0 Connaissance de la Vie \u2013 Confiance \u2013 Libert\u00e9. En voyageur vers le Divin, le saumon\u00a0 aide \u00e0 trouver la signification et l\u2019objectif spirituel de notre vie.","rel":"","context":"Similar post","block_context":{"text":"Similar post","link":""},"img":{"alt_text":"","src":"","width":0,"height":0},"classes":[]},{"id":2757,"url":"https:\/\/artstella-elixirs-floraux.com\/en\/product\/air-air-bush-white-light\/","url_meta":{"origin":5990,"position":2},"title":"AIR (Air) BUSH WHITE LIGHT","author":"eveapprill","date":"9 March 2025","format":false,"excerpt":"L'\u00c9LIXIR AIR (AIR ESSENCE) a \u00e9t\u00e9 pr\u00e9par\u00e9 au sommet de la montagne Schafberg, \u00e0 St Wolfgang en Autriche. Il permet \u00e0 chacun d\u2019atteindre des royaumes et plans spirituels plus \u00e9lev\u00e9s...","rel":"","context":"Similar post","block_context":{"text":"Similar post","link":""},"img":{"alt_text":"","src":"https:\/\/i0.wp.com\/artstella-elixirs-floraux.com\/wp-content\/uploads\/2025\/03\/5d739f8d-a2aa-4869-a1f7-b6935c8fd6f5.jpg?resize=350%2C200&ssl=1","width":350,"height":200,"srcset":"https:\/\/i0.wp.com\/artstella-elixirs-floraux.com\/wp-content\/uploads\/2025\/03\/5d739f8d-a2aa-4869-a1f7-b6935c8fd6f5.jpg?resize=350%2C200&ssl=1 1x, https:\/\/i0.wp.com\/artstella-elixirs-floraux.com\/wp-content\/uploads\/2025\/03\/5d739f8d-a2aa-4869-a1f7-b6935c8fd6f5.jpg?resize=525%2C300&ssl=1 1.5x, https:\/\/i0.wp.com\/artstella-elixirs-floraux.com\/wp-content\/uploads\/2025\/03\/5d739f8d-a2aa-4869-a1f7-b6935c8fd6f5.jpg?resize=700%2C400&ssl=1 2x"},"classes":[]},{"id":3579,"url":"https:\/\/artstella-elixirs-floraux.com\/en\/product\/17-fire-of-life-lto-15-ml\/","url_meta":{"origin":5990,"position":3},"title":"17. FIRE OF LIFE LTO 15 ML","author":"eveapprill","date":"9 March 2025","format":false,"excerpt":"Fire of Life \/ Le feu de la vie : est le compl\u00e9ment masculin, Yang, de Furnace of Life. Son \u00e9nergie Yang aide les \u00e9nergies universelles les plus \u00e9lev\u00e9es \u00e0 s'incarner dans la conscience, et contribue \u00e0 ce que cette \u00e9nergie coule au centre de notre \u00eatre. Il donne le\u2026","rel":"","context":"Similar post","block_context":{"text":"Similar post","link":""},"img":{"alt_text":"","src":"https:\/\/i0.wp.com\/artstella-elixirs-floraux.com\/wp-content\/uploads\/2025\/03\/cffee8d9-4215-4261-9234-b57ae2c9070b.jpg?resize=350%2C200&ssl=1","width":350,"height":200,"srcset":"https:\/\/i0.wp.com\/artstella-elixirs-floraux.com\/wp-content\/uploads\/2025\/03\/cffee8d9-4215-4261-9234-b57ae2c9070b.jpg?resize=350%2C200&ssl=1 1x, https:\/\/i0.wp.com\/artstella-elixirs-floraux.com\/wp-content\/uploads\/2025\/03\/cffee8d9-4215-4261-9234-b57ae2c9070b.jpg?resize=525%2C300&ssl=1 1.5x, https:\/\/i0.wp.com\/artstella-elixirs-floraux.com\/wp-content\/uploads\/2025\/03\/cffee8d9-4215-4261-9234-b57ae2c9070b.jpg?resize=700%2C400&ssl=1 2x"},"classes":[]},{"id":5420,"url":"https:\/\/artstella-elixirs-floraux.com\/en\/product\/angelique-engelwortel-10ml\/","url_meta":{"origin":5990,"position":4},"title":"Ang\u00e9lique ENGELWORTEL 10ML","author":"eveapprill","date":"9 March 2025","format":false,"excerpt":"Angelica archangelica(Ang\u00e9lique)\u00a0Engelwortel Apporte la protection des royaumes spirituels et l\u2019aide des forces b\u00e9n\u00e9fiques d\u2019en haut, la protection des \u201canges\u201d, et notamment dans des situations o\u00f9 l\u2019on traverse la s\u00e9paration avec \u00ab\u00a0l\u2019autre c\u00f4t\u00e9\u00a0\u00bb","rel":"","context":"Similar post","block_context":{"text":"Similar post","link":""},"img":{"alt_text":"","src":"","width":0,"height":0},"classes":[]},{"id":4140,"url":"https:\/\/artstella-elixirs-floraux.com\/en\/product\/filodice-sylfos-15ml-pap\/","url_meta":{"origin":5990,"position":5},"title":"FILODICE SYLFOS 15ML PAP","author":"eveapprill","date":"9 March 2025","format":false,"excerpt":"FILODICE Colias philodice L\u00e2cher-prise \u2013 Confiance \u2013 Respect . Cet \u00e9lixir permet de nous \u00e9lever et nous apporte l\u2019inspiration. Il nous aide \u00e0 comprendre que toutes choses \u00e0 une base spirituelle et que nous ne devons pas avoir peur...","rel":"","context":"Similar post","block_context":{"text":"Similar post","link":""},"img":{"alt_text":"","src":"","width":0,"height":0},"classes":[]}],"_links":{"self":[{"href":"https:\/\/artstella-elixirs-floraux.com\/en\/wp-json\/wp\/v2\/product\/5990","targetHints":{"allow":["GET"]}}],"collection":[{"href":"https:\/\/artstella-elixirs-floraux.com\/en\/wp-json\/wp\/v2\/product"}],"about":[{"href":"https:\/\/artstella-elixirs-floraux.com\/en\/wp-json\/wp\/v2\/types\/product"}],"version-history":[{"count":0,"href":"https:\/\/artstella-elixirs-floraux.com\/en\/wp-json\/wp\/v2\/product\/5990\/revisions"}],"wp:featuredmedia":[{"embeddable":true,"href":"https:\/\/artstella-elixirs-floraux.com\/en\/wp-json\/wp\/v2\/media\/5991"}],"wp:attachment":[{"href":"https:\/\/artstella-elixirs-floraux.com\/en\/wp-json\/wp\/v2\/media?parent=5990"}],"wp:term":[{"taxonomy":"product_brand","embeddable":true,"href":"https:\/\/artstella-elixirs-floraux.com\/en\/wp-json\/wp\/v2\/product_brand?post=5990"},{"taxonomy":"product_cat","embeddable":true,"href":"https:\/\/artstella-elixirs-floraux.com\/en\/wp-json\/wp\/v2\/product_cat?post=5990"},{"taxonomy":"product_tag","embeddable":true,"href":"https:\/\/artstella-elixirs-floraux.com\/en\/wp-json\/wp\/v2\/product_tag?post=5990"}],"curies":[{"name":"wp","href":"https:\/\/api.w.org\/{rel}","templated":true}]}}