{"id":6000,"date":"2025-03-09T13:51:00","date_gmt":"2025-03-09T13:51:00","guid":{"rendered":"https:\/\/artstella-elixirs-floraux.com\/product\/le-pouvoir-de-guerison-des-animaux-a-korte\/"},"modified":"2025-03-09T13:51:00","modified_gmt":"2025-03-09T13:51:00","slug":"le-pouvoir-de-guerison-des-animaux-a-korte","status":"publish","type":"product","link":"https:\/\/artstella-elixirs-floraux.com\/en\/product\/le-pouvoir-de-guerison-des-animaux-a-korte\/","title":{"rendered":"Le pouvoir de gu\u00e9rison des animaux A. Korte"},"content":{"rendered":"<p>Description d\u00e9taill\u00e9e des 70 \u00e9lixirs d&rsquo;animaux disponibles dans sa gamme, un condens\u00e9 de ses ann\u00e9es de recherches.<\/p>","protected":false},"excerpt":{"rendered":"<p><strong>Nouveau<\/strong> ! Le dernier livre d&rsquo;Andreas Korte paru en fran\u00e7ais reprenant ses recherches sur ses rencontres avec les animaux, leur pouvoir de gu\u00e9rison et les \u00e9lixirs qu&rsquo;ils en a recueilli.<\/p>","protected":false},"featured_media":6001,"template":"","meta":[],"product_brand":[],"product_cat":[173],"product_tag":[],"class_list":{"0":"post-6000","1":"product","2":"type-product","3":"status-publish","4":"has-post-thumbnail","6":"product_cat-livres-et-cartes-phi","8":"first","9":"instock","10":"taxable","11":"shipping-taxable","12":"purchasable","13":"product-type-simple"},"etheme_brands":{"errors":{"invalid_taxonomy":["Invalid taxonomy."]},"error_data":[]},"jetpack_sharing_enabled":true,"jetpack-related-posts":[{"id":6159,"url":"https:\/\/artstella-elixirs-floraux.com\/en\/product\/luminotherapie-hlt-andreas-korte\/","url_meta":{"origin":6000,"position":0},"title":"Luminotherapie HLT Andreas Korte","author":"","date":"9 March 2025","format":false,"excerpt":"Le livre : La luminoth\u00e9rapie\u00a0 Holistic Light Therapy\u00ae par Andr\u00e9as Korte pr\u00e9sente sa recherche sur es effets combin\u00e9s de la lumi\u00e8re, de la couleur, de la,musique et des \u00e9lixirs.","rel":"","context":"Similar post","block_context":{"text":"Similar post","link":""},"img":{"alt_text":"","src":"https:\/\/i0.wp.com\/artstella-elixirs-floraux.com\/wp-content\/uploads\/2025\/03\/wp-image2162.png?resize=350%2C200&ssl=1","width":350,"height":200},"classes":[]},{"id":5253,"url":"https:\/\/artstella-elixirs-floraux.com\/en\/product\/jeu-de-60-cartes-danimaux\/","url_meta":{"origin":6000,"position":1},"title":"Jeu de 60 cartes d&rsquo;Animaux","author":"","date":"9 March 2025","format":false,"excerpt":"Jeu de cartes r\u00e9pr\u00e9senatnt les 60 animaux dont Andr\u00e9as Korte a r\u00e9alis\u00e9 un \u00e9lixir (sans aucun dommage pour les animaux)","rel":"","context":"Similar post","block_context":{"text":"Similar post","link":""},"img":{"alt_text":"","src":"https:\/\/i0.wp.com\/artstella-elixirs-floraux.com\/wp-content\/uploads\/2025\/03\/wp-image2490.png?resize=350%2C200&ssl=1","width":350,"height":200},"classes":[]},{"id":5241,"url":"https:\/\/artstella-elixirs-floraux.com\/en\/product\/les-nouveaux-elixirs-floraux-par-a-korte\/","url_meta":{"origin":6000,"position":2},"title":"Les nouveaux \u00e9lixirs floraux par A. Korte","author":"","date":"9 March 2025","format":false,"excerpt":"Ce guide d\u2019utilisation est une mine d\u2019informations pour ceux qui veulent aller plus loin et mieux conna\u00eetre le travail d\u2019Andr\u00e9as Korte, mais aussi pour tous ceux qui connaissent d\u00e9j\u00e0 les \u00e9lixirs et souhaitent en savoir plus, notamment \u00e0 propos des fleurs classiques (fleurs de Bach) ou des fleurs sauvages que\u2026","rel":"","context":"Similar post","block_context":{"text":"Similar post","link":""},"img":{"alt_text":"","src":"https:\/\/i0.wp.com\/artstella-elixirs-floraux.com\/wp-content\/uploads\/2025\/03\/wp-image2372.png?resize=350%2C200&ssl=1","width":350,"height":200,"srcset":"https:\/\/i0.wp.com\/artstella-elixirs-floraux.com\/wp-content\/uploads\/2025\/03\/wp-image2372.png?resize=350%2C200&ssl=1 1x, https:\/\/i0.wp.com\/artstella-elixirs-floraux.com\/wp-content\/uploads\/2025\/03\/wp-image2372.png?resize=525%2C300&ssl=1 1.5x, https:\/\/i0.wp.com\/artstella-elixirs-floraux.com\/wp-content\/uploads\/2025\/03\/wp-image2372.png?resize=700%2C400&ssl=1 2x"},"classes":[]},{"id":5356,"url":"https:\/\/artstella-elixirs-floraux.com\/en\/product\/cartes-du-chemin-de-guerison\/","url_meta":{"origin":6000,"position":3},"title":"CARTES DU CHEMIN DE GUERISON","author":"eveapprill","date":"9 March 2025","format":false,"excerpt":"Les cartes du chemin de Gu\u00e9rison par Daniel Mapel cr\u00e9ateur des \u00e9lixirs Wild Earth Animals ! Ce livre et les cartes des animaux vous permettent d'acc\u00e9der au coeur de l'enseignement de Daniel et des animaux!!!","rel":"","context":"Similar post","block_context":{"text":"Similar post","link":""},"img":{"alt_text":"","src":"https:\/\/i0.wp.com\/artstella-elixirs-floraux.com\/wp-content\/uploads\/2025\/03\/contenu-3D.png?resize=350%2C200&ssl=1","width":350,"height":200,"srcset":"https:\/\/i0.wp.com\/artstella-elixirs-floraux.com\/wp-content\/uploads\/2025\/03\/contenu-3D.png?resize=350%2C200&ssl=1 1x, https:\/\/i0.wp.com\/artstella-elixirs-floraux.com\/wp-content\/uploads\/2025\/03\/contenu-3D.png?resize=525%2C300&ssl=1 1.5x, https:\/\/i0.wp.com\/artstella-elixirs-floraux.com\/wp-content\/uploads\/2025\/03\/contenu-3D.png?resize=700%2C400&ssl=1 2x, https:\/\/i0.wp.com\/artstella-elixirs-floraux.com\/wp-content\/uploads\/2025\/03\/contenu-3D.png?resize=1050%2C600&ssl=1 3x, https:\/\/i0.wp.com\/artstella-elixirs-floraux.com\/wp-content\/uploads\/2025\/03\/contenu-3D.png?resize=1400%2C800&ssl=1 4x"},"classes":[]},{"id":4518,"url":"https:\/\/artstella-elixirs-floraux.com\/en\/product\/rq7\/","url_meta":{"origin":6000,"position":4},"title":"RQ7","author":"eveapprill","date":"27 May 2025","format":false,"excerpt":"RQ7 M\u00e9lange de fleurs faisant partie de la gamme des fleurs classiques mises au point par le Dr Bach. Cet \u00e9lixir correspond au rem\u00e8de d\u2019urgence traditionnel. A. Korte y a ajout\u00e9 le Lotus pour l\u2019harmonisation et la Brunelle pour l\u2019auto gu\u00e9rison. Cet \u00e9lixir combat le stress, r\u00e9\u00e9quilibre et r\u00e9 harmonise\u2026","rel":"","context":"Similar post","block_context":{"text":"Similar post","link":""},"img":{"alt_text":"","src":"","width":0,"height":0},"classes":[]},{"id":5220,"url":"https:\/\/artstella-elixirs-floraux.com\/en\/product\/beluga\/","url_meta":{"origin":6000,"position":5},"title":"Beluga","author":"eveapprill","date":"9 March 2025","format":false,"excerpt":"Cet \u00e9lixir nous rappelle la joie et la l\u00e9g\u00e8ret\u00e9 enfantine. Il nous apprend \u00e0 ne pas prendre la vie trop au s\u00e9rieux et \u00e0 rester enjou\u00e9","rel":"","context":"Similar post","block_context":{"text":"Similar post","link":""},"img":{"alt_text":"","src":"https:\/\/i0.wp.com\/artstella-elixirs-floraux.com\/wp-content\/uploads\/2025\/03\/wp-image1501.png?resize=350%2C200&ssl=1","width":350,"height":200},"classes":[]}],"_links":{"self":[{"href":"https:\/\/artstella-elixirs-floraux.com\/en\/wp-json\/wp\/v2\/product\/6000","targetHints":{"allow":["GET"]}}],"collection":[{"href":"https:\/\/artstella-elixirs-floraux.com\/en\/wp-json\/wp\/v2\/product"}],"about":[{"href":"https:\/\/artstella-elixirs-floraux.com\/en\/wp-json\/wp\/v2\/types\/product"}],"version-history":[{"count":0,"href":"https:\/\/artstella-elixirs-floraux.com\/en\/wp-json\/wp\/v2\/product\/6000\/revisions"}],"wp:featuredmedia":[{"embeddable":true,"href":"https:\/\/artstella-elixirs-floraux.com\/en\/wp-json\/wp\/v2\/media\/6001"}],"wp:attachment":[{"href":"https:\/\/artstella-elixirs-floraux.com\/en\/wp-json\/wp\/v2\/media?parent=6000"}],"wp:term":[{"taxonomy":"product_brand","embeddable":true,"href":"https:\/\/artstella-elixirs-floraux.com\/en\/wp-json\/wp\/v2\/product_brand?post=6000"},{"taxonomy":"product_cat","embeddable":true,"href":"https:\/\/artstella-elixirs-floraux.com\/en\/wp-json\/wp\/v2\/product_cat?post=6000"},{"taxonomy":"product_tag","embeddable":true,"href":"https:\/\/artstella-elixirs-floraux.com\/en\/wp-json\/wp\/v2\/product_tag?post=6000"}],"curies":[{"name":"wp","href":"https:\/\/api.w.org\/{rel}","templated":true}]}}