{"id":6004,"date":"2025-03-09T13:51:16","date_gmt":"2025-03-09T13:51:16","guid":{"rendered":"https:\/\/artstella-elixirs-floraux.com\/product\/ouvres-completes-edward-bach\/"},"modified":"2025-05-05T15:56:16","modified_gmt":"2025-05-05T15:56:16","slug":"ouvres-completes-edward-bach","status":"publish","type":"product","link":"https:\/\/artstella-elixirs-floraux.com\/en\/product\/ouvres-completes-edward-bach\/","title":{"rendered":"Ouvres compl\u00e8tes Edward Bach"},"content":{"rendered":"<p>des lettres et des articles qu&rsquo;il a \u00e9crits \u00e0 ses coll\u00e8gues, de ses nombreuses r\u00e9flexions sur la maladie, en passant par les diverses mises \u00e0 jour des \u00e9ditions de son ouvrage-cl\u00e9 <em>les douze gu\u00e9risseurs<\/em>, tout nous r\u00e9v\u00e8le avec quelle m\u00e9ticulosit\u00e9 l&rsquo;\u00e9laboration de ses rem\u00e8des floraux a \u00e9t\u00e9 \u00e9tablie.<\/p>","protected":false},"excerpt":{"rendered":"<p><strong>Oeuvres compl\u00e8tes Edward Bach Macro \u00e9ditions <\/strong><\/p>\n<p>Partant des actes des derni\u00e8res conf\u00e9rences qu&rsquo;il a tenues peu avant sa mort,<\/p>","protected":false},"featured_media":6005,"template":"","meta":[],"product_brand":[],"product_cat":[166],"product_tag":[],"class_list":{"0":"post-6004","1":"product","2":"type-product","3":"status-publish","4":"has-post-thumbnail","6":"product_cat-fleurs-de-bach","8":"first","9":"instock","10":"taxable","11":"shipping-taxable","12":"purchasable","13":"product-type-simple"},"etheme_brands":{"errors":{"invalid_taxonomy":["Invalid taxonomy."]},"error_data":[]},"jetpack_sharing_enabled":true,"jetpack-related-posts":[{"id":6014,"url":"https:\/\/artstella-elixirs-floraux.com\/en\/product\/manuel-complet-des-quintessences-florales-du-dr-bach\/","url_meta":{"origin":6004,"position":0},"title":"Manuel complet des quintessences florales du Dr Bach","author":"eveapprill","date":"9 March 2025","format":false,"excerpt":"Manuel complet des quintessences florales du Dr Edward Bach Par Mechthild Scheffer Editions Le courrier du Livre Un manuel complet par la sp\u00e9cialiste reconnue au plan internationnal des quintessences florales du Dr Bach (En rupture)","rel":"","context":"Similar post","block_context":{"text":"Similar post","link":""},"img":{"alt_text":"","src":"https:\/\/i0.wp.com\/artstella-elixirs-floraux.com\/wp-content\/uploads\/2025\/03\/wp-image2027.png?resize=350%2C200&ssl=1","width":350,"height":200},"classes":[]},{"id":6018,"url":"https:\/\/artstella-elixirs-floraux.com\/en\/product\/reponses-a-250-questions-sur-le-bon-usage-des-38\/","url_meta":{"origin":6004,"position":1},"title":"R\u00e9ponses \u00e0 250 questions sur le bon usage des 38","author":"","date":"9 March 2025","format":false,"excerpt":"R\u00e9ponses \u00e0 250 questions sur le bon usage des 38 quintessences florales du Dr Edward Bach Editions M\u00e9dicis","rel":"","context":"Similar post","block_context":{"text":"Similar post","link":""},"img":{"alt_text":"","src":"https:\/\/i0.wp.com\/artstella-elixirs-floraux.com\/wp-content\/uploads\/2025\/03\/wp-image2029.png?resize=350%2C200&ssl=1","width":350,"height":200},"classes":[]},{"id":5498,"url":"https:\/\/artstella-elixirs-floraux.com\/en\/product\/la-guerison-par-les-fleurs\/","url_meta":{"origin":6004,"position":2},"title":"La gu\u00e9rison par les fleurs","author":"eveapprill","date":"9 March 2025","format":false,"excerpt":"La gu\u00e9rison par les fleurs par le Dr Edward Bach","rel":"","context":"Similar post","block_context":{"text":"Similar post","link":""},"img":{"alt_text":"","src":"https:\/\/i0.wp.com\/artstella-elixirs-floraux.com\/wp-content\/uploads\/2025\/03\/wp-image1745.png?resize=350%2C200&ssl=1","width":350,"height":200},"classes":[]},{"id":6016,"url":"https:\/\/artstella-elixirs-floraux.com\/en\/product\/lessentiel-des-fleurs-de-bach\/","url_meta":{"origin":6004,"position":3},"title":"L&rsquo;essentiel des Fleurs de Bach","author":"eveapprill","date":"9 March 2025","format":false,"excerpt":"L'essentiel des Fleurs de Bach Editions Le Courrier du Livre Introduit de fa\u00e7on simple et pratique \u00e0 l'essentiel de ce qu'il faut conna\u00eetre sur ces rem\u00e8des floraux.","rel":"","context":"Similar post","block_context":{"text":"Similar post","link":""},"img":{"alt_text":"","src":"https:\/\/i0.wp.com\/artstella-elixirs-floraux.com\/wp-content\/uploads\/2025\/03\/wp-image2028.png?resize=350%2C200&ssl=1","width":350,"height":200},"classes":[]},{"id":4549,"url":"https:\/\/artstella-elixirs-floraux.com\/en\/product\/coffret-10-elixirs-de-roses-15ml-phi\/","url_meta":{"origin":6004,"position":4},"title":"COFFRET 10 ELIXIRS DE ROSES 15ml PHI","author":"eveapprill","date":"9 March 2025","format":false,"excerpt":"Contient les 10 \u00e9lixirs de roses\u00a0 une particularit\u00e9 dans le domaine des \u00e9lixirs floraux Rose du Japon, Rose pimprenelle, Rose sauvage, Rose rugueuse Sarah van Fleet, Rose rugueuse Souvenir de Phil\u00e9mon Cochet, Rose tib\u00e9taine, Rose verte, Rose reine du Danmark, Rose Provence.","rel":"","context":"Similar post","block_context":{"text":"Similar post","link":""},"img":{"alt_text":"","src":"https:\/\/i0.wp.com\/artstella-elixirs-floraux.com\/wp-content\/uploads\/2025\/03\/wp-image1160.png?resize=350%2C200&ssl=1","width":350,"height":200,"srcset":"https:\/\/i0.wp.com\/artstella-elixirs-floraux.com\/wp-content\/uploads\/2025\/03\/wp-image1160.png?resize=350%2C200&ssl=1 1x, https:\/\/i0.wp.com\/artstella-elixirs-floraux.com\/wp-content\/uploads\/2025\/03\/wp-image1160.png?resize=525%2C300&ssl=1 1.5x, https:\/\/i0.wp.com\/artstella-elixirs-floraux.com\/wp-content\/uploads\/2025\/03\/wp-image1160.png?resize=700%2C400&ssl=1 2x"},"classes":[]},{"id":6020,"url":"https:\/\/artstella-elixirs-floraux.com\/en\/product\/therapie-originale-des-fleurs-de-bach\/","url_meta":{"origin":6004,"position":5},"title":"Th\u00e9rapie originale des fleurs de Bach","author":"","date":"9 March 2025","format":false,"excerpt":"Th\u00e9rapie originale des fleurs de Bach par Mechthild Scheffer Editions M\u00e9dicis Ce jeu de 38 cartes pr\u00e9sente la th\u00e9rapie par les fleurs de Bach dans ses grandes lignes","rel":"","context":"Similar post","block_context":{"text":"Similar post","link":""},"img":{"alt_text":"","src":"","width":0,"height":0},"classes":[]}],"_links":{"self":[{"href":"https:\/\/artstella-elixirs-floraux.com\/en\/wp-json\/wp\/v2\/product\/6004","targetHints":{"allow":["GET"]}}],"collection":[{"href":"https:\/\/artstella-elixirs-floraux.com\/en\/wp-json\/wp\/v2\/product"}],"about":[{"href":"https:\/\/artstella-elixirs-floraux.com\/en\/wp-json\/wp\/v2\/types\/product"}],"version-history":[{"count":0,"href":"https:\/\/artstella-elixirs-floraux.com\/en\/wp-json\/wp\/v2\/product\/6004\/revisions"}],"wp:featuredmedia":[{"embeddable":true,"href":"https:\/\/artstella-elixirs-floraux.com\/en\/wp-json\/wp\/v2\/media\/6005"}],"wp:attachment":[{"href":"https:\/\/artstella-elixirs-floraux.com\/en\/wp-json\/wp\/v2\/media?parent=6004"}],"wp:term":[{"taxonomy":"product_brand","embeddable":true,"href":"https:\/\/artstella-elixirs-floraux.com\/en\/wp-json\/wp\/v2\/product_brand?post=6004"},{"taxonomy":"product_cat","embeddable":true,"href":"https:\/\/artstella-elixirs-floraux.com\/en\/wp-json\/wp\/v2\/product_cat?post=6004"},{"taxonomy":"product_tag","embeddable":true,"href":"https:\/\/artstella-elixirs-floraux.com\/en\/wp-json\/wp\/v2\/product_tag?post=6004"}],"curies":[{"name":"wp","href":"https:\/\/api.w.org\/{rel}","templated":true}]}}