{"id":6008,"date":"2025-03-09T13:51:18","date_gmt":"2025-03-09T13:51:18","guid":{"rendered":"https:\/\/artstella-elixirs-floraux.com\/product\/dr-bach-un-etre-dexception-v-knight\/"},"modified":"2025-06-08T13:00:26","modified_gmt":"2025-06-08T13:00:26","slug":"dr-bach-un-etre-dexception-v-knight","status":"publish","type":"product","link":"https:\/\/artstella-elixirs-floraux.com\/en\/product\/dr-bach-un-etre-dexception-v-knight\/","title":{"rendered":"Dr Bach, un \u00eatre d&rsquo;exception V. Knight"},"content":{"rendered":"<p>Ce r\u00e9cit nous plonge dans un monde subtil et spirituel, enrichi par les authantiques \u00e9crits du Dr Bach.<\/p>","protected":false},"excerpt":{"rendered":"<p><strong>Dr Bach, un \u00eatre d&rsquo;exception par Valerie Knight \u00e9ditions M\u00e9dicis<\/strong><\/p>\n<p>Une biographie inspir\u00e9e qui allie authenticit\u00e9 et romanesque. <strong><br \/>\n<\/strong><\/p>","protected":false},"featured_media":6009,"template":"","meta":[],"product_brand":[],"product_cat":[166],"product_tag":[],"class_list":{"0":"post-6008","1":"product","2":"type-product","3":"status-publish","4":"has-post-thumbnail","6":"product_cat-fleurs-de-bach","8":"first","9":"instock","10":"taxable","11":"shipping-taxable","12":"purchasable","13":"product-type-simple"},"etheme_brands":{"errors":{"invalid_taxonomy":["Invalid taxonomy."]},"error_data":[]},"jetpack_sharing_enabled":true,"jetpack-related-posts":[{"id":6014,"url":"https:\/\/artstella-elixirs-floraux.com\/en\/product\/manuel-complet-des-quintessences-florales-du-dr-bach\/","url_meta":{"origin":6008,"position":0},"title":"Manuel complet des quintessences florales du Dr Bach","author":"eveapprill","date":"9 March 2025","format":false,"excerpt":"Manuel complet des quintessences florales du Dr Edward Bach Par Mechthild Scheffer Editions Le courrier du Livre Un manuel complet par la sp\u00e9cialiste reconnue au plan internationnal des quintessences florales du Dr Bach (En rupture)","rel":"","context":"Similar post","block_context":{"text":"Similar post","link":""},"img":{"alt_text":"","src":"https:\/\/i0.wp.com\/artstella-elixirs-floraux.com\/wp-content\/uploads\/2025\/03\/wp-image2027.png?resize=350%2C200&ssl=1","width":350,"height":200},"classes":[]},{"id":5598,"url":"https:\/\/artstella-elixirs-floraux.com\/en\/product\/coffret-38-elixirs-floraux-du-dr-bach-10ml\/","url_meta":{"origin":6008,"position":1},"title":"Coffret 38 \u00e9lixirs floraux du Dr BACH 10ml","author":"eveapprill","date":"9 March 2025","format":false,"excerpt":"La gamme compl\u00e8te des 38 \u00e9lixirs floraux du Dr BACH\u00a0 et 2 situations de crises en 15ml pr\u00e9par\u00e9s par le Laboratoire Deva selon la m\u00e9thode originelle du Dr Bach.","rel":"","context":"Similar post","block_context":{"text":"Similar post","link":""},"img":{"alt_text":"Coffrets les Elixirs Deva","src":"https:\/\/i0.wp.com\/artstella-elixirs-floraux.com\/wp-content\/uploads\/2025\/03\/wp-image2355.png?resize=350%2C200&ssl=1","width":350,"height":200,"srcset":"https:\/\/i0.wp.com\/artstella-elixirs-floraux.com\/wp-content\/uploads\/2025\/03\/wp-image2355.png?resize=350%2C200&ssl=1 1x, https:\/\/i0.wp.com\/artstella-elixirs-floraux.com\/wp-content\/uploads\/2025\/03\/wp-image2355.png?resize=525%2C300&ssl=1 1.5x, https:\/\/i0.wp.com\/artstella-elixirs-floraux.com\/wp-content\/uploads\/2025\/03\/wp-image2355.png?resize=700%2C400&ssl=1 2x"},"classes":[]},{"id":6022,"url":"https:\/\/artstella-elixirs-floraux.com\/en\/product\/les-fleurs-du-dr-bach-cartes-grand-format\/","url_meta":{"origin":6008,"position":2},"title":"Les fleurs du Dr Bach (cartes grand format)","author":"eveapprill","date":"9 March 2025","format":false,"excerpt":"LES FLEURS DU Dr BACH 38 cartes de grand format pour la r\u00e9harmonisation, le recentrage et la m\u00e9ditation. (En Rupture)","rel":"","context":"Similar post","block_context":{"text":"Similar post","link":""},"img":{"alt_text":"","src":"https:\/\/i0.wp.com\/artstella-elixirs-floraux.com\/wp-content\/uploads\/2025\/03\/wp-image2031.png?resize=350%2C200&ssl=1","width":350,"height":200},"classes":[]},{"id":5498,"url":"https:\/\/artstella-elixirs-floraux.com\/en\/product\/la-guerison-par-les-fleurs\/","url_meta":{"origin":6008,"position":3},"title":"La gu\u00e9rison par les fleurs","author":"eveapprill","date":"9 March 2025","format":false,"excerpt":"La gu\u00e9rison par les fleurs par le Dr Edward Bach","rel":"","context":"Similar post","block_context":{"text":"Similar post","link":""},"img":{"alt_text":"","src":"https:\/\/i0.wp.com\/artstella-elixirs-floraux.com\/wp-content\/uploads\/2025\/03\/wp-image1745.png?resize=350%2C200&ssl=1","width":350,"height":200},"classes":[]},{"id":4827,"url":"https:\/\/artstella-elixirs-floraux.com\/en\/product\/nos-emotions-les-fleurs-f-deporte\/","url_meta":{"origin":6008,"position":4},"title":"NOS EMOTIONS LES FLEURS F DEPORTE","author":"eveapprill","date":"9 March 2025","format":false,"excerpt":"NOS EMOTIONS LES FLEURS F DEPORTE Livre de d\u00e9finitions et d'utilisation des Fleurs de Bach","rel":"","context":"Similar post","block_context":{"text":"Similar post","link":""},"img":{"alt_text":"","src":"https:\/\/i0.wp.com\/artstella-elixirs-floraux.com\/wp-content\/uploads\/2025\/03\/wp-image1350.png?resize=350%2C200&ssl=1","width":350,"height":200},"classes":[]},{"id":5364,"url":"https:\/\/artstella-elixirs-floraux.com\/en\/product\/cartes-des-fleurs-de-bach\/","url_meta":{"origin":6008,"position":5},"title":"Cartes des fleurs de Bach","author":"eveapprill","date":"9 March 2025","format":false,"excerpt":"Ce jeu de cartes est un outil de d\u00e9couverte et de s\u00e9lection intuitive et efficace des fleurs du Dr Bach. Format des cartes : 70 mm x 100 mm","rel":"","context":"Similar post","block_context":{"text":"Similar post","link":""},"img":{"alt_text":"","src":"https:\/\/i0.wp.com\/artstella-elixirs-floraux.com\/wp-content\/uploads\/2025\/03\/wp-image1649.png?resize=350%2C200&ssl=1","width":350,"height":200},"classes":[]}],"_links":{"self":[{"href":"https:\/\/artstella-elixirs-floraux.com\/en\/wp-json\/wp\/v2\/product\/6008","targetHints":{"allow":["GET"]}}],"collection":[{"href":"https:\/\/artstella-elixirs-floraux.com\/en\/wp-json\/wp\/v2\/product"}],"about":[{"href":"https:\/\/artstella-elixirs-floraux.com\/en\/wp-json\/wp\/v2\/types\/product"}],"version-history":[{"count":0,"href":"https:\/\/artstella-elixirs-floraux.com\/en\/wp-json\/wp\/v2\/product\/6008\/revisions"}],"wp:featuredmedia":[{"embeddable":true,"href":"https:\/\/artstella-elixirs-floraux.com\/en\/wp-json\/wp\/v2\/media\/6009"}],"wp:attachment":[{"href":"https:\/\/artstella-elixirs-floraux.com\/en\/wp-json\/wp\/v2\/media?parent=6008"}],"wp:term":[{"taxonomy":"product_brand","embeddable":true,"href":"https:\/\/artstella-elixirs-floraux.com\/en\/wp-json\/wp\/v2\/product_brand?post=6008"},{"taxonomy":"product_cat","embeddable":true,"href":"https:\/\/artstella-elixirs-floraux.com\/en\/wp-json\/wp\/v2\/product_cat?post=6008"},{"taxonomy":"product_tag","embeddable":true,"href":"https:\/\/artstella-elixirs-floraux.com\/en\/wp-json\/wp\/v2\/product_tag?post=6008"}],"curies":[{"name":"wp","href":"https:\/\/api.w.org\/{rel}","templated":true}]}}