{"id":6010,"date":"2025-03-09T13:51:19","date_gmt":"2025-03-09T13:51:19","guid":{"rendered":"https:\/\/artstella-elixirs-floraux.com\/product\/semerveiller-a-la-rencontre-des-fleurs\/"},"modified":"2025-06-08T13:00:26","modified_gmt":"2025-06-08T13:00:26","slug":"semerveiller-a-la-rencontre-des-fleurs","status":"publish","type":"product","link":"https:\/\/artstella-elixirs-floraux.com\/en\/product\/semerveiller-a-la-rencontre-des-fleurs\/","title":{"rendered":"S&rsquo;\u00e9merveiller \u00e0 la rencontre des fleurs"},"content":{"rendered":"","protected":false},"excerpt":{"rendered":"<p><strong>S&rsquo;\u00e9merveiller \u00e0 la rencontre des fleurs. par Jean pierre Drouet<\/strong> Edition Le Souffle d&rsquo;Or<\/p>\n<p>Le monde v\u00e9g\u00e9tal et les fleurs en particulier nous invitent, \u00e0 travers les \u00e9lixirs floraux, \u00e0 nous r\u00e9concilier avec nous-m\u00eames en r\u00e9\u00e9quilibrant nos \u00e9tats d&rsquo;\u00e2me<\/p>","protected":false},"featured_media":6011,"template":"","meta":[],"product_brand":[],"product_cat":[166],"product_tag":[],"class_list":{"0":"post-6010","1":"product","2":"type-product","3":"status-publish","4":"has-post-thumbnail","6":"product_cat-fleurs-de-bach","8":"first","9":"instock","10":"taxable","11":"shipping-taxable","12":"purchasable","13":"product-type-simple"},"etheme_brands":{"errors":{"invalid_taxonomy":["Invalid taxonomy."]},"error_data":[]},"jetpack_sharing_enabled":true,"jetpack-related-posts":[{"id":4917,"url":"https:\/\/artstella-elixirs-floraux.com\/en\/product\/enchanters-night-alaskan-f-sup\/","url_meta":{"origin":6010,"position":0},"title":"ENCHANTER&rsquo;S NIGHT ALASKAN F SUP","author":"eveapprill","date":"9 March 2025","format":false,"excerpt":"Enchanter's Nightshade Circ\u00e9e alpine Aide \u00e0 entrer en contact avec l\u2019\u00e9nergie de la Nature. Gu\u00e9rit le d\u00e9s\u00e9quilibre cr\u00e9\u00e9 par trop d\u2019exposition \u00e0 la lumi\u00e8re. Aide \u00e0 trouver la paix, la protection, la s\u00e9curit\u00e9 et la s\u00fbret\u00e9 dans les t\u00e9n\u00e8bres \u00e0 travers la lib\u00e9ration de la peur. Pour passer de l\u2019isolation\u2026","rel":"","context":"Similar post","block_context":{"text":"Similar post","link":""},"img":{"alt_text":"","src":"https:\/\/i0.wp.com\/artstella-elixirs-floraux.com\/wp-content\/uploads\/2025\/03\/wp-image1385.png?resize=350%2C200&ssl=1","width":350,"height":200},"classes":[]},{"id":4092,"url":"https:\/\/artstella-elixirs-floraux.com\/en\/product\/canne-a-sucre-15-ml-fleur-sylfos\/","url_meta":{"origin":6010,"position":1},"title":"CANNE A SUCRE 15 ML FLEUR SYLFOS","author":"eveapprill","date":"9 March 2025","format":false,"excerpt":"CANNE A SUCRE \/CA\u00d1A DE AZUCAR\u00a0\u00a0\u00a0 Sugarcane \u00a0Saccharum officinarum \u00a0 \u00a0 Qui sait donner\u2026 sait recevoir. Voil\u00e0 un des enseignements de cet \u00e9lixir. Pour ceux qui se sont endurcis pour affronter l\u2019adversit\u00e9\u2026 mais qui restent tendres \u00e0 l\u2019int\u00e9rieur, comme l\u2019est la plante.","rel":"","context":"Similar post","block_context":{"text":"Similar post","link":""},"img":{"alt_text":"","src":"","width":0,"height":0},"classes":[]},{"id":5257,"url":"https:\/\/artstella-elixirs-floraux.com\/en\/product\/jeu-de-20-cartes-de-fleurs-dafrique\/","url_meta":{"origin":6010,"position":2},"title":"Jeu de 20 cartes de fleurs d&rsquo;Afrique","author":"eveapprill","date":"9 March 2025","format":false,"excerpt":"Jeu de 20 cartes de fleurs d'Afrique et des Canaries repr\u00e9sentant les fleurs \u00e0 partir desquelles ces \u00e9lixirs ont \u00e9t\u00e9 r\u00e9alis\u00e9s","rel":"","context":"Similar post","block_context":{"text":"Similar post","link":""},"img":{"alt_text":"","src":"","width":0,"height":0},"classes":[]},{"id":5259,"url":"https:\/\/artstella-elixirs-floraux.com\/en\/product\/jeu-de-40-cartes-de-fleurs-sauvages\/","url_meta":{"origin":6010,"position":3},"title":"Jeu de 40 cartes de fleurs sauvages","author":"","date":"9 March 2025","format":false,"excerpt":"Jeu de 40 cartes de fleurs sauvages europ\u00e9ennes repr\u00e9sentant les fleurs \u00e0 partir desquelles ces \u00e9lixirs ont \u00e9t\u00e9 r\u00e9alis\u00e9s","rel":"","context":"Similar post","block_context":{"text":"Similar post","link":""},"img":{"alt_text":"","src":"","width":0,"height":0},"classes":[]},{"id":5360,"url":"https:\/\/artstella-elixirs-floraux.com\/en\/product\/les-fleurs-de-bach-pascale-millier\/","url_meta":{"origin":6010,"position":4},"title":"LES FLEURS DE BACH PASCALE MILLIER","author":"eveapprill","date":"9 March 2025","format":false,"excerpt":"Dans la mouvance de l'hom\u00e9opathie, le docteur Bach a d\u00e9velopp\u00e9 une typologie de fleurs destin\u00e9e \u00e0 favoriser l'\u00e9quilibre \u00e9motionnel.\u00a0 239 pages.","rel":"","context":"Similar post","block_context":{"text":"Similar post","link":""},"img":{"alt_text":"","src":"https:\/\/i0.wp.com\/artstella-elixirs-floraux.com\/wp-content\/uploads\/2025\/03\/wp-image1647.png?resize=350%2C200&ssl=1","width":350,"height":200},"classes":[]},{"id":6016,"url":"https:\/\/artstella-elixirs-floraux.com\/en\/product\/lessentiel-des-fleurs-de-bach\/","url_meta":{"origin":6010,"position":5},"title":"L&rsquo;essentiel des Fleurs de Bach","author":"eveapprill","date":"9 March 2025","format":false,"excerpt":"L'essentiel des Fleurs de Bach Editions Le Courrier du Livre Introduit de fa\u00e7on simple et pratique \u00e0 l'essentiel de ce qu'il faut conna\u00eetre sur ces rem\u00e8des floraux.","rel":"","context":"Similar post","block_context":{"text":"Similar post","link":""},"img":{"alt_text":"","src":"https:\/\/i0.wp.com\/artstella-elixirs-floraux.com\/wp-content\/uploads\/2025\/03\/wp-image2028.png?resize=350%2C200&ssl=1","width":350,"height":200},"classes":[]}],"_links":{"self":[{"href":"https:\/\/artstella-elixirs-floraux.com\/en\/wp-json\/wp\/v2\/product\/6010","targetHints":{"allow":["GET"]}}],"collection":[{"href":"https:\/\/artstella-elixirs-floraux.com\/en\/wp-json\/wp\/v2\/product"}],"about":[{"href":"https:\/\/artstella-elixirs-floraux.com\/en\/wp-json\/wp\/v2\/types\/product"}],"version-history":[{"count":0,"href":"https:\/\/artstella-elixirs-floraux.com\/en\/wp-json\/wp\/v2\/product\/6010\/revisions"}],"wp:featuredmedia":[{"embeddable":true,"href":"https:\/\/artstella-elixirs-floraux.com\/en\/wp-json\/wp\/v2\/media\/6011"}],"wp:attachment":[{"href":"https:\/\/artstella-elixirs-floraux.com\/en\/wp-json\/wp\/v2\/media?parent=6010"}],"wp:term":[{"taxonomy":"product_brand","embeddable":true,"href":"https:\/\/artstella-elixirs-floraux.com\/en\/wp-json\/wp\/v2\/product_brand?post=6010"},{"taxonomy":"product_cat","embeddable":true,"href":"https:\/\/artstella-elixirs-floraux.com\/en\/wp-json\/wp\/v2\/product_cat?post=6010"},{"taxonomy":"product_tag","embeddable":true,"href":"https:\/\/artstella-elixirs-floraux.com\/en\/wp-json\/wp\/v2\/product_tag?post=6010"}],"curies":[{"name":"wp","href":"https:\/\/api.w.org\/{rel}","templated":true}]}}