{"id":6014,"date":"2025-03-09T13:51:22","date_gmt":"2025-03-09T13:51:22","guid":{"rendered":"https:\/\/artstella-elixirs-floraux.com\/product\/manuel-complet-des-quintessences-florales-du-dr-bach\/"},"modified":"2025-03-09T13:51:22","modified_gmt":"2025-03-09T13:51:22","slug":"manuel-complet-des-quintessences-florales-du-dr-bach","status":"publish","type":"product","link":"https:\/\/artstella-elixirs-floraux.com\/en\/product\/manuel-complet-des-quintessences-florales-du-dr-bach\/","title":{"rendered":"Manuel complet des quintessences florales du Dr Bach"},"content":{"rendered":"","protected":false},"excerpt":{"rendered":"<p><strong>Manuel complet des quintessences florales du Dr Edward Bach Par Mechthild Scheffer<\/strong> Editions Le courrier du Livre<strong><\/strong><\/p>\n<p>Un manuel complet par la sp\u00e9cialiste reconnue au plan internationnal des quintessences florales du Dr Bach<strong><br \/><\/strong><\/p>\n<p><span style=\"color:#d0121a\">(En rupture)<\/span><\/p>","protected":false},"featured_media":6015,"template":"","meta":[],"product_brand":[],"product_cat":[192],"product_tag":[],"class_list":{"0":"post-6014","1":"product","2":"type-product","3":"status-publish","4":"has-post-thumbnail","6":"product_cat-les-ouvrages-de-mechthild-scheffer","8":"first","9":"outofstock","10":"taxable","11":"shipping-taxable","12":"purchasable","13":"product-type-simple"},"etheme_brands":{"errors":{"invalid_taxonomy":["Invalid taxonomy."]},"error_data":[]},"jetpack_sharing_enabled":true,"jetpack-related-posts":[{"id":5598,"url":"https:\/\/artstella-elixirs-floraux.com\/en\/product\/coffret-38-elixirs-floraux-du-dr-bach-10ml\/","url_meta":{"origin":6014,"position":0},"title":"Coffret 38 \u00e9lixirs floraux du Dr BACH 10ml","author":"eveapprill","date":"9 March 2025","format":false,"excerpt":"La gamme compl\u00e8te des 38 \u00e9lixirs floraux du Dr BACH\u00a0 et 2 situations de crises en 15ml pr\u00e9par\u00e9s par le Laboratoire Deva selon la m\u00e9thode originelle du Dr Bach.","rel":"","context":"Similar post","block_context":{"text":"Similar post","link":""},"img":{"alt_text":"Coffrets les Elixirs Deva","src":"https:\/\/i0.wp.com\/artstella-elixirs-floraux.com\/wp-content\/uploads\/2025\/03\/wp-image2355.png?resize=350%2C200&ssl=1","width":350,"height":200,"srcset":"https:\/\/i0.wp.com\/artstella-elixirs-floraux.com\/wp-content\/uploads\/2025\/03\/wp-image2355.png?resize=350%2C200&ssl=1 1x, https:\/\/i0.wp.com\/artstella-elixirs-floraux.com\/wp-content\/uploads\/2025\/03\/wp-image2355.png?resize=525%2C300&ssl=1 1.5x, https:\/\/i0.wp.com\/artstella-elixirs-floraux.com\/wp-content\/uploads\/2025\/03\/wp-image2355.png?resize=700%2C400&ssl=1 2x"},"classes":[]},{"id":6018,"url":"https:\/\/artstella-elixirs-floraux.com\/en\/product\/reponses-a-250-questions-sur-le-bon-usage-des-38\/","url_meta":{"origin":6014,"position":1},"title":"R\u00e9ponses \u00e0 250 questions sur le bon usage des 38","author":"","date":"9 March 2025","format":false,"excerpt":"R\u00e9ponses \u00e0 250 questions sur le bon usage des 38 quintessences florales du Dr Edward Bach Editions M\u00e9dicis","rel":"","context":"Similar post","block_context":{"text":"Similar post","link":""},"img":{"alt_text":"","src":"https:\/\/i0.wp.com\/artstella-elixirs-floraux.com\/wp-content\/uploads\/2025\/03\/wp-image2029.png?resize=350%2C200&ssl=1","width":350,"height":200},"classes":[]},{"id":6008,"url":"https:\/\/artstella-elixirs-floraux.com\/en\/product\/dr-bach-un-etre-dexception-v-knight\/","url_meta":{"origin":6014,"position":2},"title":"Dr Bach, un \u00eatre d&rsquo;exception V. Knight","author":"eveapprill","date":"9 March 2025","format":false,"excerpt":"Dr Bach, un \u00eatre d'exception par Valerie Knight \u00e9ditions M\u00e9dicis Une biographie inspir\u00e9e qui allie authenticit\u00e9 et romanesque.","rel":"","context":"Similar post","block_context":{"text":"Similar post","link":""},"img":{"alt_text":"","src":"https:\/\/i0.wp.com\/artstella-elixirs-floraux.com\/wp-content\/uploads\/2025\/03\/wp-image2023.png?resize=350%2C200&ssl=1","width":350,"height":200},"classes":[]},{"id":6022,"url":"https:\/\/artstella-elixirs-floraux.com\/en\/product\/les-fleurs-du-dr-bach-cartes-grand-format\/","url_meta":{"origin":6014,"position":3},"title":"Les fleurs du Dr Bach (cartes grand format)","author":"eveapprill","date":"9 March 2025","format":false,"excerpt":"LES FLEURS DU Dr BACH 38 cartes de grand format pour la r\u00e9harmonisation, le recentrage et la m\u00e9ditation. (En Rupture)","rel":"","context":"Similar post","block_context":{"text":"Similar post","link":""},"img":{"alt_text":"","src":"https:\/\/i0.wp.com\/artstella-elixirs-floraux.com\/wp-content\/uploads\/2025\/03\/wp-image2031.png?resize=350%2C200&ssl=1","width":350,"height":200},"classes":[]},{"id":5498,"url":"https:\/\/artstella-elixirs-floraux.com\/en\/product\/la-guerison-par-les-fleurs\/","url_meta":{"origin":6014,"position":4},"title":"La gu\u00e9rison par les fleurs","author":"eveapprill","date":"9 March 2025","format":false,"excerpt":"La gu\u00e9rison par les fleurs par le Dr Edward Bach","rel":"","context":"Similar post","block_context":{"text":"Similar post","link":""},"img":{"alt_text":"","src":"https:\/\/i0.wp.com\/artstella-elixirs-floraux.com\/wp-content\/uploads\/2025\/03\/wp-image1745.png?resize=350%2C200&ssl=1","width":350,"height":200},"classes":[]},{"id":5364,"url":"https:\/\/artstella-elixirs-floraux.com\/en\/product\/cartes-des-fleurs-de-bach\/","url_meta":{"origin":6014,"position":5},"title":"Cartes des fleurs de Bach","author":"eveapprill","date":"9 March 2025","format":false,"excerpt":"Ce jeu de cartes est un outil de d\u00e9couverte et de s\u00e9lection intuitive et efficace des fleurs du Dr Bach. Format des cartes : 70 mm x 100 mm","rel":"","context":"Similar post","block_context":{"text":"Similar post","link":""},"img":{"alt_text":"","src":"https:\/\/i0.wp.com\/artstella-elixirs-floraux.com\/wp-content\/uploads\/2025\/03\/wp-image1649.png?resize=350%2C200&ssl=1","width":350,"height":200},"classes":[]}],"_links":{"self":[{"href":"https:\/\/artstella-elixirs-floraux.com\/en\/wp-json\/wp\/v2\/product\/6014","targetHints":{"allow":["GET"]}}],"collection":[{"href":"https:\/\/artstella-elixirs-floraux.com\/en\/wp-json\/wp\/v2\/product"}],"about":[{"href":"https:\/\/artstella-elixirs-floraux.com\/en\/wp-json\/wp\/v2\/types\/product"}],"version-history":[{"count":0,"href":"https:\/\/artstella-elixirs-floraux.com\/en\/wp-json\/wp\/v2\/product\/6014\/revisions"}],"wp:featuredmedia":[{"embeddable":true,"href":"https:\/\/artstella-elixirs-floraux.com\/en\/wp-json\/wp\/v2\/media\/6015"}],"wp:attachment":[{"href":"https:\/\/artstella-elixirs-floraux.com\/en\/wp-json\/wp\/v2\/media?parent=6014"}],"wp:term":[{"taxonomy":"product_brand","embeddable":true,"href":"https:\/\/artstella-elixirs-floraux.com\/en\/wp-json\/wp\/v2\/product_brand?post=6014"},{"taxonomy":"product_cat","embeddable":true,"href":"https:\/\/artstella-elixirs-floraux.com\/en\/wp-json\/wp\/v2\/product_cat?post=6014"},{"taxonomy":"product_tag","embeddable":true,"href":"https:\/\/artstella-elixirs-floraux.com\/en\/wp-json\/wp\/v2\/product_tag?post=6014"}],"curies":[{"name":"wp","href":"https:\/\/api.w.org\/{rel}","templated":true}]}}