{"id":6018,"date":"2025-03-09T13:51:24","date_gmt":"2025-03-09T13:51:24","guid":{"rendered":"https:\/\/artstella-elixirs-floraux.com\/product\/reponses-a-250-questions-sur-le-bon-usage-des-38\/"},"modified":"2025-03-09T13:51:24","modified_gmt":"2025-03-09T13:51:24","slug":"reponses-a-250-questions-sur-le-bon-usage-des-38","status":"publish","type":"product","link":"https:\/\/artstella-elixirs-floraux.com\/en\/product\/reponses-a-250-questions-sur-le-bon-usage-des-38\/","title":{"rendered":"R\u00e9ponses \u00e0 250 questions sur le bon usage des 38"},"content":{"rendered":"","protected":false},"excerpt":{"rendered":"<p><strong>R\u00e9ponses \u00e0 250 questions sur le bon usage des 38 quintessences florales du Dr Edward Bach <\/strong>Editions M\u00e9dicis<\/p>","protected":false},"featured_media":6019,"template":"","meta":[],"product_brand":[],"product_cat":[192],"product_tag":[],"class_list":{"0":"post-6018","1":"product","2":"type-product","3":"status-publish","4":"has-post-thumbnail","6":"product_cat-les-ouvrages-de-mechthild-scheffer","8":"first","9":"outofstock","10":"taxable","11":"shipping-taxable","12":"purchasable","13":"product-type-simple"},"etheme_brands":{"errors":{"invalid_taxonomy":["Invalid taxonomy."]},"error_data":[]},"jetpack_sharing_enabled":true,"jetpack-related-posts":[{"id":5390,"url":"https:\/\/artstella-elixirs-floraux.com\/en\/product\/marca-de-la-pregunta-sylfos\/","url_meta":{"origin":6018,"position":0},"title":"MARCA DE LA PREGUNTA SYLFOS","author":"eveapprill","date":"9 March 2025","format":false,"excerpt":"31 - MARCA DE LA PREGUNTA\/ POLYGONE DE LA QUESTION Polygonia interrogationis Connaissance \u2013 Humilit\u00e9 \u2013 Mission Cet \u00e9lixir est tr\u00e8s important car il nous permet de savoir clairement quelle question poser. Souvent, une formulation claire de la question ouvre sur des r\u00e9ponses. L\u2019\u00e9lixir nous aide \u00e0 aller au-del\u00e0 des\u2026","rel":"","context":"Similar post","block_context":{"text":"Similar post","link":""},"img":{"alt_text":"","src":"","width":0,"height":0},"classes":[]},{"id":3819,"url":"https:\/\/artstella-elixirs-floraux.com\/en\/product\/psyche-orchid-phi\/","url_meta":{"origin":6018,"position":1},"title":"PSYCHE ORCHID PHI","author":"eveapprill","date":"9 March 2025","format":false,"excerpt":"Psyche orchid (Paphiopedilum insigne) Nous aide \u00e0 voir profond\u00e9ment en nous-m\u00eames, jusqu'\u00e0 l'inconscient pour trouver des r\u00e9ponses aux questions de notre vie. L'\u00e9lixir nous aide \u00e0 reconna\u00eetre la t\u00e2che de notre vie.","rel":"","context":"Similar post","block_context":{"text":"Similar post","link":""},"img":{"alt_text":"","src":"https:\/\/i0.wp.com\/artstella-elixirs-floraux.com\/wp-content\/uploads\/2025\/03\/wp-image516.png?resize=350%2C200&ssl=1","width":350,"height":200},"classes":[]},{"id":1876,"url":"https:\/\/artstella-elixirs-floraux.com\/en\/product\/38-narnia-30-ml\/","url_meta":{"origin":6018,"position":2},"title":"38. NARNIA 30 ML","author":"eveapprill","date":"27 May 2025","format":false,"excerpt":"","rel":"","context":"Similar post","block_context":{"text":"Similar post","link":""},"img":{"alt_text":"","src":"","width":0,"height":0},"classes":[]},{"id":5598,"url":"https:\/\/artstella-elixirs-floraux.com\/en\/product\/coffret-38-elixirs-floraux-du-dr-bach-10ml\/","url_meta":{"origin":6018,"position":3},"title":"Coffret 38 \u00e9lixirs floraux du Dr BACH 10ml","author":"eveapprill","date":"9 March 2025","format":false,"excerpt":"La gamme compl\u00e8te des 38 \u00e9lixirs floraux du Dr BACH\u00a0 et 2 situations de crises en 15ml pr\u00e9par\u00e9s par le Laboratoire Deva selon la m\u00e9thode originelle du Dr Bach.","rel":"","context":"Similar post","block_context":{"text":"Similar post","link":""},"img":{"alt_text":"Coffrets les Elixirs Deva","src":"https:\/\/i0.wp.com\/artstella-elixirs-floraux.com\/wp-content\/uploads\/2025\/03\/wp-image2355.png?resize=350%2C200&ssl=1","width":350,"height":200,"srcset":"https:\/\/i0.wp.com\/artstella-elixirs-floraux.com\/wp-content\/uploads\/2025\/03\/wp-image2355.png?resize=350%2C200&ssl=1 1x, https:\/\/i0.wp.com\/artstella-elixirs-floraux.com\/wp-content\/uploads\/2025\/03\/wp-image2355.png?resize=525%2C300&ssl=1 1.5x, https:\/\/i0.wp.com\/artstella-elixirs-floraux.com\/wp-content\/uploads\/2025\/03\/wp-image2355.png?resize=700%2C400&ssl=1 2x"},"classes":[]},{"id":5404,"url":"https:\/\/artstella-elixirs-floraux.com\/en\/product\/purpura-grande-sylfos\/","url_meta":{"origin":6018,"position":4},"title":"PURPURA GRANDE SYLFOS","author":"eveapprill","date":"9 March 2025","format":false,"excerpt":"38 - P\u00daRPURA GRANDE\/ GRANDE POURPRE Atlides halesus Evolution \u2013 Prise de conscience Cet \u00e9lixir nous enseigne que toutes les choses arrivent pour le d\u00e9veloppement et la croissance de notre Esprit, et que nous pouvons nous l\u00e2cher afin de pouvoir \u00e9voluer librement et naturellement.","rel":"","context":"Similar post","block_context":{"text":"Similar post","link":""},"img":{"alt_text":"","src":"","width":0,"height":0},"classes":[]},{"id":5331,"url":"https:\/\/artstella-elixirs-floraux.com\/en\/product\/energy-matrix-protection\/","url_meta":{"origin":6018,"position":5},"title":"ENERGY MATRIX PROTECTION SPRAY","author":"eveapprill","date":"9 March 2025","format":false,"excerpt":"Energy Matrix Protection (Matrice de Protection) Combinaison cr\u00e9\u00e9e en r\u00e9ponse \u00e0 la situation pr\u00e9occupante du Japon en 2011, apr\u00e8s le tremblement de terre et le tsunami. Notre but avec ce spray est de cr\u00e9er un champ de protection \u00e9nerg\u00e9tique sain du corps jusqu\u2019 au niveau cellulaire. Tr\u00e8s utile \u00e0 ceux\u2026","rel":"","context":"Similar post","block_context":{"text":"Similar post","link":""},"img":{"alt_text":"","src":"","width":0,"height":0},"classes":[]}],"_links":{"self":[{"href":"https:\/\/artstella-elixirs-floraux.com\/en\/wp-json\/wp\/v2\/product\/6018","targetHints":{"allow":["GET"]}}],"collection":[{"href":"https:\/\/artstella-elixirs-floraux.com\/en\/wp-json\/wp\/v2\/product"}],"about":[{"href":"https:\/\/artstella-elixirs-floraux.com\/en\/wp-json\/wp\/v2\/types\/product"}],"version-history":[{"count":0,"href":"https:\/\/artstella-elixirs-floraux.com\/en\/wp-json\/wp\/v2\/product\/6018\/revisions"}],"wp:featuredmedia":[{"embeddable":true,"href":"https:\/\/artstella-elixirs-floraux.com\/en\/wp-json\/wp\/v2\/media\/6019"}],"wp:attachment":[{"href":"https:\/\/artstella-elixirs-floraux.com\/en\/wp-json\/wp\/v2\/media?parent=6018"}],"wp:term":[{"taxonomy":"product_brand","embeddable":true,"href":"https:\/\/artstella-elixirs-floraux.com\/en\/wp-json\/wp\/v2\/product_brand?post=6018"},{"taxonomy":"product_cat","embeddable":true,"href":"https:\/\/artstella-elixirs-floraux.com\/en\/wp-json\/wp\/v2\/product_cat?post=6018"},{"taxonomy":"product_tag","embeddable":true,"href":"https:\/\/artstella-elixirs-floraux.com\/en\/wp-json\/wp\/v2\/product_tag?post=6018"}],"curies":[{"name":"wp","href":"https:\/\/api.w.org\/{rel}","templated":true}]}}