{"id":6024,"date":"2025-03-09T13:51:29","date_gmt":"2025-03-09T13:51:29","guid":{"rendered":"https:\/\/artstella-elixirs-floraux.com\/product\/les-vertus-therapeutiques-des-fleurs-nikki-bradford\/"},"modified":"2025-06-08T12:57:18","modified_gmt":"2025-06-08T12:57:18","slug":"les-vertus-therapeutiques-des-fleurs-nikki-bradford","status":"publish","type":"product","link":"https:\/\/artstella-elixirs-floraux.com\/en\/product\/les-vertus-therapeutiques-des-fleurs-nikki-bradford\/","title":{"rendered":"Les vertus th\u00e9rapeutiques des fleurs Nikki Bradford"},"content":{"rendered":"","protected":false},"excerpt":{"rendered":"<p><strong>Les vertus th\u00e9rapeutiques des fleurs par Nikki Bradford<\/strong><\/p>\n<p>Editions Vega<\/p>\n<p>Ce livre pr\u00e9sente 150 \u00e9lixirs de diff\u00e9rentes gammes et leurs vertus.<\/p>","protected":false},"featured_media":6025,"template":"","meta":[],"product_brand":[],"product_cat":[101],"product_tag":[],"class_list":{"0":"post-6024","1":"product","2":"type-product","3":"status-publish","4":"has-post-thumbnail","6":"product_cat-divers","8":"first","9":"instock","10":"taxable","11":"shipping-taxable","12":"purchasable","13":"product-type-simple"},"etheme_brands":{"errors":{"invalid_taxonomy":["Invalid taxonomy."]},"error_data":[]},"jetpack_sharing_enabled":true,"jetpack-related-posts":[{"id":2162,"url":"https:\/\/artstella-elixirs-floraux.com\/en\/product\/grass-of-parnassus-alaskan\/","url_meta":{"origin":6024,"position":0},"title":"GRASS OF PARNASSUS ALASKAN","author":"eveapprill","date":"9 March 2025","format":false,"excerpt":"Grass of Parnassus. Parnassia palustris Difficult\u00e9 \u00e0 maintenir l'int\u00e9grit\u00e9 de son champ d'\u00e9nergie dans des environnements toxiques ou surpeupl\u00e9s, besoin des corps subtils d'\u00eatre nettoy\u00e9s et r\u00e9 \u00e9nerg\u00e9tis\u00e9s.","rel":"","context":"Similar post","block_context":{"text":"Similar post","link":""},"img":{"alt_text":"","src":"https:\/\/i0.wp.com\/artstella-elixirs-floraux.com\/wp-content\/uploads\/2025\/03\/wp-image531.png?resize=350%2C200&ssl=1","width":350,"height":200},"classes":[]},{"id":3548,"url":"https:\/\/artstella-elixirs-floraux.com\/en\/product\/6-being-in-time-ltoe-15-ml\/","url_meta":{"origin":6024,"position":1},"title":"6. BEING IN TIME LTOE 15 ML","author":"eveapprill","date":"9 March 2025","format":false,"excerpt":"Harmonisation horaire\/Being in Time (Phragmipedium Ainsworthii) Cet \u00e9lixir ram\u00e8ne le corps dans les 3 dimensions du moment pr\u00e9sent. Il s\u2019av\u00e8re \u00eatre un excellent outil th\u00e9rapeutique, invitant la personne \u00e0 prendre contact avec la partie inf\u00e9rieure de son corps et \u00e0 y habiter","rel":"","context":"Similar post","block_context":{"text":"Similar post","link":""},"img":{"alt_text":"","src":"https:\/\/i0.wp.com\/artstella-elixirs-floraux.com\/wp-content\/uploads\/2025\/03\/1a7b9608-2c6d-4c38-8343-d074457b4e40.jpg?resize=350%2C200&ssl=1","width":350,"height":200,"srcset":"https:\/\/i0.wp.com\/artstella-elixirs-floraux.com\/wp-content\/uploads\/2025\/03\/1a7b9608-2c6d-4c38-8343-d074457b4e40.jpg?resize=350%2C200&ssl=1 1x, https:\/\/i0.wp.com\/artstella-elixirs-floraux.com\/wp-content\/uploads\/2025\/03\/1a7b9608-2c6d-4c38-8343-d074457b4e40.jpg?resize=525%2C300&ssl=1 1.5x, https:\/\/i0.wp.com\/artstella-elixirs-floraux.com\/wp-content\/uploads\/2025\/03\/1a7b9608-2c6d-4c38-8343-d074457b4e40.jpg?resize=700%2C400&ssl=1 2x"},"classes":[]},{"id":3479,"url":"https:\/\/artstella-elixirs-floraux.com\/en\/product\/being-present-ltoe-15-ml\/","url_meta":{"origin":6024,"position":2},"title":"BEING PRESENT LTOE 15 ML","author":"eveapprill","date":"9 March 2025","format":false,"excerpt":"Pr\u00e9sence attentive\/Being Present Compos\u00e9 de Pieds sur terre et de Harmonisation horaire, ce complexe aide \u00e0 \u00eatre totalement pr\u00e9sent l\u00e0 o\u00f9 on se trouve. Tr\u00e8s b\u00e9n\u00e9fique apr\u00e8s un long voyage, il invite toutes les parties du corps et de l\u2019esprit \u00e0 arriver \u00e0 destination. De plus, il apporte courage pour\u2026","rel":"","context":"Similar post","block_context":{"text":"Similar post","link":""},"img":{"alt_text":"","src":"https:\/\/i0.wp.com\/artstella-elixirs-floraux.com\/wp-content\/uploads\/2025\/03\/3f568360-2413-47a3-8175-c6c4ab682b96.jpg?resize=350%2C200&ssl=1","width":350,"height":200,"srcset":"https:\/\/i0.wp.com\/artstella-elixirs-floraux.com\/wp-content\/uploads\/2025\/03\/3f568360-2413-47a3-8175-c6c4ab682b96.jpg?resize=350%2C200&ssl=1 1x, https:\/\/i0.wp.com\/artstella-elixirs-floraux.com\/wp-content\/uploads\/2025\/03\/3f568360-2413-47a3-8175-c6c4ab682b96.jpg?resize=525%2C300&ssl=1 1.5x, https:\/\/i0.wp.com\/artstella-elixirs-floraux.com\/wp-content\/uploads\/2025\/03\/3f568360-2413-47a3-8175-c6c4ab682b96.jpg?resize=700%2C400&ssl=1 2x"},"classes":[]},{"id":4537,"url":"https:\/\/artstella-elixirs-floraux.com\/en\/product\/coffret-fleurs-classiques-15-ml\/","url_meta":{"origin":6024,"position":3},"title":"COFFRET FLEURS CLASSIQUES 15 ML","author":"eveapprill","date":"9 March 2025","format":false,"excerpt":"Elixirs de fleurs classiques : Correspondent aux 38 Fleurs de Bach avec le RQ5 rem\u00e8de d'urgence aux 5 fleurs et le RQ7 rem\u00e8de d'urgence aux 7 fleurs, r\u00e9alis\u00e9s avec la m\u00e9thode de transfert sans couper les fleurs.","rel":"","context":"Similar post","block_context":{"text":"Similar post","link":""},"img":{"alt_text":"","src":"https:\/\/i0.wp.com\/artstella-elixirs-floraux.com\/wp-content\/uploads\/2025\/03\/wp-image2354.png?resize=350%2C200&ssl=1","width":350,"height":200,"srcset":"https:\/\/i0.wp.com\/artstella-elixirs-floraux.com\/wp-content\/uploads\/2025\/03\/wp-image2354.png?resize=350%2C200&ssl=1 1x, https:\/\/i0.wp.com\/artstella-elixirs-floraux.com\/wp-content\/uploads\/2025\/03\/wp-image2354.png?resize=525%2C300&ssl=1 1.5x, https:\/\/i0.wp.com\/artstella-elixirs-floraux.com\/wp-content\/uploads\/2025\/03\/wp-image2354.png?resize=700%2C400&ssl=1 2x"},"classes":[]},{"id":4555,"url":"https:\/\/artstella-elixirs-floraux.com\/en\/product\/coffret-20-elixirs-de-cactus-15-ml\/","url_meta":{"origin":6024,"position":4},"title":"COFFRET 20 \u00e9lixirs de CACTUS 15 ML","author":"eveapprill","date":"9 March 2025","format":false,"excerpt":"Les 20 Elixirs de Cactus Les cactus et les plantes succulentes sont des plantes particuli\u00e8res. Leur sph\u00e8re d'action est \u00ab la protection et la d\u00e9limitation \u00bb.","rel":"","context":"Similar post","block_context":{"text":"Similar post","link":""},"img":{"alt_text":"","src":"https:\/\/i0.wp.com\/artstella-elixirs-floraux.com\/wp-content\/uploads\/2025\/03\/wp-image1161.png?resize=350%2C200&ssl=1","width":350,"height":200,"srcset":"https:\/\/i0.wp.com\/artstella-elixirs-floraux.com\/wp-content\/uploads\/2025\/03\/wp-image1161.png?resize=350%2C200&ssl=1 1x, https:\/\/i0.wp.com\/artstella-elixirs-floraux.com\/wp-content\/uploads\/2025\/03\/wp-image1161.png?resize=525%2C300&ssl=1 1.5x, https:\/\/i0.wp.com\/artstella-elixirs-floraux.com\/wp-content\/uploads\/2025\/03\/wp-image1161.png?resize=700%2C400&ssl=1 2x"},"classes":[]},{"id":5498,"url":"https:\/\/artstella-elixirs-floraux.com\/en\/product\/la-guerison-par-les-fleurs\/","url_meta":{"origin":6024,"position":5},"title":"La gu\u00e9rison par les fleurs","author":"eveapprill","date":"9 March 2025","format":false,"excerpt":"La gu\u00e9rison par les fleurs par le Dr Edward Bach","rel":"","context":"Similar post","block_context":{"text":"Similar post","link":""},"img":{"alt_text":"","src":"https:\/\/i0.wp.com\/artstella-elixirs-floraux.com\/wp-content\/uploads\/2025\/03\/wp-image1745.png?resize=350%2C200&ssl=1","width":350,"height":200},"classes":[]}],"_links":{"self":[{"href":"https:\/\/artstella-elixirs-floraux.com\/en\/wp-json\/wp\/v2\/product\/6024","targetHints":{"allow":["GET"]}}],"collection":[{"href":"https:\/\/artstella-elixirs-floraux.com\/en\/wp-json\/wp\/v2\/product"}],"about":[{"href":"https:\/\/artstella-elixirs-floraux.com\/en\/wp-json\/wp\/v2\/types\/product"}],"version-history":[{"count":0,"href":"https:\/\/artstella-elixirs-floraux.com\/en\/wp-json\/wp\/v2\/product\/6024\/revisions"}],"wp:featuredmedia":[{"embeddable":true,"href":"https:\/\/artstella-elixirs-floraux.com\/en\/wp-json\/wp\/v2\/media\/6025"}],"wp:attachment":[{"href":"https:\/\/artstella-elixirs-floraux.com\/en\/wp-json\/wp\/v2\/media?parent=6024"}],"wp:term":[{"taxonomy":"product_brand","embeddable":true,"href":"https:\/\/artstella-elixirs-floraux.com\/en\/wp-json\/wp\/v2\/product_brand?post=6024"},{"taxonomy":"product_cat","embeddable":true,"href":"https:\/\/artstella-elixirs-floraux.com\/en\/wp-json\/wp\/v2\/product_cat?post=6024"},{"taxonomy":"product_tag","embeddable":true,"href":"https:\/\/artstella-elixirs-floraux.com\/en\/wp-json\/wp\/v2\/product_tag?post=6024"}],"curies":[{"name":"wp","href":"https:\/\/api.w.org\/{rel}","templated":true}]}}