{"id":6042,"date":"2025-03-09T13:51:41","date_gmt":"2025-03-09T13:51:41","guid":{"rendered":"https:\/\/artstella-elixirs-floraux.com\/product\/elixir-ocean-n07-phi-15ml\/"},"modified":"2025-04-21T17:10:32","modified_gmt":"2025-04-21T17:10:32","slug":"elixir-ocean-n07-phi-15ml","status":"publish","type":"product","link":"https:\/\/artstella-elixirs-floraux.com\/en\/product\/elixir-ocean-n07-phi-15ml\/","title":{"rendered":"ELIXIR OCEAN N\u00b007 PHI 15ML"},"content":{"rendered":"<p>Un sentiment de droiture int\u00e9rieure peut s\u2019adapter au corps. Soutient \u00e9nerg\u00e9tiquement la croissance. Am\u00e9liore l\u2019estime de soi et permet de trouver notre potentiel. Augmente la conscience corporelle et favorise l\u2019acceptation des processus de transformation.<\/p>\n<p>Action \u00e9nerg\u00e9tique sur le 1<sup>er<\/sup> chakra<\/p>","protected":false},"excerpt":{"rendered":"<p>L\u2018\u00e9lixir soutient les processus d\u2019\u00e9volution. Apporte un soutien \u00e9nerg\u00e9tique au d\u00e9veloppement cellulaire, \u00e0 leur formation et transformation.\u00a0A l\u2019image de la chenille qui forme un cocon et du cocon sort un papillon, il nous aide \u00e0 murir et \u00e0 poursuivre notre d\u00e9veloppement. Pour atteindre nos buts dans la vie.<\/p>","protected":false},"featured_media":6043,"template":"","meta":[],"product_brand":[],"product_cat":[193],"product_tag":[],"class_list":{"0":"post-6042","1":"product","2":"type-product","3":"status-publish","4":"has-post-thumbnail","6":"product_cat-les-elixirs-ocean","8":"first","9":"instock","10":"taxable","11":"shipping-taxable","12":"purchasable","13":"product-type-simple"},"etheme_brands":{"errors":{"invalid_taxonomy":["Invalid taxonomy."]},"error_data":[]},"jetpack_sharing_enabled":true,"jetpack-related-posts":[{"id":6050,"url":"https:\/\/artstella-elixirs-floraux.com\/en\/product\/elixir-ocean-n11-phi-15ml\/","url_meta":{"origin":6042,"position":0},"title":"ELIXIR OCEAN N\u00b011 PHI 15ML","author":"eveapprill","date":"9 March 2025","format":false,"excerpt":"L\u2019\u00e9lixir soutient les processus m\u00e9taboliques et l\u2019\u00e9limination. Psychosomatique de l\u2019intestin. Nous rassure \u00e9nerg\u00e9tiquement au niveau de nos \u00e9motions. Nous comprenons mieux les \u00e9v\u00e9nements et les \u00e9motions et pouvons ainsi mieux les appr\u00e9hender. Soutien et protection \u00e9nerg\u00e9tique de l\u2019organisme.","rel":"","context":"Similar post","block_context":{"text":"Similar post","link":""},"img":{"alt_text":"","src":"https:\/\/i0.wp.com\/artstella-elixirs-floraux.com\/wp-content\/uploads\/2025\/03\/wp-image2049.png?resize=350%2C200&ssl=1","width":350,"height":200},"classes":[]},{"id":6078,"url":"https:\/\/artstella-elixirs-floraux.com\/en\/product\/centre-renewal-ltoe-15ml\/","url_meta":{"origin":6042,"position":1},"title":"Centre Renewal LTOE 15ML","author":"eveapprill","date":"9 March 2025","format":false,"excerpt":"Centre Renewal - Bulbophyllum carunculatum \u2013 Renouveau du centre. Le renouveau de la danse de la vie, le mouvement de la joie int\u00e9rieure. L\u2019\u00e9lixir agit \u00e0 plusieurs niveaux\u00a0: \u00e9nerg\u00e9tiquement il soutient les processus de digestion.","rel":"","context":"Similar post","block_context":{"text":"Similar post","link":""},"img":{"alt_text":"","src":"","width":0,"height":0},"classes":[]},{"id":5167,"url":"https:\/\/artstella-elixirs-floraux.com\/en\/product\/sarcophyton-15-ml-phi\/","url_meta":{"origin":6042,"position":2},"title":"SARCOPHYTON 15 ML PHI","author":"eveapprill","date":"9 March 2025","format":false,"excerpt":"Sarcophyton (Sarcophyton) Pilzf\u00f6rmige Lederkoralle Ce corail pousse sur un style et forme une colonie de cnidaires (famille des coraux, an\u00e9mones de mer...)\u00a0","rel":"","context":"Similar post","block_context":{"text":"Similar post","link":""},"img":{"alt_text":"","src":"","width":0,"height":0},"classes":[]},{"id":6217,"url":"https:\/\/artstella-elixirs-floraux.com\/en\/product\/elixir-ocean-n-29-phi-15ml\/","url_meta":{"origin":6042,"position":3},"title":"ELIXIR OCEAN N\u00b0 29 PHI 15ml","author":"eveapprill","date":"9 March 2025","format":false,"excerpt":"ELIXIR OCEAN N\u00b0 29\u00a0 soutient les processus d\u2019assimilation. Il agit \u00e9nerg\u00e9tiquement sur la peau et sur l\u2019intestin, exer\u00e7ant une action de renforcement et de nettoyage. Soutient la structure et la lib\u00e9ration de l\u2019ancien. Active les processus de nettoyage et de r\u00e9g\u00e9n\u00e9ration.","rel":"","context":"Similar post","block_context":{"text":"Similar post","link":""},"img":{"alt_text":"","src":"","width":0,"height":0},"classes":[]},{"id":5368,"url":"https:\/\/artstella-elixirs-floraux.com\/en\/product\/k-9-en-spray-phi\/","url_meta":{"origin":6042,"position":4},"title":"K 9 en spray PHI","author":"eveapprill","date":"9 March 2025","format":false,"excerpt":"Cet \u00e9lixir sert \u00e0 renforcer \u00e9nerg\u00e9tiquement les barri\u00e8res psychiques et physiques.","rel":"","context":"Similar post","block_context":{"text":"Similar post","link":""},"img":{"alt_text":"","src":"https:\/\/i0.wp.com\/artstella-elixirs-floraux.com\/wp-content\/uploads\/2025\/03\/wp-image1651.png?resize=350%2C200&ssl=1","width":350,"height":200},"classes":[]},{"id":3006,"url":"https:\/\/artstella-elixirs-floraux.com\/en\/product\/jaspe-rouge-phi-15-ml\/","url_meta":{"origin":6042,"position":5},"title":"JASPE ROUGE PHI 15 ML","author":"eveapprill","date":"9 March 2025","format":false,"excerpt":"Jaspe rouge (Jaspis rot) Soutient \u00e9nerg\u00e9tiquement le c\u0153ur. Permet de d\u00e9velopper la compr\u00e9hension de l'amour v\u00e9ritable. Il agit par la protection et l'enracinement et soutient en cas de peurs","rel":"","context":"Similar post","block_context":{"text":"Similar post","link":""},"img":{"alt_text":"","src":"","width":0,"height":0},"classes":[]}],"_links":{"self":[{"href":"https:\/\/artstella-elixirs-floraux.com\/en\/wp-json\/wp\/v2\/product\/6042","targetHints":{"allow":["GET"]}}],"collection":[{"href":"https:\/\/artstella-elixirs-floraux.com\/en\/wp-json\/wp\/v2\/product"}],"about":[{"href":"https:\/\/artstella-elixirs-floraux.com\/en\/wp-json\/wp\/v2\/types\/product"}],"version-history":[{"count":0,"href":"https:\/\/artstella-elixirs-floraux.com\/en\/wp-json\/wp\/v2\/product\/6042\/revisions"}],"wp:featuredmedia":[{"embeddable":true,"href":"https:\/\/artstella-elixirs-floraux.com\/en\/wp-json\/wp\/v2\/media\/6043"}],"wp:attachment":[{"href":"https:\/\/artstella-elixirs-floraux.com\/en\/wp-json\/wp\/v2\/media?parent=6042"}],"wp:term":[{"taxonomy":"product_brand","embeddable":true,"href":"https:\/\/artstella-elixirs-floraux.com\/en\/wp-json\/wp\/v2\/product_brand?post=6042"},{"taxonomy":"product_cat","embeddable":true,"href":"https:\/\/artstella-elixirs-floraux.com\/en\/wp-json\/wp\/v2\/product_cat?post=6042"},{"taxonomy":"product_tag","embeddable":true,"href":"https:\/\/artstella-elixirs-floraux.com\/en\/wp-json\/wp\/v2\/product_tag?post=6042"}],"curies":[{"name":"wp","href":"https:\/\/api.w.org\/{rel}","templated":true}]}}