{"id":6052,"date":"2025-03-09T13:51:47","date_gmt":"2025-03-09T13:51:47","guid":{"rendered":"https:\/\/artstella-elixirs-floraux.com\/product\/elixir-ocean-n12-phi-15ml\/"},"modified":"2025-04-21T17:10:31","modified_gmt":"2025-04-21T17:10:31","slug":"elixir-ocean-n12-phi-15ml","status":"publish","type":"product","link":"https:\/\/artstella-elixirs-floraux.com\/en\/product\/elixir-ocean-n12-phi-15ml\/","title":{"rendered":"ELIXIR OCEAN N\u00b012 PHI 15ML"},"content":{"rendered":"<p>L\u2019\u00e9lixir nous ram\u00e8ne \u00e0 l\u2019origine. Le lien avec l\u2019Alpha et l\u2019Omega. L\u2019exp\u00e9rience des toutes premi\u00e8res cellules dans le ventre de la m\u00e8re. La sensation merveilleuse d\u2019\u00eatre reli\u00e9 au Tout et d\u2019\u00eatre une partie de Tout-ce-qui-est.<\/p>","protected":false},"excerpt":{"rendered":"<p>L\u2019\u00e9lixir nous ram\u00e8ne au tout d\u00e9but, \u00e0 la cr\u00e9ation divine. Il nous relie avec l\u2019information originelle, pure, qui est aussi contenue dans les toutes premi\u00e8res cellules. Equilibre le plexus solaire et le chakra du c\u0153ur. Harmonise et \u00e9quilibre le sentiment d\u2019\u00eatre reli\u00e9 \u00e0 la Source.<\/p>","protected":false},"featured_media":6053,"template":"","meta":[],"product_brand":[],"product_cat":[193],"product_tag":[],"class_list":{"0":"post-6052","1":"product","2":"type-product","3":"status-publish","4":"has-post-thumbnail","6":"product_cat-les-elixirs-ocean","8":"first","9":"instock","10":"taxable","11":"shipping-taxable","12":"purchasable","13":"product-type-simple"},"etheme_brands":{"errors":{"invalid_taxonomy":["Invalid taxonomy."]},"error_data":[]},"jetpack_sharing_enabled":true,"jetpack-related-posts":[{"id":6058,"url":"https:\/\/artstella-elixirs-floraux.com\/en\/product\/elixir-ocean-n15-phi-15-ml\/","url_meta":{"origin":6052,"position":0},"title":"ELIXIR OCEAN N\u00b015 PHI 15 ML","author":"eveapprill","date":"9 March 2025","format":false,"excerpt":"L\u2019\u00e9lixir nous ram\u00e8ne \u00e0 l\u2019origine, \u00e0 l\u2019information de la toute premi\u00e8re cellule apr\u00e8s la fusion de l\u2019ADN dans le processus de cr\u00e9ation de la vie. Nous nous rappelons de l\u2019information originelle, sans perturbation, inchang\u00e9e, le moment de la cr\u00e9ation divine, l\u2019essence de l\u2019origine en nous.","rel":"","context":"Similar post","block_context":{"text":"Similar post","link":""},"img":{"alt_text":"","src":"https:\/\/i0.wp.com\/artstella-elixirs-floraux.com\/wp-content\/uploads\/2025\/03\/wp-image2053.png?resize=350%2C200&ssl=1","width":350,"height":200},"classes":[]},{"id":6255,"url":"https:\/\/artstella-elixirs-floraux.com\/en\/product\/elixir-ocean-n37-phi\/","url_meta":{"origin":6052,"position":1},"title":"ELIXIR OCEAN N\u00b037 PHI","author":"eveapprill","date":"9 March 2025","format":false,"excerpt":"L\u2019\u00e9lixir nous relie \u00e0 notre inconscient cellulaire. Exerce un effet purifiant . En apportant de la transparence. Les \u00e9motions n\u00e9gatives peuvent \u00eatre clarifi\u00e9es et d\u2019anciennes charges au niveau inconscient peuvent \u00eatre lib\u00e9r\u00e9es.","rel":"","context":"Similar post","block_context":{"text":"Similar post","link":""},"img":{"alt_text":"","src":"https:\/\/i0.wp.com\/artstella-elixirs-floraux.com\/wp-content\/uploads\/2025\/03\/wp-image2218.png?resize=350%2C200&ssl=1","width":350,"height":200},"classes":[]},{"id":6034,"url":"https:\/\/artstella-elixirs-floraux.com\/en\/product\/elixir-ocean-n03-phi15ml\/","url_meta":{"origin":6052,"position":2},"title":"ELIXIR OCEAN N\u00b003 PHI15ML","author":"eveapprill","date":"9 March 2025","format":false,"excerpt":"De la m\u00eame fa\u00e7on que l\u2019animal monte des profondeurs, l\u2019\u00e9lixir fait remonter l\u2019information des profondeurs de l\u2019inconscient \u00e0 la surface. L\u2019ancien peut \u00eatre l\u00e2ch\u00e9 et nettoy\u00e9. Il agit \u00e9nerg\u00e9tiquement sur la r\u00e9g\u00e9n\u00e9ration cellulaire. Le vieux peut \u00eatre remplac\u00e9 par du nouveau. Rajeunit \u00e9nerg\u00e9tique. Il stimule le m\u00e9tabolisme \u00e9galement des plaquettes\u2026","rel":"","context":"Similar post","block_context":{"text":"Similar post","link":""},"img":{"alt_text":"","src":"https:\/\/i0.wp.com\/artstella-elixirs-floraux.com\/wp-content\/uploads\/2025\/03\/wp-image2041.png?resize=350%2C200&ssl=1","width":350,"height":200},"classes":[]},{"id":6070,"url":"https:\/\/artstella-elixirs-floraux.com\/en\/product\/elixir-ocean-n21-phi-15ml\/","url_meta":{"origin":6052,"position":3},"title":"ELIXIR OCEAN N\u00b021 PHI 15ML","author":"eveapprill","date":"9 March 2025","format":false,"excerpt":"Sur un plan \u00e9nerg\u00e9tique, cet \u00e9lixir agit comme un tonique de tout le corps. Le syst\u00e8me nerveux est renforc\u00e9 et \u00e9quilibr\u00e9. Apporte une forte action de r\u00e9g\u00e9n\u00e9ration, \u00e9galement au niveau du 2\u00e8me chakra. Renforcement de la force vitale du corps.","rel":"","context":"Similar post","block_context":{"text":"Similar post","link":""},"img":{"alt_text":"","src":"https:\/\/i0.wp.com\/artstella-elixirs-floraux.com\/wp-content\/uploads\/2025\/03\/wp-image2059.png?resize=350%2C200&ssl=1","width":350,"height":200},"classes":[]},{"id":6221,"url":"https:\/\/artstella-elixirs-floraux.com\/en\/product\/elixir-ocean-n-31-phi-15ml\/","url_meta":{"origin":6052,"position":4},"title":"ELIXIR OCEAN N\u00b0 31 PHI 15ml","author":"eveapprill","date":"9 March 2025","format":false,"excerpt":"ELIXIR OCEAN N\u00b0 31 nous relie avec l\u2019information originelle de notre ADN. Il nettoie \u00e9nerg\u00e9tiquement et nous aide \u00e0 nous lib\u00e9rer de \u00ab\u00a0fausses\u00a0\u00bb informations ou \u00ab\u00a0d\u00e9sordres\u00a0\u00bb. Action protectrice de la cellule. L\u2019\u00e9lixir emp\u00eache les perturbations d\u2019adh\u00e9rer\u00a0 et permet donc de s\u2019en lib\u00e9rer.","rel":"","context":"Similar post","block_context":{"text":"Similar post","link":""},"img":{"alt_text":"","src":"https:\/\/i0.wp.com\/artstella-elixirs-floraux.com\/wp-content\/uploads\/2025\/03\/wp-image2205.png?resize=350%2C200&ssl=1","width":350,"height":200},"classes":[]},{"id":6032,"url":"https:\/\/artstella-elixirs-floraux.com\/en\/product\/elixir-ocean-n02-phi15ml\/","url_meta":{"origin":6052,"position":5},"title":"ELIXIR OCEAN N\u00b002 PHI15ML","author":"eveapprill","date":"9 March 2025","format":false,"excerpt":"L\u2019\u00e9lixir exerce une action de protection \u00e9nerg\u00e9tique pour nos cellules. Am\u00e9liore la fonction protectrice des corps de lumi\u00e8re. Nous relie avec la force primordiale. Nous aide \u00e0 traverser la vie en souplesse. Am\u00e9liore la flexibilit\u00e9 et la capacit\u00e9 d\u2019adaptation.","rel":"","context":"Similar post","block_context":{"text":"Similar post","link":""},"img":{"alt_text":"","src":"https:\/\/i0.wp.com\/artstella-elixirs-floraux.com\/wp-content\/uploads\/2025\/03\/wp-image2040.png?resize=350%2C200&ssl=1","width":350,"height":200},"classes":[]}],"_links":{"self":[{"href":"https:\/\/artstella-elixirs-floraux.com\/en\/wp-json\/wp\/v2\/product\/6052","targetHints":{"allow":["GET"]}}],"collection":[{"href":"https:\/\/artstella-elixirs-floraux.com\/en\/wp-json\/wp\/v2\/product"}],"about":[{"href":"https:\/\/artstella-elixirs-floraux.com\/en\/wp-json\/wp\/v2\/types\/product"}],"version-history":[{"count":0,"href":"https:\/\/artstella-elixirs-floraux.com\/en\/wp-json\/wp\/v2\/product\/6052\/revisions"}],"wp:featuredmedia":[{"embeddable":true,"href":"https:\/\/artstella-elixirs-floraux.com\/en\/wp-json\/wp\/v2\/media\/6053"}],"wp:attachment":[{"href":"https:\/\/artstella-elixirs-floraux.com\/en\/wp-json\/wp\/v2\/media?parent=6052"}],"wp:term":[{"taxonomy":"product_brand","embeddable":true,"href":"https:\/\/artstella-elixirs-floraux.com\/en\/wp-json\/wp\/v2\/product_brand?post=6052"},{"taxonomy":"product_cat","embeddable":true,"href":"https:\/\/artstella-elixirs-floraux.com\/en\/wp-json\/wp\/v2\/product_cat?post=6052"},{"taxonomy":"product_tag","embeddable":true,"href":"https:\/\/artstella-elixirs-floraux.com\/en\/wp-json\/wp\/v2\/product_tag?post=6052"}],"curies":[{"name":"wp","href":"https:\/\/api.w.org\/{rel}","templated":true}]}}