{"id":6054,"date":"2025-03-09T13:51:48","date_gmt":"2025-03-09T13:51:48","guid":{"rendered":"https:\/\/artstella-elixirs-floraux.com\/product\/elixir-ocean-n13-phi-15ml\/"},"modified":"2025-04-21T17:10:31","modified_gmt":"2025-04-21T17:10:31","slug":"elixir-ocean-n13-phi-15ml","status":"publish","type":"product","link":"https:\/\/artstella-elixirs-floraux.com\/en\/product\/elixir-ocean-n13-phi-15ml\/","title":{"rendered":"ELIXIR OCEAN N\u00b013 PHI 15ML"},"content":{"rendered":"<p>Au niveau corporel l\u2019\u00e9lixir rend plus flexible, am\u00e9liore la conscience et la mobilit\u00e9 corporelles. A l\u2019image du mouvement de reptation de l\u2019animal, il favorise la flexibilit\u00e9 et notamment au niveau de la colonne vert\u00e9brale. La transparence cr\u00e9e clart\u00e9 dans les pens\u00e9es et les sentiments.<\/p>","protected":false},"excerpt":{"rendered":"<p>Cet \u00e9lixir aide \u00e9motionnellement les personnes sensibles, facilement bless\u00e9es qui se trouvent invisibles au contact des autres. Il les aide \u00e0 se renforcer et \u00e0 devenir plus souples. Pour se sentir plus l\u00e9gitime et avancer plus surement.<\/p>","protected":false},"featured_media":6055,"template":"","meta":[],"product_brand":[],"product_cat":[193],"product_tag":[],"class_list":{"0":"post-6054","1":"product","2":"type-product","3":"status-publish","4":"has-post-thumbnail","6":"product_cat-les-elixirs-ocean","8":"first","9":"instock","10":"taxable","11":"shipping-taxable","12":"purchasable","13":"product-type-simple"},"etheme_brands":{"errors":{"invalid_taxonomy":["Invalid taxonomy."]},"error_data":[]},"jetpack_sharing_enabled":true,"jetpack-related-posts":[{"id":6062,"url":"https:\/\/artstella-elixirs-floraux.com\/en\/product\/elixir-ocean-n17-phi-15ml\/","url_meta":{"origin":6054,"position":0},"title":"ELIXIR OCEAN N\u00b017 PHI 15ML","author":"eveapprill","date":"9 March 2025","format":false,"excerpt":"L\u2019\u00e9lixir agit sur les blocages tr\u00e8s profond\u00e9ment ancr\u00e9s dans le subconscient. Les sentiments tels la peur et la honte peuvent \u00eatre lib\u00e9r\u00e9s. Il aide \u00e0 d\u00e9velopper une clart\u00e9 int\u00e9rieure et am\u00e9liore l\u2019estime de soi.e.","rel":"","context":"Similar post","block_context":{"text":"Similar post","link":""},"img":{"alt_text":"","src":"","width":0,"height":0},"classes":[]},{"id":6048,"url":"https:\/\/artstella-elixirs-floraux.com\/en\/product\/elixir-ocean-n10-phi-15ml\/","url_meta":{"origin":6054,"position":1},"title":"ELIXIR OCEAN N\u00b010 PHI 15ML","author":"eveapprill","date":"9 March 2025","format":false,"excerpt":"L\u2019\u00e9lixir aide \u00e0 \u00e9quilibrer nos \u00e9motions et notre Ego. De cette fa\u00e7on, nous pouvons mieux nous int\u00e9grer dans un groupe et agir de fa\u00e7on coordonn\u00e9e. Il nous aide \u00e9nerg\u00e9tiquement (cellules, groupes) \u00e0 int\u00e9grer des structures et soutient la collaboration pour le succ\u00e8s de tous. Coordination et harmonisation.","rel":"","context":"Similar post","block_context":{"text":"Similar post","link":""},"img":{"alt_text":"","src":"https:\/\/i0.wp.com\/artstella-elixirs-floraux.com\/wp-content\/uploads\/2025\/03\/wp-image2048.png?resize=350%2C200&ssl=1","width":350,"height":200},"classes":[]},{"id":6056,"url":"https:\/\/artstella-elixirs-floraux.com\/en\/product\/elixir-ocean-n14-phi-15ml\/","url_meta":{"origin":6054,"position":2},"title":"ELIXIR OCEAN N\u00b014 PHI 15ML","author":"eveapprill","date":"9 March 2025","format":false,"excerpt":"L\u2019\u00e9lixir agit \u00e9nerg\u00e9tiquement pour lib\u00e9rer des blocages tr\u00e8s profond\u00e9ment ancr\u00e9s. Il nous lib\u00e8re int\u00e9rieurement des anciennes barri\u00e8res et sch\u00e9mas qui limitent l\u2019estime de soi. L\u2019\u00e9lixir agit fortement sur le cerveau, activant les h\u00e9misph\u00e8res c\u00e9r\u00e9braux et le lobe frontal.","rel":"","context":"Similar post","block_context":{"text":"Similar post","link":""},"img":{"alt_text":"","src":"https:\/\/i0.wp.com\/artstella-elixirs-floraux.com\/wp-content\/uploads\/2025\/03\/wp-image2052.png?resize=350%2C200&ssl=1","width":350,"height":200},"classes":[]},{"id":6066,"url":"https:\/\/artstella-elixirs-floraux.com\/en\/product\/elixir-ocean-n19-phi-15ml\/","url_meta":{"origin":6054,"position":3},"title":"ELIXIR OCEAN N\u00b019 PHI 15ML","author":"eveapprill","date":"9 March 2025","format":false,"excerpt":"L\u2019\u00e9lixir stimule \u00e9nerg\u00e9tiquement le m\u00e9tabolisme et les processus internes. Sur le plan \u00e9motionnel, l\u2019\u00e9lixir apporte une lib\u00e9ration int\u00e9rieure, il aide \u00e0 l\u00e2cher consciemment l\u2019ancien et des \u00e9motions de fa\u00e7on \u00e0 laisser la place \u00e0 de nouvelles id\u00e9es et suggestions.","rel":"","context":"Similar post","block_context":{"text":"Similar post","link":""},"img":{"alt_text":"","src":"https:\/\/i0.wp.com\/artstella-elixirs-floraux.com\/wp-content\/uploads\/2025\/03\/wp-image2057.png?resize=350%2C200&ssl=1","width":350,"height":200},"classes":[]},{"id":6227,"url":"https:\/\/artstella-elixirs-floraux.com\/en\/product\/elixir-ocean-n34-phi-15ml\/","url_meta":{"origin":6054,"position":4},"title":"ELIXIR OCEAN N\u00b034 PHI 15ml","author":"eveapprill","date":"9 March 2025","format":false,"excerpt":"ELIXIR OCEAN N\u00b034\u00a0 s\u2019adresse aux \u00eatres sensibles, leur apportant un sentiment de s\u00e9curit\u00e9 et une plus grande la confiance dans leur exp\u00e9rience. Il agit \u00e9galement comme une protection \u00e9nerg\u00e9tique, permettant de renforcer nos limites par rapport \u00e0 l\u2019ext\u00e9rieur. Au niveau cellulaire, l\u2019\u00e9lixir agit comme un protecteur \u00e9nerg\u00e9tique par rapport \u00e0\u2026","rel":"","context":"Similar post","block_context":{"text":"Similar post","link":""},"img":{"alt_text":"","src":"https:\/\/i0.wp.com\/artstella-elixirs-floraux.com\/wp-content\/uploads\/2025\/03\/wp-image2208.png?resize=350%2C200&ssl=1","width":350,"height":200},"classes":[]},{"id":6036,"url":"https:\/\/artstella-elixirs-floraux.com\/en\/product\/elixir-ocean-n04-phi15ml\/","url_meta":{"origin":6054,"position":5},"title":"ELIXIR OCEAN N\u00b004 PHI15ML","author":"eveapprill","date":"9 March 2025","format":false,"excerpt":"A partir des profondeurs du subconscient, l\u2019\u00e9lixir nous aide \u00e0 avancer lentement mais surement. Il permet de s\u2019orienter et de (re) trouver notre espace int\u00e9rieur. Nous n\u2019avons plus besoin d\u2019\u00eatre transparents et pouvons revendiquer notre place dans la vie.","rel":"","context":"Similar post","block_context":{"text":"Similar post","link":""},"img":{"alt_text":"","src":"https:\/\/i0.wp.com\/artstella-elixirs-floraux.com\/wp-content\/uploads\/2025\/03\/wp-image2042.png?resize=350%2C200&ssl=1","width":350,"height":200},"classes":[]}],"_links":{"self":[{"href":"https:\/\/artstella-elixirs-floraux.com\/en\/wp-json\/wp\/v2\/product\/6054","targetHints":{"allow":["GET"]}}],"collection":[{"href":"https:\/\/artstella-elixirs-floraux.com\/en\/wp-json\/wp\/v2\/product"}],"about":[{"href":"https:\/\/artstella-elixirs-floraux.com\/en\/wp-json\/wp\/v2\/types\/product"}],"version-history":[{"count":0,"href":"https:\/\/artstella-elixirs-floraux.com\/en\/wp-json\/wp\/v2\/product\/6054\/revisions"}],"wp:featuredmedia":[{"embeddable":true,"href":"https:\/\/artstella-elixirs-floraux.com\/en\/wp-json\/wp\/v2\/media\/6055"}],"wp:attachment":[{"href":"https:\/\/artstella-elixirs-floraux.com\/en\/wp-json\/wp\/v2\/media?parent=6054"}],"wp:term":[{"taxonomy":"product_brand","embeddable":true,"href":"https:\/\/artstella-elixirs-floraux.com\/en\/wp-json\/wp\/v2\/product_brand?post=6054"},{"taxonomy":"product_cat","embeddable":true,"href":"https:\/\/artstella-elixirs-floraux.com\/en\/wp-json\/wp\/v2\/product_cat?post=6054"},{"taxonomy":"product_tag","embeddable":true,"href":"https:\/\/artstella-elixirs-floraux.com\/en\/wp-json\/wp\/v2\/product_tag?post=6054"}],"curies":[{"name":"wp","href":"https:\/\/api.w.org\/{rel}","templated":true}]}}