{"id":6058,"date":"2025-03-09T13:51:51","date_gmt":"2025-03-09T13:51:51","guid":{"rendered":"https:\/\/artstella-elixirs-floraux.com\/product\/elixir-ocean-n15-phi-15-ml\/"},"modified":"2025-06-08T12:57:17","modified_gmt":"2025-06-08T12:57:17","slug":"elixir-ocean-n15-phi-15-ml","status":"publish","type":"product","link":"https:\/\/artstella-elixirs-floraux.com\/en\/product\/elixir-ocean-n15-phi-15-ml\/","title":{"rendered":"ELIXIR OCEAN N\u00b015 PHI 15 ML"},"content":{"rendered":"<p>L\u2019\u00e9lixir nous procure la sensation de plonger dans l\u2019oc\u00e9an originel, au Moyen Age de la terre, il y a des millions d\u2019ann\u00e9es, de participer \u00e0 la naissance de la toute premi\u00e8re vie dans l\u2019oc\u00e9an, d\u2019\u00eatre \u00e0 l\u2019instant de la cr\u00e9ation divine, ramen\u00e9 \u00e0 l\u2019origine de Tout-ce-qui-est.<\/p>\n<p>Action \u00e9nerg\u00e9tique au niveau du 1<sup>er<\/sup> chakra.<\/p>","protected":false},"excerpt":{"rendered":"<p>L\u2019\u00e9lixir nous ram\u00e8ne \u00e0 l\u2019origine, \u00e0 l\u2019information de la toute premi\u00e8re cellule apr\u00e8s la fusion de l\u2019ADN dans le processus de cr\u00e9ation de la vie. Nous nous rappelons de l\u2019information originelle, sans perturbation, inchang\u00e9e, le moment de la cr\u00e9ation divine, l\u2019essence de l\u2019origine en nous.<\/p>","protected":false},"featured_media":6059,"template":"","meta":[],"product_brand":[],"product_cat":[193],"product_tag":[],"class_list":{"0":"post-6058","1":"product","2":"type-product","3":"status-publish","4":"has-post-thumbnail","6":"product_cat-les-elixirs-ocean","8":"first","9":"instock","10":"taxable","11":"shipping-taxable","12":"purchasable","13":"product-type-simple"},"etheme_brands":{"errors":{"invalid_taxonomy":["Invalid taxonomy."]},"error_data":[]},"jetpack_sharing_enabled":true,"jetpack-related-posts":[{"id":6052,"url":"https:\/\/artstella-elixirs-floraux.com\/en\/product\/elixir-ocean-n12-phi-15ml\/","url_meta":{"origin":6058,"position":0},"title":"ELIXIR OCEAN N\u00b012 PHI 15ML","author":"eveapprill","date":"9 March 2025","format":false,"excerpt":"L\u2019\u00e9lixir nous ram\u00e8ne au tout d\u00e9but, \u00e0 la cr\u00e9ation divine. Il nous relie avec l\u2019information originelle, pure, qui est aussi contenue dans les toutes premi\u00e8res cellules. Equilibre le plexus solaire et le chakra du c\u0153ur. Harmonise et \u00e9quilibre le sentiment d\u2019\u00eatre reli\u00e9 \u00e0 la Source.","rel":"","context":"Similar post","block_context":{"text":"Similar post","link":""},"img":{"alt_text":"","src":"https:\/\/i0.wp.com\/artstella-elixirs-floraux.com\/wp-content\/uploads\/2025\/03\/wp-image2050.png?resize=350%2C200&ssl=1","width":350,"height":200},"classes":[]},{"id":6255,"url":"https:\/\/artstella-elixirs-floraux.com\/en\/product\/elixir-ocean-n37-phi\/","url_meta":{"origin":6058,"position":1},"title":"ELIXIR OCEAN N\u00b037 PHI","author":"eveapprill","date":"9 March 2025","format":false,"excerpt":"L\u2019\u00e9lixir nous relie \u00e0 notre inconscient cellulaire. Exerce un effet purifiant . En apportant de la transparence. Les \u00e9motions n\u00e9gatives peuvent \u00eatre clarifi\u00e9es et d\u2019anciennes charges au niveau inconscient peuvent \u00eatre lib\u00e9r\u00e9es.","rel":"","context":"Similar post","block_context":{"text":"Similar post","link":""},"img":{"alt_text":"","src":"https:\/\/i0.wp.com\/artstella-elixirs-floraux.com\/wp-content\/uploads\/2025\/03\/wp-image2218.png?resize=350%2C200&ssl=1","width":350,"height":200},"classes":[]},{"id":6221,"url":"https:\/\/artstella-elixirs-floraux.com\/en\/product\/elixir-ocean-n-31-phi-15ml\/","url_meta":{"origin":6058,"position":2},"title":"ELIXIR OCEAN N\u00b0 31 PHI 15ml","author":"eveapprill","date":"9 March 2025","format":false,"excerpt":"ELIXIR OCEAN N\u00b0 31 nous relie avec l\u2019information originelle de notre ADN. Il nettoie \u00e9nerg\u00e9tiquement et nous aide \u00e0 nous lib\u00e9rer de \u00ab\u00a0fausses\u00a0\u00bb informations ou \u00ab\u00a0d\u00e9sordres\u00a0\u00bb. Action protectrice de la cellule. L\u2019\u00e9lixir emp\u00eache les perturbations d\u2019adh\u00e9rer\u00a0 et permet donc de s\u2019en lib\u00e9rer.","rel":"","context":"Similar post","block_context":{"text":"Similar post","link":""},"img":{"alt_text":"","src":"https:\/\/i0.wp.com\/artstella-elixirs-floraux.com\/wp-content\/uploads\/2025\/03\/wp-image2205.png?resize=350%2C200&ssl=1","width":350,"height":200},"classes":[]},{"id":6034,"url":"https:\/\/artstella-elixirs-floraux.com\/en\/product\/elixir-ocean-n03-phi15ml\/","url_meta":{"origin":6058,"position":3},"title":"ELIXIR OCEAN N\u00b003 PHI15ML","author":"eveapprill","date":"9 March 2025","format":false,"excerpt":"De la m\u00eame fa\u00e7on que l\u2019animal monte des profondeurs, l\u2019\u00e9lixir fait remonter l\u2019information des profondeurs de l\u2019inconscient \u00e0 la surface. L\u2019ancien peut \u00eatre l\u00e2ch\u00e9 et nettoy\u00e9. Il agit \u00e9nerg\u00e9tiquement sur la r\u00e9g\u00e9n\u00e9ration cellulaire. Le vieux peut \u00eatre remplac\u00e9 par du nouveau. Rajeunit \u00e9nerg\u00e9tique. Il stimule le m\u00e9tabolisme \u00e9galement des plaquettes\u2026","rel":"","context":"Similar post","block_context":{"text":"Similar post","link":""},"img":{"alt_text":"","src":"https:\/\/i0.wp.com\/artstella-elixirs-floraux.com\/wp-content\/uploads\/2025\/03\/wp-image2041.png?resize=350%2C200&ssl=1","width":350,"height":200},"classes":[]},{"id":6030,"url":"https:\/\/artstella-elixirs-floraux.com\/en\/product\/elixir-ocean-n01-phi15ml\/","url_meta":{"origin":6058,"position":4},"title":"ELIXIR OCEAN N\u00b001 PHI15ML","author":"eveapprill","date":"9 March 2025","format":false,"excerpt":"L\u2019action \u00e9nerg\u00e9tique de l\u2019\u00e9lixir va directement aux cellules. L\u2019information des cellules retrouve son \u00e9tat originel inchang\u00e9. Agit \u00e9nerg\u00e9tiquement sur l\u2019\u00e9change cellulaire et l\u2019oxyg\u00e9nation. L\u2019information de l\u2019ADN est \u00ab\u00a0nettoy\u00e9e\u00a0\u00bb \u00e9nerg\u00e9tiquement.","rel":"","context":"Similar post","block_context":{"text":"Similar post","link":""},"img":{"alt_text":"","src":"","width":0,"height":0},"classes":[]},{"id":6080,"url":"https:\/\/artstella-elixirs-floraux.com\/en\/product\/diatomees-15-ml-sylfos\/","url_meta":{"origin":6058,"position":5},"title":"DIATOMEES 15 ML SYLFOS","author":"eveapprill","date":"9 March 2025","format":false,"excerpt":"ELIXIR DE DIATOM\u00c9ES Elles sont une des premi\u00e8res manifestations de la vie: une prot\u00e9ine qui gr\u00e2ce \u00e0 un rev\u00eatement de silice pouvait se prot\u00e9ger de la putr\u00e9faction. L\u2019\u00e9lixir servira quand le r\u00f4le initial a \u00e9t\u00e9 \u201coubli\u00e9\u201d, aussi bien au niveau de notre objectif de vie que du niveau cellulaire.","rel":"","context":"Similar post","block_context":{"text":"Similar post","link":""},"img":{"alt_text":"","src":"","width":0,"height":0},"classes":[]}],"_links":{"self":[{"href":"https:\/\/artstella-elixirs-floraux.com\/en\/wp-json\/wp\/v2\/product\/6058","targetHints":{"allow":["GET"]}}],"collection":[{"href":"https:\/\/artstella-elixirs-floraux.com\/en\/wp-json\/wp\/v2\/product"}],"about":[{"href":"https:\/\/artstella-elixirs-floraux.com\/en\/wp-json\/wp\/v2\/types\/product"}],"version-history":[{"count":0,"href":"https:\/\/artstella-elixirs-floraux.com\/en\/wp-json\/wp\/v2\/product\/6058\/revisions"}],"wp:featuredmedia":[{"embeddable":true,"href":"https:\/\/artstella-elixirs-floraux.com\/en\/wp-json\/wp\/v2\/media\/6059"}],"wp:attachment":[{"href":"https:\/\/artstella-elixirs-floraux.com\/en\/wp-json\/wp\/v2\/media?parent=6058"}],"wp:term":[{"taxonomy":"product_brand","embeddable":true,"href":"https:\/\/artstella-elixirs-floraux.com\/en\/wp-json\/wp\/v2\/product_brand?post=6058"},{"taxonomy":"product_cat","embeddable":true,"href":"https:\/\/artstella-elixirs-floraux.com\/en\/wp-json\/wp\/v2\/product_cat?post=6058"},{"taxonomy":"product_tag","embeddable":true,"href":"https:\/\/artstella-elixirs-floraux.com\/en\/wp-json\/wp\/v2\/product_tag?post=6058"}],"curies":[{"name":"wp","href":"https:\/\/api.w.org\/{rel}","templated":true}]}}