{"id":6062,"date":"2025-03-09T13:51:53","date_gmt":"2025-03-09T13:51:53","guid":{"rendered":"https:\/\/artstella-elixirs-floraux.com\/product\/elixir-ocean-n17-phi-15ml\/"},"modified":"2025-04-21T17:09:10","modified_gmt":"2025-04-21T17:09:10","slug":"elixir-ocean-n17-phi-15ml","status":"publish","type":"product","link":"https:\/\/artstella-elixirs-floraux.com\/en\/product\/elixir-ocean-n17-phi-15ml\/","title":{"rendered":"ELIXIR OCEAN N\u00b017 PHI 15ML"},"content":{"rendered":"<p>Il permet de se sentir plus libres et plus d\u00e9tendus int\u00e9rieurement et donc plus mobiles et flexibles. Pour avancer dans la vie de fa\u00e7on plus confiante et avec plus de l\u00e9g\u00e8ret\u00e9.L\u2019\u00e9lixir aide \u00e0 se sentir libres et d\u00e9tendus. Les blocages et les rigidit\u00e9s peuvent se dissoudre. M\u00eame la colonne vert\u00e9brale peut gagner en flexibilit\u00e9. Pour se sentir prot\u00e9g\u00e9s, centr\u00e9s au niveau du c\u0153ur et reli\u00e9s avec la lumi\u00e8re.<\/p>","protected":false},"excerpt":{"rendered":"<p>L\u2019\u00e9lixir agit sur les blocages tr\u00e8s profond\u00e9ment ancr\u00e9s dans le subconscient. Les sentiments tels la peur et la honte peuvent \u00eatre lib\u00e9r\u00e9s. Il aide \u00e0 d\u00e9velopper une clart\u00e9 int\u00e9rieure et am\u00e9liore l\u2019estime de soi.e.<\/p>","protected":false},"featured_media":6063,"template":"","meta":[],"product_brand":[],"product_cat":[193],"product_tag":[],"class_list":{"0":"post-6062","1":"product","2":"type-product","3":"status-publish","4":"has-post-thumbnail","6":"product_cat-les-elixirs-ocean","8":"first","9":"instock","10":"taxable","11":"shipping-taxable","12":"purchasable","13":"product-type-simple"},"etheme_brands":{"errors":{"invalid_taxonomy":["Invalid taxonomy."]},"error_data":[]},"jetpack_sharing_enabled":true,"jetpack-related-posts":[{"id":6066,"url":"https:\/\/artstella-elixirs-floraux.com\/en\/product\/elixir-ocean-n19-phi-15ml\/","url_meta":{"origin":6062,"position":0},"title":"ELIXIR OCEAN N\u00b019 PHI 15ML","author":"eveapprill","date":"9 March 2025","format":false,"excerpt":"L\u2019\u00e9lixir stimule \u00e9nerg\u00e9tiquement le m\u00e9tabolisme et les processus internes. Sur le plan \u00e9motionnel, l\u2019\u00e9lixir apporte une lib\u00e9ration int\u00e9rieure, il aide \u00e0 l\u00e2cher consciemment l\u2019ancien et des \u00e9motions de fa\u00e7on \u00e0 laisser la place \u00e0 de nouvelles id\u00e9es et suggestions.","rel":"","context":"Similar post","block_context":{"text":"Similar post","link":""},"img":{"alt_text":"","src":"https:\/\/i0.wp.com\/artstella-elixirs-floraux.com\/wp-content\/uploads\/2025\/03\/wp-image2057.png?resize=350%2C200&ssl=1","width":350,"height":200},"classes":[]},{"id":6068,"url":"https:\/\/artstella-elixirs-floraux.com\/en\/product\/elixir-ocean-n20-phi-15ml\/","url_meta":{"origin":6062,"position":1},"title":"ELIXIR OCEAN N\u00b020 PHI 15ML","author":"eveapprill","date":"9 March 2025","format":false,"excerpt":"L\u2019\u00e9lixir relie avec les profondeurs de l\u2019inconscient, permettant la lib\u00e9ration d\u2019anciens blocages et sch\u00e9mas. Son action lib\u00e8re int\u00e9rieurement, nous rendant plus conscients des blocages encore pr\u00e9sents, en apportant de la clart\u00e9.","rel":"","context":"Similar post","block_context":{"text":"Similar post","link":""},"img":{"alt_text":"","src":"https:\/\/i0.wp.com\/artstella-elixirs-floraux.com\/wp-content\/uploads\/2025\/03\/wp-image2058.png?resize=350%2C200&ssl=1","width":350,"height":200},"classes":[]},{"id":6060,"url":"https:\/\/artstella-elixirs-floraux.com\/en\/product\/elixir-ocean-n16-phi-15ml\/","url_meta":{"origin":6062,"position":2},"title":"ELIXIR OCEAN N\u00b016 PHI 15ML","author":"eveapprill","date":"9 March 2025","format":false,"excerpt":"L\u2019\u00e9lixir agit \u00e9nerg\u00e9tiquement en lib\u00e9rant des vieux sch\u00e9mas et sentiments. Les limitations int\u00e9rieures peuvent \u00eatre transform\u00e9es et les blocages dissouts. Cela contribue \u00e0 am\u00e9liorer la confiance en soi et il est alors plus ais\u00e9 d\u2019aborder les autres de fa\u00e7on plus cordiale et sans pr\u00e9jug\u00e9s.","rel":"","context":"Similar post","block_context":{"text":"Similar post","link":""},"img":{"alt_text":"","src":"https:\/\/i0.wp.com\/artstella-elixirs-floraux.com\/wp-content\/uploads\/2025\/03\/wp-image2054.png?resize=350%2C200&ssl=1","width":350,"height":200},"classes":[]},{"id":6253,"url":"https:\/\/artstella-elixirs-floraux.com\/en\/product\/elixir-ocean-n36-phi\/","url_meta":{"origin":6062,"position":3},"title":"ELIXIR OCEAN N\u00b036 PHI","author":"eveapprill","date":"9 March 2025","format":false,"excerpt":"L\u2019\u00e9lixir montre une analogie avec le cerveau et la colonne vert\u00e9brale. Il a une action \u00e9nerg\u00e9tique\u00a0 sur la t\u00eate et le syst\u00e8me nerveux.\u00a0 Des blocages profonds de l\u2019inconscient peuvent appara\u00eetre \u00e0 la conscience et peuvent ainsi \u00eatre transform\u00e9s.","rel":"","context":"Similar post","block_context":{"text":"Similar post","link":""},"img":{"alt_text":"","src":"https:\/\/i0.wp.com\/artstella-elixirs-floraux.com\/wp-content\/uploads\/2025\/03\/wp-image2217.png?resize=350%2C200&ssl=1","width":350,"height":200},"classes":[]},{"id":6056,"url":"https:\/\/artstella-elixirs-floraux.com\/en\/product\/elixir-ocean-n14-phi-15ml\/","url_meta":{"origin":6062,"position":4},"title":"ELIXIR OCEAN N\u00b014 PHI 15ML","author":"eveapprill","date":"9 March 2025","format":false,"excerpt":"L\u2019\u00e9lixir agit \u00e9nerg\u00e9tiquement pour lib\u00e9rer des blocages tr\u00e8s profond\u00e9ment ancr\u00e9s. Il nous lib\u00e8re int\u00e9rieurement des anciennes barri\u00e8res et sch\u00e9mas qui limitent l\u2019estime de soi. L\u2019\u00e9lixir agit fortement sur le cerveau, activant les h\u00e9misph\u00e8res c\u00e9r\u00e9braux et le lobe frontal.","rel":"","context":"Similar post","block_context":{"text":"Similar post","link":""},"img":{"alt_text":"","src":"https:\/\/i0.wp.com\/artstella-elixirs-floraux.com\/wp-content\/uploads\/2025\/03\/wp-image2052.png?resize=350%2C200&ssl=1","width":350,"height":200},"classes":[]},{"id":6038,"url":"https:\/\/artstella-elixirs-floraux.com\/en\/product\/elixir-ocean-n05-phi15ml\/","url_meta":{"origin":6062,"position":5},"title":"ELIXIR OCEAN N\u00b005 PHI15ML","author":"eveapprill","date":"9 March 2025","format":false,"excerpt":"La honte et la culpabilit\u00e9 profond\u00e9ment ancr\u00e9es dans le subconscient peuvent se dissoudre. Action \u00e9nerg\u00e9tique sur le 2\u00e8me chakra, les reins et les organes sexuels.","rel":"","context":"Similar post","block_context":{"text":"Similar post","link":""},"img":{"alt_text":"","src":"https:\/\/i0.wp.com\/artstella-elixirs-floraux.com\/wp-content\/uploads\/2025\/03\/wp-image2043.png?resize=350%2C200&ssl=1","width":350,"height":200},"classes":[]}],"_links":{"self":[{"href":"https:\/\/artstella-elixirs-floraux.com\/en\/wp-json\/wp\/v2\/product\/6062","targetHints":{"allow":["GET"]}}],"collection":[{"href":"https:\/\/artstella-elixirs-floraux.com\/en\/wp-json\/wp\/v2\/product"}],"about":[{"href":"https:\/\/artstella-elixirs-floraux.com\/en\/wp-json\/wp\/v2\/types\/product"}],"version-history":[{"count":0,"href":"https:\/\/artstella-elixirs-floraux.com\/en\/wp-json\/wp\/v2\/product\/6062\/revisions"}],"wp:featuredmedia":[{"embeddable":true,"href":"https:\/\/artstella-elixirs-floraux.com\/en\/wp-json\/wp\/v2\/media\/6063"}],"wp:attachment":[{"href":"https:\/\/artstella-elixirs-floraux.com\/en\/wp-json\/wp\/v2\/media?parent=6062"}],"wp:term":[{"taxonomy":"product_brand","embeddable":true,"href":"https:\/\/artstella-elixirs-floraux.com\/en\/wp-json\/wp\/v2\/product_brand?post=6062"},{"taxonomy":"product_cat","embeddable":true,"href":"https:\/\/artstella-elixirs-floraux.com\/en\/wp-json\/wp\/v2\/product_cat?post=6062"},{"taxonomy":"product_tag","embeddable":true,"href":"https:\/\/artstella-elixirs-floraux.com\/en\/wp-json\/wp\/v2\/product_tag?post=6062"}],"curies":[{"name":"wp","href":"https:\/\/api.w.org\/{rel}","templated":true}]}}