{"id":6064,"date":"2025-03-09T13:51:54","date_gmt":"2025-03-09T13:51:54","guid":{"rendered":"https:\/\/artstella-elixirs-floraux.com\/product\/elixir-ocean-n18-phi-15ml\/"},"modified":"2025-06-08T12:48:34","modified_gmt":"2025-06-08T12:48:34","slug":"elixir-ocean-n18-phi-15ml","status":"publish","type":"product","link":"https:\/\/artstella-elixirs-floraux.com\/en\/product\/elixir-ocean-n18-phi-15ml\/","title":{"rendered":"ELIXIR OCEAN N\u00b018 PHI 15ML"},"content":{"rendered":"<p>Nous apprenons \u00e0 purifier les \u00e9motions sombres ou les pens\u00e9es et \u00e0 pouvoir respirer de mani\u00e8re claire et consciente. Le corps de lumi\u00e8re est renforc\u00e9, l\u2019\u00e9nergie Torus activ\u00e9e et ainsi notre rayonnement amplifi\u00e9.<\/p>\n<p>L\u2019\u00e9lixir apporte conscience et nettoyage \u00e9nerg\u00e9tique. Les \u00e9motions et les pens\u00e9es sont clarifi\u00e9es, et la respiration consciente est renforc\u00e9e. La lumi\u00e8re nettoie et l\u2019ancien peut s\u2019en aller.<\/p>\n<p>Action \u00e9nerg\u00e9tique au niveau du 2<sup>\u00e8me<\/sup> chakra.<\/p>","protected":false},"excerpt":{"rendered":"<p>L\u2019\u00e9lixir aide \u00e0 nettoyer le corps mental. Son action commence dans la zone de la t\u00eate, les pens\u00e9es peuvent s\u2019\u00e9claircir et \u00eatre trait\u00e9es avec plus de facilit\u00e9. La t\u00eate est libre, les pens\u00e9es claires et conscientes. Ensuite, cette lumi\u00e8re coule dans le corps.<\/p>","protected":false},"featured_media":6065,"template":"","meta":[],"product_brand":[],"product_cat":[193],"product_tag":[],"class_list":{"0":"post-6064","1":"product","2":"type-product","3":"status-publish","4":"has-post-thumbnail","6":"product_cat-les-elixirs-ocean","8":"first","9":"instock","10":"taxable","11":"shipping-taxable","12":"purchasable","13":"product-type-simple"},"etheme_brands":{"errors":{"invalid_taxonomy":["Invalid taxonomy."]},"error_data":[]},"jetpack_sharing_enabled":true,"jetpack-related-posts":[{"id":6046,"url":"https:\/\/artstella-elixirs-floraux.com\/en\/product\/elixir-ocean-n09-phi-15ml\/","url_meta":{"origin":6064,"position":0},"title":"ELIXIR OCEAN N\u00b009 PHI 15ML","author":"eveapprill","date":"9 March 2025","format":false,"excerpt":"D\u2019un c\u00f4t\u00e9, l\u2019\u00e9lixir agit sur l\u2019\u00e9quilibre hydrique et les \u00e9motions, soutenant \u00e9nerg\u00e9tiquement les processus d\u2019\u00e9limination de l\u2019eau. D\u2019un autre c\u00f4t\u00e9, il apporte de la lumi\u00e8re aux cellules (Informations) pour s\u2019adapter \u00e9nerg\u00e9tiquement \u00e0 de nouvelles fr\u00e9quences lumineuses (\u00e9l\u00e9vation vibratoire) \u00a0","rel":"","context":"Similar post","block_context":{"text":"Similar post","link":""},"img":{"alt_text":"","src":"https:\/\/i0.wp.com\/artstella-elixirs-floraux.com\/wp-content\/uploads\/2025\/03\/wp-image2047.png?resize=350%2C200&ssl=1","width":350,"height":200},"classes":[]},{"id":6066,"url":"https:\/\/artstella-elixirs-floraux.com\/en\/product\/elixir-ocean-n19-phi-15ml\/","url_meta":{"origin":6064,"position":1},"title":"ELIXIR OCEAN N\u00b019 PHI 15ML","author":"eveapprill","date":"9 March 2025","format":false,"excerpt":"L\u2019\u00e9lixir stimule \u00e9nerg\u00e9tiquement le m\u00e9tabolisme et les processus internes. Sur le plan \u00e9motionnel, l\u2019\u00e9lixir apporte une lib\u00e9ration int\u00e9rieure, il aide \u00e0 l\u00e2cher consciemment l\u2019ancien et des \u00e9motions de fa\u00e7on \u00e0 laisser la place \u00e0 de nouvelles id\u00e9es et suggestions.","rel":"","context":"Similar post","block_context":{"text":"Similar post","link":""},"img":{"alt_text":"","src":"https:\/\/i0.wp.com\/artstella-elixirs-floraux.com\/wp-content\/uploads\/2025\/03\/wp-image2057.png?resize=350%2C200&ssl=1","width":350,"height":200},"classes":[]},{"id":3084,"url":"https:\/\/artstella-elixirs-floraux.com\/en\/product\/t1-phi-15-ml\/","url_meta":{"origin":6064,"position":2},"title":"T1 PHI 15 ML","author":"eveapprill","date":"9 March 2025","format":false,"excerpt":"T1 - \u00e9lixir anti-rayonnement Cet \u00e9lixir est diff\u00e9rent de tous les autres \u00e9lixirs connus. Au lieu d\u2019\u00e9mettre de l\u2019\u00e9nergie, il absorbe les \u00e9nergies exc\u00e9dentaires et r\u00e9\u00e9quilibre ainsi l\u2019organisme \u00e9nerg\u00e9tiquement.","rel":"","context":"Similar post","block_context":{"text":"Similar post","link":""},"img":{"alt_text":"","src":"","width":0,"height":0},"classes":[]},{"id":4655,"url":"https:\/\/artstella-elixirs-floraux.com\/en\/product\/t1-delph-phi-2x15-ml\/","url_meta":{"origin":6064,"position":3},"title":"T1 + DELPH PHI 2&#215;15 ML","author":"eveapprill","date":"9 March 2025","format":false,"excerpt":"T1 - \u00e9lixir anti-rayonnement Cet \u00e9lixir est diff\u00e9rent de tous les autres \u00e9lixirs connus. Au lieu d\u2019\u00e9mettre de l\u2019\u00e9nergie, il absorbe les \u00e9nergies exc\u00e9dentaires et r\u00e9\u00e9quilibre ainsi l\u2019organisme \u00e9nerg\u00e9tiquement.","rel":"","context":"Similar post","block_context":{"text":"Similar post","link":""},"img":{"alt_text":"T1 - \u00e9lixir anti-rayonnement","src":"https:\/\/i0.wp.com\/artstella-elixirs-floraux.com\/wp-content\/uploads\/2025\/03\/6dfb40f2-b7a1-42c7-82ee-2a04f237e22a.webp?resize=350%2C200&ssl=1","width":350,"height":200,"srcset":"https:\/\/i0.wp.com\/artstella-elixirs-floraux.com\/wp-content\/uploads\/2025\/03\/6dfb40f2-b7a1-42c7-82ee-2a04f237e22a.webp?resize=350%2C200&ssl=1 1x, https:\/\/i0.wp.com\/artstella-elixirs-floraux.com\/wp-content\/uploads\/2025\/03\/6dfb40f2-b7a1-42c7-82ee-2a04f237e22a.webp?resize=525%2C300&ssl=1 1.5x, https:\/\/i0.wp.com\/artstella-elixirs-floraux.com\/wp-content\/uploads\/2025\/03\/6dfb40f2-b7a1-42c7-82ee-2a04f237e22a.webp?resize=700%2C400&ssl=1 2x"},"classes":[]},{"id":5176,"url":"https:\/\/artstella-elixirs-floraux.com\/en\/product\/corail-arbuscule-15-ml-phi\/","url_meta":{"origin":6064,"position":4},"title":"CORAIL ARBUSCULE 15 ML PHI","author":"eveapprill","date":"9 March 2025","format":false,"excerpt":"Corail arbuscule (Dendrophyllia sp.) Z\u00e4pfchenkoralle\u00a0 L\u2019\u00e9lixir agit sur des zones sombres du corps et des organes, en les transformant et soutenant les processus de nettoyage.\u00a0","rel":"","context":"Similar post","block_context":{"text":"Similar post","link":""},"img":{"alt_text":"","src":"","width":0,"height":0},"classes":[]},{"id":6257,"url":"https:\/\/artstella-elixirs-floraux.com\/en\/product\/elixir-ocean-n39-phi\/","url_meta":{"origin":6064,"position":5},"title":"ELIXIR OCEAN N\u00b039 PHI","author":"eveapprill","date":"9 March 2025","format":false,"excerpt":"Cet \u00e9lixir agit \u00e9nerg\u00e9tiquement sur le 2\u00e8me chakra.\u00a0 L\u2019information de lumi\u00e8re agit \u00e9nerg\u00e9tiquement en purifiant et en r\u00e9g\u00e9n\u00e9rant l\u2019information de nos organes. Il r\u00e9active consciemment les points faibles du syst\u00e8me. Le r\u00e9seau cellulaire est revitalis\u00e9 tel un rajeunissement de l\u2019int\u00e9rieur;","rel":"","context":"Similar post","block_context":{"text":"Similar post","link":""},"img":{"alt_text":"","src":"https:\/\/i0.wp.com\/artstella-elixirs-floraux.com\/wp-content\/uploads\/2025\/03\/wp-image2219.png?resize=350%2C200&ssl=1","width":350,"height":200},"classes":[]}],"_links":{"self":[{"href":"https:\/\/artstella-elixirs-floraux.com\/en\/wp-json\/wp\/v2\/product\/6064","targetHints":{"allow":["GET"]}}],"collection":[{"href":"https:\/\/artstella-elixirs-floraux.com\/en\/wp-json\/wp\/v2\/product"}],"about":[{"href":"https:\/\/artstella-elixirs-floraux.com\/en\/wp-json\/wp\/v2\/types\/product"}],"version-history":[{"count":0,"href":"https:\/\/artstella-elixirs-floraux.com\/en\/wp-json\/wp\/v2\/product\/6064\/revisions"}],"wp:featuredmedia":[{"embeddable":true,"href":"https:\/\/artstella-elixirs-floraux.com\/en\/wp-json\/wp\/v2\/media\/6065"}],"wp:attachment":[{"href":"https:\/\/artstella-elixirs-floraux.com\/en\/wp-json\/wp\/v2\/media?parent=6064"}],"wp:term":[{"taxonomy":"product_brand","embeddable":true,"href":"https:\/\/artstella-elixirs-floraux.com\/en\/wp-json\/wp\/v2\/product_brand?post=6064"},{"taxonomy":"product_cat","embeddable":true,"href":"https:\/\/artstella-elixirs-floraux.com\/en\/wp-json\/wp\/v2\/product_cat?post=6064"},{"taxonomy":"product_tag","embeddable":true,"href":"https:\/\/artstella-elixirs-floraux.com\/en\/wp-json\/wp\/v2\/product_tag?post=6064"}],"curies":[{"name":"wp","href":"https:\/\/api.w.org\/{rel}","templated":true}]}}