{"id":6076,"date":"2025-03-09T13:52:06","date_gmt":"2025-03-09T13:52:06","guid":{"rendered":"https:\/\/artstella-elixirs-floraux.com\/product\/vital-light-15-ml-ltoe\/"},"modified":"2026-05-06T15:27:15","modified_gmt":"2026-05-06T15:27:15","slug":"vital-light-15-ml-ltoe","status":"publish","type":"product","link":"https:\/\/artstella-elixirs-floraux.com\/en\/product\/vital-light-15-ml-ltoe\/","title":{"rendered":"Vital Light 15 ml LTOE"},"content":{"rendered":"<p><strong>Vital Light\u00a0<\/strong><em>&#8211; <\/em><em>Phragmipedium besseae variety d\u2019allesandroi, Phragmipedium kovachii &amp; Kuan Yin Fluorite<\/em><\/p>","protected":false},"excerpt":{"rendered":"<p><strong>Vital Light\u00a0<\/strong><em>&#8211; <\/em>Cet \u00e9lixir cumule les effets de ces 3 composants, Vital core, Vital Clarity agisant sur les corps subtils inf\u00e9rieurs et Kuan Yin fluorite sur le chakra du c\u0153ur vers le haut. Invoquant un chariot mystique de l\u2019\u00e2me, le Merkabah. Vital Light est rafra\u00eechissant, apportant vitalit\u00e9 et \u00e9nergie.<\/p>","protected":false},"featured_media":10533,"template":"","meta":[],"product_brand":[],"product_cat":[131],"product_tag":[],"class_list":{"0":"post-6076","1":"product","2":"type-product","3":"status-publish","4":"has-post-thumbnail","6":"product_cat-les-composes","8":"first","9":"instock","10":"taxable","11":"shipping-taxable","12":"purchasable","13":"product-type-simple"},"etheme_brands":{"errors":{"invalid_taxonomy":["Invalid taxonomy."]},"error_data":[]},"jetpack_sharing_enabled":true,"jetpack-related-posts":[{"id":5488,"url":"https:\/\/artstella-elixirs-floraux.com\/en\/product\/shield-of-light-spray\/","url_meta":{"origin":6076,"position":0},"title":"SHIELD OF LIGHT SPRAY","author":"eveapprill","date":"9 March 2025","format":false,"excerpt":"Shield of light - Bouclier de lumi\u00e8re Parmi les derni\u00e8res cr\u00e9ations de Don Denis en collaboration du Dr. Adrian Brito-Babapulle, voici un nouveau compos\u00e9 majeur pour se prot\u00e9ger des \u00e9nergies sombres. Sa formule permet \u00e0 l\u2019aura de refl\u00e9ter tel un miroir, de fa\u00e7on \u00e0 ce que de telles \u00e9nergies ne\u2026","rel":"","context":"Similar post","block_context":{"text":"Similar post","link":""},"img":{"alt_text":"","src":"","width":0,"height":0},"classes":[]},{"id":5592,"url":"https:\/\/artstella-elixirs-floraux.com\/en\/product\/pyramide-guachimontes-15ml\/","url_meta":{"origin":6076,"position":1},"title":"PYRAMIDE GUACHIMONTES 15ML","author":"eveapprill","date":"9 March 2025","format":false,"excerpt":"Renforce et soutient l\u2019\u00e9nergie Yin. Il relie \u00e0 la terre M\u00e8re. L\u2019\u00e9nergie monte en spirale renfor\u00e7ant la force vitale dans un vortex d\u2019\u00e9nergie.","rel":"","context":"Similar post","block_context":{"text":"Similar post","link":""},"img":{"alt_text":"","src":"","width":0,"height":0},"classes":[]},{"id":3529,"url":"https:\/\/artstella-elixirs-floraux.com\/en\/product\/vital-defense-15-ml-ltoe\/","url_meta":{"origin":6076,"position":2},"title":"VITAL DEFENSE 15 ML LTOE","author":"eveapprill","date":"27 May 2025","format":false,"excerpt":"Vital Defense \/ D\u00e9fense Vitale (Defender from the Dark et Vital Core). Il aide \u00e0 clarifier les aspects sombres du 2eme chakra et ils peuvent ainsi \u00eatre un compl\u00e9ment \u00e0 Defender of the Source. Ces \u00e9lixirs r\u00e9pondent tous au besoin de l\u2019accroissement n\u00e9cessaire de la conscience par rapport aux vrais\u2026","rel":"","context":"Similar post","block_context":{"text":"Similar post","link":""},"img":{"alt_text":"","src":"https:\/\/i0.wp.com\/artstella-elixirs-floraux.com\/wp-content\/uploads\/2025\/03\/917e648b-5ecb-49a5-84e1-a9642b54369f.jpg?resize=350%2C200&ssl=1","width":350,"height":200,"srcset":"https:\/\/i0.wp.com\/artstella-elixirs-floraux.com\/wp-content\/uploads\/2025\/03\/917e648b-5ecb-49a5-84e1-a9642b54369f.jpg?resize=350%2C200&ssl=1 1x, https:\/\/i0.wp.com\/artstella-elixirs-floraux.com\/wp-content\/uploads\/2025\/03\/917e648b-5ecb-49a5-84e1-a9642b54369f.jpg?resize=525%2C300&ssl=1 1.5x, https:\/\/i0.wp.com\/artstella-elixirs-floraux.com\/wp-content\/uploads\/2025\/03\/917e648b-5ecb-49a5-84e1-a9642b54369f.jpg?resize=700%2C400&ssl=1 2x"},"classes":[]},{"id":3685,"url":"https:\/\/artstella-elixirs-floraux.com\/en\/product\/69-vital-core-ltoe-15ml\/","url_meta":{"origin":6076,"position":3},"title":"VITAL CORE LTOE 15ML","author":"eveapprill","date":"9 March 2025","format":false,"excerpt":"Vital core \/ Centre vital Apporte une forte \u00e9nergie d\u2019enracinement et au 2\u00e8me chakra de m\u00eame qu\u2019au m\u00e9ridien de la v\u00e9sicule biliaire. Tout en ayant une action sur le chakra coronal, laryng\u00e9 et du c\u0153ur, celle-ci est principalement remarquable","rel":"","context":"Similar post","block_context":{"text":"Similar post","link":""},"img":{"alt_text":"","src":"https:\/\/i0.wp.com\/artstella-elixirs-floraux.com\/wp-content\/uploads\/2025\/03\/b7fd20da-5fb4-4b7c-83f1-7cba0c405f2b.jpg?resize=350%2C200&ssl=1","width":350,"height":200,"srcset":"https:\/\/i0.wp.com\/artstella-elixirs-floraux.com\/wp-content\/uploads\/2025\/03\/b7fd20da-5fb4-4b7c-83f1-7cba0c405f2b.jpg?resize=350%2C200&ssl=1 1x, https:\/\/i0.wp.com\/artstella-elixirs-floraux.com\/wp-content\/uploads\/2025\/03\/b7fd20da-5fb4-4b7c-83f1-7cba0c405f2b.jpg?resize=525%2C300&ssl=1 1.5x, https:\/\/i0.wp.com\/artstella-elixirs-floraux.com\/wp-content\/uploads\/2025\/03\/b7fd20da-5fb4-4b7c-83f1-7cba0c405f2b.jpg?resize=700%2C400&ssl=1 2x"},"classes":[]},{"id":3531,"url":"https:\/\/artstella-elixirs-floraux.com\/en\/product\/vital-lift-ltoe-15-ml\/","url_meta":{"origin":6076,"position":4},"title":"VITAL LIFT LTOE 15 ML","author":"eveapprill","date":"9 March 2025","format":false,"excerpt":"\u00c9nergie vitale\/Vital Lift Ce complexe calme, dynamise et invite \u00e0 habiter le corps. Il favorise \u00e9galement la concentration et l\u2019endurance n\u00e9cessaires au travail soutenu. Il fut cr\u00e9\u00e9 \u00e0 base de Double espresso et de Tr\u00e9fonds de l\u2019\u00eatre, dont l\u2019effet apaisant aide \u00e0 s\u2019aligner sur ses valeurs spirituelles.","rel":"","context":"Similar post","block_context":{"text":"Similar post","link":""},"img":{"alt_text":"Les compos\u00e9s living tree orchid\u00e9es","src":"https:\/\/i0.wp.com\/artstella-elixirs-floraux.com\/wp-content\/uploads\/2025\/03\/13643efd-b41f-4e38-8845-0013b9beda26.jpg?resize=350%2C200&ssl=1","width":350,"height":200,"srcset":"https:\/\/i0.wp.com\/artstella-elixirs-floraux.com\/wp-content\/uploads\/2025\/03\/13643efd-b41f-4e38-8845-0013b9beda26.jpg?resize=350%2C200&ssl=1 1x, https:\/\/i0.wp.com\/artstella-elixirs-floraux.com\/wp-content\/uploads\/2025\/03\/13643efd-b41f-4e38-8845-0013b9beda26.jpg?resize=525%2C300&ssl=1 1.5x, https:\/\/i0.wp.com\/artstella-elixirs-floraux.com\/wp-content\/uploads\/2025\/03\/13643efd-b41f-4e38-8845-0013b9beda26.jpg?resize=700%2C400&ssl=1 2x"},"classes":[]},{"id":4531,"url":"https:\/\/artstella-elixirs-floraux.com\/en\/product\/collier-paradies-phi\/","url_meta":{"origin":6076,"position":5},"title":"COLLIER PARADIES PHI","author":"eveapprill","date":"9 March 2025","format":false,"excerpt":"Le pendentif \u00ab\u00a0Paradise\u00a0\u00bb\u00a0: Energie vitale En verre souffl\u00e9 transparent avec une perle de tourmaline noire Renforce l\u2019\u00e9nergie vitale ainsi que les pens\u00e9es positives. Aide les personnes dans les situations difficiles \u00e0 voir positivement et \u00e0 se relier au Divin.","rel":"","context":"Similar post","block_context":{"text":"Similar post","link":""},"img":{"alt_text":"","src":"","width":0,"height":0},"classes":[]}],"_links":{"self":[{"href":"https:\/\/artstella-elixirs-floraux.com\/en\/wp-json\/wp\/v2\/product\/6076","targetHints":{"allow":["GET"]}}],"collection":[{"href":"https:\/\/artstella-elixirs-floraux.com\/en\/wp-json\/wp\/v2\/product"}],"about":[{"href":"https:\/\/artstella-elixirs-floraux.com\/en\/wp-json\/wp\/v2\/types\/product"}],"version-history":[{"count":1,"href":"https:\/\/artstella-elixirs-floraux.com\/en\/wp-json\/wp\/v2\/product\/6076\/revisions"}],"predecessor-version":[{"id":12557,"href":"https:\/\/artstella-elixirs-floraux.com\/en\/wp-json\/wp\/v2\/product\/6076\/revisions\/12557"}],"wp:featuredmedia":[{"embeddable":true,"href":"https:\/\/artstella-elixirs-floraux.com\/en\/wp-json\/wp\/v2\/media\/10533"}],"wp:attachment":[{"href":"https:\/\/artstella-elixirs-floraux.com\/en\/wp-json\/wp\/v2\/media?parent=6076"}],"wp:term":[{"taxonomy":"product_brand","embeddable":true,"href":"https:\/\/artstella-elixirs-floraux.com\/en\/wp-json\/wp\/v2\/product_brand?post=6076"},{"taxonomy":"product_cat","embeddable":true,"href":"https:\/\/artstella-elixirs-floraux.com\/en\/wp-json\/wp\/v2\/product_cat?post=6076"},{"taxonomy":"product_tag","embeddable":true,"href":"https:\/\/artstella-elixirs-floraux.com\/en\/wp-json\/wp\/v2\/product_tag?post=6076"}],"curies":[{"name":"wp","href":"https:\/\/api.w.org\/{rel}","templated":true}]}}