{"id":6086,"date":"2025-03-09T13:52:15","date_gmt":"2025-03-09T13:52:15","guid":{"rendered":"https:\/\/artstella-elixirs-floraux.com\/product\/gentle-sleep-spray-ltoe-100ml\/"},"modified":"2025-08-28T16:43:11","modified_gmt":"2025-08-28T16:43:11","slug":"gentle-sleep-spray-ltoe-100ml","status":"publish","type":"product","link":"https:\/\/artstella-elixirs-floraux.com\/en\/product\/gentle-sleep-spray-ltoe-100ml\/","title":{"rendered":"Gentle sleep spray LTOE"},"content":{"rendered":"<p><strong>Gentle Sleep \/ Doux sommeil<\/strong> Il favorise un sommeil plus profond et de meilleure qualit\u00e9 et permet \u00e9galement de mieux se rappeler ses r\u00eaves au r\u00e9veil. Pour un effet accru, nous conseillons \u00e9galement de prendre les gouttes de Gentle Sleep le soir et de Being in Time le matin au r\u00e9veil.<\/p>\n<p><em>\u00ab\u00a0bleu\u00a0\u00bb avec des huiles de camomille, Bois de Santal, Rose bulgare<\/em><\/p>","protected":false},"excerpt":{"rendered":"<p><strong>Gentle sleep\u00a0 (Bon sommeil)<\/strong><\/p>\n<p>De nos jours, les troubles du sommeil touchent un grand nombre de personnes. Pollution \u00e9lectromagn\u00e9tique, t\u00e9l\u00e9phones portables, t\u00e9l\u00e9phones sans fils, le WIFI peuvent alt\u00e9rer le sommeil. Ce spray a \u00e9t\u00e9 cr\u00e9\u00e9 pour prot\u00e9ger le sommeil de ces diff\u00e9rents stress.<\/p>","protected":false},"featured_media":6087,"template":"","meta":[],"product_brand":[],"product_cat":[133],"product_tag":[],"class_list":{"0":"post-6086","1":"product","2":"type-product","3":"status-publish","4":"has-post-thumbnail","6":"product_cat-les-sprays-bleus","8":"first","9":"instock","10":"taxable","11":"shipping-taxable","12":"purchasable","13":"product-type-variable"},"etheme_brands":{"errors":{"invalid_taxonomy":["Invalid taxonomy."]},"error_data":[]},"jetpack_sharing_enabled":true,"jetpack-related-posts":[{"id":3497,"url":"https:\/\/artstella-elixirs-floraux.com\/en\/product\/gentle-sleep-ltoe-15ml\/","url_meta":{"origin":6086,"position":0},"title":"GENTLE SLEEP LTOE 15ML","author":"eveapprill","date":"9 March 2025","format":false,"excerpt":"Gentle sleep \/ Doux sommeil : Est une version am\u00e9lior\u00e9e de Gentle Geisha avec le Rhododendron griffithianum, made by Don dans les jardins d'Achamore House.","rel":"","context":"Similar post","block_context":{"text":"Similar post","link":""},"img":{"alt_text":"","src":"https:\/\/i0.wp.com\/artstella-elixirs-floraux.com\/wp-content\/uploads\/2025\/03\/f1da7075-2893-4090-8141-56d98c0424f3.jpg?resize=350%2C200&ssl=1","width":350,"height":200,"srcset":"https:\/\/i0.wp.com\/artstella-elixirs-floraux.com\/wp-content\/uploads\/2025\/03\/f1da7075-2893-4090-8141-56d98c0424f3.jpg?resize=350%2C200&ssl=1 1x, https:\/\/i0.wp.com\/artstella-elixirs-floraux.com\/wp-content\/uploads\/2025\/03\/f1da7075-2893-4090-8141-56d98c0424f3.jpg?resize=525%2C300&ssl=1 1.5x, https:\/\/i0.wp.com\/artstella-elixirs-floraux.com\/wp-content\/uploads\/2025\/03\/f1da7075-2893-4090-8141-56d98c0424f3.jpg?resize=700%2C400&ssl=1 2x"},"classes":[]},{"id":3517,"url":"https:\/\/artstella-elixirs-floraux.com\/en\/product\/sleep-of-peace-lto-15-ml\/","url_meta":{"origin":6086,"position":1},"title":"SLEEP OF PEACE LTO 15 ML","author":"eveapprill","date":"9 March 2025","format":false,"excerpt":"Sleep of peace \/ Dormir en paix : am\u00e9liore la qualit\u00e9 du sommeil et la quantit\u00e9 de sommeil, diff\u00e9remment de Gentle Sleep, en ce qu'il touche les sch\u00e9mas du sommeil.","rel":"","context":"Similar post","block_context":{"text":"Similar post","link":""},"img":{"alt_text":"","src":"https:\/\/i0.wp.com\/artstella-elixirs-floraux.com\/wp-content\/uploads\/2025\/03\/215447f8-a671-498d-9849-7286bf5b6f82.jpg?resize=350%2C200&ssl=1","width":350,"height":200,"srcset":"https:\/\/i0.wp.com\/artstella-elixirs-floraux.com\/wp-content\/uploads\/2025\/03\/215447f8-a671-498d-9849-7286bf5b6f82.jpg?resize=350%2C200&ssl=1 1x, https:\/\/i0.wp.com\/artstella-elixirs-floraux.com\/wp-content\/uploads\/2025\/03\/215447f8-a671-498d-9849-7286bf5b6f82.jpg?resize=525%2C300&ssl=1 1.5x, https:\/\/i0.wp.com\/artstella-elixirs-floraux.com\/wp-content\/uploads\/2025\/03\/215447f8-a671-498d-9849-7286bf5b6f82.jpg?resize=700%2C400&ssl=1 2x"},"classes":[]},{"id":6396,"url":"https:\/\/artstella-elixirs-floraux.com\/en\/product\/sleep-sommeil-spay-50ml-bush-australien\/","url_meta":{"origin":6086,"position":2},"title":"Sleep &#8211; Sommeil Spray 50ml Bush Australien","author":"eveapprill","date":"9 March 2025","format":false,"excerpt":"Un nouveau spray du Bush australien pour favoriser le sommeil.","rel":"","context":"Similar post","block_context":{"text":"Similar post","link":""},"img":{"alt_text":"Sommeil Spray 50ml Bush Australien","src":"https:\/\/i0.wp.com\/artstella-elixirs-floraux.com\/wp-content\/uploads\/2025\/03\/7efb9cc8-f479-4a0f-be39-aca972b654d6.webp?resize=350%2C200&ssl=1","width":350,"height":200,"srcset":"https:\/\/i0.wp.com\/artstella-elixirs-floraux.com\/wp-content\/uploads\/2025\/03\/7efb9cc8-f479-4a0f-be39-aca972b654d6.webp?resize=350%2C200&ssl=1 1x, https:\/\/i0.wp.com\/artstella-elixirs-floraux.com\/wp-content\/uploads\/2025\/03\/7efb9cc8-f479-4a0f-be39-aca972b654d6.webp?resize=525%2C300&ssl=1 1.5x, https:\/\/i0.wp.com\/artstella-elixirs-floraux.com\/wp-content\/uploads\/2025\/03\/7efb9cc8-f479-4a0f-be39-aca972b654d6.webp?resize=700%2C400&ssl=1 2x"},"classes":[]},{"id":1918,"url":"https:\/\/artstella-elixirs-floraux.com\/en\/product\/complexe-jet-lag-phi-30-ml\/","url_meta":{"origin":6086,"position":3},"title":"COMPLEXE JET LAG \/ SLEEP Voyage et Sommeil PHI","author":"eveapprill","date":"11 September 2025","format":false,"excerpt":"COMPLEXE JET LAG \/ SLEEP -\u00a0 Voyage et Sommeil par PHI Am\u00e9liore le sommeil et les phases de repos. Am\u00e9liore la r\u00e9g\u00e9n\u00e9ration. Soutient dans les voyages et les probl\u00e8mes li\u00e9s aux d\u00e9calages horaires.","rel":"","context":"Similar post","block_context":{"text":"Similar post","link":""},"img":{"alt_text":"","src":"https:\/\/i0.wp.com\/artstella-elixirs-floraux.com\/wp-content\/uploads\/2025\/03\/jetlag.jpg?resize=350%2C200&ssl=1","width":350,"height":200},"classes":[]},{"id":4565,"url":"https:\/\/artstella-elixirs-floraux.com\/en\/product\/coffret-complexes-elixirs-phi\/","url_meta":{"origin":6086,"position":4},"title":"COFFRET COMPLEXES ELIXIRS PHI","author":"eveapprill","date":"9 March 2025","format":false,"excerpt":"Contient les 10 \u00e9lixirs compos\u00e9s de la gamme PHI pour r\u00e9\u00e9quilibrer l'\u00e9nergie: Women \u00e9quilibre du f\u00e9minin, Men \u00e9quilibre du masculin, Joyful Sexuality sexualit\u00e9 heureuse, Forever Joung! Eternelle jeunesse Regeneration, Purification, Equilibre du Stress, Jetlag \/ Sleep d\u00e9calage horaire \/ sommeil, Heart \u00e9quilibre du coeur, Protection","rel":"","context":"Similar post","block_context":{"text":"Similar post","link":""},"img":{"alt_text":"","src":"","width":0,"height":0},"classes":[]},{"id":5279,"url":"https:\/\/artstella-elixirs-floraux.com\/en\/product\/complexe-n2-nuits-paisibles-deva-30ml\/","url_meta":{"origin":6086,"position":5},"title":"COMPLEXE N\u00b02 Nuits paisibles DEVA 30ml","author":"eveapprill","date":"9 March 2025","format":false,"excerpt":"COMPLEXE N\u00b02 Nuits paisibles \u00a0est recommand\u00e9\u00a0aux personnes de tout \u00e2ge qui \u00e9prouvent des difficult\u00e9s \u00e0 s\u2019endormir ou d\u00e9sireuses d\u2019am\u00e9liorer la qualit\u00e9 de leur sommeil : cauchemars, r\u00e9veils nocturnes, pens\u00e9es r\u00e9p\u00e9titives. Il favorise une d\u00e9tente profonde.","rel":"","context":"Similar post","block_context":{"text":"Similar post","link":""},"img":{"alt_text":"","src":"https:\/\/i0.wp.com\/artstella-elixirs-floraux.com\/wp-content\/uploads\/2025\/03\/77b358f5-17ad-4d93-a132-524060537df4.jpg?resize=350%2C200&ssl=1","width":350,"height":200,"srcset":"https:\/\/i0.wp.com\/artstella-elixirs-floraux.com\/wp-content\/uploads\/2025\/03\/77b358f5-17ad-4d93-a132-524060537df4.jpg?resize=350%2C200&ssl=1 1x, https:\/\/i0.wp.com\/artstella-elixirs-floraux.com\/wp-content\/uploads\/2025\/03\/77b358f5-17ad-4d93-a132-524060537df4.jpg?resize=525%2C300&ssl=1 1.5x, https:\/\/i0.wp.com\/artstella-elixirs-floraux.com\/wp-content\/uploads\/2025\/03\/77b358f5-17ad-4d93-a132-524060537df4.jpg?resize=700%2C400&ssl=1 2x"},"classes":[]}],"_links":{"self":[{"href":"https:\/\/artstella-elixirs-floraux.com\/en\/wp-json\/wp\/v2\/product\/6086","targetHints":{"allow":["GET"]}}],"collection":[{"href":"https:\/\/artstella-elixirs-floraux.com\/en\/wp-json\/wp\/v2\/product"}],"about":[{"href":"https:\/\/artstella-elixirs-floraux.com\/en\/wp-json\/wp\/v2\/types\/product"}],"version-history":[{"count":1,"href":"https:\/\/artstella-elixirs-floraux.com\/en\/wp-json\/wp\/v2\/product\/6086\/revisions"}],"predecessor-version":[{"id":11287,"href":"https:\/\/artstella-elixirs-floraux.com\/en\/wp-json\/wp\/v2\/product\/6086\/revisions\/11287"}],"wp:featuredmedia":[{"embeddable":true,"href":"https:\/\/artstella-elixirs-floraux.com\/en\/wp-json\/wp\/v2\/media\/6087"}],"wp:attachment":[{"href":"https:\/\/artstella-elixirs-floraux.com\/en\/wp-json\/wp\/v2\/media?parent=6086"}],"wp:term":[{"taxonomy":"product_brand","embeddable":true,"href":"https:\/\/artstella-elixirs-floraux.com\/en\/wp-json\/wp\/v2\/product_brand?post=6086"},{"taxonomy":"product_cat","embeddable":true,"href":"https:\/\/artstella-elixirs-floraux.com\/en\/wp-json\/wp\/v2\/product_cat?post=6086"},{"taxonomy":"product_tag","embeddable":true,"href":"https:\/\/artstella-elixirs-floraux.com\/en\/wp-json\/wp\/v2\/product_tag?post=6086"}],"curies":[{"name":"wp","href":"https:\/\/api.w.org\/{rel}","templated":true}]}}