{"id":6099,"date":"2025-03-09T13:52:36","date_gmt":"2025-03-09T13:52:36","guid":{"rendered":"https:\/\/artstella-elixirs-floraux.com\/product\/pendentif-solar-logos\/"},"modified":"2025-06-08T12:48:33","modified_gmt":"2025-06-08T12:48:33","slug":"pendentif-solar-logos","status":"publish","type":"product","link":"https:\/\/artstella-elixirs-floraux.com\/en\/product\/pendentif-solar-logos\/","title":{"rendered":"Pendentif \u00ab\u00a0SOLAR LOGOS\u00a0\u00bb"},"content":{"rendered":"","protected":false},"excerpt":{"rendered":"<p style=\"text-align: left;\" align=\"center\"><strong>Pendentif <\/strong><strong>\u00ab SOLAR LOGOS<\/strong><strong>\u00bb<\/strong><\/p>\n<p>Pendentif en verre souffl\u00e9 rempli avec l&rsquo;\u00e9lixirs Solar Logos.<\/p>\n<p>Active la lumi\u00e8re de l\u2019Ame en nous, nous permettant alors d\u2019acc\u00e9der au<\/p>\n<p>Divin \u00e0 un niveau personnel<\/p>","protected":false},"featured_media":6100,"template":"","meta":[],"product_brand":[],"product_cat":[167],"product_tag":[],"class_list":{"0":"post-6099","1":"product","2":"type-product","3":"status-publish","4":"has-post-thumbnail","6":"product_cat-pendentifs-bush","8":"first","9":"instock","10":"taxable","11":"shipping-taxable","12":"purchasable","13":"product-type-simple"},"etheme_brands":{"errors":{"invalid_taxonomy":["Invalid taxonomy."]},"error_data":[]},"jetpack_sharing_enabled":true,"jetpack-related-posts":[{"id":5980,"url":"https:\/\/artstella-elixirs-floraux.com\/en\/product\/solar-logos-10ml-bush\/","url_meta":{"origin":6099,"position":0},"title":"SOLAR LOGOS 10ML BUSH","author":"eveapprill","date":"9 March 2025","format":false,"excerpt":"SOLAR LOGOS \u2022 Active la lumi\u00e8re de l\u2019Ame en nous, nous permettant alors d\u2019acc\u00e9der au Divin \u00e0 un niveau personnel. \u2022 Ouvre notre c\u0153ur et notre esprit de fa\u00e7on \u00e0 permettre \u00e0 la Conscience christique d\u2019entrer plus facilement.","rel":"","context":"Similar post","block_context":{"text":"Similar post","link":""},"img":{"alt_text":"","src":"https:\/\/i0.wp.com\/artstella-elixirs-floraux.com\/wp-content\/uploads\/2025\/03\/9d289a38-ae3f-4b19-a81c-7e4786580f9c.jpg?resize=350%2C200&ssl=1","width":350,"height":200,"srcset":"https:\/\/i0.wp.com\/artstella-elixirs-floraux.com\/wp-content\/uploads\/2025\/03\/9d289a38-ae3f-4b19-a81c-7e4786580f9c.jpg?resize=350%2C200&ssl=1 1x, https:\/\/i0.wp.com\/artstella-elixirs-floraux.com\/wp-content\/uploads\/2025\/03\/9d289a38-ae3f-4b19-a81c-7e4786580f9c.jpg?resize=525%2C300&ssl=1 1.5x, https:\/\/i0.wp.com\/artstella-elixirs-floraux.com\/wp-content\/uploads\/2025\/03\/9d289a38-ae3f-4b19-a81c-7e4786580f9c.jpg?resize=700%2C400&ssl=1 2x"},"classes":[]},{"id":2743,"url":"https:\/\/artstella-elixirs-floraux.com\/en\/product\/solaris-bush-30ml\/","url_meta":{"origin":6099,"position":1},"title":"SOLARIS BUSH 30ml","author":"eveapprill","date":"9 March 2025","format":false,"excerpt":"Solaris Contribue largement \u00e0 att\u00e9nuer la peur et le d\u00e9sarroi provoqu\u00e9s par l'incendie, le feu, la chaleur et le soleil en combattant les effets des ultra- violets et des radiations. Compos\u00e9 de Mulla Mulla, She oak et Spinifex.","rel":"","context":"Similar post","block_context":{"text":"Similar post","link":""},"img":{"alt_text":"","src":"https:\/\/i0.wp.com\/artstella-elixirs-floraux.com\/wp-content\/uploads\/2025\/03\/67fe5512-b4ff-4518-9255-d7d644ec8b3b.jpg?resize=350%2C200&ssl=1","width":350,"height":200,"srcset":"https:\/\/i0.wp.com\/artstella-elixirs-floraux.com\/wp-content\/uploads\/2025\/03\/67fe5512-b4ff-4518-9255-d7d644ec8b3b.jpg?resize=350%2C200&ssl=1 1x, https:\/\/i0.wp.com\/artstella-elixirs-floraux.com\/wp-content\/uploads\/2025\/03\/67fe5512-b4ff-4518-9255-d7d644ec8b3b.jpg?resize=525%2C300&ssl=1 1.5x, https:\/\/i0.wp.com\/artstella-elixirs-floraux.com\/wp-content\/uploads\/2025\/03\/67fe5512-b4ff-4518-9255-d7d644ec8b3b.jpg?resize=700%2C400&ssl=1 2x"},"classes":[]},{"id":5982,"url":"https:\/\/artstella-elixirs-floraux.com\/en\/product\/gaia-10ml-bush\/","url_meta":{"origin":6099,"position":2},"title":"GAIA 10ML BUSH","author":"eveapprill","date":"9 March 2025","format":false,"excerpt":"GAIA \u2022 Aligne aux \u00e9l\u00e9ments de la Terre, de l\u2019Air, de Feu et de l\u2019Eau autour de nous et en nous. \u2022 Forge un sentiment d\u2019amour et de protection envers la Terre, Ga\u00efa.","rel":"","context":"Similar post","block_context":{"text":"Similar post","link":""},"img":{"alt_text":"","src":"https:\/\/i0.wp.com\/artstella-elixirs-floraux.com\/wp-content\/uploads\/2025\/03\/4b73f854-1946-4a9f-a100-996b389ef38f.jpg?resize=350%2C200&ssl=1","width":350,"height":200,"srcset":"https:\/\/i0.wp.com\/artstella-elixirs-floraux.com\/wp-content\/uploads\/2025\/03\/4b73f854-1946-4a9f-a100-996b389ef38f.jpg?resize=350%2C200&ssl=1 1x, https:\/\/i0.wp.com\/artstella-elixirs-floraux.com\/wp-content\/uploads\/2025\/03\/4b73f854-1946-4a9f-a100-996b389ef38f.jpg?resize=525%2C300&ssl=1 1.5x, https:\/\/i0.wp.com\/artstella-elixirs-floraux.com\/wp-content\/uploads\/2025\/03\/4b73f854-1946-4a9f-a100-996b389ef38f.jpg?resize=700%2C400&ssl=1 2x"},"classes":[]},{"id":5976,"url":"https:\/\/artstella-elixirs-floraux.com\/en\/product\/rainbow-10-ml-bush\/","url_meta":{"origin":6099,"position":3},"title":"RAINBOW 10 ML BUSH","author":"eveapprill","date":"9 March 2025","format":false,"excerpt":"\u00a0RAINBOW am\u00e8ne en vous l'\u00e9nergie de Solar Logos en douceur rend conscient de votre pluridimensionnalit\u00e9 et de celle de l'univers permet \u00e0 la lumi\u00e8re christique de rayonner profond\u00e9ment dans les zones d'ombre de votre psych\u00e8 pour trouver des qualit\u00e9s perdues, enfouies ou cach\u00e9es","rel":"","context":"Similar post","block_context":{"text":"Similar post","link":""},"img":{"alt_text":"","src":"https:\/\/i0.wp.com\/artstella-elixirs-floraux.com\/wp-content\/uploads\/2025\/03\/af61fad8-3269-4c69-b92e-bb8be794a4e8.jpg?resize=350%2C200&ssl=1","width":350,"height":200,"srcset":"https:\/\/i0.wp.com\/artstella-elixirs-floraux.com\/wp-content\/uploads\/2025\/03\/af61fad8-3269-4c69-b92e-bb8be794a4e8.jpg?resize=350%2C200&ssl=1 1x, https:\/\/i0.wp.com\/artstella-elixirs-floraux.com\/wp-content\/uploads\/2025\/03\/af61fad8-3269-4c69-b92e-bb8be794a4e8.jpg?resize=525%2C300&ssl=1 1.5x, https:\/\/i0.wp.com\/artstella-elixirs-floraux.com\/wp-content\/uploads\/2025\/03\/af61fad8-3269-4c69-b92e-bb8be794a4e8.jpg?resize=700%2C400&ssl=1 2x"},"classes":[]},{"id":2430,"url":"https:\/\/artstella-elixirs-floraux.com\/en\/product\/solar-eclipse\/","url_meta":{"origin":6099,"position":4},"title":"Solar Eclipse &#8211; Eclipse solaire","author":"eveapprill","date":"9 March 2025","format":false,"excerpt":"Eclipse Solaire Harmonise et \u00e9quilibre les \u00e9nergies f\u00e9minines et masculines, aussi bien chez les hommes que les femmes, il soutient la conscience de l\u2019accroissement du pouvoir masculin int\u00e9rieur. (\u00c9dition limit\u00e9e)","rel":"","context":"Similar post","block_context":{"text":"Similar post","link":""},"img":{"alt_text":"","src":"","width":0,"height":0},"classes":[]},{"id":6097,"url":"https:\/\/artstella-elixirs-floraux.com\/en\/product\/pendentif-isis\/","url_meta":{"origin":6099,"position":5},"title":"Pendentif \u00ab\u00a0ISIS\u00a0\u00bb","author":"eveapprill","date":"9 March 2025","format":false,"excerpt":"Pendentif \u00ab ISIS\u00bb Pendentif en verre souffl\u00e9 rempli avec l'\u00e9lixirs ISIS qui soutient l'\u00e9quilibre du f\u00e9minin","rel":"","context":"Similar post","block_context":{"text":"Similar post","link":""},"img":{"alt_text":"","src":"https:\/\/i0.wp.com\/artstella-elixirs-floraux.com\/wp-content\/uploads\/2025\/03\/wp-image2131.png?resize=350%2C200&ssl=1","width":350,"height":200,"srcset":"https:\/\/i0.wp.com\/artstella-elixirs-floraux.com\/wp-content\/uploads\/2025\/03\/wp-image2131.png?resize=350%2C200&ssl=1 1x, https:\/\/i0.wp.com\/artstella-elixirs-floraux.com\/wp-content\/uploads\/2025\/03\/wp-image2131.png?resize=525%2C300&ssl=1 1.5x, https:\/\/i0.wp.com\/artstella-elixirs-floraux.com\/wp-content\/uploads\/2025\/03\/wp-image2131.png?resize=700%2C400&ssl=1 2x"},"classes":[]}],"_links":{"self":[{"href":"https:\/\/artstella-elixirs-floraux.com\/en\/wp-json\/wp\/v2\/product\/6099","targetHints":{"allow":["GET"]}}],"collection":[{"href":"https:\/\/artstella-elixirs-floraux.com\/en\/wp-json\/wp\/v2\/product"}],"about":[{"href":"https:\/\/artstella-elixirs-floraux.com\/en\/wp-json\/wp\/v2\/types\/product"}],"version-history":[{"count":0,"href":"https:\/\/artstella-elixirs-floraux.com\/en\/wp-json\/wp\/v2\/product\/6099\/revisions"}],"wp:featuredmedia":[{"embeddable":true,"href":"https:\/\/artstella-elixirs-floraux.com\/en\/wp-json\/wp\/v2\/media\/6100"}],"wp:attachment":[{"href":"https:\/\/artstella-elixirs-floraux.com\/en\/wp-json\/wp\/v2\/media?parent=6099"}],"wp:term":[{"taxonomy":"product_brand","embeddable":true,"href":"https:\/\/artstella-elixirs-floraux.com\/en\/wp-json\/wp\/v2\/product_brand?post=6099"},{"taxonomy":"product_cat","embeddable":true,"href":"https:\/\/artstella-elixirs-floraux.com\/en\/wp-json\/wp\/v2\/product_cat?post=6099"},{"taxonomy":"product_tag","embeddable":true,"href":"https:\/\/artstella-elixirs-floraux.com\/en\/wp-json\/wp\/v2\/product_tag?post=6099"}],"curies":[{"name":"wp","href":"https:\/\/api.w.org\/{rel}","templated":true}]}}