{"id":6103,"date":"2025-03-09T13:52:38","date_gmt":"2025-03-09T13:52:38","guid":{"rendered":"https:\/\/artstella-elixirs-floraux.com\/product\/coprin-chevelu-phi\/"},"modified":"2025-04-23T12:46:02","modified_gmt":"2025-04-23T12:46:02","slug":"coprin-chevelu-phi","status":"publish","type":"product","link":"https:\/\/artstella-elixirs-floraux.com\/en\/product\/coprin-chevelu-phi\/","title":{"rendered":"Coprin chevelu PHI"},"content":{"rendered":"<p>Si les gens ne peuvent pas se remettre en question, et m\u00eame critiquent souvent les autres, cela peut indiquer qu\u2019ils n\u2019ont pas la volont\u00e9 de voir leurs probl\u00e8mes en face. L\u2019\u00e9lixir nous aide \u00e0 regarder nos propres vies avec un esprit critique, de voir les blocages caus\u00e9s par la frustration qui restent stock\u00e9s dans notre subconscient de fa\u00e7on \u00e0 les admette et \u00e0 pouvoir les exprimer.<\/p>","protected":false},"excerpt":{"rendered":"<p><strong>Coprin chevelu &#8211; Schopftintling: <em>(Coprinus comatus)<\/em><\/strong><\/p>\n<p>Pour ceux qui ont du mal \u00e0 se remettre en question et ont tendance \u00e0 critiquer.<\/p>","protected":false},"featured_media":6104,"template":"","meta":[],"product_brand":[],"product_cat":[93],"product_tag":[],"class_list":{"0":"post-6103","1":"product","2":"type-product","3":"status-publish","4":"has-post-thumbnail","6":"product_cat-les-elixirs-de-champignons","8":"first","9":"instock","10":"taxable","11":"shipping-taxable","12":"purchasable","13":"product-type-simple"},"etheme_brands":{"errors":{"invalid_taxonomy":["Invalid taxonomy."]},"error_data":[]},"jetpack_sharing_enabled":true,"jetpack-related-posts":[{"id":5442,"url":"https:\/\/artstella-elixirs-floraux.com\/en\/product\/coprin-little-inky-cap-10-ml\/","url_meta":{"origin":6103,"position":0},"title":"Coprin &#8211; Little Inky Cap 10 ML","author":"eveapprill","date":"9 March 2025","format":false,"excerpt":"Coprin \/ Coprinus xanthotrix (little inky cap\/Coprin) Ce petit champignon aide \u00e0 se lib\u00e9rer des \u00e9motions. \u00a0telle la col\u00e8re ainsi que des sch\u00e9mas familiaux souvent inconscients. A ceux qui se sentent vuln\u00e9rables, l\u2019\u00e9lixir apporte de la force \u00e9motionnelle\u00a0","rel":"","context":"Similar post","block_context":{"text":"Similar post","link":""},"img":{"alt_text":"","src":"","width":0,"height":0},"classes":[]},{"id":5968,"url":"https:\/\/artstella-elixirs-floraux.com\/en\/product\/coprin-a-tete-doree-bloesem-10ml\/","url_meta":{"origin":6103,"position":1},"title":"COPRIN \u00c0 T\u00caTE DOR\u00c9E BLOESEM 10ML","author":"eveapprill","date":"9 March 2025","format":false,"excerpt":"COPRIN \u00c0 T\u00caTE DOR\u00c9E - KASTANJE INKTZWAM \u2013- Coprinus auricomus Ce champignon nous aide \u00e0 agir \u00e0 partir de notre force originelle. Il nous recentre sur notre propre structure. Pour suivre le flux et le rythme du c\u0153ur et des poumons. Pour pers\u00e9v\u00e9rer malgr\u00e9 des blocages et le sentiment qu\u2019on\u2026","rel":"","context":"Similar post","block_context":{"text":"Similar post","link":""},"img":{"alt_text":"","src":"","width":0,"height":0},"classes":[]},{"id":6241,"url":"https:\/\/artstella-elixirs-floraux.com\/en\/product\/compose-des-4-champignons-bloesem-remedies\/","url_meta":{"origin":6103,"position":2},"title":"COMPOS\u00c9 des 4 CHAMPIGNONS Bloesem remedies","author":"eveapprill","date":"9 March 2025","format":false,"excerpt":"Ce compos\u00e9 facilite l\u2019expression et la manifestation de qui l\u2019on est\u00a0; de fa\u00e7on \u00e0 \u00eatre capable de l\u2019exprimer clairement. Il est utile quand on a r\u00e9ussi l\u2019int\u00e9gration des aspects masculin et f\u00e9minin, mais que l\u2019intuition et la sph\u00e8re plus haute sont encore trop neuves et l\u2019on n\u2019a pas encore le\u2026","rel":"","context":"Similar post","block_context":{"text":"Similar post","link":""},"img":{"alt_text":"","src":"","width":0,"height":0},"classes":[]},{"id":6175,"url":"https:\/\/artstella-elixirs-floraux.com\/en\/product\/terra-extra-bloesem-remedies\/","url_meta":{"origin":6103,"position":3},"title":"TERRA EXTRA Bloesem Remedies","author":"eveapprill","date":"9 March 2025","format":false,"excerpt":"TERRA EXTRA \u2013 Rem\u00e8de de premiers secours Terra Extra est un compos\u00e9 d\u2019\u00e9lixirss contenant les cinq essences qui se trouvent dans le Terra standard, sauf que Myc\u00e8ne\u00a0 est remplac\u00e9 par le Coprin \u00e0 t\u00eate dor\u00e9e.","rel":"","context":"Similar post","block_context":{"text":"Similar post","link":""},"img":{"alt_text":"","src":"https:\/\/i0.wp.com\/artstella-elixirs-floraux.com\/wp-content\/uploads\/2025\/03\/wp-image2179.png?resize=350%2C200&ssl=1","width":350,"height":200},"classes":[]},{"id":2292,"url":"https:\/\/artstella-elixirs-floraux.com\/en\/product\/sphagnum-moss-alaskan\/","url_meta":{"origin":6103,"position":4},"title":"Sphagnum moss Alaskan","author":"eveapprill","date":"9 March 2025","format":false,"excerpt":"Sphagnum moss. Sphagnum sp. Sphaigne Juge et critique \u00e0 l'exc\u00e8s ; obs\u00e9d\u00e9 par les d\u00e9tails quotidiens de nos processus de gu\u00e9rison ; incapacit\u00e9 \u00e0 voir le c\u00f4t\u00e9 positif des exp\u00e9riences de transformation.","rel":"","context":"Similar post","block_context":{"text":"Similar post","link":""},"img":{"alt_text":"","src":"https:\/\/i0.wp.com\/artstella-elixirs-floraux.com\/wp-content\/uploads\/2025\/03\/wp-image584.png?resize=350%2C200&ssl=1","width":350,"height":200},"classes":[]},{"id":3819,"url":"https:\/\/artstella-elixirs-floraux.com\/en\/product\/psyche-orchid-phi\/","url_meta":{"origin":6103,"position":5},"title":"PSYCHE ORCHID PHI","author":"eveapprill","date":"9 March 2025","format":false,"excerpt":"Psyche orchid (Paphiopedilum insigne) Nous aide \u00e0 voir profond\u00e9ment en nous-m\u00eames, jusqu'\u00e0 l'inconscient pour trouver des r\u00e9ponses aux questions de notre vie. L'\u00e9lixir nous aide \u00e0 reconna\u00eetre la t\u00e2che de notre vie.","rel":"","context":"Similar post","block_context":{"text":"Similar post","link":""},"img":{"alt_text":"","src":"https:\/\/i0.wp.com\/artstella-elixirs-floraux.com\/wp-content\/uploads\/2025\/03\/wp-image516.png?resize=350%2C200&ssl=1","width":350,"height":200},"classes":[]}],"_links":{"self":[{"href":"https:\/\/artstella-elixirs-floraux.com\/en\/wp-json\/wp\/v2\/product\/6103","targetHints":{"allow":["GET"]}}],"collection":[{"href":"https:\/\/artstella-elixirs-floraux.com\/en\/wp-json\/wp\/v2\/product"}],"about":[{"href":"https:\/\/artstella-elixirs-floraux.com\/en\/wp-json\/wp\/v2\/types\/product"}],"version-history":[{"count":0,"href":"https:\/\/artstella-elixirs-floraux.com\/en\/wp-json\/wp\/v2\/product\/6103\/revisions"}],"wp:featuredmedia":[{"embeddable":true,"href":"https:\/\/artstella-elixirs-floraux.com\/en\/wp-json\/wp\/v2\/media\/6104"}],"wp:attachment":[{"href":"https:\/\/artstella-elixirs-floraux.com\/en\/wp-json\/wp\/v2\/media?parent=6103"}],"wp:term":[{"taxonomy":"product_brand","embeddable":true,"href":"https:\/\/artstella-elixirs-floraux.com\/en\/wp-json\/wp\/v2\/product_brand?post=6103"},{"taxonomy":"product_cat","embeddable":true,"href":"https:\/\/artstella-elixirs-floraux.com\/en\/wp-json\/wp\/v2\/product_cat?post=6103"},{"taxonomy":"product_tag","embeddable":true,"href":"https:\/\/artstella-elixirs-floraux.com\/en\/wp-json\/wp\/v2\/product_tag?post=6103"}],"curies":[{"name":"wp","href":"https:\/\/api.w.org\/{rel}","templated":true}]}}