{"id":6107,"date":"2025-03-09T13:52:42","date_gmt":"2025-03-09T13:52:42","guid":{"rendered":"https:\/\/artstella-elixirs-floraux.com\/product\/duo-luz-et-protection-sylfos-30-ml\/"},"modified":"2025-04-30T20:18:39","modified_gmt":"2025-04-30T20:18:39","slug":"duo-luz-et-protection-sylfos-30-ml","status":"publish","type":"product","link":"https:\/\/artstella-elixirs-floraux.com\/en\/product\/duo-luz-et-protection-sylfos-30-ml\/","title":{"rendered":"DUO LUZ et PROTECTION SYLFOS 30 ML"},"content":{"rendered":"<p>Prendre 3 \u00e0 4 gouttes de 2 \u00e0 4 x par jour dans un peu d&rsquo;eau<\/p>","protected":false},"excerpt":{"rendered":"<p><strong>Pack duo Sylfos : Luz et Protection<\/strong><\/p>\n<p>Pour retrouver clart\u00e9 et lumi\u00e8re<\/p>\n<p>Pour soutenir la protection sur plusieurs plans<\/p>","protected":false},"featured_media":7746,"template":"","meta":[],"product_brand":[],"product_cat":[138],"product_tag":[],"class_list":{"0":"post-6107","1":"product","2":"type-product","3":"status-publish","4":"has-post-thumbnail","6":"product_cat-les-composes-des-fleurs-andines","8":"first","9":"instock","10":"taxable","11":"shipping-taxable","12":"purchasable","13":"product-type-variable"},"etheme_brands":{"errors":{"invalid_taxonomy":["Invalid taxonomy."]},"error_data":[]},"jetpack_sharing_enabled":true,"jetpack-related-posts":[{"id":4080,"url":"https:\/\/artstella-elixirs-floraux.com\/en\/product\/luz-lumiere-15-ml-sylfos\/","url_meta":{"origin":6107,"position":0},"title":"LUZ \/ LUMIERE 15 ML SYLFOS","author":"eveapprill","date":"9 March 2025","format":false,"excerpt":"Aide \u00e0 maintenir les pieds sur terre, et apaise les \u00e9motions. Apporte de la \u00ab\u00a0 lumi\u00e8re\u00a0\u00bb dans une phase de sombre, voire\u00a0 \u00e0 tendance d\u00e9pressive. Permet de retrouver clart\u00e9 et objectivit\u00e9, notamment face au trop plein d\u2019information n\u00e9gatives, voire manipulatrices.","rel":"","context":"Similar post","block_context":{"text":"Similar post","link":""},"img":{"alt_text":"","src":"https:\/\/i0.wp.com\/artstella-elixirs-floraux.com\/wp-content\/uploads\/2025\/03\/63b05c56-ed71-4a24-a717-2bec00eb45d9.jpg?resize=350%2C200&ssl=1","width":350,"height":200,"srcset":"https:\/\/i0.wp.com\/artstella-elixirs-floraux.com\/wp-content\/uploads\/2025\/03\/63b05c56-ed71-4a24-a717-2bec00eb45d9.jpg?resize=350%2C200&ssl=1 1x, https:\/\/i0.wp.com\/artstella-elixirs-floraux.com\/wp-content\/uploads\/2025\/03\/63b05c56-ed71-4a24-a717-2bec00eb45d9.jpg?resize=525%2C300&ssl=1 1.5x, https:\/\/i0.wp.com\/artstella-elixirs-floraux.com\/wp-content\/uploads\/2025\/03\/63b05c56-ed71-4a24-a717-2bec00eb45d9.jpg?resize=700%2C400&ssl=1 2x"},"classes":[]},{"id":6163,"url":"https:\/\/artstella-elixirs-floraux.com\/en\/product\/duo-pater-mater-sylfos-30-ml\/","url_meta":{"origin":6107,"position":1},"title":"DUO PATER MATER SYLFOS 30 ML","author":"eveapprill","date":"9 March 2025","format":false,"excerpt":"Pack duo Sylfos : Pater Mater Pour se reconnecter au sch\u00e9ma \u00e9motionnel de la \" M\u00e8re ou du P\u00e8re Int\u00e9rieur \".\u00a0Aide \u00e0 clarifier la lign\u00e9e maternelle et\/ou paternelle, aussi bien ascendante que descendante.","rel":"","context":"Similar post","block_context":{"text":"Similar post","link":""},"img":{"alt_text":"","src":"https:\/\/i0.wp.com\/artstella-elixirs-floraux.com\/wp-content\/uploads\/2025\/03\/9f2a5b36-2fcd-415e-a491-6b478fd29eaa.jpg?resize=350%2C200&ssl=1","width":350,"height":200,"srcset":"https:\/\/i0.wp.com\/artstella-elixirs-floraux.com\/wp-content\/uploads\/2025\/03\/9f2a5b36-2fcd-415e-a491-6b478fd29eaa.jpg?resize=350%2C200&ssl=1 1x, https:\/\/i0.wp.com\/artstella-elixirs-floraux.com\/wp-content\/uploads\/2025\/03\/9f2a5b36-2fcd-415e-a491-6b478fd29eaa.jpg?resize=525%2C300&ssl=1 1.5x, https:\/\/i0.wp.com\/artstella-elixirs-floraux.com\/wp-content\/uploads\/2025\/03\/9f2a5b36-2fcd-415e-a491-6b478fd29eaa.jpg?resize=700%2C400&ssl=1 2x"},"classes":[]},{"id":12268,"url":"https:\/\/artstella-elixirs-floraux.com\/en\/product\/10-orchidee-de-la-protection-arachnis-flos-aeris-sylfos\/","url_meta":{"origin":6107,"position":2},"title":"10. ORCHID\u00c9E DE LA PROTECTION Arachnis flos-aeris Sylfos","author":"eveapprill","date":"13 March 2026","format":false,"excerpt":"\u00c9lixir de\u00a0protection \u00e9nerg\u00e9tique et de renforcement aurique. Aide \u00e0 pr\u00e9server son \u00e9nergie, \u00e0 \u00e9tablir des limites claires et \u00e0 rester stable dans des environnements charg\u00e9s.","rel":"","context":"Similar post","block_context":{"text":"Similar post","link":""},"img":{"alt_text":"","src":"https:\/\/i0.wp.com\/artstella-elixirs-floraux.com\/wp-content\/uploads\/2026\/03\/10_PROTECCION_-WEB.png?resize=350%2C200&ssl=1","width":350,"height":200},"classes":[]},{"id":4042,"url":"https:\/\/artstella-elixirs-floraux.com\/en\/product\/libertia-15-ml-sylfos\/","url_meta":{"origin":6107,"position":3},"title":"LIBERTIA SYLFOS","author":"eveapprill","date":"9 March 2025","format":false,"excerpt":"LIBERTIA Libertia sessiliflora Protection, confiance, foi en la vie. D\u00e9veloppe le sentiment de protection et favorise l\u2019acceptation de l\u2019incarnation en prenant conscience des blessures originelles de l\u2019enfant int\u00e9rieur confront\u00e9 \u00e0 la peur de l\u2019abandon.","rel":"","context":"Similar post","block_context":{"text":"Similar post","link":""},"img":{"alt_text":"","src":"","width":0,"height":0},"classes":[]},{"id":4138,"url":"https:\/\/artstella-elixirs-floraux.com\/en\/product\/duende-de-hielo-sylfos-15ml-pap\/","url_meta":{"origin":6107,"position":4},"title":"DUENDE DE HIELO SYLFOS 15ML PAP","author":"eveapprill","date":"9 March 2025","format":false,"excerpt":"DUENDE DE HIELO Callophrys irus Protection Il s\u2019agit l\u00e0 d\u2019un \u00e9lixir majeur de protection, qui repousse les \u00e9nergies et les pens\u00e9es n\u00e9gatives que d\u2019autres personnes dirigent vers nous. Il r\u00e9unit ces pens\u00e9es comme le ferait un filet et les renvoie dans la lumi\u00e8re pour les transformer.","rel":"","context":"Similar post","block_context":{"text":"Similar post","link":""},"img":{"alt_text":"","src":"","width":0,"height":0},"classes":[]},{"id":4084,"url":"https:\/\/artstella-elixirs-floraux.com\/en\/product\/protection-15-ml-sylfos\/","url_meta":{"origin":6107,"position":5},"title":"PROTECTION 15 ML SYLFOS","author":"eveapprill","date":"9 March 2025","format":false,"excerpt":"Cet \u00e9lixir cr\u00e9e un manteau protecteur au niveau physique et psychique tout en nettoyant le champ \u00e9nerg\u00e9tique. Il favorise l\u2019ancrage et la sensation de stabilit\u00e9. Il peut \u00eatre port\u00e9 dans la poche ou sous l\u2019oreiller la nuit.","rel":"","context":"Similar post","block_context":{"text":"Similar post","link":""},"img":{"alt_text":"","src":"https:\/\/i0.wp.com\/artstella-elixirs-floraux.com\/wp-content\/uploads\/2025\/03\/c979bbc8-e117-4621-96ea-cf965f840245.jpg?resize=350%2C200&ssl=1","width":350,"height":200,"srcset":"https:\/\/i0.wp.com\/artstella-elixirs-floraux.com\/wp-content\/uploads\/2025\/03\/c979bbc8-e117-4621-96ea-cf965f840245.jpg?resize=350%2C200&ssl=1 1x, https:\/\/i0.wp.com\/artstella-elixirs-floraux.com\/wp-content\/uploads\/2025\/03\/c979bbc8-e117-4621-96ea-cf965f840245.jpg?resize=525%2C300&ssl=1 1.5x, https:\/\/i0.wp.com\/artstella-elixirs-floraux.com\/wp-content\/uploads\/2025\/03\/c979bbc8-e117-4621-96ea-cf965f840245.jpg?resize=700%2C400&ssl=1 2x"},"classes":[]}],"_links":{"self":[{"href":"https:\/\/artstella-elixirs-floraux.com\/en\/wp-json\/wp\/v2\/product\/6107","targetHints":{"allow":["GET"]}}],"collection":[{"href":"https:\/\/artstella-elixirs-floraux.com\/en\/wp-json\/wp\/v2\/product"}],"about":[{"href":"https:\/\/artstella-elixirs-floraux.com\/en\/wp-json\/wp\/v2\/types\/product"}],"version-history":[{"count":0,"href":"https:\/\/artstella-elixirs-floraux.com\/en\/wp-json\/wp\/v2\/product\/6107\/revisions"}],"wp:featuredmedia":[{"embeddable":true,"href":"https:\/\/artstella-elixirs-floraux.com\/en\/wp-json\/wp\/v2\/media\/7746"}],"wp:attachment":[{"href":"https:\/\/artstella-elixirs-floraux.com\/en\/wp-json\/wp\/v2\/media?parent=6107"}],"wp:term":[{"taxonomy":"product_brand","embeddable":true,"href":"https:\/\/artstella-elixirs-floraux.com\/en\/wp-json\/wp\/v2\/product_brand?post=6107"},{"taxonomy":"product_cat","embeddable":true,"href":"https:\/\/artstella-elixirs-floraux.com\/en\/wp-json\/wp\/v2\/product_cat?post=6107"},{"taxonomy":"product_tag","embeddable":true,"href":"https:\/\/artstella-elixirs-floraux.com\/en\/wp-json\/wp\/v2\/product_tag?post=6107"}],"curies":[{"name":"wp","href":"https:\/\/api.w.org\/{rel}","templated":true}]}}