{"id":6153,"date":"2025-03-09T13:53:18","date_gmt":"2025-03-09T13:53:18","guid":{"rendered":"https:\/\/artstella-elixirs-floraux.com\/product\/frankincense-eau-florale-dencens-120ml\/"},"modified":"2025-06-08T12:34:37","modified_gmt":"2025-06-08T12:34:37","slug":"frankincense-eau-florale-dencens-120ml","status":"publish","type":"product","link":"https:\/\/artstella-elixirs-floraux.com\/en\/product\/frankincense-eau-florale-dencens-120ml\/","title":{"rendered":"Frankincense Eau florale d&rsquo;Encens 120ml"},"content":{"rendered":"","protected":false},"excerpt":{"rendered":"<p><strong>FRANKINCENSE HYDROSOL 120ML SPRAY<br \/>\n<\/strong><\/p>\n<p><strong>Eau Florale d&rsquo;Encens en spray 120ml<\/strong><\/p>\n<p>A vaporiser dans les endroits charg\u00e9s ou autour de soi<\/p>","protected":false},"featured_media":9935,"template":"","meta":[],"product_brand":[],"product_cat":[195],"product_tag":[],"class_list":{"0":"post-6153","1":"product","2":"type-product","3":"status-publish","4":"has-post-thumbnail","6":"product_cat-special-nettoyage-de-l-espace","8":"first","9":"instock","10":"taxable","11":"shipping-taxable","12":"purchasable","13":"product-type-simple"},"etheme_brands":{"errors":{"invalid_taxonomy":["Invalid taxonomy."]},"error_data":[]},"jetpack_sharing_enabled":true,"jetpack-related-posts":[{"id":6151,"url":"https:\/\/artstella-elixirs-floraux.com\/en\/product\/sauge-blanche-eau-florale-120ml\/","url_meta":{"origin":6153,"position":0},"title":"Sauge Blanche Eau florale 120ml","author":"eveapprill","date":"9 March 2025","format":false,"excerpt":"WHITE SAGE HYDROSOL 120ML ou Eau florale de Sauge Blanche EN SPRAYA vaporiser dans les pi\u00e8ces charg\u00e9es ou autour de soi","rel":"","context":"Similar post","block_context":{"text":"Similar post","link":""},"img":{"alt_text":"","src":"https:\/\/i0.wp.com\/artstella-elixirs-floraux.com\/wp-content\/uploads\/2025\/03\/07cc19b1-fb27-4a2b-8ee9-5221662c6092.jpg?resize=350%2C200&ssl=1","width":350,"height":200,"srcset":"https:\/\/i0.wp.com\/artstella-elixirs-floraux.com\/wp-content\/uploads\/2025\/03\/07cc19b1-fb27-4a2b-8ee9-5221662c6092.jpg?resize=350%2C200&ssl=1 1x, https:\/\/i0.wp.com\/artstella-elixirs-floraux.com\/wp-content\/uploads\/2025\/03\/07cc19b1-fb27-4a2b-8ee9-5221662c6092.jpg?resize=525%2C300&ssl=1 1.5x, https:\/\/i0.wp.com\/artstella-elixirs-floraux.com\/wp-content\/uploads\/2025\/03\/07cc19b1-fb27-4a2b-8ee9-5221662c6092.jpg?resize=700%2C400&ssl=1 2x"},"classes":[]},{"id":6147,"url":"https:\/\/artstella-elixirs-floraux.com\/en\/product\/sweetgrass-eau-florale-120ml\/","url_meta":{"origin":6153,"position":1},"title":"Sweetgrass Eau florale 120ml","author":"eveapprill","date":"9 March 2025","format":false,"excerpt":"SWEETGRASS HYDROSOL 60ML ou Eau florale de \"foin d'odeur\" EN SPRAYA vaporiser dans les pi\u00e8ces charg\u00e9es ou autour de soi","rel":"","context":"Similar post","block_context":{"text":"Similar post","link":""},"img":{"alt_text":"","src":"https:\/\/i0.wp.com\/artstella-elixirs-floraux.com\/wp-content\/uploads\/2025\/03\/8e64829d-e900-4cb4-a5b9-59e3272a145d.jpg?resize=350%2C200&ssl=1","width":350,"height":200,"srcset":"https:\/\/i0.wp.com\/artstella-elixirs-floraux.com\/wp-content\/uploads\/2025\/03\/8e64829d-e900-4cb4-a5b9-59e3272a145d.jpg?resize=350%2C200&ssl=1 1x, https:\/\/i0.wp.com\/artstella-elixirs-floraux.com\/wp-content\/uploads\/2025\/03\/8e64829d-e900-4cb4-a5b9-59e3272a145d.jpg?resize=525%2C300&ssl=1 1.5x, https:\/\/i0.wp.com\/artstella-elixirs-floraux.com\/wp-content\/uploads\/2025\/03\/8e64829d-e900-4cb4-a5b9-59e3272a145d.jpg?resize=700%2C400&ssl=1 2x"},"classes":[]},{"id":5875,"url":"https:\/\/artstella-elixirs-floraux.com\/en\/product\/soul-support-spray-120ml\/","url_meta":{"origin":6153,"position":2},"title":"SOUL SUPPORT SPRAY ALASKA","author":"eveapprill","date":"9 March 2025","format":false,"excerpt":"Soul support (Soutien de l\u2019\u00e2me) Correspond \u00e0 la pr\u00e9paration d\u2019urgence.","rel":"","context":"Similar post","block_context":{"text":"Similar post","link":""},"img":{"alt_text":"Sprays","src":"https:\/\/i0.wp.com\/artstella-elixirs-floraux.com\/wp-content\/uploads\/2025\/03\/7691d083-6c4b-4693-8449-eb757c5320ed.jpg?resize=350%2C200&ssl=1","width":350,"height":200,"srcset":"https:\/\/i0.wp.com\/artstella-elixirs-floraux.com\/wp-content\/uploads\/2025\/03\/7691d083-6c4b-4693-8449-eb757c5320ed.jpg?resize=350%2C200&ssl=1 1x, https:\/\/i0.wp.com\/artstella-elixirs-floraux.com\/wp-content\/uploads\/2025\/03\/7691d083-6c4b-4693-8449-eb757c5320ed.jpg?resize=525%2C300&ssl=1 1.5x, https:\/\/i0.wp.com\/artstella-elixirs-floraux.com\/wp-content\/uploads\/2025\/03\/7691d083-6c4b-4693-8449-eb757c5320ed.jpg?resize=700%2C400&ssl=1 2x"},"classes":[]},{"id":3706,"url":"https:\/\/artstella-elixirs-floraux.com\/en\/product\/clear-and-relaesing-spray-blue\/","url_meta":{"origin":6153,"position":3},"title":"CLEAR AND RELEASING SPRAY BLUE","author":"eveapprill","date":"9 March 2025","format":false,"excerpt":"Clearing and releasing (Nettoyer et lib\u00e9rer) Pour faire face \u00e0 des \u00e9nergies profond\u00e9ment ancr\u00e9es et tr\u00e8s probl\u00e9matiques, soit au niveau de l'espace soit dans l'aura. Sert de \"space-clearing\", \"bleu\" Encens, Pamplemousse et Bois de Santal","rel":"","context":"Similar post","block_context":{"text":"Similar post","link":""},"img":{"alt_text":"","src":"","width":0,"height":0},"classes":[]},{"id":5199,"url":"https:\/\/artstella-elixirs-floraux.com\/en\/product\/immediate-reflief\/","url_meta":{"origin":6153,"position":4},"title":"IMMEDIATE REFLIEF SPRAY","author":"eveapprill","date":"9 March 2025","format":false,"excerpt":"Immediate Relief Aura Spray (Soulagement imm\u00e9diat) Le spray est efficace dans les situations d\u2019urgence et les moments de stress intenses. Dans des situations traumatisantes ou simplement stressantes. \u00ab\u00a0bleu\u00a0\u00bb avec des huiles essentielles de poivre noir Encens, Bois de Santal","rel":"","context":"Similar post","block_context":{"text":"Similar post","link":""},"img":{"alt_text":"","src":"","width":0,"height":0},"classes":[]},{"id":6145,"url":"https:\/\/artstella-elixirs-floraux.com\/en\/product\/sweetgrass-eau-florale-60ml\/","url_meta":{"origin":6153,"position":5},"title":"Sweetgrass Eau florale 60ml","author":"eveapprill","date":"9 March 2025","format":false,"excerpt":"SWEETGRASS HYDROSOL 60ML ou Eau florale de \"foin d'odeur\" EN SPRAYA vaporiser dans les pi\u00e8ces charg\u00e9es ou autour de soi","rel":"","context":"Similar post","block_context":{"text":"Similar post","link":""},"img":{"alt_text":"","src":"https:\/\/i0.wp.com\/artstella-elixirs-floraux.com\/wp-content\/uploads\/2025\/03\/ac2ea1c5-bf80-4d6f-b060-c860b19b656a.jpg?resize=350%2C200&ssl=1","width":350,"height":200,"srcset":"https:\/\/i0.wp.com\/artstella-elixirs-floraux.com\/wp-content\/uploads\/2025\/03\/ac2ea1c5-bf80-4d6f-b060-c860b19b656a.jpg?resize=350%2C200&ssl=1 1x, https:\/\/i0.wp.com\/artstella-elixirs-floraux.com\/wp-content\/uploads\/2025\/03\/ac2ea1c5-bf80-4d6f-b060-c860b19b656a.jpg?resize=525%2C300&ssl=1 1.5x, https:\/\/i0.wp.com\/artstella-elixirs-floraux.com\/wp-content\/uploads\/2025\/03\/ac2ea1c5-bf80-4d6f-b060-c860b19b656a.jpg?resize=700%2C400&ssl=1 2x"},"classes":[]}],"_links":{"self":[{"href":"https:\/\/artstella-elixirs-floraux.com\/en\/wp-json\/wp\/v2\/product\/6153","targetHints":{"allow":["GET"]}}],"collection":[{"href":"https:\/\/artstella-elixirs-floraux.com\/en\/wp-json\/wp\/v2\/product"}],"about":[{"href":"https:\/\/artstella-elixirs-floraux.com\/en\/wp-json\/wp\/v2\/types\/product"}],"version-history":[{"count":0,"href":"https:\/\/artstella-elixirs-floraux.com\/en\/wp-json\/wp\/v2\/product\/6153\/revisions"}],"wp:featuredmedia":[{"embeddable":true,"href":"https:\/\/artstella-elixirs-floraux.com\/en\/wp-json\/wp\/v2\/media\/9935"}],"wp:attachment":[{"href":"https:\/\/artstella-elixirs-floraux.com\/en\/wp-json\/wp\/v2\/media?parent=6153"}],"wp:term":[{"taxonomy":"product_brand","embeddable":true,"href":"https:\/\/artstella-elixirs-floraux.com\/en\/wp-json\/wp\/v2\/product_brand?post=6153"},{"taxonomy":"product_cat","embeddable":true,"href":"https:\/\/artstella-elixirs-floraux.com\/en\/wp-json\/wp\/v2\/product_cat?post=6153"},{"taxonomy":"product_tag","embeddable":true,"href":"https:\/\/artstella-elixirs-floraux.com\/en\/wp-json\/wp\/v2\/product_tag?post=6153"}],"curies":[{"name":"wp","href":"https:\/\/api.w.org\/{rel}","templated":true}]}}