{"id":6157,"date":"2025-03-09T13:53:20","date_gmt":"2025-03-09T13:53:20","guid":{"rendered":"https:\/\/artstella-elixirs-floraux.com\/product\/flabelline-mauve-15ml-phi\/"},"modified":"2025-06-08T12:48:11","modified_gmt":"2025-06-08T12:48:11","slug":"flabelline-mauve-15ml-phi","status":"publish","type":"product","link":"https:\/\/artstella-elixirs-floraux.com\/en\/product\/flabelline-mauve-15ml-phi\/","title":{"rendered":"FLABELLINE MAUVE 15ML PHI"},"content":{"rendered":"","protected":false},"excerpt":{"rendered":"<p><strong>FLABELINE MAUVE (Flabellina affinis)<\/p>\n<p> <\/strong>Cet \u00e9lixir nous relie avec la l\u00e9g\u00e8ret\u00e9 de l\u2019Etre. Il nous aide \u00e0 voir les choses avec recul et ouvre le c\u0153ur. Nous pouvons ainsi consid\u00e9rer les choses avec plus de l\u00e9g\u00e8ret\u00e9 et accepter les gens tels qu\u2019ils sont, en les voyant avec le c\u0153ur. La compassion, le souci des autres, le comportement social sont soutenus \u00e9nerg\u00e9tiquement.<\/p>","protected":false},"featured_media":6158,"template":"","meta":[],"product_brand":[],"product_cat":[168],"product_tag":[],"class_list":{"0":"post-6157","1":"product","2":"type-product","3":"status-publish","4":"has-post-thumbnail","6":"product_cat-l-es-nouveaux-elixirs-de-la-mer","8":"first","9":"instock","10":"taxable","11":"shipping-taxable","12":"purchasable","13":"product-type-simple"},"etheme_brands":{"errors":{"invalid_taxonomy":["Invalid taxonomy."]},"error_data":[]},"jetpack_sharing_enabled":true,"jetpack-related-posts":[{"id":5722,"url":"https:\/\/artstella-elixirs-floraux.com\/en\/product\/mauve-15ml-deva\/","url_meta":{"origin":6157,"position":0},"title":"Mauve 15ml DEVA","author":"eveapprill","date":"9 March 2025","format":false,"excerpt":"Mauve Acceptation de soi, ouverture sociale. Pour accepter les processus de transformation qui se manifestent au cours de l\u2019existence, en particulier ceux li\u00e9s au vieillissement. Elixir conseill\u00e9 \u00e0 ceux qui sont mal \u00e0 l\u2019aise socialement.","rel":"","context":"Similar post","block_context":{"text":"Similar post","link":""},"img":{"alt_text":"","src":"https:\/\/i0.wp.com\/artstella-elixirs-floraux.com\/wp-content\/uploads\/2025\/03\/wp-image2419.png?resize=350%2C200&ssl=1","width":350,"height":200},"classes":[]},{"id":4450,"url":"https:\/\/artstella-elixirs-floraux.com\/en\/product\/pink-flannel-flower-bush-15-ml\/","url_meta":{"origin":6157,"position":1},"title":"PINK FLANNEL FLOWER BUSH 15 ML","author":"eveapprill","date":"9 March 2025","format":false,"excerpt":"Pink Flannel Flower Malheureux, trouver tout naturel, indiff\u00e9rent, trouver la vie morne, plate, sans \u00e9clat, facilement \u00e9nerv\u00e9, ingrat. Gratitude, \u00eatre reconnaissant, c\u0153ur ouvert, joie de vivre, l\u00e9g\u00e8ret\u00e9 de l\u2019\u00eatre, intelligence du c\u0153ur.","rel":"","context":"Similar post","block_context":{"text":"Similar post","link":""},"img":{"alt_text":"","src":"https:\/\/i0.wp.com\/artstella-elixirs-floraux.com\/wp-content\/uploads\/2025\/03\/wp-image1055.png?resize=350%2C200&ssl=1","width":350,"height":200},"classes":[]},{"id":2757,"url":"https:\/\/artstella-elixirs-floraux.com\/en\/product\/air-air-bush-white-light\/","url_meta":{"origin":6157,"position":2},"title":"AIR (Air) BUSH WHITE LIGHT","author":"eveapprill","date":"9 March 2025","format":false,"excerpt":"L'\u00c9LIXIR AIR (AIR ESSENCE) a \u00e9t\u00e9 pr\u00e9par\u00e9 au sommet de la montagne Schafberg, \u00e0 St Wolfgang en Autriche. Il permet \u00e0 chacun d\u2019atteindre des royaumes et plans spirituels plus \u00e9lev\u00e9s...","rel":"","context":"Similar post","block_context":{"text":"Similar post","link":""},"img":{"alt_text":"","src":"https:\/\/i0.wp.com\/artstella-elixirs-floraux.com\/wp-content\/uploads\/2025\/03\/5d739f8d-a2aa-4869-a1f7-b6935c8fd6f5.jpg?resize=350%2C200&ssl=1","width":350,"height":200,"srcset":"https:\/\/i0.wp.com\/artstella-elixirs-floraux.com\/wp-content\/uploads\/2025\/03\/5d739f8d-a2aa-4869-a1f7-b6935c8fd6f5.jpg?resize=350%2C200&ssl=1 1x, https:\/\/i0.wp.com\/artstella-elixirs-floraux.com\/wp-content\/uploads\/2025\/03\/5d739f8d-a2aa-4869-a1f7-b6935c8fd6f5.jpg?resize=525%2C300&ssl=1 1.5x, https:\/\/i0.wp.com\/artstella-elixirs-floraux.com\/wp-content\/uploads\/2025\/03\/5d739f8d-a2aa-4869-a1f7-b6935c8fd6f5.jpg?resize=700%2C400&ssl=1 2x"},"classes":[]},{"id":5104,"url":"https:\/\/artstella-elixirs-floraux.com\/en\/product\/silver-7-5-ml-alas-gem-sup\/","url_meta":{"origin":6157,"position":3},"title":"SILVER 7.5 ML ALAS GEM SUP","author":"eveapprill","date":"9 March 2025","format":false,"excerpt":"Silver \u2013 Argent Indications : manque d\u2019alignement entre le niveau personnel et la Volont\u00e9 Divine; intoxication aux m\u00e9taux lourds; probl\u00e9matiques chroniques dans la partie sup\u00e9rieure du corps due \u00e0 un mauvais alignement\u00a0; connexion faible avec le c\u0153ur et le moi sup\u00e9rieure","rel":"","context":"Similar post","block_context":{"text":"Similar post","link":""},"img":{"alt_text":"","src":"https:\/\/i0.wp.com\/artstella-elixirs-floraux.com\/wp-content\/uploads\/2025\/03\/wp-image1419.png?resize=350%2C200&ssl=1","width":350,"height":200},"classes":[]},{"id":5150,"url":"https:\/\/artstella-elixirs-floraux.com\/en\/product\/collier-raisting-phi\/","url_meta":{"origin":6157,"position":4},"title":"COLLIER \u00ab\u00a0RAISTING\u00a0\u00bb PHI","author":"eveapprill","date":"9 March 2025","format":false,"excerpt":"Un \u00e9lixir de \"crop circle\" avec l'\u00e9nergie du c\u0153ur et de l'amour inconditionnel du Christ. Pour aller au dela des choses mat\u00e9rielles et de l'ego et se connecter avec le coeur.","rel":"","context":"Similar post","block_context":{"text":"Similar post","link":""},"img":{"alt_text":"","src":"","width":0,"height":0},"classes":[]},{"id":12253,"url":"https:\/\/artstella-elixirs-floraux.com\/en\/product\/6-orchidee-de-la-jeunesse-epidendrum-ibaguense-sylfos\/","url_meta":{"origin":6157,"position":5},"title":"06. ORCHID\u00c9E DE LA JEUNESSE Epidendrum ibaguense Sylfos","author":"eveapprill","date":"13 March 2026","format":false,"excerpt":"\u00c9lixir de\u00a0joie et de vitalit\u00e9 \u00e9motionnelle. Ravive l\u2019enthousiasme, la curiosit\u00e9 et l\u2019ouverture du c\u0153ur. Aide \u00e0 retrouver confiance, cr\u00e9ativit\u00e9 et l\u00e9g\u00e8ret\u00e9.","rel":"","context":"Similar post","block_context":{"text":"Similar post","link":""},"img":{"alt_text":"","src":"https:\/\/i0.wp.com\/artstella-elixirs-floraux.com\/wp-content\/uploads\/2026\/03\/6_JUVENTUD_-WEB.png?resize=350%2C200&ssl=1","width":350,"height":200},"classes":[]}],"_links":{"self":[{"href":"https:\/\/artstella-elixirs-floraux.com\/en\/wp-json\/wp\/v2\/product\/6157","targetHints":{"allow":["GET"]}}],"collection":[{"href":"https:\/\/artstella-elixirs-floraux.com\/en\/wp-json\/wp\/v2\/product"}],"about":[{"href":"https:\/\/artstella-elixirs-floraux.com\/en\/wp-json\/wp\/v2\/types\/product"}],"version-history":[{"count":0,"href":"https:\/\/artstella-elixirs-floraux.com\/en\/wp-json\/wp\/v2\/product\/6157\/revisions"}],"wp:featuredmedia":[{"embeddable":true,"href":"https:\/\/artstella-elixirs-floraux.com\/en\/wp-json\/wp\/v2\/media\/6158"}],"wp:attachment":[{"href":"https:\/\/artstella-elixirs-floraux.com\/en\/wp-json\/wp\/v2\/media?parent=6157"}],"wp:term":[{"taxonomy":"product_brand","embeddable":true,"href":"https:\/\/artstella-elixirs-floraux.com\/en\/wp-json\/wp\/v2\/product_brand?post=6157"},{"taxonomy":"product_cat","embeddable":true,"href":"https:\/\/artstella-elixirs-floraux.com\/en\/wp-json\/wp\/v2\/product_cat?post=6157"},{"taxonomy":"product_tag","embeddable":true,"href":"https:\/\/artstella-elixirs-floraux.com\/en\/wp-json\/wp\/v2\/product_tag?post=6157"}],"curies":[{"name":"wp","href":"https:\/\/api.w.org\/{rel}","templated":true}]}}