{"id":6171,"date":"2025-03-09T13:53:32","date_gmt":"2025-03-09T13:53:32","guid":{"rendered":"https:\/\/artstella-elixirs-floraux.com\/product\/cafe-sylfos-15-ml\/"},"modified":"2025-04-30T20:41:02","modified_gmt":"2025-04-30T20:41:02","slug":"cafe-sylfos-15-ml","status":"publish","type":"product","link":"https:\/\/artstella-elixirs-floraux.com\/en\/product\/cafe-sylfos-15-ml\/","title":{"rendered":"CAFE SYLFOS 15 ML"},"content":{"rendered":"<p>Id\u00e9al pour les personnes ind\u00e9cises et\/ou avec un exc\u00e8s d\u2019analyse.<\/p>","protected":false},"excerpt":{"rendered":"<div>\n<table cellspacing=\"0\" cellpadding=\"0\" align=\"left\">\n<tbody>\n<tr>\n<td align=\"left\" valign=\"top\">\n<p style=\"text-align: left\"><strong>CAF\u00c9 <em>Coffea arabica<\/em>\u00a0\u00a0 <\/strong>Clart\u00e9, renouveau Am\u00e9liore l\u2019acuit\u00e9 mentale en nous aidant dans la prise de d\u00e9cision rapide. Permet de se lib\u00e9rer des coutumes et des sch\u00e9mas de comportements et\/ou de pens\u00e9e qui ne sont pas constructif pour notre cheminement actuel.<\/p>\n<\/td>\n<\/tr>\n<\/tbody>\n<\/table>\n<\/div>","protected":false},"featured_media":6172,"template":"","meta":[],"product_brand":[],"product_cat":[139],"product_tag":[],"class_list":{"0":"post-6171","1":"product","2":"type-product","3":"status-publish","4":"has-post-thumbnail","6":"product_cat-les-fleurs-andiness-upplementaires-compose","8":"first","9":"instock","10":"taxable","11":"shipping-taxable","12":"purchasable","13":"product-type-simple"},"etheme_brands":{"errors":{"invalid_taxonomy":["Invalid taxonomy."]},"error_data":[]},"jetpack_sharing_enabled":true,"jetpack-related-posts":[{"id":5706,"url":"https:\/\/artstella-elixirs-floraux.com\/en\/product\/ipomee-15-ml-deva\/","url_meta":{"origin":6171,"position":0},"title":"Ipom\u00e9e 15 ml DEVA","author":"eveapprill","date":"9 March 2025","format":false,"excerpt":"Ipom\u00e9e Vitalit\u00e9, stabilit\u00e9. Pour tonifier et rafra\u00eechir l\u2019organisme. Aide \u00e0 supporter l\u2019arr\u00eat des mauvaises habitudes (alcool, caf\u00e9, tabac...). R\u00e9gularise les rythmes de la vie quotidienne (heure des repas, du coucher).","rel":"","context":"Similar post","block_context":{"text":"Similar post","link":""},"img":{"alt_text":"","src":"https:\/\/i0.wp.com\/artstella-elixirs-floraux.com\/wp-content\/uploads\/2025\/03\/wp-image2410.png?resize=350%2C200&ssl=1","width":350,"height":200},"classes":[]}],"_links":{"self":[{"href":"https:\/\/artstella-elixirs-floraux.com\/en\/wp-json\/wp\/v2\/product\/6171","targetHints":{"allow":["GET"]}}],"collection":[{"href":"https:\/\/artstella-elixirs-floraux.com\/en\/wp-json\/wp\/v2\/product"}],"about":[{"href":"https:\/\/artstella-elixirs-floraux.com\/en\/wp-json\/wp\/v2\/types\/product"}],"version-history":[{"count":0,"href":"https:\/\/artstella-elixirs-floraux.com\/en\/wp-json\/wp\/v2\/product\/6171\/revisions"}],"wp:featuredmedia":[{"embeddable":true,"href":"https:\/\/artstella-elixirs-floraux.com\/en\/wp-json\/wp\/v2\/media\/6172"}],"wp:attachment":[{"href":"https:\/\/artstella-elixirs-floraux.com\/en\/wp-json\/wp\/v2\/media?parent=6171"}],"wp:term":[{"taxonomy":"product_brand","embeddable":true,"href":"https:\/\/artstella-elixirs-floraux.com\/en\/wp-json\/wp\/v2\/product_brand?post=6171"},{"taxonomy":"product_cat","embeddable":true,"href":"https:\/\/artstella-elixirs-floraux.com\/en\/wp-json\/wp\/v2\/product_cat?post=6171"},{"taxonomy":"product_tag","embeddable":true,"href":"https:\/\/artstella-elixirs-floraux.com\/en\/wp-json\/wp\/v2\/product_tag?post=6171"}],"curies":[{"name":"wp","href":"https:\/\/api.w.org\/{rel}","templated":true}]}}