{"id":6179,"date":"2025-03-09T13:53:38","date_gmt":"2025-03-09T13:53:38","guid":{"rendered":"https:\/\/artstella-elixirs-floraux.com\/product\/life-cycle-renewal-15ml-ltoe\/"},"modified":"2026-05-06T15:20:28","modified_gmt":"2026-05-06T15:20:28","slug":"life-cycle-renewal-15ml-ltoe","status":"publish","type":"product","link":"https:\/\/artstella-elixirs-floraux.com\/en\/product\/life-cycle-renewal-15ml-ltoe\/","title":{"rendered":"Life Cycle renewal 15ml LTOE"},"content":{"rendered":"","protected":false},"excerpt":{"rendered":"<p><strong>Life Cycle Renewal<\/strong>\u00a0 (Silver Ghost, Centre Renewal, Fruits of Love and Blue Angel) Le seul compose cr\u00e9\u00e9 sp\u00e9cialement pour accompagner les femmes. Bien que formul\u00e9 pour les femmes de plus de 50 ans, il peut aider les probl\u00e9matiques f\u00e9minines \u00e0 tout \u00e2ge.<\/p>","protected":false},"featured_media":9922,"template":"","meta":[],"product_brand":[],"product_cat":[131],"product_tag":[],"class_list":{"0":"post-6179","1":"product","2":"type-product","3":"status-publish","4":"has-post-thumbnail","6":"product_cat-les-composes","8":"first","9":"instock","10":"taxable","11":"shipping-taxable","12":"purchasable","13":"product-type-simple"},"etheme_brands":{"errors":{"invalid_taxonomy":["Invalid taxonomy."]},"error_data":[]},"jetpack_sharing_enabled":true,"jetpack-related-posts":[{"id":6078,"url":"https:\/\/artstella-elixirs-floraux.com\/en\/product\/centre-renewal-ltoe-15ml\/","url_meta":{"origin":6179,"position":0},"title":"Centre Renewal LTOE 15ML","author":"eveapprill","date":"9 March 2025","format":false,"excerpt":"Centre Renewal - Bulbophyllum carunculatum \u2013 Renouveau du centre. Le renouveau de la danse de la vie, le mouvement de la joie int\u00e9rieure. L\u2019\u00e9lixir agit \u00e0 plusieurs niveaux\u00a0: \u00e9nerg\u00e9tiquement il soutient les processus de digestion.","rel":"","context":"Similar post","block_context":{"text":"Similar post","link":""},"img":{"alt_text":"","src":"","width":0,"height":0},"classes":[]},{"id":6339,"url":"https:\/\/artstella-elixirs-floraux.com\/en\/product\/just-center-ltoe-15ml\/","url_meta":{"origin":6179,"position":1},"title":"Just center LTOE 15ml","author":"eveapprill","date":"9 March 2025","format":false,"excerpt":"Just Center (avec Just me et Center renewal) A \u00e9t\u00e9 cr\u00e9\u00e9 pour faire face \u00e0 des configurations astrologiques perturbatrices de notre bien-\u00eatre. Nous aide \u00e0 \u00eatre conscient de notre valeur intrins\u00e8que et ainsi \u00e0 ne pas \u00eatre sujet \u00e0 ces influences n\u00e9gatives. Tel un parapluie nous prot\u00e9geant d\u2019une \u00ab pluie\u2026","rel":"","context":"Similar post","block_context":{"text":"Similar post","link":""},"img":{"alt_text":"","src":"https:\/\/i0.wp.com\/artstella-elixirs-floraux.com\/wp-content\/uploads\/2025\/03\/wp-image2344.png?resize=350%2C200&ssl=1","width":350,"height":200,"srcset":"https:\/\/i0.wp.com\/artstella-elixirs-floraux.com\/wp-content\/uploads\/2025\/03\/wp-image2344.png?resize=350%2C200&ssl=1 1x, https:\/\/i0.wp.com\/artstella-elixirs-floraux.com\/wp-content\/uploads\/2025\/03\/wp-image2344.png?resize=525%2C300&ssl=1 1.5x, https:\/\/i0.wp.com\/artstella-elixirs-floraux.com\/wp-content\/uploads\/2025\/03\/wp-image2344.png?resize=700%2C400&ssl=1 2x, https:\/\/i0.wp.com\/artstella-elixirs-floraux.com\/wp-content\/uploads\/2025\/03\/wp-image2344.png?resize=1050%2C600&ssl=1 3x, https:\/\/i0.wp.com\/artstella-elixirs-floraux.com\/wp-content\/uploads\/2025\/03\/wp-image2344.png?resize=1400%2C800&ssl=1 4x"},"classes":[]},{"id":5199,"url":"https:\/\/artstella-elixirs-floraux.com\/en\/product\/immediate-reflief\/","url_meta":{"origin":6179,"position":2},"title":"IMMEDIATE REFLIEF SPRAY","author":"eveapprill","date":"9 March 2025","format":false,"excerpt":"Immediate Relief Aura Spray (Soulagement imm\u00e9diat) Le spray est efficace dans les situations d\u2019urgence et les moments de stress intenses. Dans des situations traumatisantes ou simplement stressantes. \u00ab\u00a0bleu\u00a0\u00bb avec des huiles essentielles de poivre noir Encens, Bois de Santal","rel":"","context":"Similar post","block_context":{"text":"Similar post","link":""},"img":{"alt_text":"","src":"","width":0,"height":0},"classes":[]},{"id":5884,"url":"https:\/\/artstella-elixirs-floraux.com\/en\/product\/complexe-n17-cycle-feminin-30-ml\/","url_meta":{"origin":6179,"position":3},"title":"COMPLEXE N\u00b017 Cycle f\u00e9minin 30 ml","author":"eveapprill","date":"9 March 2025","format":false,"excerpt":"Compos\u00e9 n\u00b017 Cycle f\u00e9minin DEVA 30ml Stabilit\u00e9s d'humeurs Att\u00e9nue les d\u00e9sagr\u00e9ments \u00e9motionnels li\u00e9s au syndrome pr\u00e9menstruel. Il pr\u00e9serve l'\u00e9quilibre et l'harmonie \u00e9motionnels de la femme tout au long de son cycle.","rel":"","context":"Similar post","block_context":{"text":"Similar post","link":""},"img":{"alt_text":"","src":"https:\/\/i0.wp.com\/artstella-elixirs-floraux.com\/wp-content\/uploads\/2025\/03\/3b2d9c25-2c8f-46c2-a60b-0f17e95c282c.jpg?resize=350%2C200&ssl=1","width":350,"height":200,"srcset":"https:\/\/i0.wp.com\/artstella-elixirs-floraux.com\/wp-content\/uploads\/2025\/03\/3b2d9c25-2c8f-46c2-a60b-0f17e95c282c.jpg?resize=350%2C200&ssl=1 1x, https:\/\/i0.wp.com\/artstella-elixirs-floraux.com\/wp-content\/uploads\/2025\/03\/3b2d9c25-2c8f-46c2-a60b-0f17e95c282c.jpg?resize=525%2C300&ssl=1 1.5x, https:\/\/i0.wp.com\/artstella-elixirs-floraux.com\/wp-content\/uploads\/2025\/03\/3b2d9c25-2c8f-46c2-a60b-0f17e95c282c.jpg?resize=700%2C400&ssl=1 2x"},"classes":[]},{"id":3523,"url":"https:\/\/artstella-elixirs-floraux.com\/en\/product\/spirit-of-life-15-ml-lto\/","url_meta":{"origin":6179,"position":4},"title":"SPIRIT OF LIFE 15 ML LTO","author":"eveapprill","date":"9 March 2025","format":false,"excerpt":"Spirit of life \/ Esprit de vie: contient Furnace of Life et Fire of Life. Cette pr\u00e9paration permet de lever les blocages au niveau des sch\u00e9mas ancestraux et \"tribaux\" contenus dans le premier et le deuxi\u00e8me chakra, permettant se centrer par rapport \u00e0 soi-m\u00eame.","rel":"","context":"Similar post","block_context":{"text":"Similar post","link":""},"img":{"alt_text":"","src":"https:\/\/i0.wp.com\/artstella-elixirs-floraux.com\/wp-content\/uploads\/2025\/03\/775f61b9-dca1-46e8-b2b1-240a49b4b68c.jpg?resize=350%2C200&ssl=1","width":350,"height":200,"srcset":"https:\/\/i0.wp.com\/artstella-elixirs-floraux.com\/wp-content\/uploads\/2025\/03\/775f61b9-dca1-46e8-b2b1-240a49b4b68c.jpg?resize=350%2C200&ssl=1 1x, https:\/\/i0.wp.com\/artstella-elixirs-floraux.com\/wp-content\/uploads\/2025\/03\/775f61b9-dca1-46e8-b2b1-240a49b4b68c.jpg?resize=525%2C300&ssl=1 1.5x, https:\/\/i0.wp.com\/artstella-elixirs-floraux.com\/wp-content\/uploads\/2025\/03\/775f61b9-dca1-46e8-b2b1-240a49b4b68c.jpg?resize=700%2C400&ssl=1 2x"},"classes":[]},{"id":3816,"url":"https:\/\/artstella-elixirs-floraux.com\/en\/product\/past-life-orchid-phi\/","url_meta":{"origin":6179,"position":5},"title":"PAST LIFE ORCHID PHI","author":"eveapprill","date":"9 March 2025","format":false,"excerpt":"Past life orchid (Bourgeon de Paphiopedilum harrysianum) Nous met en contact avec la connaissance profonde, dans laquelle sont contenues toutes nos m\u00e9moires. L'\u00e9lixir nous aide ainsi \u00e0 mieux comprendre l'origine de nombreux probl\u00e8mes.","rel":"","context":"Similar post","block_context":{"text":"Similar post","link":""},"img":{"alt_text":"","src":"https:\/\/i0.wp.com\/artstella-elixirs-floraux.com\/wp-content\/uploads\/2025\/03\/wp-image515.png?resize=350%2C200&ssl=1","width":350,"height":200},"classes":[]}],"_links":{"self":[{"href":"https:\/\/artstella-elixirs-floraux.com\/en\/wp-json\/wp\/v2\/product\/6179","targetHints":{"allow":["GET"]}}],"collection":[{"href":"https:\/\/artstella-elixirs-floraux.com\/en\/wp-json\/wp\/v2\/product"}],"about":[{"href":"https:\/\/artstella-elixirs-floraux.com\/en\/wp-json\/wp\/v2\/types\/product"}],"version-history":[{"count":1,"href":"https:\/\/artstella-elixirs-floraux.com\/en\/wp-json\/wp\/v2\/product\/6179\/revisions"}],"predecessor-version":[{"id":12553,"href":"https:\/\/artstella-elixirs-floraux.com\/en\/wp-json\/wp\/v2\/product\/6179\/revisions\/12553"}],"wp:featuredmedia":[{"embeddable":true,"href":"https:\/\/artstella-elixirs-floraux.com\/en\/wp-json\/wp\/v2\/media\/9922"}],"wp:attachment":[{"href":"https:\/\/artstella-elixirs-floraux.com\/en\/wp-json\/wp\/v2\/media?parent=6179"}],"wp:term":[{"taxonomy":"product_brand","embeddable":true,"href":"https:\/\/artstella-elixirs-floraux.com\/en\/wp-json\/wp\/v2\/product_brand?post=6179"},{"taxonomy":"product_cat","embeddable":true,"href":"https:\/\/artstella-elixirs-floraux.com\/en\/wp-json\/wp\/v2\/product_cat?post=6179"},{"taxonomy":"product_tag","embeddable":true,"href":"https:\/\/artstella-elixirs-floraux.com\/en\/wp-json\/wp\/v2\/product_tag?post=6179"}],"curies":[{"name":"wp","href":"https:\/\/api.w.org\/{rel}","templated":true}]}}