{"id":6182,"date":"2025-03-09T13:53:40","date_gmt":"2025-03-09T13:53:40","guid":{"rendered":"https:\/\/artstella-elixirs-floraux.com\/product\/men-homme-bush-australien-30ml\/"},"modified":"2025-05-27T09:13:35","modified_gmt":"2025-05-27T09:13:35","slug":"men-homme-bush-australien-30ml","status":"publish","type":"product","link":"https:\/\/artstella-elixirs-floraux.com\/en\/product\/men-homme-bush-australien-30ml\/","title":{"rendered":"MEN &#8211; \u00ab\u00a0Homme\u00a0\u00bb Bush Australien 30ml"},"content":{"rendered":"<p>Pour les hommes qui sont toujours dans l\u2019action, qui foncent et se d\u00e9p\u00eachent. Permet de l\u00e2cher le chagrin et la tristesse profonds. Permet de trouver et d\u2019exprimer ses sentiments.<\/p>\n<p>Contient : <em>Black-eyed Susan, Bluebell, Boab, Flannel Flower, Little Flannel Flower, Red Helmet Orchid, Sturt Desert Pea and Yellow Cowslip Orchid.<\/em><\/p>","protected":false},"excerpt":{"rendered":"<p><strong>MEN<\/strong><\/p>\n<p>Pour les homes toujours sur la br\u00e8che, ce qui peut conduire \u00e0 de l\u2019impatience et de l\u2019irritabilit\u00e9. Pour ressentir et exprimer ses sentiments.<\/p>\n<p><em>\u00a0<\/em><\/p>","protected":false},"featured_media":6183,"template":"","meta":[],"product_brand":[],"product_cat":[122],"product_tag":[],"class_list":{"0":"post-6182","1":"product","2":"type-product","3":"status-publish","4":"has-post-thumbnail","6":"product_cat-les-composes-du-bush-australien","8":"first","9":"instock","10":"taxable","11":"shipping-taxable","12":"purchasable","13":"product-type-simple"},"etheme_brands":{"errors":{"invalid_taxonomy":["Invalid taxonomy."]},"error_data":[]},"jetpack_sharing_enabled":true,"jetpack-related-posts":[{"id":2651,"url":"https:\/\/artstella-elixirs-floraux.com\/en\/product\/flannel-flower-15ml\/","url_meta":{"origin":6182,"position":0},"title":"FLANNEL FLOWER 15ml","author":"eveapprill","date":"9 March 2025","format":false,"excerpt":"\u00a0FLANNEL FLOWER Aversion d\u2019\u00eatre touch\u00e9, difficult\u00e9 \u00e0 articuler ses sentiments, \u00eatre mal \u00e0 l\u2019aise avec l\u2019intimit\u00e9 physique et \u00e9motionnelle. Douceur, sensibilit\u00e9 au toucher, joie de vivre, confiance, sensualit\u00e9.","rel":"","context":"Similar post","block_context":{"text":"Similar post","link":""},"img":{"alt_text":"","src":"https:\/\/i0.wp.com\/artstella-elixirs-floraux.com\/wp-content\/uploads\/2025\/03\/wp-image256.png?resize=350%2C200&ssl=1","width":350,"height":200},"classes":[]},{"id":2739,"url":"https:\/\/artstella-elixirs-floraux.com\/en\/product\/relationship-relationnel-bush-30ml\/","url_meta":{"origin":6182,"position":1},"title":"RELATIONSHIP Relationnel BUSH 30ml","author":"eveapprill","date":"9 March 2025","format":false,"excerpt":"Relationship -\u00a0Relationnel Aide \u00e0 am\u00e9liorer toutes les relations surtout les plus intimes. Il abolit le ressentiment et permet de donner libre cours \u00e0 ses \u00e9motions. Il supprime la confusion, la douleur et l'agitation caus\u00e9es par des relations tumultueuses.","rel":"","context":"Similar post","block_context":{"text":"Similar post","link":""},"img":{"alt_text":"","src":"https:\/\/i0.wp.com\/artstella-elixirs-floraux.com\/wp-content\/uploads\/2025\/03\/b36d3ca3-6343-487b-82d9-c5955e421302.jpg?resize=350%2C200&ssl=1","width":350,"height":200,"srcset":"https:\/\/i0.wp.com\/artstella-elixirs-floraux.com\/wp-content\/uploads\/2025\/03\/b36d3ca3-6343-487b-82d9-c5955e421302.jpg?resize=350%2C200&ssl=1 1x, https:\/\/i0.wp.com\/artstella-elixirs-floraux.com\/wp-content\/uploads\/2025\/03\/b36d3ca3-6343-487b-82d9-c5955e421302.jpg?resize=525%2C300&ssl=1 1.5x, https:\/\/i0.wp.com\/artstella-elixirs-floraux.com\/wp-content\/uploads\/2025\/03\/b36d3ca3-6343-487b-82d9-c5955e421302.jpg?resize=700%2C400&ssl=1 2x"},"classes":[]},{"id":4427,"url":"https:\/\/artstella-elixirs-floraux.com\/en\/product\/little-flannel-flower-bush-15-ml\/","url_meta":{"origin":6182,"position":2},"title":"LITTLE FLANNEL FLOWER BUSH 15 ML","author":"eveapprill","date":"9 March 2025","format":false,"excerpt":"Little Flannel Flower Renier l\u2019\u00e2me d\u2019enfant en soi, se prendre trop au s\u00e9rieux. Joie de vivre, pouvoir s\u2019amuser, \u00eatre sans soucis, spontan\u00e9it\u00e9.","rel":"","context":"Similar post","block_context":{"text":"Similar post","link":""},"img":{"alt_text":"","src":"https:\/\/i0.wp.com\/artstella-elixirs-floraux.com\/wp-content\/uploads\/2025\/03\/wp-image1040.png?resize=350%2C200&ssl=1","width":350,"height":200},"classes":[]},{"id":2741,"url":"https:\/\/artstella-elixirs-floraux.com\/en\/product\/sexuality-bush-30-ml\/","url_meta":{"origin":6182,"position":3},"title":"SEXUALITY BUSH 30 ml","author":"eveapprill","date":"9 March 2025","format":false,"excerpt":"Sexuality Aide \u00e0 combattre la honte et les effets d'abus sexuels. Permet de se sentir \u00e0 l'aise dans son corps en l'acceptant pleinement.","rel":"","context":"Similar post","block_context":{"text":"Similar post","link":""},"img":{"alt_text":"","src":"https:\/\/i0.wp.com\/artstella-elixirs-floraux.com\/wp-content\/uploads\/2025\/03\/7c97458c-aad1-4c91-bbba-533f0a37ab5a.jpg?resize=350%2C200&ssl=1","width":350,"height":200,"srcset":"https:\/\/i0.wp.com\/artstella-elixirs-floraux.com\/wp-content\/uploads\/2025\/03\/7c97458c-aad1-4c91-bbba-533f0a37ab5a.jpg?resize=350%2C200&ssl=1 1x, https:\/\/i0.wp.com\/artstella-elixirs-floraux.com\/wp-content\/uploads\/2025\/03\/7c97458c-aad1-4c91-bbba-533f0a37ab5a.jpg?resize=525%2C300&ssl=1 1.5x, https:\/\/i0.wp.com\/artstella-elixirs-floraux.com\/wp-content\/uploads\/2025\/03\/7c97458c-aad1-4c91-bbba-533f0a37ab5a.jpg?resize=700%2C400&ssl=1 2x"},"classes":[]},{"id":4450,"url":"https:\/\/artstella-elixirs-floraux.com\/en\/product\/pink-flannel-flower-bush-15-ml\/","url_meta":{"origin":6182,"position":4},"title":"PINK FLANNEL FLOWER BUSH 15 ML","author":"eveapprill","date":"9 March 2025","format":false,"excerpt":"Pink Flannel Flower Malheureux, trouver tout naturel, indiff\u00e9rent, trouver la vie morne, plate, sans \u00e9clat, facilement \u00e9nerv\u00e9, ingrat. Gratitude, \u00eatre reconnaissant, c\u0153ur ouvert, joie de vivre, l\u00e9g\u00e8ret\u00e9 de l\u2019\u00eatre, intelligence du c\u0153ur.","rel":"","context":"Similar post","block_context":{"text":"Similar post","link":""},"img":{"alt_text":"","src":"https:\/\/i0.wp.com\/artstella-elixirs-floraux.com\/wp-content\/uploads\/2025\/03\/wp-image1055.png?resize=350%2C200&ssl=1","width":350,"height":200},"classes":[]},{"id":4852,"url":"https:\/\/artstella-elixirs-floraux.com\/en\/product\/pendentif-passionate-heart\/","url_meta":{"origin":6182,"position":5},"title":"Pendentif \u00ab\u00a0Passionate heart\u00a0\u00bb","author":"eveapprill","date":"9 March 2025","format":false,"excerpt":"Pendentif \u00ab Passionate Heart\u00bb Pendentif de verre souffl\u00e9 en forme de coeur couleur rouge, rempli avec les \u00e9lixirs bush gardenia, flannel flower, little flannel flower, wedding bush et wisteria.","rel":"","context":"Similar post","block_context":{"text":"Similar post","link":""},"img":{"alt_text":"","src":"","width":0,"height":0},"classes":[]}],"_links":{"self":[{"href":"https:\/\/artstella-elixirs-floraux.com\/en\/wp-json\/wp\/v2\/product\/6182","targetHints":{"allow":["GET"]}}],"collection":[{"href":"https:\/\/artstella-elixirs-floraux.com\/en\/wp-json\/wp\/v2\/product"}],"about":[{"href":"https:\/\/artstella-elixirs-floraux.com\/en\/wp-json\/wp\/v2\/types\/product"}],"version-history":[{"count":0,"href":"https:\/\/artstella-elixirs-floraux.com\/en\/wp-json\/wp\/v2\/product\/6182\/revisions"}],"wp:featuredmedia":[{"embeddable":true,"href":"https:\/\/artstella-elixirs-floraux.com\/en\/wp-json\/wp\/v2\/media\/6183"}],"wp:attachment":[{"href":"https:\/\/artstella-elixirs-floraux.com\/en\/wp-json\/wp\/v2\/media?parent=6182"}],"wp:term":[{"taxonomy":"product_brand","embeddable":true,"href":"https:\/\/artstella-elixirs-floraux.com\/en\/wp-json\/wp\/v2\/product_brand?post=6182"},{"taxonomy":"product_cat","embeddable":true,"href":"https:\/\/artstella-elixirs-floraux.com\/en\/wp-json\/wp\/v2\/product_cat?post=6182"},{"taxonomy":"product_tag","embeddable":true,"href":"https:\/\/artstella-elixirs-floraux.com\/en\/wp-json\/wp\/v2\/product_tag?post=6182"}],"curies":[{"name":"wp","href":"https:\/\/api.w.org\/{rel}","templated":true}]}}