{"id":6205,"date":"2025-03-09T13:54:26","date_gmt":"2025-03-09T13:54:26","guid":{"rendered":"https:\/\/artstella-elixirs-floraux.com\/product\/elixir-ocean-n23-phi-15ml\/"},"modified":"2025-06-08T12:48:09","modified_gmt":"2025-06-08T12:48:09","slug":"elixir-ocean-n23-phi-15ml","status":"publish","type":"product","link":"https:\/\/artstella-elixirs-floraux.com\/en\/product\/elixir-ocean-n23-phi-15ml\/","title":{"rendered":"ELIXIR OCEAN N\u00b023 PHI 15ML"},"content":{"rendered":"<p>Favorise les relations de concert dans la danse du plaisir.<\/p>","protected":false},"excerpt":{"rendered":"<p>\u00a0<strong style=\"font-size: 10pt;font-family: arial, helvetica, sans-serif\"><span style=\"font-size: 11.0pt;font-family: 'Calibri','sans-serif'\">ELIXIR OCEAN N\u00b023<\/span><\/strong>agit \u00e9nerg\u00e9tiquement sur les peurs tr\u00e8s profond\u00e9ment ancr\u00e9es dans le subconscient. Il nous aide \u00e0 rel\u00e2cher les peurs dans les relations. Nous apprenons \u00e0 donner \u00e0 l\u2019autre la libert\u00e9 dont il \/ elle a besoin pour retrouver une pleine confiance. Pour laisser la libert\u00e9, vivre la libert\u00e9 et vivre ensemble dans l\u2019amour les uns pour les autres.<strong> <br \/><\/strong><\/p>\n<\/p>\n<p>\u00a0<\/p>\n<p><!--[if gte mso 9]&gt;--><\/p>\n<p>  12.00<\/p>\n<p><!--[if gte mso 9]&gt;--><\/p>\n<p>  Normal<br \/>\n  0<\/p>\n<p>  21<\/p>\n<p>  false<br \/>\n  false<br \/>\n  false<\/p>\n<p>  FR<br \/>\n  X-NONE<br \/>\n  X-NONE<\/p>\n<p><!--[if gte mso 9]&gt;--><\/p>\n<p><!--[if gte mso 10]&gt;--><\/p>\n<p> \/* Style Definitions *\/<br \/>\n table.MsoNormalTable<br \/>\n\t{mso-style-name:\u00a0\u00bbTableau Normal\u00a0\u00bb;<br \/>\n\tmso-tstyle-rowband-size:0;<br \/>\n\tmso-tstyle-colband-size:0;<br \/>\n\tmso-style-noshow:yes;<br \/>\n\tmso-style-priority:99;<br \/>\n\tmso-style-qformat:yes;<br \/>\n\tmso-style-parent:\u00a0\u00bb\u00a0\u00bb;<br \/>\n\tmso-padding-alt:0cm 5.4pt 0cm 5.4pt;<br \/>\n\tmso-para-margin:0cm;<br \/>\n\tmso-para-margin-bottom:.0001pt;<br \/>\n\tmso-pagination:widow-orphan;<br \/>\n\tfont-size:11.0pt;<br \/>\n\tfont-family:\u00a0\u00bbCalibri\u00a0\u00bb,\u00a0\u00bbsans-serif\u00a0\u00bb;<br \/>\n\tmso-ascii-font-family:Calibri;<br \/>\n\tmso-ascii-theme-font:minor-latin;<br \/>\n\tmso-fareast-font-family:\u00a0\u00bbTimes New Roman\u00a0\u00bb;<br \/>\n\tmso-fareast-theme-font:minor-fareast;<br \/>\n\tmso-hansi-font-family:Calibri;<br \/>\n\tmso-hansi-theme-font:minor-latin;<br \/>\n\tmso-bidi-font-family:\u00a0\u00bbTimes New Roman\u00a0\u00bb;<br \/>\n\tmso-bidi-theme-font:minor-bidi;}<\/p>\n<p><!--[if gte mso 9]&gt;--><\/p>\n<p>  12.00<\/p>\n<p><!--[if gte mso 9]&gt;--><\/p>\n<p>  Normal<br \/>\n  0<\/p>\n<p>  21<\/p>\n<p>  false<br \/>\n  false<br \/>\n  false<\/p>\n<p>  FR<br \/>\n  X-NONE<br \/>\n  X-NONE<\/p>\n<p><!--[if gte mso 9]&gt;--><\/p>\n<p><!--[if gte mso 10]&gt;--><\/p>\n<p> \/* Style Definitions *\/<br \/>\n table.MsoNormalTable<br \/>\n\t{mso-style-name:\u00a0\u00bbTableau Normal\u00a0\u00bb;<br \/>\n\tmso-tstyle-rowband-size:0;<br \/>\n\tmso-tstyle-colband-size:0;<br \/>\n\tmso-style-noshow:yes;<br \/>\n\tmso-style-priority:99;<br \/>\n\tmso-style-qformat:yes;<br \/>\n\tmso-style-parent:\u00a0\u00bb\u00a0\u00bb;<br \/>\n\tmso-padding-alt:0cm 5.4pt 0cm 5.4pt;<br \/>\n\tmso-para-margin:0cm;<br \/>\n\tmso-para-margin-bottom:.0001pt;<br \/>\n\tmso-pagination:widow-orphan;<br \/>\n\tfont-size:11.0pt;<br \/>\n\tfont-family:\u00a0\u00bbCalibri\u00a0\u00bb,\u00a0\u00bbsans-serif\u00a0\u00bb;<br \/>\n\tmso-ascii-font-family:Calibri;<br \/>\n\tmso-ascii-theme-font:minor-latin;<br \/>\n\tmso-fareast-font-family:\u00a0\u00bbTimes New Roman\u00a0\u00bb;<br \/>\n\tmso-fareast-theme-font:minor-fareast;<br \/>\n\tmso-hansi-font-family:Calibri;<br \/>\n\tmso-hansi-theme-font:minor-latin;<br \/>\n\tmso-bidi-font-family:\u00a0\u00bbTimes New Roman\u00a0\u00bb;<br \/>\n\tmso-bidi-theme-font:minor-bidi;}<\/p>\n","protected":false},"featured_media":6206,"template":"","meta":[],"product_brand":[],"product_cat":[193],"product_tag":[],"class_list":{"0":"post-6205","1":"product","2":"type-product","3":"status-publish","4":"has-post-thumbnail","6":"product_cat-les-elixirs-ocean","8":"first","9":"instock","10":"taxable","11":"shipping-taxable","12":"purchasable","13":"product-type-simple"},"etheme_brands":{"errors":{"invalid_taxonomy":["Invalid taxonomy."]},"error_data":[]},"jetpack_sharing_enabled":true,"jetpack-related-posts":[{"id":6380,"url":"https:\/\/artstella-elixirs-floraux.com\/en\/product\/elixir-ocean-n41-phi-15-ml\/","url_meta":{"origin":6205,"position":0},"title":"Elixir Ocean n\u00b041 PHI 15 ml","author":"eveapprill","date":"9 March 2025","format":false,"excerpt":"800x600 Normal 0 21 false false false FR X-NONE X-NONE \/* Style Definitions *\/ table.MsoNormalTable {mso-style-name:\"Tableau Normal\"; mso-tstyle-rowband-size:0; mso-tstyle-colband-size:0; mso-style-noshow:yes; mso-style-priority:99; mso-style-parent:\"\"; mso-padding-alt:0cm 5.4pt 0cm 5.4pt; mso-para-margin:0cm; mso-para-margin-bottom:.0001pt; mso-pagination:widow-orphan; font-size:10.0pt; font-family:\"Calibri\",sans-serif; mso-bidi-font-family:\"Times New Roman\";} Cet \u00e9lixir apporte r\u00e9sistance et pers\u00e9v\u00e9rance. En particulier dans les moments difficiles, il nous aide \u00e0\u2026","rel":"","context":"Similar post","block_context":{"text":"Similar post","link":""},"img":{"alt_text":"","src":"https:\/\/i0.wp.com\/artstella-elixirs-floraux.com\/wp-content\/uploads\/2025\/03\/wp-image2461.png?resize=350%2C200&ssl=1","width":350,"height":200},"classes":[]},{"id":6382,"url":"https:\/\/artstella-elixirs-floraux.com\/en\/product\/elixir-ocean-n42-phi-15-ml\/","url_meta":{"origin":6205,"position":1},"title":"Elixir Ocean n\u00b042 PHI 15 ml","author":"eveapprill","date":"9 March 2025","format":false,"excerpt":"800x600 Normal 0 21 false false false FR X-NONE X-NONE \/* Style Definitions *\/ table.MsoNormalTable {mso-style-name:\"Tableau Normal\"; mso-tstyle-rowband-size:0; mso-tstyle-colband-size:0; mso-style-noshow:yes; mso-style-priority:99; mso-style-parent:\"\"; mso-padding-alt:0cm 5.4pt 0cm 5.4pt; mso-para-margin:0cm; mso-para-margin-bottom:.0001pt; mso-pagination:widow-orphan; font-size:10.0pt; font-family:\"Calibri\",sans-serif; mso-bidi-font-family:\"Times New Roman\";} L\u2019\u00e9lixir apporte clart\u00e9 et transparence. \u00c9nerg\u00e9tiquement son action soutient le 2\u00e8me chakra;","rel":"","context":"Similar post","block_context":{"text":"Similar post","link":""},"img":{"alt_text":"","src":"https:\/\/i0.wp.com\/artstella-elixirs-floraux.com\/wp-content\/uploads\/2025\/03\/wp-image2462.png?resize=350%2C200&ssl=1","width":350,"height":200},"classes":[]},{"id":6203,"url":"https:\/\/artstella-elixirs-floraux.com\/en\/product\/elixir-ocean-n-22-phi-15ml\/","url_meta":{"origin":6205,"position":2},"title":"ELIXIR OCEAN N\u00b0 22 PHI 15ml","author":"eveapprill","date":"9 March 2025","format":false,"excerpt":"ELIXIR OCEAN N\u00b0 22\u00a0 aide \u00e0 se centrer \u00e9motionnellement et \u00e0 s'harmoniser. Il aide les personnes ayant tendance \u00e0 vouloir contr\u00f4ler les autres \u00e0 pouvoir l\u00e2cher prise. Il favorise \u00e9nerg\u00e9tiquement la lib\u00e9ration de peurs telle la perte de contr\u00f4le.","rel":"","context":"Similar post","block_context":{"text":"Similar post","link":""},"img":{"alt_text":"","src":"https:\/\/i0.wp.com\/artstella-elixirs-floraux.com\/wp-content\/uploads\/2025\/03\/wp-image2196.png?resize=350%2C200&ssl=1","width":350,"height":200},"classes":[]},{"id":6211,"url":"https:\/\/artstella-elixirs-floraux.com\/en\/product\/elixir-ocean-n-26-phi-15ml\/","url_meta":{"origin":6205,"position":3},"title":"ELIXIR OCEAN N\u00b0 26 PHI 15ml","author":"eveapprill","date":"9 March 2025","format":false,"excerpt":"ELIXIR OCEAN N\u00b0 26\u00a0 agit au niveau de l\u2019inconscient profond. Des sentiments profonds de peurs ou d\u2019ins\u00e9curit\u00e9 peuvent \u00eatre conscientis\u00e9s. Il am\u00e9liore et renforce la paix int\u00e9rieure et la confiance. Gr\u00e2ce \u00e0 cette confiance renouvel\u00e9e, il devient possible de se lib\u00e9rer des choses anciennes de fa\u00e7on \u00e0 pouvoir progresser int\u00e9rieurement.","rel":"","context":"Similar post","block_context":{"text":"Similar post","link":""},"img":{"alt_text":"","src":"","width":0,"height":0},"classes":[]},{"id":6066,"url":"https:\/\/artstella-elixirs-floraux.com\/en\/product\/elixir-ocean-n19-phi-15ml\/","url_meta":{"origin":6205,"position":4},"title":"ELIXIR OCEAN N\u00b019 PHI 15ML","author":"eveapprill","date":"9 March 2025","format":false,"excerpt":"L\u2019\u00e9lixir stimule \u00e9nerg\u00e9tiquement le m\u00e9tabolisme et les processus internes. Sur le plan \u00e9motionnel, l\u2019\u00e9lixir apporte une lib\u00e9ration int\u00e9rieure, il aide \u00e0 l\u00e2cher consciemment l\u2019ancien et des \u00e9motions de fa\u00e7on \u00e0 laisser la place \u00e0 de nouvelles id\u00e9es et suggestions.","rel":"","context":"Similar post","block_context":{"text":"Similar post","link":""},"img":{"alt_text":"","src":"https:\/\/i0.wp.com\/artstella-elixirs-floraux.com\/wp-content\/uploads\/2025\/03\/wp-image2057.png?resize=350%2C200&ssl=1","width":350,"height":200},"classes":[]},{"id":6036,"url":"https:\/\/artstella-elixirs-floraux.com\/en\/product\/elixir-ocean-n04-phi15ml\/","url_meta":{"origin":6205,"position":5},"title":"ELIXIR OCEAN N\u00b004 PHI15ML","author":"eveapprill","date":"9 March 2025","format":false,"excerpt":"A partir des profondeurs du subconscient, l\u2019\u00e9lixir nous aide \u00e0 avancer lentement mais surement. Il permet de s\u2019orienter et de (re) trouver notre espace int\u00e9rieur. Nous n\u2019avons plus besoin d\u2019\u00eatre transparents et pouvons revendiquer notre place dans la vie.","rel":"","context":"Similar post","block_context":{"text":"Similar post","link":""},"img":{"alt_text":"","src":"https:\/\/i0.wp.com\/artstella-elixirs-floraux.com\/wp-content\/uploads\/2025\/03\/wp-image2042.png?resize=350%2C200&ssl=1","width":350,"height":200},"classes":[]}],"_links":{"self":[{"href":"https:\/\/artstella-elixirs-floraux.com\/en\/wp-json\/wp\/v2\/product\/6205","targetHints":{"allow":["GET"]}}],"collection":[{"href":"https:\/\/artstella-elixirs-floraux.com\/en\/wp-json\/wp\/v2\/product"}],"about":[{"href":"https:\/\/artstella-elixirs-floraux.com\/en\/wp-json\/wp\/v2\/types\/product"}],"version-history":[{"count":0,"href":"https:\/\/artstella-elixirs-floraux.com\/en\/wp-json\/wp\/v2\/product\/6205\/revisions"}],"wp:featuredmedia":[{"embeddable":true,"href":"https:\/\/artstella-elixirs-floraux.com\/en\/wp-json\/wp\/v2\/media\/6206"}],"wp:attachment":[{"href":"https:\/\/artstella-elixirs-floraux.com\/en\/wp-json\/wp\/v2\/media?parent=6205"}],"wp:term":[{"taxonomy":"product_brand","embeddable":true,"href":"https:\/\/artstella-elixirs-floraux.com\/en\/wp-json\/wp\/v2\/product_brand?post=6205"},{"taxonomy":"product_cat","embeddable":true,"href":"https:\/\/artstella-elixirs-floraux.com\/en\/wp-json\/wp\/v2\/product_cat?post=6205"},{"taxonomy":"product_tag","embeddable":true,"href":"https:\/\/artstella-elixirs-floraux.com\/en\/wp-json\/wp\/v2\/product_tag?post=6205"}],"curies":[{"name":"wp","href":"https:\/\/api.w.org\/{rel}","templated":true}]}}