{"id":6245,"date":"2025-03-09T13:54:57","date_gmt":"2025-03-09T13:54:57","guid":{"rendered":"https:\/\/artstella-elixirs-floraux.com\/product\/compose-g-s-m-combinatie-bloesem-r\/"},"modified":"2026-01-28T22:00:29","modified_gmt":"2026-01-28T22:00:29","slug":"compose-g-s-m-combinatie-bloesem-r","status":"publish","type":"product","link":"https:\/\/artstella-elixirs-floraux.com\/en\/product\/compose-g-s-m-combinatie-bloesem-r\/","title":{"rendered":"COMPOS\u00c9 G.S.M. Combinatie Bloesem R"},"content":{"rendered":"<p><em>Ce compos\u00e9 r\u00e9unit le Myc\u00e8ne, Terra, et Impatiens<\/em><\/p>","protected":false},"excerpt":{"rendered":"<p>Il aide \u00e0 se prot\u00e9ger contre la radiation des t\u00e9l\u00e9phones portables. Mettre quelques gouttes de rem\u00e8de sur la t\u00eate sur la partie en contact avec l\u2019appareil. Quand on souffre d\u00e9j\u00e0 de maux de t\u00eate \u00e0 cause d\u2019un usage excessif du t\u00e9l\u00e9phone, on peut appliquer une goutte sur l\u2019endroit douloureux \u00e0 plusieurs reprises. Peut \u00eatre indiqu\u00e9 pour ceux qui sont trop sensibles \u00e0 l\u2019\u00e9lectricit\u00e9.<\/p>","protected":false},"featured_media":6246,"template":"","meta":[],"product_brand":[],"product_cat":[181],"product_tag":[],"class_list":{"0":"post-6245","1":"product","2":"type-product","3":"status-publish","4":"has-post-thumbnail","6":"product_cat-nouveaux-composes-hollandais","8":"first","9":"instock","10":"taxable","11":"shipping-taxable","12":"purchasable","13":"product-type-variable"},"etheme_brands":{"errors":{"invalid_taxonomy":["Invalid taxonomy."]},"error_data":[]},"jetpack_sharing_enabled":true,"jetpack-related-posts":[{"id":6241,"url":"https:\/\/artstella-elixirs-floraux.com\/en\/product\/compose-des-4-champignons-bloesem-remedies\/","url_meta":{"origin":6245,"position":0},"title":"COMPOS\u00c9 des 4 CHAMPIGNONS Bloesem remedies","author":"eveapprill","date":"9 March 2025","format":false,"excerpt":"Ce compos\u00e9 facilite l\u2019expression et la manifestation de qui l\u2019on est\u00a0; de fa\u00e7on \u00e0 \u00eatre capable de l\u2019exprimer clairement. Il est utile quand on a r\u00e9ussi l\u2019int\u00e9gration des aspects masculin et f\u00e9minin, mais que l\u2019intuition et la sph\u00e8re plus haute sont encore trop neuves et l\u2019on n\u2019a pas encore le\u2026","rel":"","context":"Similar post","block_context":{"text":"Similar post","link":""},"img":{"alt_text":"","src":"","width":0,"height":0},"classes":[]},{"id":5472,"url":"https:\/\/artstella-elixirs-floraux.com\/en\/product\/terra-bloesem-10-ml\/","url_meta":{"origin":6245,"position":1},"title":"TERRA BLOESEM 10 ML","author":"eveapprill","date":"9 March 2025","format":false,"excerpt":"Terra, (Ang\u00e9lique, Cl\u00e9matite, Mycena, Cephalanth\u00e8re rouge, , Yeloow star tulip) Combinaison d\u2019urgence.","rel":"","context":"Similar post","block_context":{"text":"Similar post","link":""},"img":{"alt_text":"","src":"","width":0,"height":0},"classes":[]},{"id":3481,"url":"https:\/\/artstella-elixirs-floraux.com\/en\/product\/celestial-defender-ltoe-15-ml\/","url_meta":{"origin":6245,"position":2},"title":"CELESTIAL DEFENDER LTOE 15 ML","author":"eveapprill","date":"9 March 2025","format":false,"excerpt":"Celestial Defender \/ Defenseur c\u00e9leste (Defender from the Dark et de Celestial Siren)\u00a0: invite \u00e0 s\u2019ouvrir au divin en douceur. Il peut y avoir un certain risque de manque de protection dans le voyage transcendantal. En cr\u00e9ant un espace de protection, l\u2019effet de Celestial Siren peut mieux se d\u00e9ployer. D\u2019une\u2026","rel":"","context":"Similar post","block_context":{"text":"Similar post","link":""},"img":{"alt_text":"","src":"https:\/\/i0.wp.com\/artstella-elixirs-floraux.com\/wp-content\/uploads\/2025\/03\/d9ad2e65-71c0-4959-abee-9c1ddf9aaa2c.jpg?resize=350%2C200&ssl=1","width":350,"height":200,"srcset":"https:\/\/i0.wp.com\/artstella-elixirs-floraux.com\/wp-content\/uploads\/2025\/03\/d9ad2e65-71c0-4959-abee-9c1ddf9aaa2c.jpg?resize=350%2C200&ssl=1 1x, https:\/\/i0.wp.com\/artstella-elixirs-floraux.com\/wp-content\/uploads\/2025\/03\/d9ad2e65-71c0-4959-abee-9c1ddf9aaa2c.jpg?resize=525%2C300&ssl=1 1.5x, https:\/\/i0.wp.com\/artstella-elixirs-floraux.com\/wp-content\/uploads\/2025\/03\/d9ad2e65-71c0-4959-abee-9c1ddf9aaa2c.jpg?resize=700%2C400&ssl=1 2x"},"classes":[]},{"id":5350,"url":"https:\/\/artstella-elixirs-floraux.com\/en\/product\/fireweed-combo-alaskan\/","url_meta":{"origin":6245,"position":3},"title":"FIREWEED COMBO ALASKAN","author":"eveapprill","date":"9 March 2025","format":false,"excerpt":"FIREWEED COMBO (Combi d\u2019\u00e9pilobes) (Gouttes uniquement) Accompagne les processus de transformation, de changement et de renouveau.\u00a0","rel":"","context":"Similar post","block_context":{"text":"Similar post","link":""},"img":{"alt_text":"combinaison d'elixirs","src":"https:\/\/i0.wp.com\/artstella-elixirs-floraux.com\/wp-content\/uploads\/2025\/03\/a08df189-167a-48b8-9489-c84019eaf64b.jpg?resize=350%2C200&ssl=1","width":350,"height":200,"srcset":"https:\/\/i0.wp.com\/artstella-elixirs-floraux.com\/wp-content\/uploads\/2025\/03\/a08df189-167a-48b8-9489-c84019eaf64b.jpg?resize=350%2C200&ssl=1 1x, https:\/\/i0.wp.com\/artstella-elixirs-floraux.com\/wp-content\/uploads\/2025\/03\/a08df189-167a-48b8-9489-c84019eaf64b.jpg?resize=525%2C300&ssl=1 1.5x, https:\/\/i0.wp.com\/artstella-elixirs-floraux.com\/wp-content\/uploads\/2025\/03\/a08df189-167a-48b8-9489-c84019eaf64b.jpg?resize=700%2C400&ssl=1 2x"},"classes":[]},{"id":6107,"url":"https:\/\/artstella-elixirs-floraux.com\/en\/product\/duo-luz-et-protection-sylfos-30-ml\/","url_meta":{"origin":6245,"position":4},"title":"DUO LUZ et PROTECTION SYLFOS 30 ML","author":"eveapprill","date":"9 March 2025","format":false,"excerpt":"Pack duo Sylfos : Luz et Protection Pour retrouver clart\u00e9 et lumi\u00e8re Pour soutenir la protection sur plusieurs plans","rel":"","context":"Similar post","block_context":{"text":"Similar post","link":""},"img":{"alt_text":"","src":"https:\/\/i0.wp.com\/artstella-elixirs-floraux.com\/wp-content\/uploads\/2025\/03\/66832f0f-31b0-47f3-a537-07a4d4027f22.jpg?resize=350%2C200&ssl=1","width":350,"height":200,"srcset":"https:\/\/i0.wp.com\/artstella-elixirs-floraux.com\/wp-content\/uploads\/2025\/03\/66832f0f-31b0-47f3-a537-07a4d4027f22.jpg?resize=350%2C200&ssl=1 1x, https:\/\/i0.wp.com\/artstella-elixirs-floraux.com\/wp-content\/uploads\/2025\/03\/66832f0f-31b0-47f3-a537-07a4d4027f22.jpg?resize=525%2C300&ssl=1 1.5x, https:\/\/i0.wp.com\/artstella-elixirs-floraux.com\/wp-content\/uploads\/2025\/03\/66832f0f-31b0-47f3-a537-07a4d4027f22.jpg?resize=700%2C400&ssl=1 2x"},"classes":[]},{"id":5474,"url":"https:\/\/artstella-elixirs-floraux.com\/en\/product\/terra-bloesem-30ml\/","url_meta":{"origin":6245,"position":5},"title":"TERRA BLOESEM 30ML","author":"eveapprill","date":"9 March 2025","format":false,"excerpt":"Terra, (Ang\u00e9lique, Cl\u00e9matite, Mycena, Cephalanth\u00e8re rouge, , Yeloow star tulip) Combinaison d\u2019urgence. Il am\u00e9liore l\u2019ancrage dans\u00a0 les moments difficiles, dans les cas de peurs, d\u2019examens, d\u2019accidents, de choc, de traumatisme, ou les moments de changements d\u2019humeur","rel":"","context":"Similar post","block_context":{"text":"Similar post","link":""},"img":{"alt_text":"","src":"","width":0,"height":0},"classes":[]}],"_links":{"self":[{"href":"https:\/\/artstella-elixirs-floraux.com\/en\/wp-json\/wp\/v2\/product\/6245","targetHints":{"allow":["GET"]}}],"collection":[{"href":"https:\/\/artstella-elixirs-floraux.com\/en\/wp-json\/wp\/v2\/product"}],"about":[{"href":"https:\/\/artstella-elixirs-floraux.com\/en\/wp-json\/wp\/v2\/types\/product"}],"version-history":[{"count":1,"href":"https:\/\/artstella-elixirs-floraux.com\/en\/wp-json\/wp\/v2\/product\/6245\/revisions"}],"predecessor-version":[{"id":12047,"href":"https:\/\/artstella-elixirs-floraux.com\/en\/wp-json\/wp\/v2\/product\/6245\/revisions\/12047"}],"wp:featuredmedia":[{"embeddable":true,"href":"https:\/\/artstella-elixirs-floraux.com\/en\/wp-json\/wp\/v2\/media\/6246"}],"wp:attachment":[{"href":"https:\/\/artstella-elixirs-floraux.com\/en\/wp-json\/wp\/v2\/media?parent=6245"}],"wp:term":[{"taxonomy":"product_brand","embeddable":true,"href":"https:\/\/artstella-elixirs-floraux.com\/en\/wp-json\/wp\/v2\/product_brand?post=6245"},{"taxonomy":"product_cat","embeddable":true,"href":"https:\/\/artstella-elixirs-floraux.com\/en\/wp-json\/wp\/v2\/product_cat?post=6245"},{"taxonomy":"product_tag","embeddable":true,"href":"https:\/\/artstella-elixirs-floraux.com\/en\/wp-json\/wp\/v2\/product_tag?post=6245"}],"curies":[{"name":"wp","href":"https:\/\/api.w.org\/{rel}","templated":true}]}}