{"id":6251,"date":"2025-03-09T13:55:02","date_gmt":"2025-03-09T13:55:02","guid":{"rendered":"https:\/\/artstella-elixirs-floraux.com\/product\/elixir-ocean-n35-phi\/"},"modified":"2025-06-08T12:56:07","modified_gmt":"2025-06-08T12:56:07","slug":"elixir-ocean-n35-phi","status":"publish","type":"product","link":"https:\/\/artstella-elixirs-floraux.com\/en\/product\/elixir-ocean-n35-phi\/","title":{"rendered":"ELIXIR OCEAN N\u00b035 PHI"},"content":{"rendered":"<p>Il apporte une lumi\u00e8re int\u00e9rieure d\u2019espoir. Nous apprenons \u00e0 d\u00e9velopper de nouvelles perspectives. Nous nous rappelons que nous sommes tous li\u00e9s \u00e0 Dieu et sa lumi\u00e8re et nous pouvons re-trouver la confiance en la protection divine.<\/p>","protected":false},"excerpt":{"rendered":"<p>L\u2019\u00e9lixir aide les personnes qui se sentent au fond du trou, emplis de doutes et ne voient pas d\u2019issue.<\/p>","protected":false},"featured_media":6252,"template":"","meta":[],"product_brand":[],"product_cat":[193],"product_tag":[],"class_list":{"0":"post-6251","1":"product","2":"type-product","3":"status-publish","4":"has-post-thumbnail","6":"product_cat-les-elixirs-ocean","8":"first","9":"instock","10":"taxable","11":"shipping-taxable","12":"purchasable","13":"product-type-simple"},"etheme_brands":{"errors":{"invalid_taxonomy":["Invalid taxonomy."]},"error_data":[]},"jetpack_sharing_enabled":true,"jetpack-related-posts":[{"id":3583,"url":"https:\/\/artstella-elixirs-floraux.com\/en\/product\/lumiere-radieuse-15-ml-ltoe\/","url_meta":{"origin":6251,"position":0},"title":"Golden Radiance 15 ml LTOE","author":"eveapprill","date":"9 March 2025","format":false,"excerpt":"Lumi\u00e8re radieuse\/Golden Radiance (Phragmipedium St. Ouen) De tous les \u00e9lixirs LT, cet \u00e9lixir est probablement celui dont l\u2019application est la plus universelle.","rel":"","context":"Similar post","block_context":{"text":"Similar post","link":""},"img":{"alt_text":"","src":"https:\/\/i0.wp.com\/artstella-elixirs-floraux.com\/wp-content\/uploads\/2025\/03\/686926e2-541a-4130-9bbd-8516aee47a7e.jpg?resize=350%2C200&ssl=1","width":350,"height":200,"srcset":"https:\/\/i0.wp.com\/artstella-elixirs-floraux.com\/wp-content\/uploads\/2025\/03\/686926e2-541a-4130-9bbd-8516aee47a7e.jpg?resize=350%2C200&ssl=1 1x, https:\/\/i0.wp.com\/artstella-elixirs-floraux.com\/wp-content\/uploads\/2025\/03\/686926e2-541a-4130-9bbd-8516aee47a7e.jpg?resize=525%2C300&ssl=1 1.5x, https:\/\/i0.wp.com\/artstella-elixirs-floraux.com\/wp-content\/uploads\/2025\/03\/686926e2-541a-4130-9bbd-8516aee47a7e.jpg?resize=700%2C400&ssl=1 2x"},"classes":[]},{"id":6064,"url":"https:\/\/artstella-elixirs-floraux.com\/en\/product\/elixir-ocean-n18-phi-15ml\/","url_meta":{"origin":6251,"position":1},"title":"ELIXIR OCEAN N\u00b018 PHI 15ML","author":"eveapprill","date":"9 March 2025","format":false,"excerpt":"L\u2019\u00e9lixir aide \u00e0 nettoyer le corps mental. Son action commence dans la zone de la t\u00eate, les pens\u00e9es peuvent s\u2019\u00e9claircir et \u00eatre trait\u00e9es avec plus de facilit\u00e9. La t\u00eate est libre, les pens\u00e9es claires et conscientes. Ensuite, cette lumi\u00e8re coule dans le corps.","rel":"","context":"Similar post","block_context":{"text":"Similar post","link":""},"img":{"alt_text":"","src":"","width":0,"height":0},"classes":[]},{"id":2759,"url":"https:\/\/artstella-elixirs-floraux.com\/en\/product\/higher-self-moi-superieur-bush-white-light\/","url_meta":{"origin":6251,"position":2},"title":"HIGHER SELF (Moi Sup\u00e9rieur) BUSH WHITE LIGHT","author":"eveapprill","date":"9 March 2025","format":false,"excerpt":"L'\u00c9LIXIR MOI SUP\u00c9RIEUR (HIGHER SELF ESSENCE) Cet \u00e9lixir a \u00e9t\u00e9 pr\u00e9par\u00e9 dans les ruines Maya \u00e0 Palenque au Mexique. Il permet \u00e0 chacun de s\u2019aligner et d\u2019acc\u00e9der \u00e0 son Moi Sup\u00e9rieur.","rel":"","context":"Similar post","block_context":{"text":"Similar post","link":""},"img":{"alt_text":"Les elixirs de lumi\u00e8re blanche","src":"https:\/\/i0.wp.com\/artstella-elixirs-floraux.com\/wp-content\/uploads\/2025\/03\/5ba81766-8035-4d15-b50b-8e7f24672bba.jpg?resize=350%2C200&ssl=1","width":350,"height":200,"srcset":"https:\/\/i0.wp.com\/artstella-elixirs-floraux.com\/wp-content\/uploads\/2025\/03\/5ba81766-8035-4d15-b50b-8e7f24672bba.jpg?resize=350%2C200&ssl=1 1x, https:\/\/i0.wp.com\/artstella-elixirs-floraux.com\/wp-content\/uploads\/2025\/03\/5ba81766-8035-4d15-b50b-8e7f24672bba.jpg?resize=525%2C300&ssl=1 1.5x, https:\/\/i0.wp.com\/artstella-elixirs-floraux.com\/wp-content\/uploads\/2025\/03\/5ba81766-8035-4d15-b50b-8e7f24672bba.jpg?resize=700%2C400&ssl=1 2x"},"classes":[]},{"id":6203,"url":"https:\/\/artstella-elixirs-floraux.com\/en\/product\/elixir-ocean-n-22-phi-15ml\/","url_meta":{"origin":6251,"position":3},"title":"ELIXIR OCEAN N\u00b0 22 PHI 15ml","author":"eveapprill","date":"9 March 2025","format":false,"excerpt":"ELIXIR OCEAN N\u00b0 22\u00a0 aide \u00e0 se centrer \u00e9motionnellement et \u00e0 s'harmoniser. Il aide les personnes ayant tendance \u00e0 vouloir contr\u00f4ler les autres \u00e0 pouvoir l\u00e2cher prise. Il favorise \u00e9nerg\u00e9tiquement la lib\u00e9ration de peurs telle la perte de contr\u00f4le.","rel":"","context":"Similar post","block_context":{"text":"Similar post","link":""},"img":{"alt_text":"","src":"https:\/\/i0.wp.com\/artstella-elixirs-floraux.com\/wp-content\/uploads\/2025\/03\/wp-image2196.png?resize=350%2C200&ssl=1","width":350,"height":200},"classes":[]},{"id":5124,"url":"https:\/\/artstella-elixirs-floraux.com\/en\/product\/shield-of-light-ltoe\/","url_meta":{"origin":6251,"position":4},"title":"SHIELD OF LIGHT &#8211; LTOE","author":"eveapprill","date":"9 March 2025","format":false,"excerpt":"Bouclier de Lumi\u00e8re - Elixir majeur pour se prot\u00e9ger des \u00e9nergies sombres. Sa formule permet \u00e0 l\u2019aura de refl\u00e9ter tel un miroir, de fa\u00e7on \u00e0 ce que de telles \u00e9nergies ne puissent pas la p\u00e9n\u00e9trer. En les r\u00e9fl\u00e9chissant, elle les renvoie vers la Source. L\u2019\u00e9lixir apporte courage et restaure la\u2026","rel":"","context":"Similar post","block_context":{"text":"Similar post","link":""},"img":{"alt_text":"","src":"https:\/\/i0.wp.com\/artstella-elixirs-floraux.com\/wp-content\/uploads\/2025\/03\/b5481c95-dc21-4a86-a775-92ba801c9614.jpg?resize=350%2C200&ssl=1","width":350,"height":200,"srcset":"https:\/\/i0.wp.com\/artstella-elixirs-floraux.com\/wp-content\/uploads\/2025\/03\/b5481c95-dc21-4a86-a775-92ba801c9614.jpg?resize=350%2C200&ssl=1 1x, https:\/\/i0.wp.com\/artstella-elixirs-floraux.com\/wp-content\/uploads\/2025\/03\/b5481c95-dc21-4a86-a775-92ba801c9614.jpg?resize=525%2C300&ssl=1 1.5x, https:\/\/i0.wp.com\/artstella-elixirs-floraux.com\/wp-content\/uploads\/2025\/03\/b5481c95-dc21-4a86-a775-92ba801c9614.jpg?resize=700%2C400&ssl=1 2x"},"classes":[]},{"id":3642,"url":"https:\/\/artstella-elixirs-floraux.com\/en\/product\/46-pushing-back-the-night-ltoe-15-ml\/","url_meta":{"origin":6251,"position":5},"title":"PUSHING BACK THE NIGHT LTOE 15 ML","author":"eveapprill","date":"9 March 2025","format":false,"excerpt":"Pushing Back the Night\u00a0 \/ Repousser la nuit Cet \u00e9lixir favorise un \u00e9tat d\u2019esprit o\u00f9 vision et lumi\u00e8re se confondent, permettant de prendre conscience que la vie est sacr\u00e9e. Son but est d\u2019aider \u00e0 gu\u00e9rir le destin de l\u2019humanit\u00e9.","rel":"","context":"Similar post","block_context":{"text":"Similar post","link":""},"img":{"alt_text":"","src":"https:\/\/i0.wp.com\/artstella-elixirs-floraux.com\/wp-content\/uploads\/2025\/03\/2b1ff100-6342-4cb5-a1c6-56a752173a69.jpg?resize=350%2C200&ssl=1","width":350,"height":200,"srcset":"https:\/\/i0.wp.com\/artstella-elixirs-floraux.com\/wp-content\/uploads\/2025\/03\/2b1ff100-6342-4cb5-a1c6-56a752173a69.jpg?resize=350%2C200&ssl=1 1x, https:\/\/i0.wp.com\/artstella-elixirs-floraux.com\/wp-content\/uploads\/2025\/03\/2b1ff100-6342-4cb5-a1c6-56a752173a69.jpg?resize=525%2C300&ssl=1 1.5x, https:\/\/i0.wp.com\/artstella-elixirs-floraux.com\/wp-content\/uploads\/2025\/03\/2b1ff100-6342-4cb5-a1c6-56a752173a69.jpg?resize=700%2C400&ssl=1 2x"},"classes":[]}],"_links":{"self":[{"href":"https:\/\/artstella-elixirs-floraux.com\/en\/wp-json\/wp\/v2\/product\/6251","targetHints":{"allow":["GET"]}}],"collection":[{"href":"https:\/\/artstella-elixirs-floraux.com\/en\/wp-json\/wp\/v2\/product"}],"about":[{"href":"https:\/\/artstella-elixirs-floraux.com\/en\/wp-json\/wp\/v2\/types\/product"}],"version-history":[{"count":0,"href":"https:\/\/artstella-elixirs-floraux.com\/en\/wp-json\/wp\/v2\/product\/6251\/revisions"}],"wp:featuredmedia":[{"embeddable":true,"href":"https:\/\/artstella-elixirs-floraux.com\/en\/wp-json\/wp\/v2\/media\/6252"}],"wp:attachment":[{"href":"https:\/\/artstella-elixirs-floraux.com\/en\/wp-json\/wp\/v2\/media?parent=6251"}],"wp:term":[{"taxonomy":"product_brand","embeddable":true,"href":"https:\/\/artstella-elixirs-floraux.com\/en\/wp-json\/wp\/v2\/product_brand?post=6251"},{"taxonomy":"product_cat","embeddable":true,"href":"https:\/\/artstella-elixirs-floraux.com\/en\/wp-json\/wp\/v2\/product_cat?post=6251"},{"taxonomy":"product_tag","embeddable":true,"href":"https:\/\/artstella-elixirs-floraux.com\/en\/wp-json\/wp\/v2\/product_tag?post=6251"}],"curies":[{"name":"wp","href":"https:\/\/api.w.org\/{rel}","templated":true}]}}