{"id":6253,"date":"2025-03-09T13:55:03","date_gmt":"2025-03-09T13:55:03","guid":{"rendered":"https:\/\/artstella-elixirs-floraux.com\/product\/elixir-ocean-n36-phi\/"},"modified":"2025-06-08T12:56:07","modified_gmt":"2025-06-08T12:56:07","slug":"elixir-ocean-n36-phi","status":"publish","type":"product","link":"https:\/\/artstella-elixirs-floraux.com\/en\/product\/elixir-ocean-n36-phi\/","title":{"rendered":"ELIXIR OCEAN N\u00b036 PHI"},"content":{"rendered":"<p>Il aide \u00e0 nous orienter int\u00e9rieurement et nous permet de trouver plus de flexibilit\u00e9.\u00a0 Les informations de stress peuvent \u00eatre \u00e9vacu\u00e9es plus facilement. Il soutient clart\u00e9 et transparence et aide \u00e0 focaliser notre \u00e9nergie.<\/p>","protected":false},"excerpt":{"rendered":"<p>L\u2019\u00e9lixir montre une analogie avec le cerveau et la colonne vert\u00e9brale. Il a une action \u00e9nerg\u00e9tique\u00a0 sur la t\u00eate et le syst\u00e8me nerveux.\u00a0 Des blocages profonds de l\u2019inconscient peuvent appara\u00eetre \u00e0 la conscience et peuvent ainsi \u00eatre transform\u00e9s.<\/p>","protected":false},"featured_media":6254,"template":"","meta":[],"product_brand":[],"product_cat":[193],"product_tag":[],"class_list":{"0":"post-6253","1":"product","2":"type-product","3":"status-publish","4":"has-post-thumbnail","6":"product_cat-les-elixirs-ocean","8":"first","9":"instock","10":"taxable","11":"shipping-taxable","12":"purchasable","13":"product-type-simple"},"etheme_brands":{"errors":{"invalid_taxonomy":["Invalid taxonomy."]},"error_data":[]},"jetpack_sharing_enabled":true,"jetpack-related-posts":[{"id":6062,"url":"https:\/\/artstella-elixirs-floraux.com\/en\/product\/elixir-ocean-n17-phi-15ml\/","url_meta":{"origin":6253,"position":0},"title":"ELIXIR OCEAN N\u00b017 PHI 15ML","author":"eveapprill","date":"9 March 2025","format":false,"excerpt":"L\u2019\u00e9lixir agit sur les blocages tr\u00e8s profond\u00e9ment ancr\u00e9s dans le subconscient. Les sentiments tels la peur et la honte peuvent \u00eatre lib\u00e9r\u00e9s. Il aide \u00e0 d\u00e9velopper une clart\u00e9 int\u00e9rieure et am\u00e9liore l\u2019estime de soi.e.","rel":"","context":"Similar post","block_context":{"text":"Similar post","link":""},"img":{"alt_text":"","src":"","width":0,"height":0},"classes":[]},{"id":6036,"url":"https:\/\/artstella-elixirs-floraux.com\/en\/product\/elixir-ocean-n04-phi15ml\/","url_meta":{"origin":6253,"position":1},"title":"ELIXIR OCEAN N\u00b004 PHI15ML","author":"eveapprill","date":"9 March 2025","format":false,"excerpt":"A partir des profondeurs du subconscient, l\u2019\u00e9lixir nous aide \u00e0 avancer lentement mais surement. Il permet de s\u2019orienter et de (re) trouver notre espace int\u00e9rieur. Nous n\u2019avons plus besoin d\u2019\u00eatre transparents et pouvons revendiquer notre place dans la vie.","rel":"","context":"Similar post","block_context":{"text":"Similar post","link":""},"img":{"alt_text":"","src":"https:\/\/i0.wp.com\/artstella-elixirs-floraux.com\/wp-content\/uploads\/2025\/03\/wp-image2042.png?resize=350%2C200&ssl=1","width":350,"height":200},"classes":[]},{"id":6060,"url":"https:\/\/artstella-elixirs-floraux.com\/en\/product\/elixir-ocean-n16-phi-15ml\/","url_meta":{"origin":6253,"position":2},"title":"ELIXIR OCEAN N\u00b016 PHI 15ML","author":"eveapprill","date":"9 March 2025","format":false,"excerpt":"L\u2019\u00e9lixir agit \u00e9nerg\u00e9tiquement en lib\u00e9rant des vieux sch\u00e9mas et sentiments. Les limitations int\u00e9rieures peuvent \u00eatre transform\u00e9es et les blocages dissouts. Cela contribue \u00e0 am\u00e9liorer la confiance en soi et il est alors plus ais\u00e9 d\u2019aborder les autres de fa\u00e7on plus cordiale et sans pr\u00e9jug\u00e9s.","rel":"","context":"Similar post","block_context":{"text":"Similar post","link":""},"img":{"alt_text":"","src":"https:\/\/i0.wp.com\/artstella-elixirs-floraux.com\/wp-content\/uploads\/2025\/03\/wp-image2054.png?resize=350%2C200&ssl=1","width":350,"height":200},"classes":[]},{"id":6038,"url":"https:\/\/artstella-elixirs-floraux.com\/en\/product\/elixir-ocean-n05-phi15ml\/","url_meta":{"origin":6253,"position":3},"title":"ELIXIR OCEAN N\u00b005 PHI15ML","author":"eveapprill","date":"9 March 2025","format":false,"excerpt":"La honte et la culpabilit\u00e9 profond\u00e9ment ancr\u00e9es dans le subconscient peuvent se dissoudre. Action \u00e9nerg\u00e9tique sur le 2\u00e8me chakra, les reins et les organes sexuels.","rel":"","context":"Similar post","block_context":{"text":"Similar post","link":""},"img":{"alt_text":"","src":"https:\/\/i0.wp.com\/artstella-elixirs-floraux.com\/wp-content\/uploads\/2025\/03\/wp-image2043.png?resize=350%2C200&ssl=1","width":350,"height":200},"classes":[]},{"id":6255,"url":"https:\/\/artstella-elixirs-floraux.com\/en\/product\/elixir-ocean-n37-phi\/","url_meta":{"origin":6253,"position":4},"title":"ELIXIR OCEAN N\u00b037 PHI","author":"eveapprill","date":"9 March 2025","format":false,"excerpt":"L\u2019\u00e9lixir nous relie \u00e0 notre inconscient cellulaire. Exerce un effet purifiant . En apportant de la transparence. Les \u00e9motions n\u00e9gatives peuvent \u00eatre clarifi\u00e9es et d\u2019anciennes charges au niveau inconscient peuvent \u00eatre lib\u00e9r\u00e9es.","rel":"","context":"Similar post","block_context":{"text":"Similar post","link":""},"img":{"alt_text":"","src":"https:\/\/i0.wp.com\/artstella-elixirs-floraux.com\/wp-content\/uploads\/2025\/03\/wp-image2218.png?resize=350%2C200&ssl=1","width":350,"height":200},"classes":[]},{"id":6219,"url":"https:\/\/artstella-elixirs-floraux.com\/en\/product\/elixir-ocean-n-30-phi-15ml\/","url_meta":{"origin":6253,"position":5},"title":"ELIXIR OCEAN N\u00b0 30 PHI 15ml","author":"eveapprill","date":"9 March 2025","format":false,"excerpt":"\u00a0ELIXIR OCEAN N\u00b0 30\u00a0 favorise la clart\u00e9 et les processus de nettoyage.\u00a0 Des informations qui ne nous appartiennent pas peuvent \u00eatre \u00e9limin\u00e9es. Agit \u00e9nerg\u00e9tiquement sur la lymphe et la miction. Action puissante de r\u00e9g\u00e9n\u00e9ration. Au plan mental, aide \u00e0 clarifier les pens\u00e9es et \u00e0 nous lib\u00e9rer d\u2019un trop plein d\u2019informations.\u00a0","rel":"","context":"Similar post","block_context":{"text":"Similar post","link":""},"img":{"alt_text":"","src":"","width":0,"height":0},"classes":[]}],"_links":{"self":[{"href":"https:\/\/artstella-elixirs-floraux.com\/en\/wp-json\/wp\/v2\/product\/6253","targetHints":{"allow":["GET"]}}],"collection":[{"href":"https:\/\/artstella-elixirs-floraux.com\/en\/wp-json\/wp\/v2\/product"}],"about":[{"href":"https:\/\/artstella-elixirs-floraux.com\/en\/wp-json\/wp\/v2\/types\/product"}],"version-history":[{"count":0,"href":"https:\/\/artstella-elixirs-floraux.com\/en\/wp-json\/wp\/v2\/product\/6253\/revisions"}],"wp:featuredmedia":[{"embeddable":true,"href":"https:\/\/artstella-elixirs-floraux.com\/en\/wp-json\/wp\/v2\/media\/6254"}],"wp:attachment":[{"href":"https:\/\/artstella-elixirs-floraux.com\/en\/wp-json\/wp\/v2\/media?parent=6253"}],"wp:term":[{"taxonomy":"product_brand","embeddable":true,"href":"https:\/\/artstella-elixirs-floraux.com\/en\/wp-json\/wp\/v2\/product_brand?post=6253"},{"taxonomy":"product_cat","embeddable":true,"href":"https:\/\/artstella-elixirs-floraux.com\/en\/wp-json\/wp\/v2\/product_cat?post=6253"},{"taxonomy":"product_tag","embeddable":true,"href":"https:\/\/artstella-elixirs-floraux.com\/en\/wp-json\/wp\/v2\/product_tag?post=6253"}],"curies":[{"name":"wp","href":"https:\/\/api.w.org\/{rel}","templated":true}]}}