{"id":6270,"date":"2025-03-09T13:55:16","date_gmt":"2025-03-09T13:55:16","guid":{"rendered":"https:\/\/artstella-elixirs-floraux.com\/product\/arbol-santo-sylfos-15ml\/"},"modified":"2025-04-30T20:41:01","modified_gmt":"2025-04-30T20:41:01","slug":"arbol-santo-sylfos-15ml","status":"publish","type":"product","link":"https:\/\/artstella-elixirs-floraux.com\/en\/product\/arbol-santo-sylfos-15ml\/","title":{"rendered":"ARBOL SANTO SYLFOS 15ML"},"content":{"rendered":"","protected":false},"excerpt":{"rendered":"<p><strong><sub>ARBOL SANTO \/ Lilas de Perse<\/sub><\/strong><em><sub>(Melia azedarach) <\/sub><\/em><em>\u00a0<\/em> <strong><em><sub>Compr\u00e9hension, Compassion<\/sub><\/em><\/strong><\/p>\n<p><sub>C&rsquo;est l\u2019\u00e9lixir m\u00eame de la charit\u00e9, de l&rsquo;amour et du don. Il apporte le changement et la compr\u00e9hension, et nous aide \u00e0 comprendre du fond du c\u0153ur les processus <strong>du donner et du recevoir<\/strong>.<\/sub><\/p>","protected":false},"featured_media":6271,"template":"","meta":[],"product_brand":[],"product_cat":[139],"product_tag":[],"class_list":{"0":"post-6270","1":"product","2":"type-product","3":"status-publish","4":"has-post-thumbnail","6":"product_cat-les-fleurs-andiness-upplementaires-compose","8":"first","9":"instock","10":"taxable","11":"shipping-taxable","12":"purchasable","13":"product-type-simple"},"etheme_brands":{"errors":{"invalid_taxonomy":["Invalid taxonomy."]},"error_data":[]},"jetpack_sharing_enabled":true,"jetpack-related-posts":[{"id":3993,"url":"https:\/\/artstella-elixirs-floraux.com\/en\/product\/arbol-del-peru-poivre-15-ml-sylfos\/","url_meta":{"origin":6270,"position":0},"title":"ARBOL DEL PERU\/POIVRE D&rsquo;AMERIQUE SYLFOS","author":"eveapprill","date":"9 March 2025","format":false,"excerpt":"ARBOL DEL PER\u00da Schinus molle Flexibilit\u00e9, communication. Favorise la communication sans pr\u00e9jug\u00e9s, \u00e0 partir de l\u2019ouverture du coeur.","rel":"","context":"Similar post","block_context":{"text":"Similar post","link":""},"img":{"alt_text":"","src":"https:\/\/i0.wp.com\/artstella-elixirs-floraux.com\/wp-content\/uploads\/2025\/03\/wp-image741.png?resize=350%2C200&ssl=1","width":350,"height":200},"classes":[]},{"id":4088,"url":"https:\/\/artstella-elixirs-floraux.com\/en\/product\/arbol-de-mariposa-fleur-sylfos-15ml\/","url_meta":{"origin":6270,"position":1},"title":"ARBOL DE MARIPOSA FLEUR SYLFOS 15ML","author":"eveapprill","date":"9 March 2025","format":false,"excerpt":"ARBRE\u00a0 AUX PAPILLONS \/ ARBOL DE MARIPOSAS Butterfly-Bush\u00a0\u00a0\u00a0\u00a0Buddleja davidii Pour ceux qui ont besoin de faire un changement dans leur vie et qui reconnaissent avoir besoin d\u2019une aide spirituelle. Recommand\u00e9 pour les personnes qui n\u2019arrivent pas \u00e0 avancer \u00e0 cause de l\u2019orgueil ou qui r\u00e9agissent de fa\u00e7on n\u00e9gative face aux\u2026","rel":"","context":"Similar post","block_context":{"text":"Similar post","link":""},"img":{"alt_text":"","src":"","width":0,"height":0},"classes":[]},{"id":6266,"url":"https:\/\/artstella-elixirs-floraux.com\/en\/product\/arbol-de-josue-15-ml-sylfos\/","url_meta":{"origin":6270,"position":2},"title":"ARBOL DE JOSUE 15 ML SYLFOS","author":"eveapprill","date":"9 March 2025","format":false,"excerpt":"Arbre de Josue Lib\u00e9ration des sch\u00e9mas h\u00e9rit\u00e9s - Karma g\u00e9n\u00e9rationnel Gu\u00e9rir son propre arbre g\u00e9n\u00e9rationnel, se lib\u00e9rer des sch\u00e9mas h\u00e9rit\u00e9s g\u00e9n\u00e9ration apr\u00e8s g\u00e9n\u00e9ration, sans renier ses origines. Permet d'int\u00e9grer l'h\u00e9ritage, la lign\u00e9e, sans \u00eatre esclave des traditions familiales.","rel":"","context":"Similar post","block_context":{"text":"Similar post","link":""},"img":{"alt_text":"","src":"https:\/\/i0.wp.com\/artstella-elixirs-floraux.com\/wp-content\/uploads\/2025\/03\/wp-image2223.png?resize=350%2C200&ssl=1","width":350,"height":200},"classes":[]},{"id":5418,"url":"https:\/\/artstella-elixirs-floraux.com\/en\/product\/clematite-bosrank-10ml\/","url_meta":{"origin":6270,"position":3},"title":"Cl\u00e9matite BOSRANK 10ML","author":"eveapprill","date":"9 March 2025","format":false,"excerpt":"Cet \u00e9lixir a \u00e9t\u00e9 pr\u00e9par\u00e9 dans les montagnes entre la France et l\u2019Espagne. Cette cl\u00e9matite sert non seulement \u00e0 \u00eatre plus \u00e9veill\u00e9 mais apporte une compr\u00e9hension claire de nos actions.\u00a0","rel":"","context":"Similar post","block_context":{"text":"Similar post","link":""},"img":{"alt_text":"","src":"","width":0,"height":0},"classes":[]},{"id":6074,"url":"https:\/\/artstella-elixirs-floraux.com\/en\/product\/inner-peace-15-ml-ltoe\/","url_meta":{"origin":6270,"position":4},"title":"INNER PEACE 15 ML LTOE","author":"eveapprill","date":"9 March 2025","format":false,"excerpt":"Inner Peace - Dendrobium eximium Paix int\u00e9rieure Pr\u00e9pare \u00e0 exp\u00e9rimenter la vraie paix int\u00e9rieure, comme ceux qui ont atteint un haut d\u00e9veloppement de leur voyage spirituel. \u00ab\u00a0La paix surpassera toute compr\u00e9hension\u00a0\u00bb.","rel":"","context":"Similar post","block_context":{"text":"Similar post","link":""},"img":{"alt_text":"","src":"https:\/\/i0.wp.com\/artstella-elixirs-floraux.com\/wp-content\/uploads\/2025\/03\/wp-image2062.png?resize=350%2C200&ssl=1","width":350,"height":200,"srcset":"https:\/\/i0.wp.com\/artstella-elixirs-floraux.com\/wp-content\/uploads\/2025\/03\/wp-image2062.png?resize=350%2C200&ssl=1 1x, https:\/\/i0.wp.com\/artstella-elixirs-floraux.com\/wp-content\/uploads\/2025\/03\/wp-image2062.png?resize=525%2C300&ssl=1 1.5x, https:\/\/i0.wp.com\/artstella-elixirs-floraux.com\/wp-content\/uploads\/2025\/03\/wp-image2062.png?resize=700%2C400&ssl=1 2x, https:\/\/i0.wp.com\/artstella-elixirs-floraux.com\/wp-content\/uploads\/2025\/03\/wp-image2062.png?resize=1050%2C600&ssl=1 3x, https:\/\/i0.wp.com\/artstella-elixirs-floraux.com\/wp-content\/uploads\/2025\/03\/wp-image2062.png?resize=1400%2C800&ssl=1 4x"},"classes":[]},{"id":5794,"url":"https:\/\/artstella-elixirs-floraux.com\/en\/product\/sauge-15-ml-deva\/","url_meta":{"origin":6270,"position":5},"title":"Sauge 15 ml DEVA","author":"eveapprill","date":"9 March 2025","format":false,"excerpt":"Sauge Compr\u00e9hension de la vie. Favorise la r\u00e9flexion sur la signification des \u00e9v\u00e9nements de l\u2019existence. Apporte compr\u00e9hension et paix int\u00e9rieure.","rel":"","context":"Similar post","block_context":{"text":"Similar post","link":""},"img":{"alt_text":"","src":"https:\/\/i0.wp.com\/artstella-elixirs-floraux.com\/wp-content\/uploads\/2025\/03\/wp-image2447.png?resize=350%2C200&ssl=1","width":350,"height":200},"classes":[]}],"_links":{"self":[{"href":"https:\/\/artstella-elixirs-floraux.com\/en\/wp-json\/wp\/v2\/product\/6270","targetHints":{"allow":["GET"]}}],"collection":[{"href":"https:\/\/artstella-elixirs-floraux.com\/en\/wp-json\/wp\/v2\/product"}],"about":[{"href":"https:\/\/artstella-elixirs-floraux.com\/en\/wp-json\/wp\/v2\/types\/product"}],"version-history":[{"count":0,"href":"https:\/\/artstella-elixirs-floraux.com\/en\/wp-json\/wp\/v2\/product\/6270\/revisions"}],"wp:featuredmedia":[{"embeddable":true,"href":"https:\/\/artstella-elixirs-floraux.com\/en\/wp-json\/wp\/v2\/media\/6271"}],"wp:attachment":[{"href":"https:\/\/artstella-elixirs-floraux.com\/en\/wp-json\/wp\/v2\/media?parent=6270"}],"wp:term":[{"taxonomy":"product_brand","embeddable":true,"href":"https:\/\/artstella-elixirs-floraux.com\/en\/wp-json\/wp\/v2\/product_brand?post=6270"},{"taxonomy":"product_cat","embeddable":true,"href":"https:\/\/artstella-elixirs-floraux.com\/en\/wp-json\/wp\/v2\/product_cat?post=6270"},{"taxonomy":"product_tag","embeddable":true,"href":"https:\/\/artstella-elixirs-floraux.com\/en\/wp-json\/wp\/v2\/product_tag?post=6270"}],"curies":[{"name":"wp","href":"https:\/\/api.w.org\/{rel}","templated":true}]}}