{"id":6280,"date":"2025-03-09T13:55:23","date_gmt":"2025-03-09T13:55:23","guid":{"rendered":"https:\/\/artstella-elixirs-floraux.com\/product\/lantana-sylfos-15ml\/"},"modified":"2025-04-30T20:42:55","modified_gmt":"2025-04-30T20:42:55","slug":"lantana-sylfos-15ml","status":"publish","type":"product","link":"https:\/\/artstella-elixirs-floraux.com\/en\/product\/lantana-sylfos-15ml\/","title":{"rendered":"LANTANA SYLFOS 15ML"},"content":{"rendered":"<p>Puisque nous avons tous h\u00e9rit\u00e9 de probl\u00e8mes (traumatismes ancestraux) remontant aux g\u00e9n\u00e9rations pr\u00e9c\u00e9dentes et \u00e0 nos propres vies ant\u00e9rieures, le mod\u00e8le \u00e9nerg\u00e9tique du lantana aide \u00e0 y mettre fin dans le temps pr\u00e9sent.<\/p>","protected":false},"excerpt":{"rendered":"<p><strong>LANTANA \u2013<\/strong><em>Lantana camara<\/em> <strong><em>Sensibilit\u00e9 \u2013 Luminosit\u00e9 &#8211; Karma<\/em><\/strong><\/p>\n<p>aide \u00e0 r\u00e9soudre les manques de motivation, de direction et de clart\u00e9, en amenant directement \u00e0 ce qui est bloqu\u00e9 dans notre conscience.<\/p>","protected":false},"featured_media":6281,"template":"","meta":[],"product_brand":[],"product_cat":[139],"product_tag":[],"class_list":{"0":"post-6280","1":"product","2":"type-product","3":"status-publish","4":"has-post-thumbnail","6":"product_cat-les-fleurs-andiness-upplementaires-compose","8":"first","9":"instock","10":"taxable","11":"shipping-taxable","12":"purchasable","13":"product-type-simple"},"etheme_brands":{"errors":{"invalid_taxonomy":["Invalid taxonomy."]},"error_data":[]},"jetpack_sharing_enabled":true,"jetpack-related-posts":[{"id":5396,"url":"https:\/\/artstella-elixirs-floraux.com\/en\/product\/ojo-de-macho-sylfos-15ml-pap\/","url_meta":{"origin":6280,"position":0},"title":"OJO DE MACHO SYLFOS 15ML PAP","author":"eveapprill","date":"9 March 2025","format":false,"excerpt":"34 - OJO DE MACHO\/ PAPILLON OCELL\u00c9 Junonia coenia\u00a0\u00a0 Vision - Conscience- Evolution Cet \u00e9lixir nous permet de transformer la n\u00e9gativit\u00e9 afin de pouvoir voire la v\u00e9rit\u00e9. Il nous permet de voire plus clairement la situation afin de nous aider \u00e0 voire et \u00e0 aller directement au centre du probl\u00e8me","rel":"","context":"Similar post","block_context":{"text":"Similar post","link":""},"img":{"alt_text":"","src":"https:\/\/i0.wp.com\/artstella-elixirs-floraux.com\/wp-content\/uploads\/2025\/03\/599dbec6-a0ba-4dd0-b4c6-380b343e864f.jpg?resize=350%2C200&ssl=1","width":350,"height":200,"srcset":"https:\/\/i0.wp.com\/artstella-elixirs-floraux.com\/wp-content\/uploads\/2025\/03\/599dbec6-a0ba-4dd0-b4c6-380b343e864f.jpg?resize=350%2C200&ssl=1 1x, https:\/\/i0.wp.com\/artstella-elixirs-floraux.com\/wp-content\/uploads\/2025\/03\/599dbec6-a0ba-4dd0-b4c6-380b343e864f.jpg?resize=525%2C300&ssl=1 1.5x, https:\/\/i0.wp.com\/artstella-elixirs-floraux.com\/wp-content\/uploads\/2025\/03\/599dbec6-a0ba-4dd0-b4c6-380b343e864f.jpg?resize=700%2C400&ssl=1 2x"},"classes":[]},{"id":2763,"url":"https:\/\/artstella-elixirs-floraux.com\/en\/product\/angelic-angelique-bush-white-light\/","url_meta":{"origin":6280,"position":1},"title":"ANGELIC (Ang\u00e9lique) BUSH WHITE LIGHT","author":"eveapprill","date":"9 March 2025","format":false,"excerpt":"L'\u00c9LIXIR ANG\u00c9LIQUE (ANGELIC ESSENCE) a \u00e9t\u00e9 cr\u00e9\u00e9 au P\u00e9rou, au sommet de la montagne sacr\u00e9e Putucusi, directement en face du Machu Picchu. Il aide \u00e0 s'ouvrir pour recevoir d'en haut les vibrations ang\u00e9liques d'inspiration, d\u2019amour, d'\u00e9veil, de communication, de guidanc...","rel":"","context":"Similar post","block_context":{"text":"Similar post","link":""},"img":{"alt_text":"","src":"https:\/\/i0.wp.com\/artstella-elixirs-floraux.com\/wp-content\/uploads\/2025\/03\/1cc5f192-dd2a-4e65-b324-54165c532471.jpg?resize=350%2C200&ssl=1","width":350,"height":200,"srcset":"https:\/\/i0.wp.com\/artstella-elixirs-floraux.com\/wp-content\/uploads\/2025\/03\/1cc5f192-dd2a-4e65-b324-54165c532471.jpg?resize=350%2C200&ssl=1 1x, https:\/\/i0.wp.com\/artstella-elixirs-floraux.com\/wp-content\/uploads\/2025\/03\/1cc5f192-dd2a-4e65-b324-54165c532471.jpg?resize=525%2C300&ssl=1 1.5x, https:\/\/i0.wp.com\/artstella-elixirs-floraux.com\/wp-content\/uploads\/2025\/03\/1cc5f192-dd2a-4e65-b324-54165c532471.jpg?resize=700%2C400&ssl=1 2x"},"classes":[]},{"id":3958,"url":"https:\/\/artstella-elixirs-floraux.com\/en\/product\/autruche-15-ml-phi\/","url_meta":{"origin":6280,"position":2},"title":"AUTRUCHE 15 ML PHI","author":"eveapprill","date":"9 March 2025","format":false,"excerpt":"Autruche (Struthius camelus) Cet \u00e9lixir convient aux personnes qui ont tendance \u00e0 ne jamais faire les choses directement.","rel":"","context":"Similar post","block_context":{"text":"Similar post","link":""},"img":{"alt_text":"","src":"","width":0,"height":0},"classes":[]},{"id":4921,"url":"https:\/\/artstella-elixirs-floraux.com\/en\/product\/fairy-slipper-alaskan-f-sup\/","url_meta":{"origin":6280,"position":3},"title":"FAIRY SLIPPER ALASKAN F SUP","author":"eveapprill","date":"9 March 2025","format":false,"excerpt":"Fairy Slipper \u00a0Calypso bulbeuse Aide \u00e0 incarner notre pouvoir et notre beaut\u00e9 ; soutien afin de donner une direction claire \u00e0 notre individualit\u00e9 ; aide \u00e0 manifester notre sagesse par notre corps physique ; renforce le principe masculin tant chez l\u2019homme que chez la femme ; facilite une communication claire\u2026","rel":"","context":"Similar post","block_context":{"text":"Similar post","link":""},"img":{"alt_text":"","src":"https:\/\/i0.wp.com\/artstella-elixirs-floraux.com\/wp-content\/uploads\/2025\/03\/wp-image1386.png?resize=350%2C200&ssl=1","width":350,"height":200},"classes":[]},{"id":4896,"url":"https:\/\/artstella-elixirs-floraux.com\/en\/product\/club-moss-alaska-f-sup\/","url_meta":{"origin":6280,"position":4},"title":"CLUB MOSS ALASKA F SUP","author":"eveapprill","date":"9 March 2025","format":false,"excerpt":"Club Moss Indications : sans fondement ; r\u00e9sistance \u00e0 sa pr\u00e9sence sur la terre ; peu ou pas conscience de son lien avec la plan\u00e8te","rel":"","context":"Similar post","block_context":{"text":"Similar post","link":""},"img":{"alt_text":"","src":"https:\/\/i0.wp.com\/artstella-elixirs-floraux.com\/wp-content\/uploads\/2025\/03\/wp-image1379.png?resize=350%2C200&ssl=1","width":350,"height":200},"classes":[]},{"id":3770,"url":"https:\/\/artstella-elixirs-floraux.com\/en\/product\/channeling-orchid-phi\/","url_meta":{"origin":6280,"position":5},"title":"CHANNELING ORCHID PHI","author":"eveapprill","date":"9 March 2025","format":false,"excerpt":"Channeling Orchid (Oncidium Incurvum) Nous aide \u00e0 entrer en contact direct avec la conscience sup\u00e9rieure et \u00e0 mieux entendre notre voix int\u00e9rieure.","rel":"","context":"Similar post","block_context":{"text":"Similar post","link":""},"img":{"alt_text":"","src":"https:\/\/i0.wp.com\/artstella-elixirs-floraux.com\/wp-content\/uploads\/2025\/03\/wp-image503.png?resize=350%2C200&ssl=1","width":350,"height":200},"classes":[]}],"_links":{"self":[{"href":"https:\/\/artstella-elixirs-floraux.com\/en\/wp-json\/wp\/v2\/product\/6280","targetHints":{"allow":["GET"]}}],"collection":[{"href":"https:\/\/artstella-elixirs-floraux.com\/en\/wp-json\/wp\/v2\/product"}],"about":[{"href":"https:\/\/artstella-elixirs-floraux.com\/en\/wp-json\/wp\/v2\/types\/product"}],"version-history":[{"count":0,"href":"https:\/\/artstella-elixirs-floraux.com\/en\/wp-json\/wp\/v2\/product\/6280\/revisions"}],"wp:featuredmedia":[{"embeddable":true,"href":"https:\/\/artstella-elixirs-floraux.com\/en\/wp-json\/wp\/v2\/media\/6281"}],"wp:attachment":[{"href":"https:\/\/artstella-elixirs-floraux.com\/en\/wp-json\/wp\/v2\/media?parent=6280"}],"wp:term":[{"taxonomy":"product_brand","embeddable":true,"href":"https:\/\/artstella-elixirs-floraux.com\/en\/wp-json\/wp\/v2\/product_brand?post=6280"},{"taxonomy":"product_cat","embeddable":true,"href":"https:\/\/artstella-elixirs-floraux.com\/en\/wp-json\/wp\/v2\/product_cat?post=6280"},{"taxonomy":"product_tag","embeddable":true,"href":"https:\/\/artstella-elixirs-floraux.com\/en\/wp-json\/wp\/v2\/product_tag?post=6280"}],"curies":[{"name":"wp","href":"https:\/\/api.w.org\/{rel}","templated":true}]}}