{"id":6296,"date":"2025-03-09T13:55:35","date_gmt":"2025-03-09T13:55:35","guid":{"rendered":"https:\/\/artstella-elixirs-floraux.com\/product\/complexe-n21-detox-emotionnelle\/"},"modified":"2025-06-02T06:46:50","modified_gmt":"2025-06-02T06:46:50","slug":"complexe-n21-detox-emotionnelle","status":"publish","type":"product","link":"https:\/\/artstella-elixirs-floraux.com\/en\/product\/complexe-n21-detox-emotionnelle\/","title":{"rendered":"COMPLEXE N\u00b021 DETOX EMOTIONNELLE"},"content":{"rendered":"<p><em>Eau de source, cognac, infusion solaire de fleurs (0,5%) de : Brunelle, Hysope, Jasmin,\u00a0 Ipom\u00e9e, Pommier sauvage, Sureau, Tabacum<\/em> <em>Alcool 20% vol.<\/em><\/p>","protected":false},"excerpt":{"rendered":"<p><strong>Compos\u00e9 n\u00b021 D\u00e9tox \u00e9motionnelle<\/strong><\/p>\n<p>Permet un nettoyage \u00e0 tous les niveaux de l&rsquo;\u00eatre.<\/p>\n<p>Stimule l&rsquo;\u00e9limination des toxines notamment au niveau \u00e9motionnel, \u00e9nerg\u00e9tique et spirituel.<\/p>\n<p>All\u00e8ge et revitalise. Accompagne les forces int\u00e9rieures de r\u00e9g\u00e9n\u00e9ration.<\/p>\n<p><em>\u00a0<\/em><\/p>","protected":false},"featured_media":6297,"template":"","meta":[],"product_brand":[],"product_cat":[118,328],"product_tag":[],"class_list":{"0":"post-6296","1":"product","2":"type-product","3":"status-publish","4":"has-post-thumbnail","6":"product_cat-elixir-deva","7":"product_cat-composes-deva","9":"first","10":"instock","11":"taxable","12":"shipping-taxable","13":"purchasable","14":"product-type-simple"},"etheme_brands":{"errors":{"invalid_taxonomy":["Invalid taxonomy."]},"error_data":[]},"jetpack_sharing_enabled":true,"jetpack-related-posts":[{"id":2178,"url":"https:\/\/artstella-elixirs-floraux.com\/en\/product\/grove-standwort-alaskan\/","url_meta":{"origin":6296,"position":0},"title":"Grove standwort Alaskan","author":"eveapprill","date":"9 March 2025","format":false,"excerpt":"Grove standwort. Moehringia lateriflora Sensation de manque de nourriture au niveau physique et \u00e9motionnel, manque de lien entre la m\u00e8re et l'enfant, sensation de manque de soutien de la terre.","rel":"","context":"Similar post","block_context":{"text":"Similar post","link":""},"img":{"alt_text":"","src":"https:\/\/i0.wp.com\/artstella-elixirs-floraux.com\/wp-content\/uploads\/2025\/03\/wp-image540.png?resize=350%2C200&ssl=1","width":350,"height":200},"classes":[]},{"id":2753,"url":"https:\/\/artstella-elixirs-floraux.com\/en\/product\/earth-terre-bush-white-light\/","url_meta":{"origin":6296,"position":1},"title":"EARTH (Terre) BUSH WHITE LIGHT","author":"eveapprill","date":"9 March 2025","format":false,"excerpt":"L\u2019\u00c9LIXIR TERRE (EARTH ESSENCE)\u00a0\u00e9t\u00e9 pr\u00e9par\u00e9 dans la grotte sacr\u00e9e du village de Patal Bhuvaneshwar au nord de l\u2019Inde. Au niveau \u00e9motionnel, il apporte la stabilit\u00e9.","rel":"","context":"Similar post","block_context":{"text":"Similar post","link":""},"img":{"alt_text":"","src":"https:\/\/i0.wp.com\/artstella-elixirs-floraux.com\/wp-content\/uploads\/2025\/03\/a4b34596-73c3-4e23-bbc2-6536f4fd1abf.jpg?resize=350%2C200&ssl=1","width":350,"height":200,"srcset":"https:\/\/i0.wp.com\/artstella-elixirs-floraux.com\/wp-content\/uploads\/2025\/03\/a4b34596-73c3-4e23-bbc2-6536f4fd1abf.jpg?resize=350%2C200&ssl=1 1x, https:\/\/i0.wp.com\/artstella-elixirs-floraux.com\/wp-content\/uploads\/2025\/03\/a4b34596-73c3-4e23-bbc2-6536f4fd1abf.jpg?resize=525%2C300&ssl=1 1.5x, https:\/\/i0.wp.com\/artstella-elixirs-floraux.com\/wp-content\/uploads\/2025\/03\/a4b34596-73c3-4e23-bbc2-6536f4fd1abf.jpg?resize=700%2C400&ssl=1 2x"},"classes":[]},{"id":4022,"url":"https:\/\/artstella-elixirs-floraux.com\/en\/product\/cola-de-zorro-15-ml-sylfos\/","url_meta":{"origin":6296,"position":2},"title":"COLA DE ZORRO \/ HERBE DE LA PAMPA SYLFOS","author":"eveapprill","date":"9 March 2025","format":false,"excerpt":"COLA DE ZORRO Cortaderia araucana Purification et \u00e9quilibre des \u00e9motions Aide \u00e0 se lib\u00e9rer des \u00e9motions n\u00e9gatives et \u00e0 surmonter la d\u00e9tresse \u00e9motionnelle, l\u2019amertume, la frustration, la haine\u2026","rel":"","context":"Similar post","block_context":{"text":"Similar post","link":""},"img":{"alt_text":"","src":"","width":0,"height":0},"classes":[]},{"id":5508,"url":"https:\/\/artstella-elixirs-floraux.com\/en\/product\/concombre-de-mer\/","url_meta":{"origin":6296,"position":3},"title":"Concombre de mer","author":"eveapprill","date":"9 March 2025","format":false,"excerpt":"Concombre de mer (Seegurke) (Holothuroidea) \u00a0 L\u2019\u00e9lixir agit \u00e9nerg\u00e9tiquement au niveau du gros intestin et soutient les processus de la digestion. Il agit au niveau \u00e9motionnel permettant de traiter et de dig\u00e9rer les choses. On peut ainsi de lib\u00e9rer des choses qui nous p\u00e8sent.","rel":"","context":"Similar post","block_context":{"text":"Similar post","link":""},"img":{"alt_text":"","src":"https:\/\/i0.wp.com\/artstella-elixirs-floraux.com\/wp-content\/uploads\/2025\/03\/wp-image1749.png?resize=350%2C200&ssl=1","width":350,"height":200},"classes":[]},{"id":4389,"url":"https:\/\/artstella-elixirs-floraux.com\/en\/product\/digest-wea-30-ml\/","url_meta":{"origin":6296,"position":4},"title":"DIGEST WEA 30 ML","author":"eveapprill","date":"27 May 2025","format":false,"excerpt":"Digest\u00a0: soutient les processus digestifs au niveau \u00e9motionnel et physique","rel":"","context":"Similar post","block_context":{"text":"Similar post","link":""},"img":{"alt_text":"","src":"https:\/\/i0.wp.com\/artstella-elixirs-floraux.com\/wp-content\/uploads\/2025\/03\/digest.jpeg?resize=350%2C200&ssl=1","width":350,"height":200},"classes":[]},{"id":5482,"url":"https:\/\/artstella-elixirs-floraux.com\/en\/product\/protection-bescherming-30ml-bloesem-remedies\/","url_meta":{"origin":6296,"position":5},"title":"PROTECTION (Bescherming)Bloesem Remedies","author":"eveapprill","date":"9 March 2025","format":false,"excerpt":"Protection\u00a0 Bloesem Remedies 30ml (Bescherming) (Achill\u00e9e, Ch\u00e9lidoine, Rue, Sensitive) am\u00e9liore la protection \u00e9motionnelle et spirituelle. Permet de rester centr\u00e9 dans la tension","rel":"","context":"Similar post","block_context":{"text":"Similar post","link":""},"img":{"alt_text":"","src":"","width":0,"height":0},"classes":[]}],"_links":{"self":[{"href":"https:\/\/artstella-elixirs-floraux.com\/en\/wp-json\/wp\/v2\/product\/6296","targetHints":{"allow":["GET"]}}],"collection":[{"href":"https:\/\/artstella-elixirs-floraux.com\/en\/wp-json\/wp\/v2\/product"}],"about":[{"href":"https:\/\/artstella-elixirs-floraux.com\/en\/wp-json\/wp\/v2\/types\/product"}],"version-history":[{"count":0,"href":"https:\/\/artstella-elixirs-floraux.com\/en\/wp-json\/wp\/v2\/product\/6296\/revisions"}],"wp:featuredmedia":[{"embeddable":true,"href":"https:\/\/artstella-elixirs-floraux.com\/en\/wp-json\/wp\/v2\/media\/6297"}],"wp:attachment":[{"href":"https:\/\/artstella-elixirs-floraux.com\/en\/wp-json\/wp\/v2\/media?parent=6296"}],"wp:term":[{"taxonomy":"product_brand","embeddable":true,"href":"https:\/\/artstella-elixirs-floraux.com\/en\/wp-json\/wp\/v2\/product_brand?post=6296"},{"taxonomy":"product_cat","embeddable":true,"href":"https:\/\/artstella-elixirs-floraux.com\/en\/wp-json\/wp\/v2\/product_cat?post=6296"},{"taxonomy":"product_tag","embeddable":true,"href":"https:\/\/artstella-elixirs-floraux.com\/en\/wp-json\/wp\/v2\/product_tag?post=6296"}],"curies":[{"name":"wp","href":"https:\/\/api.w.org\/{rel}","templated":true}]}}