{"id":6304,"date":"2025-03-09T13:55:41","date_gmt":"2025-03-09T13:55:41","guid":{"rendered":"https:\/\/artstella-elixirs-floraux.com\/product\/coming-home-15-ml-ltoe\/"},"modified":"2026-05-06T15:00:12","modified_gmt":"2026-05-06T15:00:12","slug":"coming-home-15-ml-ltoe","status":"publish","type":"product","link":"https:\/\/artstella-elixirs-floraux.com\/en\/product\/coming-home-15-ml-ltoe\/","title":{"rendered":"COMING HOME 15 ml LTOE"},"content":{"rendered":"<p>Nettoie les empreintes non d\u00e9sir\u00e9es dans les chakras inf\u00e9rieurs et accro\u00eet la clart\u00e9 de la vision. Il p\u00e9n\u00e8tre dans les canaux utilis\u00e9s par le Reiki. Tr\u00e8s utile apr\u00e8s une m\u00e9ditation o\u00f9 l\u2019on se sent chancelant, en apportant un enracinement en douceur, un soupir de d\u00e9tente.<\/p>","protected":false},"excerpt":{"rendered":"<p><strong>Coming Home \/ Rentrer chez soi \u00a0<\/strong><em>(Compos\u00e9 : Behold the Silence, Boundless Peace, Mercutio, Purity of Heart, renewing Life, Unconditionnal Snuggles)<\/em> Apaisant, relaxant et enracinant. Apporte de l\u2019\u00e9nergie dans les chakras inf\u00e9rieurs (1<sup>er<\/sup>, 2<sup>\u00e8me<\/sup> , 3<sup>\u00e8me<\/sup>) de m\u00eame qu\u2019au chakra du c\u0153ur, apportant une l\u00e9g\u00e8ret\u00e9 de l\u2019\u00eatre.<\/p>","protected":false},"featured_media":9923,"template":"","meta":[],"product_brand":[],"product_cat":[131],"product_tag":[],"class_list":{"0":"post-6304","1":"product","2":"type-product","3":"status-publish","4":"has-post-thumbnail","6":"product_cat-les-composes","8":"first","9":"instock","10":"taxable","11":"shipping-taxable","12":"purchasable","13":"product-type-simple"},"etheme_brands":{"errors":{"invalid_taxonomy":["Invalid taxonomy."]},"error_data":[]},"jetpack_sharing_enabled":true,"jetpack-related-posts":[{"id":3685,"url":"https:\/\/artstella-elixirs-floraux.com\/en\/product\/69-vital-core-ltoe-15ml\/","url_meta":{"origin":6304,"position":0},"title":"VITAL CORE LTOE 15ML","author":"eveapprill","date":"9 March 2025","format":false,"excerpt":"Vital core \/ Centre vital Apporte une forte \u00e9nergie d\u2019enracinement et au 2\u00e8me chakra de m\u00eame qu\u2019au m\u00e9ridien de la v\u00e9sicule biliaire. Tout en ayant une action sur le chakra coronal, laryng\u00e9 et du c\u0153ur, celle-ci est principalement remarquable","rel":"","context":"Similar post","block_context":{"text":"Similar post","link":""},"img":{"alt_text":"","src":"https:\/\/i0.wp.com\/artstella-elixirs-floraux.com\/wp-content\/uploads\/2025\/03\/b7fd20da-5fb4-4b7c-83f1-7cba0c405f2b.jpg?resize=350%2C200&ssl=1","width":350,"height":200,"srcset":"https:\/\/i0.wp.com\/artstella-elixirs-floraux.com\/wp-content\/uploads\/2025\/03\/b7fd20da-5fb4-4b7c-83f1-7cba0c405f2b.jpg?resize=350%2C200&ssl=1 1x, https:\/\/i0.wp.com\/artstella-elixirs-floraux.com\/wp-content\/uploads\/2025\/03\/b7fd20da-5fb4-4b7c-83f1-7cba0c405f2b.jpg?resize=525%2C300&ssl=1 1.5x, https:\/\/i0.wp.com\/artstella-elixirs-floraux.com\/wp-content\/uploads\/2025\/03\/b7fd20da-5fb4-4b7c-83f1-7cba0c405f2b.jpg?resize=700%2C400&ssl=1 2x"},"classes":[]},{"id":6313,"url":"https:\/\/artstella-elixirs-floraux.com\/en\/product\/premier-chakra-weae-30-ml\/","url_meta":{"origin":6304,"position":1},"title":"Premier Chakra WEAE 30 ml","author":"eveapprill","date":"9 March 2025","format":false,"excerpt":"First Chakra Essence fournit un soutien pour recevoir les cadeaux du premier chakra, y compris: s\u2019ancrer, accepter notre corps physique, nous sentir en s\u00e9curit\u00e9, faire face aux probl\u00e8mes de survie, stabilit\u00e9 et enracinement.","rel":"","context":"Similar post","block_context":{"text":"Similar post","link":""},"img":{"alt_text":"","src":"https:\/\/i0.wp.com\/artstella-elixirs-floraux.com\/wp-content\/uploads\/2025\/03\/68bf7613-c8fd-48ce-a419-a6b266b3bb71.jpg?resize=350%2C200&ssl=1","width":350,"height":200,"srcset":"https:\/\/i0.wp.com\/artstella-elixirs-floraux.com\/wp-content\/uploads\/2025\/03\/68bf7613-c8fd-48ce-a419-a6b266b3bb71.jpg?resize=350%2C200&ssl=1 1x, https:\/\/i0.wp.com\/artstella-elixirs-floraux.com\/wp-content\/uploads\/2025\/03\/68bf7613-c8fd-48ce-a419-a6b266b3bb71.jpg?resize=525%2C300&ssl=1 1.5x, https:\/\/i0.wp.com\/artstella-elixirs-floraux.com\/wp-content\/uploads\/2025\/03\/68bf7613-c8fd-48ce-a419-a6b266b3bb71.jpg?resize=700%2C400&ssl=1 2x"},"classes":[]},{"id":5108,"url":"https:\/\/artstella-elixirs-floraux.com\/en\/product\/tourmalated-quartz-30-ml-gem-sup\/","url_meta":{"origin":6304,"position":2},"title":"TOURMALATED QUARTZ 30 ML GEM SUP","author":"eveapprill","date":"9 April 2025","format":false,"excerpt":"Tourmalated Quartz \u2013 Quartz tourmaline Indications\u00a0: flux d\u2019\u00e9nergie congestionn\u00e9 ou d\u00e9s\u00e9quilibr\u00e9 entre les chakras et les corps subtils\u00a0; \u00e9nergie toxique dans l\u2019aura\u00a0; manque de circulation dans les chakras inf\u00e9rieurs d\u2019\u00e9nergies spirituelles","rel":"","context":"Similar post","block_context":{"text":"Similar post","link":""},"img":{"alt_text":"","src":"https:\/\/i0.wp.com\/artstella-elixirs-floraux.com\/wp-content\/uploads\/2025\/03\/wp-image1420.png?resize=350%2C200&ssl=1","width":350,"height":200},"classes":[]},{"id":2500,"url":"https:\/\/artstella-elixirs-floraux.com\/en\/product\/azurite\/","url_meta":{"origin":6304,"position":3},"title":"AZURITE","author":"eveapprill","date":"9 March 2025","format":false,"excerpt":"AZURITE Enracine la communication ; ouvre et renforce la connexion entre les forces terrestres f\u00e9minines et le 5eme chakra ; nous aide \u00e0 communiquer avec vitalit\u00e9, authenticit\u00e9 et gentillesse.","rel":"","context":"Similar post","block_context":{"text":"Similar post","link":""},"img":{"alt_text":"","src":"https:\/\/i0.wp.com\/artstella-elixirs-floraux.com\/wp-content\/uploads\/2025\/03\/wp-image199.png?resize=350%2C200&ssl=1","width":350,"height":200},"classes":[]},{"id":2194,"url":"https:\/\/artstella-elixirs-floraux.com\/en\/product\/icelandic-poppy-alaskan\/","url_meta":{"origin":6304,"position":4},"title":"Icelandic poppy Alaskan","author":"eveapprill","date":"9 March 2025","format":false,"excerpt":"Icelandic poppy. Papaver nudicaule Peu de conscience de l'identit\u00e9 spirituelle ; aspects de survie, de sexualit\u00e9 et de spiritualit\u00e9 non int\u00e9gr\u00e9s, manque d'\u00e9nergie spirituelle dans les chakras inf\u00e9rieurs.","rel":"","context":"Similar post","block_context":{"text":"Similar post","link":""},"img":{"alt_text":"","src":"https:\/\/i0.wp.com\/artstella-elixirs-floraux.com\/wp-content\/uploads\/2025\/03\/wp-image544.png?resize=350%2C200&ssl=1","width":350,"height":200},"classes":[]},{"id":5049,"url":"https:\/\/artstella-elixirs-floraux.com\/en\/product\/black-tourmaline-master-q-7-5-ml\/","url_meta":{"origin":6304,"position":5},"title":"BLACK TOURMALINE MASTER Q 7.5 ML","author":"eveapprill","date":"9 March 2025","format":false,"excerpt":"Black Tourmaline\/Master Quartz \u2013 Tourmaline noire \/quartz ma\u00eetre Indication flux d\u2019\u00e9nergie restreint dans certaines parties du corps\u00a0; haut niveau d\u2019\u00e9nergies toxiques dans les chakras\u00a0; incapacit\u00e9 \u00e0 int\u00e9grer l\u2019\u00e9nergie spirituelle avec la programmation de la survie.","rel":"","context":"Similar post","block_context":{"text":"Similar post","link":""},"img":{"alt_text":"","src":"https:\/\/i0.wp.com\/artstella-elixirs-floraux.com\/wp-content\/uploads\/2025\/03\/wp-image1400.png?resize=350%2C200&ssl=1","width":350,"height":200},"classes":[]}],"_links":{"self":[{"href":"https:\/\/artstella-elixirs-floraux.com\/en\/wp-json\/wp\/v2\/product\/6304","targetHints":{"allow":["GET"]}}],"collection":[{"href":"https:\/\/artstella-elixirs-floraux.com\/en\/wp-json\/wp\/v2\/product"}],"about":[{"href":"https:\/\/artstella-elixirs-floraux.com\/en\/wp-json\/wp\/v2\/types\/product"}],"version-history":[{"count":1,"href":"https:\/\/artstella-elixirs-floraux.com\/en\/wp-json\/wp\/v2\/product\/6304\/revisions"}],"predecessor-version":[{"id":12547,"href":"https:\/\/artstella-elixirs-floraux.com\/en\/wp-json\/wp\/v2\/product\/6304\/revisions\/12547"}],"wp:featuredmedia":[{"embeddable":true,"href":"https:\/\/artstella-elixirs-floraux.com\/en\/wp-json\/wp\/v2\/media\/9923"}],"wp:attachment":[{"href":"https:\/\/artstella-elixirs-floraux.com\/en\/wp-json\/wp\/v2\/media?parent=6304"}],"wp:term":[{"taxonomy":"product_brand","embeddable":true,"href":"https:\/\/artstella-elixirs-floraux.com\/en\/wp-json\/wp\/v2\/product_brand?post=6304"},{"taxonomy":"product_cat","embeddable":true,"href":"https:\/\/artstella-elixirs-floraux.com\/en\/wp-json\/wp\/v2\/product_cat?post=6304"},{"taxonomy":"product_tag","embeddable":true,"href":"https:\/\/artstella-elixirs-floraux.com\/en\/wp-json\/wp\/v2\/product_tag?post=6304"}],"curies":[{"name":"wp","href":"https:\/\/api.w.org\/{rel}","templated":true}]}}