{"id":6307,"date":"2025-03-09T13:55:44","date_gmt":"2025-03-09T13:55:44","guid":{"rendered":"https:\/\/artstella-elixirs-floraux.com\/product\/coffret-f-dameriques-23-44\/"},"modified":"2025-04-29T14:52:34","modified_gmt":"2025-04-29T14:52:34","slug":"coffret-f-dameriques-23-44","status":"publish","type":"product","link":"https:\/\/artstella-elixirs-floraux.com\/en\/product\/coffret-f-dameriques-23-44\/","title":{"rendered":"COFFRET F D&rsquo;AMERIQUES 23-44"},"content":{"rendered":"","protected":false},"excerpt":{"rendered":"<p>Comprend les 22 \u00e9lixirs des Fleurs d&rsquo;Am\u00e9rique Sylfos de 23-44<\/p>","protected":false},"featured_media":0,"template":"","meta":[],"product_brand":[],"product_cat":[143],"product_tag":[],"class_list":{"0":"post-6307","1":"product","2":"type-product","3":"status-publish","5":"product_cat-les-coffrets-sylfos","7":"first","8":"instock","9":"taxable","10":"shipping-taxable","11":"purchasable","12":"product-type-simple"},"etheme_brands":{"errors":{"invalid_taxonomy":["Invalid taxonomy."]},"error_data":[]},"jetpack_sharing_enabled":true,"jetpack-related-posts":[{"id":6306,"url":"https:\/\/artstella-elixirs-floraux.com\/en\/product\/coffret-f-dameriques-1-22\/","url_meta":{"origin":6307,"position":0},"title":"COFFRET F D&rsquo;AMERIQUES 1-22","author":"eveapprill","date":"9 March 2025","format":false,"excerpt":"Comprend les \u00e9lixirs de fleurs d'Am\u00e9rique de 1-22","rel":"","context":"Similar post","block_context":{"text":"Similar post","link":""},"img":{"alt_text":"","src":"","width":0,"height":0},"classes":[]},{"id":1959,"url":"https:\/\/artstella-elixirs-floraux.com\/en\/product\/lupin-15-ml-fleur-sylfos\/","url_meta":{"origin":6307,"position":1},"title":"LUPIN 15 ML Tarwi FLEUR SYLFOS","author":"eveapprill","date":"26 August 2025","format":false,"excerpt":"Lupin \/ Tarwi\u00a0 \u00a0\u00a0Lupinus perennis \u00a0Stimule la g\u00e9n\u00e9rosit\u00e9, l\u2019ouverture de soi, la solidarit\u00e9. Il aide au d\u00e9veloppement autonome de la personnalit\u00e9. Pour se rel\u00e2cher et naviguer dans le fleuve de la vie avec s\u00e9curit\u00e9 et confiance.\u00a0 Accompagne l\u2019accouchement.","rel":"","context":"Similar post","block_context":{"text":"Similar post","link":""},"img":{"alt_text":"","src":"https:\/\/i0.wp.com\/artstella-elixirs-floraux.com\/wp-content\/uploads\/2025\/03\/tarwi.jpg?resize=350%2C200&ssl=1","width":350,"height":200},"classes":[]},{"id":4092,"url":"https:\/\/artstella-elixirs-floraux.com\/en\/product\/canne-a-sucre-15-ml-fleur-sylfos\/","url_meta":{"origin":6307,"position":2},"title":"CANNE A SUCRE 15 ML FLEUR SYLFOS","author":"eveapprill","date":"9 March 2025","format":false,"excerpt":"CANNE A SUCRE \/CA\u00d1A DE AZUCAR\u00a0\u00a0\u00a0 Sugarcane \u00a0Saccharum officinarum \u00a0 \u00a0 Qui sait donner\u2026 sait recevoir. Voil\u00e0 un des enseignements de cet \u00e9lixir. Pour ceux qui se sont endurcis pour affronter l\u2019adversit\u00e9\u2026 mais qui restent tendres \u00e0 l\u2019int\u00e9rieur, comme l\u2019est la plante.","rel":"","context":"Similar post","block_context":{"text":"Similar post","link":""},"img":{"alt_text":"","src":"","width":0,"height":0},"classes":[]},{"id":5386,"url":"https:\/\/artstella-elixirs-floraux.com\/en\/product\/cobre-bronceado-15-ml-sylfos-pap\/","url_meta":{"origin":6307,"position":3},"title":"COBRE BRONCEADO 15 ML SYLFOS PAP","author":"eveapprill","date":"9 March 2025","format":false,"excerpt":"27 - COBRE BRONCEADO \/ BRONZ\u00c9 D\u2019AM\u00c9RIQUE Lycaena hyllus\u00a0\u00a0\u00a0 Cr\u00e9ativit\u00e9 \u2013 M\u00e9moire cellulaire Il r\u00e9gule la circulation \u00e9lectrique dans le corps et cela est particuli\u00e8rement utile dans les p\u00e9riodes de changements qui sont n\u00e9cessaires mais que nous ne savons pas affronter.\u00a0","rel":"","context":"Similar post","block_context":{"text":"Similar post","link":""},"img":{"alt_text":"","src":"","width":0,"height":0},"classes":[]},{"id":6171,"url":"https:\/\/artstella-elixirs-floraux.com\/en\/product\/cafe-sylfos-15-ml\/","url_meta":{"origin":6307,"position":4},"title":"CAFE SYLFOS 15 ML","author":"eveapprill","date":"9 March 2025","format":false,"excerpt":"CAF\u00c9 Coffea arabica\u00a0\u00a0 Clart\u00e9, renouveau Am\u00e9liore l\u2019acuit\u00e9 mentale en nous aidant dans la prise de d\u00e9cision rapide. Permet de se lib\u00e9rer des coutumes et des sch\u00e9mas de comportements et\/ou de pens\u00e9e qui ne sont pas constructif pour notre cheminement actuel.","rel":"","context":"Similar post","block_context":{"text":"Similar post","link":""},"img":{"alt_text":"","src":"https:\/\/i0.wp.com\/artstella-elixirs-floraux.com\/wp-content\/uploads\/2025\/03\/wp-image2177.png?resize=350%2C200&ssl=1","width":350,"height":200},"classes":[]},{"id":6264,"url":"https:\/\/artstella-elixirs-floraux.com\/en\/product\/yareta-15-ml-sylfos\/","url_meta":{"origin":6307,"position":5},"title":"YARETA 15 ML SYLFOS","author":"eveapprill","date":"9 March 2025","format":false,"excerpt":"YARETA (Azorella compacta) Ouverture du c\u0153ur. Gu\u00e9rison des traumatismes et des pertes \u00e9motionnelles qui ont ferm\u00e9 le c\u0153ur Yareta permet de rouvrir \u00a0le c\u0153ur ferm\u00e9 par de grandes pertes, le rejet ou le manque d'affection qui ont pu cr\u00e9er froideur ou duret\u00e9.","rel":"","context":"Similar post","block_context":{"text":"Similar post","link":""},"img":{"alt_text":"","src":"https:\/\/i0.wp.com\/artstella-elixirs-floraux.com\/wp-content\/uploads\/2025\/03\/wp-image2222.png?resize=350%2C200&ssl=1","width":350,"height":200},"classes":[]}],"_links":{"self":[{"href":"https:\/\/artstella-elixirs-floraux.com\/en\/wp-json\/wp\/v2\/product\/6307","targetHints":{"allow":["GET"]}}],"collection":[{"href":"https:\/\/artstella-elixirs-floraux.com\/en\/wp-json\/wp\/v2\/product"}],"about":[{"href":"https:\/\/artstella-elixirs-floraux.com\/en\/wp-json\/wp\/v2\/types\/product"}],"version-history":[{"count":0,"href":"https:\/\/artstella-elixirs-floraux.com\/en\/wp-json\/wp\/v2\/product\/6307\/revisions"}],"wp:attachment":[{"href":"https:\/\/artstella-elixirs-floraux.com\/en\/wp-json\/wp\/v2\/media?parent=6307"}],"wp:term":[{"taxonomy":"product_brand","embeddable":true,"href":"https:\/\/artstella-elixirs-floraux.com\/en\/wp-json\/wp\/v2\/product_brand?post=6307"},{"taxonomy":"product_cat","embeddable":true,"href":"https:\/\/artstella-elixirs-floraux.com\/en\/wp-json\/wp\/v2\/product_cat?post=6307"},{"taxonomy":"product_tag","embeddable":true,"href":"https:\/\/artstella-elixirs-floraux.com\/en\/wp-json\/wp\/v2\/product_tag?post=6307"}],"curies":[{"name":"wp","href":"https:\/\/api.w.org\/{rel}","templated":true}]}}