{"id":6315,"date":"2025-03-09T13:56:25","date_gmt":"2025-03-09T13:56:25","guid":{"rendered":"https:\/\/artstella-elixirs-floraux.com\/product\/second-chakra-weae-30ml\/"},"modified":"2025-05-05T12:37:53","modified_gmt":"2025-05-05T12:37:53","slug":"second-chakra-weae-30ml","status":"publish","type":"product","link":"https:\/\/artstella-elixirs-floraux.com\/en\/product\/second-chakra-weae-30ml\/","title":{"rendered":"SECOND CHAKRA WEAE 30ML"},"content":{"rendered":"<div class=\"product-description\">\n<p>Ce complexe comprend les \u00e9lixirs de Hippopotame, Hippopotamus Calf (b\u00e9b\u00e9 hippopotame), Swan (cigne) et Goat (ch\u00e8vre).<\/p>\n<\/div>","protected":false},"excerpt":{"rendered":"<div id=\"product-description-short-1515\">\n<p><strong>Second Chakra Essence<\/strong> fournit un soutien pour recevoir les cadeaux du deuxi\u00e8me chakra, y compris: ressentir profond\u00e9ment, accepter sa vie \u00e9motionnelle, sa sexualit\u00e9, sa cr\u00e9ativit\u00e9, sa digestion.<\/p>\n<\/div>\n<div class=\"product-variants\"><\/div>\n<div class=\"product-description\"><\/div>","protected":false},"featured_media":7569,"template":"","meta":[],"product_brand":[],"product_cat":[196],"product_tag":[],"class_list":{"0":"post-6315","1":"product","2":"type-product","3":"status-publish","4":"has-post-thumbnail","6":"product_cat-les-elixirs-wild-chakras","8":"first","9":"instock","10":"taxable","11":"shipping-taxable","12":"purchasable","13":"product-type-simple"},"etheme_brands":{"errors":{"invalid_taxonomy":["Invalid taxonomy."]},"error_data":[]},"jetpack_sharing_enabled":true,"jetpack-related-posts":[{"id":3946,"url":"https:\/\/artstella-elixirs-floraux.com\/en\/product\/hippopotame-15-ml-phi\/","url_meta":{"origin":6315,"position":0},"title":"HIPPOPOTAME 15 ML PHI","author":"eveapprill","date":"9 March 2025","format":false,"excerpt":"Hippopotame (Hippopotamus amphibius) Pour \u00eatre s\u00fbr de soi. L\u2019\u00e9lixir am\u00e9liore la paix int\u00e9rieure. Pour se laisser aller dans ses sentiments et \u00eatre authentique.","rel":"","context":"Similar post","block_context":{"text":"Similar post","link":""},"img":{"alt_text":"","src":"","width":0,"height":0},"classes":[]},{"id":4237,"url":"https:\/\/artstella-elixirs-floraux.com\/en\/product\/hippopotame-wea-30-ml\/","url_meta":{"origin":6315,"position":1},"title":"HIPPOPOTAME WEA 30 ML","author":"eveapprill","date":"9 March 2025","format":false,"excerpt":"Hippopotamus (hippopotame) Apporte un ancrage et un soutien profonds et aide \u00e0 faire face aux probl\u00e8mes \u00e9motionnels non r\u00e9solus. Aide ceux qui ont besoin d\u2019apprendre \u00e0 comprendre et vivre en accord avec leurs sentiments. Favorise l\u2019int\u00e9gration des exp\u00e9riences physiques et \u00e9motionnelles.","rel":"","context":"Similar post","block_context":{"text":"Similar post","link":""},"img":{"alt_text":"","src":"https:\/\/i0.wp.com\/artstella-elixirs-floraux.com\/wp-content\/uploads\/2025\/03\/wp-image2264.png?resize=350%2C200&ssl=1","width":350,"height":200,"srcset":"https:\/\/i0.wp.com\/artstella-elixirs-floraux.com\/wp-content\/uploads\/2025\/03\/wp-image2264.png?resize=350%2C200&ssl=1 1x, https:\/\/i0.wp.com\/artstella-elixirs-floraux.com\/wp-content\/uploads\/2025\/03\/wp-image2264.png?resize=525%2C300&ssl=1 1.5x, https:\/\/i0.wp.com\/artstella-elixirs-floraux.com\/wp-content\/uploads\/2025\/03\/wp-image2264.png?resize=700%2C400&ssl=1 2x, https:\/\/i0.wp.com\/artstella-elixirs-floraux.com\/wp-content\/uploads\/2025\/03\/wp-image2264.png?resize=1050%2C600&ssl=1 3x, https:\/\/i0.wp.com\/artstella-elixirs-floraux.com\/wp-content\/uploads\/2025\/03\/wp-image2264.png?resize=1400%2C800&ssl=1 4x"},"classes":[]},{"id":6321,"url":"https:\/\/artstella-elixirs-floraux.com\/en\/product\/cinquieme-chakra-weae-30ml\/","url_meta":{"origin":6315,"position":2},"title":"CINQUIEME CHAKRA WEAE 30ML","author":"eveapprill","date":"9 March 2025","format":false,"excerpt":"Fifth Chakra Essence fournit un soutien pour recevoir les dons du cinqui\u00e8me chakra, y compris: la communication, l\u2019expression de soi confiante, l\u2019expression cr\u00e9ative, dire la v\u00e9rit\u00e9. \u00a0 \u00a0","rel":"","context":"Similar post","block_context":{"text":"Similar post","link":""},"img":{"alt_text":"","src":"https:\/\/i0.wp.com\/artstella-elixirs-floraux.com\/wp-content\/uploads\/2025\/03\/61805dda-b41e-4abe-9b1e-b0483d6e4efb.jpg?resize=350%2C200&ssl=1","width":350,"height":200,"srcset":"https:\/\/i0.wp.com\/artstella-elixirs-floraux.com\/wp-content\/uploads\/2025\/03\/61805dda-b41e-4abe-9b1e-b0483d6e4efb.jpg?resize=350%2C200&ssl=1 1x, https:\/\/i0.wp.com\/artstella-elixirs-floraux.com\/wp-content\/uploads\/2025\/03\/61805dda-b41e-4abe-9b1e-b0483d6e4efb.jpg?resize=525%2C300&ssl=1 1.5x, https:\/\/i0.wp.com\/artstella-elixirs-floraux.com\/wp-content\/uploads\/2025\/03\/61805dda-b41e-4abe-9b1e-b0483d6e4efb.jpg?resize=700%2C400&ssl=1 2x"},"classes":[]},{"id":3489,"url":"https:\/\/artstella-elixirs-floraux.com\/en\/product\/defender-of-the-source-15-ml-ltoe\/","url_meta":{"origin":6315,"position":3},"title":"DEFENDER OF THE SOURCE 15 ML LTOE","author":"eveapprill","date":"9 March 2025","format":false,"excerpt":"Defender of the Source \/ D\u00e9fense de la Source\u00a0 (compos\u00e9 de Defender from the Dark et Source of Life).\u00a0 Ce compos\u00e9 prot\u00e8gera la r\u00e9gion du chakra sacr\u00e9 contre l\u2019interf\u00e9rence de ces \u00e9nergies n\u00e9gatives. Cet \u00e9lixir semble agir comme un gardien des portes de l\u2019\u00e2me","rel":"","context":"Similar post","block_context":{"text":"Similar post","link":""},"img":{"alt_text":"","src":"https:\/\/i0.wp.com\/artstella-elixirs-floraux.com\/wp-content\/uploads\/2025\/03\/1daefbf9-9d3a-4242-991c-8fc13d1e5a8a.jpg?resize=350%2C200&ssl=1","width":350,"height":200,"srcset":"https:\/\/i0.wp.com\/artstella-elixirs-floraux.com\/wp-content\/uploads\/2025\/03\/1daefbf9-9d3a-4242-991c-8fc13d1e5a8a.jpg?resize=350%2C200&ssl=1 1x, https:\/\/i0.wp.com\/artstella-elixirs-floraux.com\/wp-content\/uploads\/2025\/03\/1daefbf9-9d3a-4242-991c-8fc13d1e5a8a.jpg?resize=525%2C300&ssl=1 1.5x, https:\/\/i0.wp.com\/artstella-elixirs-floraux.com\/wp-content\/uploads\/2025\/03\/1daefbf9-9d3a-4242-991c-8fc13d1e5a8a.jpg?resize=700%2C400&ssl=1 2x"},"classes":[]},{"id":6317,"url":"https:\/\/artstella-elixirs-floraux.com\/en\/product\/troisieme-chakra-weae-30ml\/","url_meta":{"origin":6315,"position":4},"title":"TROISIEME CHAKRA WEAE 30ML","author":"eveapprill","date":"9 March 2025","format":false,"excerpt":"Third Chakra Essence fournit un soutien pour recevoir les cadeaux du troisi\u00e8me chakra, y compris: revendiquer et exprimer notre pouvoir personnel sain, renforcer et \u00e9quilibrer notre corps mental, agir dans le monde avec d\u00e9termination et engagement. \u00a0 \u00a0","rel":"","context":"Similar post","block_context":{"text":"Similar post","link":""},"img":{"alt_text":"","src":"https:\/\/i0.wp.com\/artstella-elixirs-floraux.com\/wp-content\/uploads\/2025\/03\/916895f6-2f0a-436e-958b-2cb102cd33c3.jpg?resize=350%2C200&ssl=1","width":350,"height":200,"srcset":"https:\/\/i0.wp.com\/artstella-elixirs-floraux.com\/wp-content\/uploads\/2025\/03\/916895f6-2f0a-436e-958b-2cb102cd33c3.jpg?resize=350%2C200&ssl=1 1x, https:\/\/i0.wp.com\/artstella-elixirs-floraux.com\/wp-content\/uploads\/2025\/03\/916895f6-2f0a-436e-958b-2cb102cd33c3.jpg?resize=525%2C300&ssl=1 1.5x, https:\/\/i0.wp.com\/artstella-elixirs-floraux.com\/wp-content\/uploads\/2025\/03\/916895f6-2f0a-436e-958b-2cb102cd33c3.jpg?resize=700%2C400&ssl=1 2x"},"classes":[]},{"id":6319,"url":"https:\/\/artstella-elixirs-floraux.com\/en\/product\/quatrieme-chakra-weae-30ml\/","url_meta":{"origin":6315,"position":5},"title":"QUATRIEME CHAKRA WEAE 30ML","author":"eveapprill","date":"9 March 2025","format":false,"excerpt":"Fourth Chakra Essence fournit un soutien pour recevoir les cadeaux du quatri\u00e8me chakra, notamment: ressentir et exprimer l'amour et la compassion, la paix, l'amour divin, la gu\u00e9rison du c\u0153ur. \u00a0 \u00a0","rel":"","context":"Similar post","block_context":{"text":"Similar post","link":""},"img":{"alt_text":"","src":"https:\/\/i0.wp.com\/artstella-elixirs-floraux.com\/wp-content\/uploads\/2025\/03\/07c03158-dfd3-4f57-9f61-011751f60e74.jpg?resize=350%2C200&ssl=1","width":350,"height":200,"srcset":"https:\/\/i0.wp.com\/artstella-elixirs-floraux.com\/wp-content\/uploads\/2025\/03\/07c03158-dfd3-4f57-9f61-011751f60e74.jpg?resize=350%2C200&ssl=1 1x, https:\/\/i0.wp.com\/artstella-elixirs-floraux.com\/wp-content\/uploads\/2025\/03\/07c03158-dfd3-4f57-9f61-011751f60e74.jpg?resize=525%2C300&ssl=1 1.5x, https:\/\/i0.wp.com\/artstella-elixirs-floraux.com\/wp-content\/uploads\/2025\/03\/07c03158-dfd3-4f57-9f61-011751f60e74.jpg?resize=700%2C400&ssl=1 2x"},"classes":[]}],"_links":{"self":[{"href":"https:\/\/artstella-elixirs-floraux.com\/en\/wp-json\/wp\/v2\/product\/6315","targetHints":{"allow":["GET"]}}],"collection":[{"href":"https:\/\/artstella-elixirs-floraux.com\/en\/wp-json\/wp\/v2\/product"}],"about":[{"href":"https:\/\/artstella-elixirs-floraux.com\/en\/wp-json\/wp\/v2\/types\/product"}],"version-history":[{"count":0,"href":"https:\/\/artstella-elixirs-floraux.com\/en\/wp-json\/wp\/v2\/product\/6315\/revisions"}],"wp:featuredmedia":[{"embeddable":true,"href":"https:\/\/artstella-elixirs-floraux.com\/en\/wp-json\/wp\/v2\/media\/7569"}],"wp:attachment":[{"href":"https:\/\/artstella-elixirs-floraux.com\/en\/wp-json\/wp\/v2\/media?parent=6315"}],"wp:term":[{"taxonomy":"product_brand","embeddable":true,"href":"https:\/\/artstella-elixirs-floraux.com\/en\/wp-json\/wp\/v2\/product_brand?post=6315"},{"taxonomy":"product_cat","embeddable":true,"href":"https:\/\/artstella-elixirs-floraux.com\/en\/wp-json\/wp\/v2\/product_cat?post=6315"},{"taxonomy":"product_tag","embeddable":true,"href":"https:\/\/artstella-elixirs-floraux.com\/en\/wp-json\/wp\/v2\/product_tag?post=6315"}],"curies":[{"name":"wp","href":"https:\/\/api.w.org\/{rel}","templated":true}]}}