{"id":6317,"date":"2025-03-09T13:56:27","date_gmt":"2025-03-09T13:56:27","guid":{"rendered":"https:\/\/artstella-elixirs-floraux.com\/product\/troisieme-chakra-weae-30ml\/"},"modified":"2025-05-05T12:37:49","modified_gmt":"2025-05-05T12:37:49","slug":"troisieme-chakra-weae-30ml","status":"publish","type":"product","link":"https:\/\/artstella-elixirs-floraux.com\/en\/product\/troisieme-chakra-weae-30ml\/","title":{"rendered":"TROISIEME CHAKRA WEAE 30ML"},"content":{"rendered":"<p>Ce complexe comprend les \u00e9lixirs de Mountain Lion (Puma), Lion et Gorilla (Gorille).<\/p>","protected":false},"excerpt":{"rendered":"<div id=\"product-description-short-1516\">\n<p><strong>Third Chakra Essence<\/strong> fournit un soutien pour recevoir les cadeaux du troisi\u00e8me chakra, y compris: revendiquer et exprimer notre pouvoir personnel sain, renforcer et \u00e9quilibrer notre corps mental, agir dans le monde avec d\u00e9termination et engagement.<\/p>\n<\/div>\n<div class=\"product-variants\">\u00a0<\/div>\n<div class=\"product-description\">\n<p>\u00a0<\/p>\n<\/div>","protected":false},"featured_media":7565,"template":"","meta":[],"product_brand":[],"product_cat":[196],"product_tag":[],"class_list":{"0":"post-6317","1":"product","2":"type-product","3":"status-publish","4":"has-post-thumbnail","6":"product_cat-les-elixirs-wild-chakras","8":"first","9":"instock","10":"taxable","11":"shipping-taxable","12":"purchasable","13":"product-type-simple"},"etheme_brands":{"errors":{"invalid_taxonomy":["Invalid taxonomy."]},"error_data":[]},"jetpack_sharing_enabled":true,"jetpack-related-posts":[{"id":6323,"url":"https:\/\/artstella-elixirs-floraux.com\/en\/product\/sixieme-chakra-weae-30ml\/","url_meta":{"origin":6317,"position":0},"title":"SIXIEME CHAKRA WEAE 30ML","author":"eveapprill","date":"9 March 2025","format":false,"excerpt":"Sixth Chakra Essence fournit un soutien pour recevoir les dons du sixi\u00e8me chakra, y compris: la vision spirituelle, l\u2019intuition, l\u2019imagination, la sagesse du troisi\u00e8me \u0153il, la perspective spirituelle au-del\u00e0 du monde 3D. \u00a0 \u00a0","rel":"","context":"Similar post","block_context":{"text":"Similar post","link":""},"img":{"alt_text":"","src":"https:\/\/i0.wp.com\/artstella-elixirs-floraux.com\/wp-content\/uploads\/2025\/03\/7a3ca3fb-056a-43c8-879b-aedd4bd1e7be.jpg?resize=350%2C200&ssl=1","width":350,"height":200,"srcset":"https:\/\/i0.wp.com\/artstella-elixirs-floraux.com\/wp-content\/uploads\/2025\/03\/7a3ca3fb-056a-43c8-879b-aedd4bd1e7be.jpg?resize=350%2C200&ssl=1 1x, https:\/\/i0.wp.com\/artstella-elixirs-floraux.com\/wp-content\/uploads\/2025\/03\/7a3ca3fb-056a-43c8-879b-aedd4bd1e7be.jpg?resize=525%2C300&ssl=1 1.5x, https:\/\/i0.wp.com\/artstella-elixirs-floraux.com\/wp-content\/uploads\/2025\/03\/7a3ca3fb-056a-43c8-879b-aedd4bd1e7be.jpg?resize=700%2C400&ssl=1 2x"},"classes":[]},{"id":5870,"url":"https:\/\/artstella-elixirs-floraux.com\/en\/product\/gorille-gorilla-gorilla-gorilla-15ml-phi\/","url_meta":{"origin":6317,"position":1},"title":"Gorille &#8211; Gorilla (Gorilla gorilla) 15ml PHI","author":"eveapprill","date":"9 March 2025","format":false,"excerpt":"Gorille - Gorilla (Gorilla gorilla) \u00a0Cet \u00e9lixir nous permet de nous sentir connect\u00e9s au pouvoir et \u00e0 force avec la compassion et le sens de la responsabilit\u00e9. Nous apprenons \u00e0 d\u00e9velopper notre vie sociale et \u00e0 renforcer les structures de groupe ou familiales.","rel":"","context":"Similar post","block_context":{"text":"Similar post","link":""},"img":{"alt_text":"","src":"","width":0,"height":0},"classes":[]},{"id":4312,"url":"https:\/\/artstella-elixirs-floraux.com\/en\/product\/gorilla-gorille-wea-exp-30-ml\/","url_meta":{"origin":6317,"position":2},"title":"GORILLA\/GORILLE WEA EXP 30 ML","author":"eveapprill","date":"9 March 2025","format":false,"excerpt":"Gorilla (gorille) Connaissance et expression de soi affirm\u00e9es\u00a0; force supr\u00eame\u00a0; revendication du pouvoir personnel\u00a0; tenir bon.","rel":"","context":"Similar post","block_context":{"text":"Similar post","link":""},"img":{"alt_text":"","src":"https:\/\/i0.wp.com\/artstella-elixirs-floraux.com\/wp-content\/uploads\/2025\/03\/wp-image2293.png?resize=350%2C200&ssl=1","width":350,"height":200,"srcset":"https:\/\/i0.wp.com\/artstella-elixirs-floraux.com\/wp-content\/uploads\/2025\/03\/wp-image2293.png?resize=350%2C200&ssl=1 1x, https:\/\/i0.wp.com\/artstella-elixirs-floraux.com\/wp-content\/uploads\/2025\/03\/wp-image2293.png?resize=525%2C300&ssl=1 1.5x, https:\/\/i0.wp.com\/artstella-elixirs-floraux.com\/wp-content\/uploads\/2025\/03\/wp-image2293.png?resize=700%2C400&ssl=1 2x"},"classes":[]},{"id":3459,"url":"https:\/\/artstella-elixirs-floraux.com\/en\/product\/lepiste-phi-15-ml-champ\/","url_meta":{"origin":6317,"position":3},"title":"LEPISTE PHI 15 ML CHAMP","author":"eveapprill","date":"9 March 2025","format":false,"excerpt":"L\u00e9piste \u00e0 odeur d\u2019iris (Lepista irina) (Veilchen R\u00f6telritterling) L'\u00e9lixir facilite l'acc\u00e8s au troisi\u00e8me \u0153il (6\u00e8me chakra), am\u00e8ne la clart\u00e9 de l'intuition, nettoie le flux d'\u00e9nergie entre les chakras et les diff\u00e9rents plans d'\u00e9nergie. Ancrage de l'\u00e9nergie \u00e9quilibr\u00e9e au niveau cellulaire.","rel":"","context":"Similar post","block_context":{"text":"Similar post","link":""},"img":{"alt_text":"","src":"https:\/\/i0.wp.com\/artstella-elixirs-floraux.com\/wp-content\/uploads\/2025\/03\/wp-image328.png?resize=350%2C200&ssl=1","width":350,"height":200},"classes":[]},{"id":1927,"url":"https:\/\/artstella-elixirs-floraux.com\/en\/product\/gorille-15-ml-phi\/","url_meta":{"origin":6317,"position":4},"title":"GORILLE 15 ML PHI","author":"eveapprill","date":"27 May 2025","format":false,"excerpt":"","rel":"","context":"Similar post","block_context":{"text":"Similar post","link":""},"img":{"alt_text":"","src":"","width":0,"height":0},"classes":[]},{"id":2977,"url":"https:\/\/artstella-elixirs-floraux.com\/en\/product\/citrine-15-ml-phi\/","url_meta":{"origin":6317,"position":5},"title":"CITRINE 15 ML PHI","author":"eveapprill","date":"9 March 2025","format":false,"excerpt":"Citrine (Zitrin) \u00c9quilibre les \u00e9motions au niveau du plexus solaire et renforce la confiance en soi, l'intuition et le sens de la communaut\u00e9. Stimule le troisi\u00e8me \u0153il et le chakra coronal.","rel":"","context":"Similar post","block_context":{"text":"Similar post","link":""},"img":{"alt_text":"","src":"https:\/\/i0.wp.com\/artstella-elixirs-floraux.com\/wp-content\/uploads\/2025\/03\/wp-image312.png?resize=350%2C200&ssl=1","width":350,"height":200},"classes":[]}],"_links":{"self":[{"href":"https:\/\/artstella-elixirs-floraux.com\/en\/wp-json\/wp\/v2\/product\/6317","targetHints":{"allow":["GET"]}}],"collection":[{"href":"https:\/\/artstella-elixirs-floraux.com\/en\/wp-json\/wp\/v2\/product"}],"about":[{"href":"https:\/\/artstella-elixirs-floraux.com\/en\/wp-json\/wp\/v2\/types\/product"}],"version-history":[{"count":0,"href":"https:\/\/artstella-elixirs-floraux.com\/en\/wp-json\/wp\/v2\/product\/6317\/revisions"}],"wp:featuredmedia":[{"embeddable":true,"href":"https:\/\/artstella-elixirs-floraux.com\/en\/wp-json\/wp\/v2\/media\/7565"}],"wp:attachment":[{"href":"https:\/\/artstella-elixirs-floraux.com\/en\/wp-json\/wp\/v2\/media?parent=6317"}],"wp:term":[{"taxonomy":"product_brand","embeddable":true,"href":"https:\/\/artstella-elixirs-floraux.com\/en\/wp-json\/wp\/v2\/product_brand?post=6317"},{"taxonomy":"product_cat","embeddable":true,"href":"https:\/\/artstella-elixirs-floraux.com\/en\/wp-json\/wp\/v2\/product_cat?post=6317"},{"taxonomy":"product_tag","embeddable":true,"href":"https:\/\/artstella-elixirs-floraux.com\/en\/wp-json\/wp\/v2\/product_tag?post=6317"}],"curies":[{"name":"wp","href":"https:\/\/api.w.org\/{rel}","templated":true}]}}