{"id":6319,"date":"2025-03-09T13:56:28","date_gmt":"2025-03-09T13:56:28","guid":{"rendered":"https:\/\/artstella-elixirs-floraux.com\/product\/quatrieme-chakra-weae-30ml\/"},"modified":"2025-05-05T12:37:46","modified_gmt":"2025-05-05T12:37:46","slug":"quatrieme-chakra-weae-30ml","status":"publish","type":"product","link":"https:\/\/artstella-elixirs-floraux.com\/en\/product\/quatrieme-chakra-weae-30ml\/","title":{"rendered":"QUATRIEME CHAKRA WEAE 30ML"},"content":{"rendered":"<div class=\"product-description\">\n<p>Ce complexe comprend les \u00e9lixirs de Wild Horse (Cheval sauvage), Dove (Colombe), Snow Monkey (Singe des neiges) et Mutt (chien corniaud).<\/p>\n<\/div>","protected":false},"excerpt":{"rendered":"<div id=\"product-description-short-1517\">\n<p><strong>Fourth Chakra Essence<\/strong> fournit un soutien pour recevoir les cadeaux du quatri\u00e8me chakra, notamment: ressentir et exprimer l&rsquo;amour et la compassion, la paix, l&rsquo;amour divin, la gu\u00e9rison du c\u0153ur.<\/p>\n<\/div>\n<div class=\"product-variants\">\u00a0<\/div>\n<div class=\"product-description\">\n<p>\u00a0<\/p>\n<\/div>","protected":false},"featured_media":7566,"template":"","meta":[],"product_brand":[],"product_cat":[196],"product_tag":[],"class_list":{"0":"post-6319","1":"product","2":"type-product","3":"status-publish","4":"has-post-thumbnail","6":"product_cat-les-elixirs-wild-chakras","8":"first","9":"instock","10":"taxable","11":"shipping-taxable","12":"purchasable","13":"product-type-simple"},"etheme_brands":{"errors":{"invalid_taxonomy":["Invalid taxonomy."]},"error_data":[]},"jetpack_sharing_enabled":true,"jetpack-related-posts":[{"id":3243,"url":"https:\/\/artstella-elixirs-floraux.com\/en\/product\/lys-orange-15-ml-phi\/","url_meta":{"origin":6319,"position":0},"title":"LYS ORANGE 15 ML PHI","author":"eveapprill","date":"9 March 2025","format":false,"excerpt":"Lys orang\u00e9 (Lilium bulbiferum) (Feuerlilie) Unit le deuxi\u00e8me et le quatri\u00e8me chakra (sexuel et c\u0153ur). Il nous apprend \u00e0 acqu\u00e9rir une attitude juste face \u00e0 la sexualit\u00e9 et \u00e0 laisser monter nos \u00e9nergies jusqu'au niveau du c\u0153ur.","rel":"","context":"Similar post","block_context":{"text":"Similar post","link":""},"img":{"alt_text":"","src":"https:\/\/i0.wp.com\/artstella-elixirs-floraux.com\/wp-content\/uploads\/2025\/03\/wp-image662.png?resize=350%2C200&ssl=1","width":350,"height":200},"classes":[]},{"id":3875,"url":"https:\/\/artstella-elixirs-floraux.com\/en\/product\/baleine-pilote-15ml-phi\/","url_meta":{"origin":6319,"position":1},"title":"BALEINE PILOTE 15ML PHI","author":"eveapprill","date":"9 March 2025","format":false,"excerpt":"Baleine (Globicephala melas) L\u2019\u00e9lixir agit sur le chakra du c\u0153ur, en l\u2019ouvrant largement. Ouvre notre conscience envers notre plan\u00e8te.","rel":"","context":"Similar post","block_context":{"text":"Similar post","link":""},"img":{"alt_text":"","src":"https:\/\/i0.wp.com\/artstella-elixirs-floraux.com\/wp-content\/uploads\/2025\/03\/wp-image2480.png?resize=350%2C200&ssl=1","width":350,"height":200,"srcset":"https:\/\/i0.wp.com\/artstella-elixirs-floraux.com\/wp-content\/uploads\/2025\/03\/wp-image2480.png?resize=350%2C200&ssl=1 1x, https:\/\/i0.wp.com\/artstella-elixirs-floraux.com\/wp-content\/uploads\/2025\/03\/wp-image2480.png?resize=525%2C300&ssl=1 1.5x, https:\/\/i0.wp.com\/artstella-elixirs-floraux.com\/wp-content\/uploads\/2025\/03\/wp-image2480.png?resize=700%2C400&ssl=1 2x, https:\/\/i0.wp.com\/artstella-elixirs-floraux.com\/wp-content\/uploads\/2025\/03\/wp-image2480.png?resize=1050%2C600&ssl=1 3x, https:\/\/i0.wp.com\/artstella-elixirs-floraux.com\/wp-content\/uploads\/2025\/03\/wp-image2480.png?resize=1400%2C800&ssl=1 4x"},"classes":[]},{"id":6321,"url":"https:\/\/artstella-elixirs-floraux.com\/en\/product\/cinquieme-chakra-weae-30ml\/","url_meta":{"origin":6319,"position":2},"title":"CINQUIEME CHAKRA WEAE 30ML","author":"eveapprill","date":"9 March 2025","format":false,"excerpt":"Fifth Chakra Essence fournit un soutien pour recevoir les dons du cinqui\u00e8me chakra, y compris: la communication, l\u2019expression de soi confiante, l\u2019expression cr\u00e9ative, dire la v\u00e9rit\u00e9. \u00a0 \u00a0","rel":"","context":"Similar post","block_context":{"text":"Similar post","link":""},"img":{"alt_text":"","src":"https:\/\/i0.wp.com\/artstella-elixirs-floraux.com\/wp-content\/uploads\/2025\/03\/61805dda-b41e-4abe-9b1e-b0483d6e4efb.jpg?resize=350%2C200&ssl=1","width":350,"height":200,"srcset":"https:\/\/i0.wp.com\/artstella-elixirs-floraux.com\/wp-content\/uploads\/2025\/03\/61805dda-b41e-4abe-9b1e-b0483d6e4efb.jpg?resize=350%2C200&ssl=1 1x, https:\/\/i0.wp.com\/artstella-elixirs-floraux.com\/wp-content\/uploads\/2025\/03\/61805dda-b41e-4abe-9b1e-b0483d6e4efb.jpg?resize=525%2C300&ssl=1 1.5x, https:\/\/i0.wp.com\/artstella-elixirs-floraux.com\/wp-content\/uploads\/2025\/03\/61805dda-b41e-4abe-9b1e-b0483d6e4efb.jpg?resize=700%2C400&ssl=1 2x"},"classes":[]},{"id":6315,"url":"https:\/\/artstella-elixirs-floraux.com\/en\/product\/second-chakra-weae-30ml\/","url_meta":{"origin":6319,"position":3},"title":"SECOND CHAKRA WEAE 30ML","author":"eveapprill","date":"9 March 2025","format":false,"excerpt":"Second Chakra Essence fournit un soutien pour recevoir les cadeaux du deuxi\u00e8me chakra, y compris: ressentir profond\u00e9ment, accepter sa vie \u00e9motionnelle, sa sexualit\u00e9, sa cr\u00e9ativit\u00e9, sa digestion.","rel":"","context":"Similar post","block_context":{"text":"Similar post","link":""},"img":{"alt_text":"","src":"https:\/\/i0.wp.com\/artstella-elixirs-floraux.com\/wp-content\/uploads\/2025\/03\/0c616d60-16b2-47e1-8d25-f8ccdc3e3a26.jpg?resize=350%2C200&ssl=1","width":350,"height":200,"srcset":"https:\/\/i0.wp.com\/artstella-elixirs-floraux.com\/wp-content\/uploads\/2025\/03\/0c616d60-16b2-47e1-8d25-f8ccdc3e3a26.jpg?resize=350%2C200&ssl=1 1x, https:\/\/i0.wp.com\/artstella-elixirs-floraux.com\/wp-content\/uploads\/2025\/03\/0c616d60-16b2-47e1-8d25-f8ccdc3e3a26.jpg?resize=525%2C300&ssl=1 1.5x, https:\/\/i0.wp.com\/artstella-elixirs-floraux.com\/wp-content\/uploads\/2025\/03\/0c616d60-16b2-47e1-8d25-f8ccdc3e3a26.jpg?resize=700%2C400&ssl=1 2x"},"classes":[]},{"id":2508,"url":"https:\/\/artstella-elixirs-floraux.com\/en\/product\/chrysocolle\/","url_meta":{"origin":6319,"position":4},"title":"CHRYSOCOLLE","author":"eveapprill","date":"9 March 2025","format":false,"excerpt":"CHRYSOCOLLA. Chrysocolle Ouvre, adoucit et \u00e9largit la dimension int\u00e9rieure du chakra du c\u0153ur ; aide \u00e0 l\u00e2cher les tensions et les d\u00e9fenses dans le don et l\u2019accueil de l\u2019amour ; accro\u00eet la flexibilit\u00e9 du corps et de l\u2019esprit permettant \u00e0 la vibration d\u2019amour de circuler.","rel":"","context":"Similar post","block_context":{"text":"Similar post","link":""},"img":{"alt_text":"","src":"https:\/\/i0.wp.com\/artstella-elixirs-floraux.com\/wp-content\/uploads\/2025\/03\/wp-image202.png?resize=350%2C200&ssl=1","width":350,"height":200},"classes":[]},{"id":6317,"url":"https:\/\/artstella-elixirs-floraux.com\/en\/product\/troisieme-chakra-weae-30ml\/","url_meta":{"origin":6319,"position":5},"title":"TROISIEME CHAKRA WEAE 30ML","author":"eveapprill","date":"9 March 2025","format":false,"excerpt":"Third Chakra Essence fournit un soutien pour recevoir les cadeaux du troisi\u00e8me chakra, y compris: revendiquer et exprimer notre pouvoir personnel sain, renforcer et \u00e9quilibrer notre corps mental, agir dans le monde avec d\u00e9termination et engagement. \u00a0 \u00a0","rel":"","context":"Similar post","block_context":{"text":"Similar post","link":""},"img":{"alt_text":"","src":"https:\/\/i0.wp.com\/artstella-elixirs-floraux.com\/wp-content\/uploads\/2025\/03\/916895f6-2f0a-436e-958b-2cb102cd33c3.jpg?resize=350%2C200&ssl=1","width":350,"height":200,"srcset":"https:\/\/i0.wp.com\/artstella-elixirs-floraux.com\/wp-content\/uploads\/2025\/03\/916895f6-2f0a-436e-958b-2cb102cd33c3.jpg?resize=350%2C200&ssl=1 1x, https:\/\/i0.wp.com\/artstella-elixirs-floraux.com\/wp-content\/uploads\/2025\/03\/916895f6-2f0a-436e-958b-2cb102cd33c3.jpg?resize=525%2C300&ssl=1 1.5x, https:\/\/i0.wp.com\/artstella-elixirs-floraux.com\/wp-content\/uploads\/2025\/03\/916895f6-2f0a-436e-958b-2cb102cd33c3.jpg?resize=700%2C400&ssl=1 2x"},"classes":[]}],"_links":{"self":[{"href":"https:\/\/artstella-elixirs-floraux.com\/en\/wp-json\/wp\/v2\/product\/6319","targetHints":{"allow":["GET"]}}],"collection":[{"href":"https:\/\/artstella-elixirs-floraux.com\/en\/wp-json\/wp\/v2\/product"}],"about":[{"href":"https:\/\/artstella-elixirs-floraux.com\/en\/wp-json\/wp\/v2\/types\/product"}],"version-history":[{"count":0,"href":"https:\/\/artstella-elixirs-floraux.com\/en\/wp-json\/wp\/v2\/product\/6319\/revisions"}],"wp:featuredmedia":[{"embeddable":true,"href":"https:\/\/artstella-elixirs-floraux.com\/en\/wp-json\/wp\/v2\/media\/7566"}],"wp:attachment":[{"href":"https:\/\/artstella-elixirs-floraux.com\/en\/wp-json\/wp\/v2\/media?parent=6319"}],"wp:term":[{"taxonomy":"product_brand","embeddable":true,"href":"https:\/\/artstella-elixirs-floraux.com\/en\/wp-json\/wp\/v2\/product_brand?post=6319"},{"taxonomy":"product_cat","embeddable":true,"href":"https:\/\/artstella-elixirs-floraux.com\/en\/wp-json\/wp\/v2\/product_cat?post=6319"},{"taxonomy":"product_tag","embeddable":true,"href":"https:\/\/artstella-elixirs-floraux.com\/en\/wp-json\/wp\/v2\/product_tag?post=6319"}],"curies":[{"name":"wp","href":"https:\/\/api.w.org\/{rel}","templated":true}]}}