{"id":6329,"date":"2025-03-09T13:56:36","date_gmt":"2025-03-09T13:56:36","guid":{"rendered":"https:\/\/artstella-elixirs-floraux.com\/product\/liberte-lacher-prise-compose-sylfos\/"},"modified":"2025-04-30T20:09:01","modified_gmt":"2025-04-30T20:09:01","slug":"liberte-lacher-prise-compose-sylfos","status":"publish","type":"product","link":"https:\/\/artstella-elixirs-floraux.com\/en\/product\/liberte-lacher-prise-compose-sylfos\/","title":{"rendered":"Libert\u00e9 L\u00e2cher Prise compos\u00e9 Sylfos"},"content":{"rendered":"","protected":false},"excerpt":{"rendered":"<p>Pour ceux qui souhaitent surmonter les diverses d\u00e9pendances. Ce compos\u00e9 aide \u00e0 la d\u00e9sintoxication psychophysique, en particulier lorsque des substances nocives pour la sant\u00e9 ont \u00e9t\u00e9 consomm\u00e9es de mani\u00e8re excessive.<\/p>","protected":false},"featured_media":7752,"template":"","meta":[],"product_brand":[],"product_cat":[138],"product_tag":[],"class_list":{"0":"post-6329","1":"product","2":"type-product","3":"status-publish","4":"has-post-thumbnail","6":"product_cat-les-composes-des-fleurs-andines","8":"first","9":"instock","10":"taxable","11":"shipping-taxable","12":"purchasable","13":"product-type-variable"},"etheme_brands":{"errors":{"invalid_taxonomy":["Invalid taxonomy."]},"error_data":[]},"jetpack_sharing_enabled":true,"jetpack-related-posts":[{"id":6193,"url":"https:\/\/artstella-elixirs-floraux.com\/en\/product\/4-elements-compose-bloesem-remedies\/","url_meta":{"origin":6329,"position":0},"title":"4 ELEMENTS COMPOSE BLOESEM REMEDIES","author":"eveapprill","date":"9 March 2025","format":false,"excerpt":"COMPOS\u00c9 4 ELEMENTS \u2013 4 ELEMENTEN COMBINATIE \u2013 permet d\u2019\u00eatre ouvert et chaleureux avec des autres tout en restant fid\u00e8le \u00e0 soi-m\u00eame. Le lien avec l\u2019\u00e2me et le but de l\u2019\u00e2me deviennent plus clair","rel":"","context":"Similar post","block_context":{"text":"Similar post","link":""},"img":{"alt_text":"","src":"https:\/\/i0.wp.com\/artstella-elixirs-floraux.com\/wp-content\/uploads\/2025\/03\/wp-image2192.png?resize=350%2C200&ssl=1","width":350,"height":200},"classes":[]},{"id":6229,"url":"https:\/\/artstella-elixirs-floraux.com\/en\/product\/intergration-compose-bloesem-10ml\/","url_meta":{"origin":6329,"position":1},"title":"INTEGRATION COMPOSE BLOESEM","author":"eveapprill","date":"9 March 2025","format":false,"excerpt":"Il favorise l\u2019int\u00e9gration, la protection et la r\u00e9solution d\u2019\u00e9motions v\u00e9cues dans le pass\u00e9. Quand, \u00e0 un moment, on pu perdre le contr\u00f4le de sa vie. Il nous aide \u00e0 l\u00e2cher prise sur le pass\u00e9 en nous donnant une perception claire de l\u2019origine du probl\u00e8me","rel":"","context":"Similar post","block_context":{"text":"Similar post","link":""},"img":{"alt_text":"","src":"","width":0,"height":0},"classes":[]},{"id":5877,"url":"https:\/\/artstella-elixirs-floraux.com\/en\/product\/compose-n19-renaissance-deva-30ml\/","url_meta":{"origin":6329,"position":2},"title":"Compos\u00e9 n\u00b019 RENAISSANCE DEVA 30ml","author":"eveapprill","date":"9 March 2025","format":false,"excerpt":"Compos\u00e9 n\u00b019 Renaissance DEVA 30ml Aide \u00e0 retrouver une paix profonde et sa pleine int\u00e9grit\u00e9 physique, mentale et \u00e9motionnelle apr\u00e8s une situation d'\u00e9puisement total.","rel":"","context":"Similar post","block_context":{"text":"Similar post","link":""},"img":{"alt_text":"","src":"https:\/\/i0.wp.com\/artstella-elixirs-floraux.com\/wp-content\/uploads\/2025\/03\/367f6051-abea-4271-a4de-e0b28fe2b56e.jpg?resize=350%2C200&ssl=1","width":350,"height":200,"srcset":"https:\/\/i0.wp.com\/artstella-elixirs-floraux.com\/wp-content\/uploads\/2025\/03\/367f6051-abea-4271-a4de-e0b28fe2b56e.jpg?resize=350%2C200&ssl=1 1x, https:\/\/i0.wp.com\/artstella-elixirs-floraux.com\/wp-content\/uploads\/2025\/03\/367f6051-abea-4271-a4de-e0b28fe2b56e.jpg?resize=525%2C300&ssl=1 1.5x, https:\/\/i0.wp.com\/artstella-elixirs-floraux.com\/wp-content\/uploads\/2025\/03\/367f6051-abea-4271-a4de-e0b28fe2b56e.jpg?resize=700%2C400&ssl=1 2x"},"classes":[]},{"id":6241,"url":"https:\/\/artstella-elixirs-floraux.com\/en\/product\/compose-des-4-champignons-bloesem-remedies\/","url_meta":{"origin":6329,"position":3},"title":"COMPOS\u00c9 des 4 CHAMPIGNONS Bloesem remedies","author":"eveapprill","date":"9 March 2025","format":false,"excerpt":"Ce compos\u00e9 facilite l\u2019expression et la manifestation de qui l\u2019on est\u00a0; de fa\u00e7on \u00e0 \u00eatre capable de l\u2019exprimer clairement. Il est utile quand on a r\u00e9ussi l\u2019int\u00e9gration des aspects masculin et f\u00e9minin, mais que l\u2019intuition et la sph\u00e8re plus haute sont encore trop neuves et l\u2019on n\u2019a pas encore le\u2026","rel":"","context":"Similar post","block_context":{"text":"Similar post","link":""},"img":{"alt_text":"","src":"","width":0,"height":0},"classes":[]},{"id":6245,"url":"https:\/\/artstella-elixirs-floraux.com\/en\/product\/compose-g-s-m-combinatie-bloesem-r\/","url_meta":{"origin":6329,"position":4},"title":"COMPOS\u00c9 G.S.M. Combinatie Bloesem R","author":"eveapprill","date":"9 March 2025","format":false,"excerpt":"Il aide \u00e0 se prot\u00e9ger contre la radiation des t\u00e9l\u00e9phones portables. Mettre quelques gouttes de rem\u00e8de sur la t\u00eate sur la partie en contact avec l\u2019appareil. Quand on souffre d\u00e9j\u00e0 de maux de t\u00eate \u00e0 cause d\u2019un usage excessif du t\u00e9l\u00e9phone, on peut appliquer une goutte sur l\u2019endroit douloureux \u00e0\u2026","rel":"","context":"Similar post","block_context":{"text":"Similar post","link":""},"img":{"alt_text":"","src":"https:\/\/i0.wp.com\/artstella-elixirs-floraux.com\/wp-content\/uploads\/2025\/03\/wp-image2214.png?resize=350%2C200&ssl=1","width":350,"height":200},"classes":[]},{"id":5882,"url":"https:\/\/artstella-elixirs-floraux.com\/en\/product\/boost-bush-30ml\/","url_meta":{"origin":6329,"position":5},"title":"BOOST BUSH 30ml","author":"eveapprill","date":"9 March 2025","format":false,"excerpt":"Boost Compos\u00e9 du Bush Australien 30 ml A \u00e9t\u00e9 sp\u00e9cialement formul\u00e9 pour soutenir et faire face aux grands changements et d\u00e9fis des temps pr\u00e9sents. R\u00e9silience, calme et \u00e9quilibre, pour se sentir en s\u00e9curit\u00e9 et rassur\u00e9 et ancr\u00e9.","rel":"","context":"Similar post","block_context":{"text":"Similar post","link":""},"img":{"alt_text":"Les compos\u00e9s du bush Australien","src":"https:\/\/i0.wp.com\/artstella-elixirs-floraux.com\/wp-content\/uploads\/2025\/03\/bea4b58e-ae33-4723-8319-0ce84dd56801.jpg?resize=350%2C200&ssl=1","width":350,"height":200,"srcset":"https:\/\/i0.wp.com\/artstella-elixirs-floraux.com\/wp-content\/uploads\/2025\/03\/bea4b58e-ae33-4723-8319-0ce84dd56801.jpg?resize=350%2C200&ssl=1 1x, https:\/\/i0.wp.com\/artstella-elixirs-floraux.com\/wp-content\/uploads\/2025\/03\/bea4b58e-ae33-4723-8319-0ce84dd56801.jpg?resize=525%2C300&ssl=1 1.5x, https:\/\/i0.wp.com\/artstella-elixirs-floraux.com\/wp-content\/uploads\/2025\/03\/bea4b58e-ae33-4723-8319-0ce84dd56801.jpg?resize=700%2C400&ssl=1 2x"},"classes":[]}],"_links":{"self":[{"href":"https:\/\/artstella-elixirs-floraux.com\/en\/wp-json\/wp\/v2\/product\/6329","targetHints":{"allow":["GET"]}}],"collection":[{"href":"https:\/\/artstella-elixirs-floraux.com\/en\/wp-json\/wp\/v2\/product"}],"about":[{"href":"https:\/\/artstella-elixirs-floraux.com\/en\/wp-json\/wp\/v2\/types\/product"}],"version-history":[{"count":0,"href":"https:\/\/artstella-elixirs-floraux.com\/en\/wp-json\/wp\/v2\/product\/6329\/revisions"}],"wp:featuredmedia":[{"embeddable":true,"href":"https:\/\/artstella-elixirs-floraux.com\/en\/wp-json\/wp\/v2\/media\/7752"}],"wp:attachment":[{"href":"https:\/\/artstella-elixirs-floraux.com\/en\/wp-json\/wp\/v2\/media?parent=6329"}],"wp:term":[{"taxonomy":"product_brand","embeddable":true,"href":"https:\/\/artstella-elixirs-floraux.com\/en\/wp-json\/wp\/v2\/product_brand?post=6329"},{"taxonomy":"product_cat","embeddable":true,"href":"https:\/\/artstella-elixirs-floraux.com\/en\/wp-json\/wp\/v2\/product_cat?post=6329"},{"taxonomy":"product_tag","embeddable":true,"href":"https:\/\/artstella-elixirs-floraux.com\/en\/wp-json\/wp\/v2\/product_tag?post=6329"}],"curies":[{"name":"wp","href":"https:\/\/api.w.org\/{rel}","templated":true}]}}