{"id":6333,"date":"2025-03-09T13:56:40","date_gmt":"2025-03-09T13:56:40","guid":{"rendered":"https:\/\/artstella-elixirs-floraux.com\/product\/hyperactivite-n22-comp-deva-30-ml\/"},"modified":"2025-05-27T22:05:41","modified_gmt":"2025-05-27T22:05:41","slug":"hyperactivite-n22-comp-deva-30-ml","status":"publish","type":"product","link":"https:\/\/artstella-elixirs-floraux.com\/en\/product\/hyperactivite-n22-comp-deva-30-ml\/","title":{"rendered":"Hyperactivit\u00e9 N\u00b022 Comp Deva 30 ml"},"content":{"rendered":"<p>Le compos\u00e9 floral Deva <strong>HYPERACTIVIT\u00c9<\/strong> stabilise humeur, attention et activit\u00e9 chez l&rsquo;enfant et l&rsquo;adulte hypersensibles et hyper\u00e9motifs. Apaise les tensions li\u00e9es \u00e0 l&rsquo;impulsivit\u00e9. Renforce l&rsquo;estime de soi, l&rsquo;\u00e9coute, la concentration.<\/p>\n<p>Apporte douceur, confiance et protection.<\/p>\n<p>Base Alcool : Eau de source, cognac*, infusion solaire (0,5%) de : Achill\u00e9e Blanche*, Camomille* , Impatiente*, M\u00e9l\u00e8ze*, Mimosa* , P\u00e9tunia* et Verveine*\u00a0 &#8211; Alcool 20% vol.<\/p>\n<p>Base sans alcool : Sirop d&rsquo;\u00e9rable*, \u00e9lixirs m\u00e8res de fleurs * (1%)<\/p>","protected":false},"excerpt":{"rendered":"<p>e compos\u00e9 floral Deva <strong>HYPERACTIVIT\u00c9<\/strong> stabilise humeur, attention et activit\u00e9 chez l&rsquo;enfant et l&rsquo;adulte hypersensibles et hyper\u00e9motifs. Apaise les tensions li\u00e9es \u00e0 l&rsquo;impulsivit\u00e9. Renforce l&rsquo;estime de soi, l&rsquo;\u00e9coute, la concentration.<\/p>\n<p>Apporte douceur, confiance et protection.<\/p>","protected":false},"featured_media":6334,"template":"","meta":[],"product_brand":[],"product_cat":[174],"product_tag":[],"class_list":{"0":"post-6333","1":"product","2":"type-product","3":"status-publish","4":"has-post-thumbnail","6":"product_cat-les-composes-special-animaux","8":"first","9":"instock","10":"taxable","11":"shipping-taxable","12":"purchasable","13":"product-type-simple"},"etheme_brands":{"errors":{"invalid_taxonomy":["Invalid taxonomy."]},"error_data":[]},"jetpack_sharing_enabled":true,"jetpack-related-posts":[{"id":5610,"url":"https:\/\/artstella-elixirs-floraux.com\/en\/product\/achillee-jaune-15ml-deva\/","url_meta":{"origin":6333,"position":0},"title":"Achill\u00e9e jaune 15ml DEVA","author":"eveapprill","date":"9 March 2025","format":false,"excerpt":"Achill\u00e9e Jaune Ouverture, protection. Pour les temp\u00e9raments hypersensibles et vuln\u00e9rables qui ont tendance \u00e0 s\u2019isoler du monde ext\u00e9rieur pour se prot\u00e9ger.","rel":"","context":"Similar post","block_context":{"text":"Similar post","link":""},"img":{"alt_text":"","src":"https:\/\/i0.wp.com\/artstella-elixirs-floraux.com\/wp-content\/uploads\/2025\/03\/wp-image1807.png?resize=350%2C200&ssl=1","width":350,"height":200},"classes":[]},{"id":5810,"url":"https:\/\/artstella-elixirs-floraux.com\/en\/product\/zinnia-15-ml-deva\/","url_meta":{"origin":6333,"position":1},"title":"Zinnia 15 ml DEVA","author":"eveapprill","date":"9 March 2025","format":false,"excerpt":"Zinnia Joie, gaiet\u00e9, l\u00e9g\u00e8ret\u00e9. Pour retrouver l\u2019enfant qui existe en chacun de nous. Rel\u00e2che les tensions. Aide les adultes qui ont des probl\u00e8mes de communication avec leurs enfants.","rel":"","context":"Similar post","block_context":{"text":"Similar post","link":""},"img":{"alt_text":"","src":"https:\/\/i0.wp.com\/artstella-elixirs-floraux.com\/wp-content\/uploads\/2025\/03\/wp-image2456.png?resize=350%2C200&ssl=1","width":350,"height":200},"classes":[]},{"id":6335,"url":"https:\/\/artstella-elixirs-floraux.com\/en\/product\/assistance-spray-deva-30ml\/","url_meta":{"origin":6333,"position":2},"title":"ASSISTANCE SPRAY DEVA 30ML","author":"eveapprill","date":"9 March 2025","format":false,"excerpt":"Le compos\u00e9 floral ASSISTANCE est \u00e0 utiliser dans toutes les situations d\u2019urgence \u00e9motionnelle et de grande tension, avant tout \u00e9v\u00e9nement \u00e9prouvant pour garder son sang-froid : nouvelle inattendue, entretien d\u2019embauche, RDV chez le dentiste, trac\u2026","rel":"","context":"Similar post","block_context":{"text":"Similar post","link":""},"img":{"alt_text":"","src":"https:\/\/i0.wp.com\/artstella-elixirs-floraux.com\/wp-content\/uploads\/2025\/03\/wp-image2342.png?resize=350%2C200&ssl=1","width":350,"height":200,"srcset":"https:\/\/i0.wp.com\/artstella-elixirs-floraux.com\/wp-content\/uploads\/2025\/03\/wp-image2342.png?resize=350%2C200&ssl=1 1x, https:\/\/i0.wp.com\/artstella-elixirs-floraux.com\/wp-content\/uploads\/2025\/03\/wp-image2342.png?resize=525%2C300&ssl=1 1.5x, https:\/\/i0.wp.com\/artstella-elixirs-floraux.com\/wp-content\/uploads\/2025\/03\/wp-image2342.png?resize=700%2C400&ssl=1 2x"},"classes":[]},{"id":5625,"url":"https:\/\/artstella-elixirs-floraux.com\/en\/product\/angelique-15-ml-deva\/","url_meta":{"origin":6333,"position":3},"title":"Ang\u00e9lique 15 ML Deva","author":"eveapprill","date":"9 March 2025","format":false,"excerpt":"Ang\u00e9lique Protection spirituelle. Elixir majeur conseill\u00e9 dans les situations de crise et chaque fois que la vie est en jeu. Renforce la confiance en la vie et apporte force et vigueur morale lorsque l\u2019avenir est incertain.","rel":"","context":"Similar post","block_context":{"text":"Similar post","link":""},"img":{"alt_text":"","src":"https:\/\/i0.wp.com\/artstella-elixirs-floraux.com\/wp-content\/uploads\/2025\/03\/wp-image1815.png?resize=350%2C200&ssl=1","width":350,"height":200},"classes":[]},{"id":5657,"url":"https:\/\/artstella-elixirs-floraux.com\/en\/product\/camomille-15-ml-deva\/","url_meta":{"origin":6333,"position":4},"title":"Camomille 15 ml Deva","author":"eveapprill","date":"9 March 2025","format":false,"excerpt":"Camomille Rel\u00e2chement, s\u00e9r\u00e9nit\u00e9, tranquillit\u00e9. Pour apaiser les temp\u00e9raments agit\u00e9s ou insatisfaits qui ont des difficult\u00e9s \u00e0 rel\u00e2cher leurs \u00e9motions. Elixir recommand\u00e9 aux enfants \u00e0 l\u2019humeur changeante, qui sont facilement m\u00e9contents, qui pleurent ou qui se vexent facilement. Favorise la d\u00e9tente au moment du coucher.","rel":"","context":"Similar post","block_context":{"text":"Similar post","link":""},"img":{"alt_text":"","src":"https:\/\/i0.wp.com\/artstella-elixirs-floraux.com\/wp-content\/uploads\/2025\/03\/wp-image2383.png?resize=350%2C200&ssl=1","width":350,"height":200},"classes":[]},{"id":5782,"url":"https:\/\/artstella-elixirs-floraux.com\/en\/product\/perce-neige-15ml-deva\/","url_meta":{"origin":6333,"position":5},"title":"Perce Neige 15ml DEVA","author":"eveapprill","date":"9 March 2025","format":false,"excerpt":"L'\u00e9lixir floral DEVA de Perce neige favorise\u00a0l'engagement dans l\u2019action en prenant le risque d\u2019affirmer sa personnalit\u00e9. Il apporte le support moral pour se lib\u00e9rer des souffrances du pass\u00e9 et aller de l\u2019avant.","rel":"","context":"Similar post","block_context":{"text":"Similar post","link":""},"img":{"alt_text":"","src":"https:\/\/i0.wp.com\/artstella-elixirs-floraux.com\/wp-content\/uploads\/2025\/03\/wp-image2440.png?resize=350%2C200&ssl=1","width":350,"height":200},"classes":[]}],"_links":{"self":[{"href":"https:\/\/artstella-elixirs-floraux.com\/en\/wp-json\/wp\/v2\/product\/6333","targetHints":{"allow":["GET"]}}],"collection":[{"href":"https:\/\/artstella-elixirs-floraux.com\/en\/wp-json\/wp\/v2\/product"}],"about":[{"href":"https:\/\/artstella-elixirs-floraux.com\/en\/wp-json\/wp\/v2\/types\/product"}],"version-history":[{"count":0,"href":"https:\/\/artstella-elixirs-floraux.com\/en\/wp-json\/wp\/v2\/product\/6333\/revisions"}],"wp:featuredmedia":[{"embeddable":true,"href":"https:\/\/artstella-elixirs-floraux.com\/en\/wp-json\/wp\/v2\/media\/6334"}],"wp:attachment":[{"href":"https:\/\/artstella-elixirs-floraux.com\/en\/wp-json\/wp\/v2\/media?parent=6333"}],"wp:term":[{"taxonomy":"product_brand","embeddable":true,"href":"https:\/\/artstella-elixirs-floraux.com\/en\/wp-json\/wp\/v2\/product_brand?post=6333"},{"taxonomy":"product_cat","embeddable":true,"href":"https:\/\/artstella-elixirs-floraux.com\/en\/wp-json\/wp\/v2\/product_cat?post=6333"},{"taxonomy":"product_tag","embeddable":true,"href":"https:\/\/artstella-elixirs-floraux.com\/en\/wp-json\/wp\/v2\/product_tag?post=6333"}],"curies":[{"name":"wp","href":"https:\/\/api.w.org\/{rel}","templated":true}]}}