{"id":6339,"date":"2025-03-09T13:56:46","date_gmt":"2025-03-09T13:56:46","guid":{"rendered":"https:\/\/artstella-elixirs-floraux.com\/product\/just-center-ltoe-15ml\/"},"modified":"2026-05-06T14:55:42","modified_gmt":"2026-05-06T14:55:42","slug":"just-center-ltoe-15ml","status":"publish","type":"product","link":"https:\/\/artstella-elixirs-floraux.com\/en\/product\/just-center-ltoe-15ml\/","title":{"rendered":"Just center LTOE 15ml"},"content":{"rendered":"","protected":false},"excerpt":{"rendered":"<p><!-- [if gte mso 9]&gt;--><\/p>\n<p class=\"name\"><b>Just Center (avec J<\/b>ust me et Center renewal)<\/p>\n<p><span style=\"font-size: 12pt; font-family: 'Times New Roman', serif;\">A \u00e9t\u00e9 cr\u00e9\u00e9 pour faire face \u00e0 des configurations astrologiques perturbatrices de notre bien-\u00eatre. Nous aide \u00e0 \u00eatre conscient de notre valeur intrins\u00e8que et ainsi \u00e0 ne pas \u00eatre sujet \u00e0 ces influences n\u00e9gatives. Tel un parapluie nous prot\u00e9geant d\u2019une \u00ab pluie astrologique \u00bb, cet \u00e9lixir travaille \u00e0 diff\u00e9rents niveaux pour nous aider \u00e0 faire face avec plus de facilit\u00e9 \u00e0 ces influences invisibles. Action apaisante au niveau de l\u2019abdomen.<\/span><\/p>\n","protected":false},"featured_media":6340,"template":"","meta":[],"product_brand":[],"product_cat":[131],"product_tag":[],"class_list":{"0":"post-6339","1":"product","2":"type-product","3":"status-publish","4":"has-post-thumbnail","6":"product_cat-les-composes","8":"first","9":"instock","10":"taxable","11":"shipping-taxable","12":"purchasable","13":"product-type-simple"},"etheme_brands":{"errors":{"invalid_taxonomy":["Invalid taxonomy."]},"error_data":[]},"jetpack_sharing_enabled":true,"jetpack-related-posts":[{"id":3605,"url":"https:\/\/artstella-elixirs-floraux.com\/en\/product\/28-just-me-15-ml\/","url_meta":{"origin":6339,"position":0},"title":"JUST ME 15 ML","author":"eveapprill","date":"9 March 2025","format":false,"excerpt":"Just Me\/ Moi, c\u2019est moi : aide \u00e0 rester fid\u00e8le \u00e0 soi-m\u00eame sans subir l\u2019influence des projections et des attentes des autres.","rel":"","context":"Similar post","block_context":{"text":"Similar post","link":""},"img":{"alt_text":"","src":"https:\/\/i0.wp.com\/artstella-elixirs-floraux.com\/wp-content\/uploads\/2025\/03\/fd0c314e-d7f7-4ee3-a9b5-5a3c3c736996.jpg?resize=350%2C200&ssl=1","width":350,"height":200,"srcset":"https:\/\/i0.wp.com\/artstella-elixirs-floraux.com\/wp-content\/uploads\/2025\/03\/fd0c314e-d7f7-4ee3-a9b5-5a3c3c736996.jpg?resize=350%2C200&ssl=1 1x, https:\/\/i0.wp.com\/artstella-elixirs-floraux.com\/wp-content\/uploads\/2025\/03\/fd0c314e-d7f7-4ee3-a9b5-5a3c3c736996.jpg?resize=525%2C300&ssl=1 1.5x, https:\/\/i0.wp.com\/artstella-elixirs-floraux.com\/wp-content\/uploads\/2025\/03\/fd0c314e-d7f7-4ee3-a9b5-5a3c3c736996.jpg?resize=700%2C400&ssl=1 2x"},"classes":[]},{"id":5322,"url":"https:\/\/artstella-elixirs-floraux.com\/en\/product\/true-beauty-spray\/","url_meta":{"origin":6339,"position":1},"title":"TRUE BEAUTY SPRAY","author":"eveapprill","date":"9 March 2025","format":false,"excerpt":"True Beauty Aura Spray \u2013 \u201cVraie Beaut\u00e9\u201d \u00a0aide \u00e0 voir la beaut\u00e9 de l\u2019Esprit et de l\u2019Etre qui se trouve en chacun de nous et \u00e0 pouvoir incarner cette gr\u00e2ce c\u00e9leste. \"Bleu\" avec Rose Otto","rel":"","context":"Similar post","block_context":{"text":"Similar post","link":""},"img":{"alt_text":"","src":"","width":0,"height":0},"classes":[]},{"id":5432,"url":"https:\/\/artstella-elixirs-floraux.com\/en\/product\/cephalanthere-rouge-orchid-rote-bosvogeltje\/","url_meta":{"origin":6339,"position":2},"title":"C\u00e9phalanth\u00e8re rouge Orchid ROTE BOSVOGELTJE","author":"eveapprill","date":"9 March 2025","format":false,"excerpt":"\u00a0C\u00e9phalanth\u00e8re rouge - Cephalanthera rubra- RODE BOSVOGELTJE Cette orchid\u00e9e permet de se sentir l\u2019unit\u00e9 de notre \u00eatre en toutes circonstances. Il apporte de l\u2019assurance int\u00e9rieure, pour ne pas se laisser influencer par les gens ou les circonstances,\u00a0","rel":"","context":"Similar post","block_context":{"text":"Similar post","link":""},"img":{"alt_text":"","src":"","width":0,"height":0},"classes":[]},{"id":3483,"url":"https:\/\/artstella-elixirs-floraux.com\/en\/product\/clear-and-relaeasing-lto-15-ml\/","url_meta":{"origin":6339,"position":3},"title":"CLEAR AND RELAEASING LTOE 15 ML","author":"eveapprill","date":"9 March 2025","format":false,"excerpt":"Clearing and releasing \/ Nettoyer et lib\u00e9rer : Pour faire face \u00e0 des \u00e9nergies profond\u00e9ment ancr\u00e9es et probl\u00e9matiques, au niveau de l'espace dans l'aura. Sert de \"space-clearing","rel":"","context":"Similar post","block_context":{"text":"Similar post","link":""},"img":{"alt_text":"","src":"https:\/\/i0.wp.com\/artstella-elixirs-floraux.com\/wp-content\/uploads\/2025\/03\/2243bc9c-8811-4848-bcd6-9067815e9eb4.jpg?resize=350%2C200&ssl=1","width":350,"height":200,"srcset":"https:\/\/i0.wp.com\/artstella-elixirs-floraux.com\/wp-content\/uploads\/2025\/03\/2243bc9c-8811-4848-bcd6-9067815e9eb4.jpg?resize=350%2C200&ssl=1 1x, https:\/\/i0.wp.com\/artstella-elixirs-floraux.com\/wp-content\/uploads\/2025\/03\/2243bc9c-8811-4848-bcd6-9067815e9eb4.jpg?resize=525%2C300&ssl=1 1.5x, https:\/\/i0.wp.com\/artstella-elixirs-floraux.com\/wp-content\/uploads\/2025\/03\/2243bc9c-8811-4848-bcd6-9067815e9eb4.jpg?resize=700%2C400&ssl=1 2x"},"classes":[]},{"id":4233,"url":"https:\/\/artstella-elixirs-floraux.com\/en\/product\/gazelle-wea-30-ml\/","url_meta":{"origin":6339,"position":4},"title":"GAZELLE WEA 30 ML","author":"eveapprill","date":"9 March 2025","format":false,"excerpt":"Gazelle Aide \u00e0 faire face \u00e0 sa propre vuln\u00e9rabilit\u00e9 et \u00e0 apprendre la force d\u2019une saine vuln\u00e9rabilit\u00e9. Pour \u00eatre en s\u00e9curit\u00e9 dans le monde. Aide \u00e0 d\u00e9velopper un fort sens de vigilance et de conscience","rel":"","context":"Similar post","block_context":{"text":"Similar post","link":""},"img":{"alt_text":"","src":"https:\/\/i0.wp.com\/artstella-elixirs-floraux.com\/wp-content\/uploads\/2025\/03\/wp-image2262.png?resize=350%2C200&ssl=1","width":350,"height":200,"srcset":"https:\/\/i0.wp.com\/artstella-elixirs-floraux.com\/wp-content\/uploads\/2025\/03\/wp-image2262.png?resize=350%2C200&ssl=1 1x, https:\/\/i0.wp.com\/artstella-elixirs-floraux.com\/wp-content\/uploads\/2025\/03\/wp-image2262.png?resize=525%2C300&ssl=1 1.5x, https:\/\/i0.wp.com\/artstella-elixirs-floraux.com\/wp-content\/uploads\/2025\/03\/wp-image2262.png?resize=700%2C400&ssl=1 2x"},"classes":[]},{"id":3243,"url":"https:\/\/artstella-elixirs-floraux.com\/en\/product\/lys-orange-15-ml-phi\/","url_meta":{"origin":6339,"position":5},"title":"LYS ORANGE 15 ML PHI","author":"eveapprill","date":"9 March 2025","format":false,"excerpt":"Lys orang\u00e9 (Lilium bulbiferum) (Feuerlilie) Unit le deuxi\u00e8me et le quatri\u00e8me chakra (sexuel et c\u0153ur). Il nous apprend \u00e0 acqu\u00e9rir une attitude juste face \u00e0 la sexualit\u00e9 et \u00e0 laisser monter nos \u00e9nergies jusqu'au niveau du c\u0153ur.","rel":"","context":"Similar post","block_context":{"text":"Similar post","link":""},"img":{"alt_text":"","src":"https:\/\/i0.wp.com\/artstella-elixirs-floraux.com\/wp-content\/uploads\/2025\/03\/wp-image662.png?resize=350%2C200&ssl=1","width":350,"height":200},"classes":[]}],"_links":{"self":[{"href":"https:\/\/artstella-elixirs-floraux.com\/en\/wp-json\/wp\/v2\/product\/6339","targetHints":{"allow":["GET"]}}],"collection":[{"href":"https:\/\/artstella-elixirs-floraux.com\/en\/wp-json\/wp\/v2\/product"}],"about":[{"href":"https:\/\/artstella-elixirs-floraux.com\/en\/wp-json\/wp\/v2\/types\/product"}],"version-history":[{"count":1,"href":"https:\/\/artstella-elixirs-floraux.com\/en\/wp-json\/wp\/v2\/product\/6339\/revisions"}],"predecessor-version":[{"id":12545,"href":"https:\/\/artstella-elixirs-floraux.com\/en\/wp-json\/wp\/v2\/product\/6339\/revisions\/12545"}],"wp:featuredmedia":[{"embeddable":true,"href":"https:\/\/artstella-elixirs-floraux.com\/en\/wp-json\/wp\/v2\/media\/6340"}],"wp:attachment":[{"href":"https:\/\/artstella-elixirs-floraux.com\/en\/wp-json\/wp\/v2\/media?parent=6339"}],"wp:term":[{"taxonomy":"product_brand","embeddable":true,"href":"https:\/\/artstella-elixirs-floraux.com\/en\/wp-json\/wp\/v2\/product_brand?post=6339"},{"taxonomy":"product_cat","embeddable":true,"href":"https:\/\/artstella-elixirs-floraux.com\/en\/wp-json\/wp\/v2\/product_cat?post=6339"},{"taxonomy":"product_tag","embeddable":true,"href":"https:\/\/artstella-elixirs-floraux.com\/en\/wp-json\/wp\/v2\/product_tag?post=6339"}],"curies":[{"name":"wp","href":"https:\/\/api.w.org\/{rel}","templated":true}]}}