{"id":6349,"date":"2025-03-09T13:56:55","date_gmt":"2025-03-09T13:56:55","guid":{"rendered":"https:\/\/artstella-elixirs-floraux.com\/product\/ad-9-d-15ml-phi\/"},"modified":"2025-05-27T21:59:12","modified_gmt":"2025-05-27T21:59:12","slug":"ad-9-d-15ml-phi","status":"publish","type":"product","link":"https:\/\/artstella-elixirs-floraux.com\/en\/product\/ad-9-d-15ml-phi\/","title":{"rendered":"AD-9 D 15ML PHI"},"content":{"rendered":"","protected":false},"excerpt":{"rendered":"<p><!-- [if gte mso 9]&gt;--><\/p>\n<p class=\"MsoNormal\" style=\"margin: 0.4pt 0cm 0.4pt 0cm;\"><span style=\"font-size: 8pt; font-family: 'Book Antiqua', serif;\">AD9 \u2013 D Nettoie les corps \u00e9nerg\u00e9tiques des informations toxiques des drogues chimiques<\/span><\/p>\n<p class=\"MsoNormal\" style=\"margin: 0.4pt 0cm 0.4pt 0cm;\"><span style=\"font-size: 8pt; font-family: 'Book Antiqua', serif;\">\u00a0<\/span><\/p>\n","protected":false},"featured_media":6350,"template":"","meta":[],"product_brand":[],"product_cat":[91],"product_tag":[],"class_list":{"0":"post-6349","1":"product","2":"type-product","3":"status-publish","4":"has-post-thumbnail","6":"product_cat-les-elixirs-pour-arreter-les-drogues","8":"first","9":"instock","10":"taxable","11":"shipping-taxable","12":"purchasable","13":"product-type-simple"},"etheme_brands":{"errors":{"invalid_taxonomy":["Invalid taxonomy."]},"error_data":[]},"jetpack_sharing_enabled":true,"jetpack-related-posts":[{"id":6347,"url":"https:\/\/artstella-elixirs-floraux.com\/en\/product\/ad-8f-15ml-phi\/","url_meta":{"origin":6349,"position":0},"title":"AD-8F 15ML PHI","author":"eveapprill","date":"9 March 2025","format":false,"excerpt":"","rel":"","context":"Similar post","block_context":{"text":"Similar post","link":""},"img":{"alt_text":"","src":"https:\/\/i0.wp.com\/artstella-elixirs-floraux.com\/wp-content\/uploads\/2025\/03\/wp-image2350.png?resize=350%2C200&ssl=1","width":350,"height":200},"classes":[]},{"id":3441,"url":"https:\/\/artstella-elixirs-floraux.com\/en\/product\/tete-de-moine-15ml-phi\/","url_meta":{"origin":6349,"position":1},"title":"TETE DE MOINE 15ML PHI","author":"eveapprill","date":"9 March 2025","format":false,"excerpt":"T\u00eate de moine (Clitocybe geotropa) (M\u00f6nschskopf ) Lib\u00e8re les blocages et d\u00e9sordres du 1er et 2\u00e8me chakras. Il renforce la vitalit\u00e9 et nettoie \u00e9nerg\u00e9tiquement l'information de poison des champignons parasites. Son action nettoie et d\u00e9sintoxique \u00e9nerg\u00e9tiquement.","rel":"","context":"Similar post","block_context":{"text":"Similar post","link":""},"img":{"alt_text":"","src":"https:\/\/i0.wp.com\/artstella-elixirs-floraux.com\/wp-content\/uploads\/2025\/03\/wp-image321.png?resize=350%2C200&ssl=1","width":350,"height":200},"classes":[]},{"id":6221,"url":"https:\/\/artstella-elixirs-floraux.com\/en\/product\/elixir-ocean-n-31-phi-15ml\/","url_meta":{"origin":6349,"position":2},"title":"ELIXIR OCEAN N\u00b0 31 PHI 15ml","author":"eveapprill","date":"9 March 2025","format":false,"excerpt":"ELIXIR OCEAN N\u00b0 31 nous relie avec l\u2019information originelle de notre ADN. Il nettoie \u00e9nerg\u00e9tiquement et nous aide \u00e0 nous lib\u00e9rer de \u00ab\u00a0fausses\u00a0\u00bb informations ou \u00ab\u00a0d\u00e9sordres\u00a0\u00bb. Action protectrice de la cellule. L\u2019\u00e9lixir emp\u00eache les perturbations d\u2019adh\u00e9rer\u00a0 et permet donc de s\u2019en lib\u00e9rer.","rel":"","context":"Similar post","block_context":{"text":"Similar post","link":""},"img":{"alt_text":"","src":"https:\/\/i0.wp.com\/artstella-elixirs-floraux.com\/wp-content\/uploads\/2025\/03\/wp-image2205.png?resize=350%2C200&ssl=1","width":350,"height":200},"classes":[]},{"id":6064,"url":"https:\/\/artstella-elixirs-floraux.com\/en\/product\/elixir-ocean-n18-phi-15ml\/","url_meta":{"origin":6349,"position":3},"title":"ELIXIR OCEAN N\u00b018 PHI 15ML","author":"eveapprill","date":"9 March 2025","format":false,"excerpt":"L\u2019\u00e9lixir aide \u00e0 nettoyer le corps mental. Son action commence dans la zone de la t\u00eate, les pens\u00e9es peuvent s\u2019\u00e9claircir et \u00eatre trait\u00e9es avec plus de facilit\u00e9. La t\u00eate est libre, les pens\u00e9es claires et conscientes. Ensuite, cette lumi\u00e8re coule dans le corps.","rel":"","context":"Similar post","block_context":{"text":"Similar post","link":""},"img":{"alt_text":"","src":"","width":0,"height":0},"classes":[]},{"id":3326,"url":"https:\/\/artstella-elixirs-floraux.com\/en\/product\/ad-2h-15-ml-phi\/","url_meta":{"origin":6349,"position":4},"title":"AD-2H 15 ML PHI","author":"eveapprill","date":"9 March 2025","format":false,"excerpt":"AD-2H Aide \u00e0 nettoyer les m\u00e9moires li\u00e9es \u00e0 la consommation de haschisch.","rel":"","context":"Similar post","block_context":{"text":"Similar post","link":""},"img":{"alt_text":"","src":"https:\/\/i0.wp.com\/artstella-elixirs-floraux.com\/wp-content\/uploads\/2025\/03\/wp-image1114.png?resize=350%2C200&ssl=1","width":350,"height":200,"srcset":"https:\/\/i0.wp.com\/artstella-elixirs-floraux.com\/wp-content\/uploads\/2025\/03\/wp-image1114.png?resize=350%2C200&ssl=1 1x, https:\/\/i0.wp.com\/artstella-elixirs-floraux.com\/wp-content\/uploads\/2025\/03\/wp-image1114.png?resize=525%2C300&ssl=1 1.5x, https:\/\/i0.wp.com\/artstella-elixirs-floraux.com\/wp-content\/uploads\/2025\/03\/wp-image1114.png?resize=700%2C400&ssl=1 2x"},"classes":[]},{"id":6044,"url":"https:\/\/artstella-elixirs-floraux.com\/en\/product\/elixir-ocean-n08-phi-15ml\/","url_meta":{"origin":6349,"position":5},"title":"ELIXIR OCEAN N\u00b008 PHI 15ML","author":"eveapprill","date":"9 March 2025","format":false,"excerpt":"L\u2019\u00e9lixir nous aide \u00e0 rester ouverts au nouveau, \u00e0 de nouvelles situations, \u00e0 une nouvelle relation et \u00e0 pouvoir s\u2019engager. L\u2019engagement est facilit\u00e9 \u00e9nerg\u00e9tiquement mais aussi les processus de r\u00e9solution des probl\u00e8mes. Il devient possible de l\u00e2cher prise de ce qui ne nous correspond plus (\u00e9galement l\u2019information de souffrance). Nous\u2026","rel":"","context":"Similar post","block_context":{"text":"Similar post","link":""},"img":{"alt_text":"","src":"https:\/\/i0.wp.com\/artstella-elixirs-floraux.com\/wp-content\/uploads\/2025\/03\/wp-image2046.png?resize=350%2C200&ssl=1","width":350,"height":200},"classes":[]}],"_links":{"self":[{"href":"https:\/\/artstella-elixirs-floraux.com\/en\/wp-json\/wp\/v2\/product\/6349","targetHints":{"allow":["GET"]}}],"collection":[{"href":"https:\/\/artstella-elixirs-floraux.com\/en\/wp-json\/wp\/v2\/product"}],"about":[{"href":"https:\/\/artstella-elixirs-floraux.com\/en\/wp-json\/wp\/v2\/types\/product"}],"version-history":[{"count":0,"href":"https:\/\/artstella-elixirs-floraux.com\/en\/wp-json\/wp\/v2\/product\/6349\/revisions"}],"wp:featuredmedia":[{"embeddable":true,"href":"https:\/\/artstella-elixirs-floraux.com\/en\/wp-json\/wp\/v2\/media\/6350"}],"wp:attachment":[{"href":"https:\/\/artstella-elixirs-floraux.com\/en\/wp-json\/wp\/v2\/media?parent=6349"}],"wp:term":[{"taxonomy":"product_brand","embeddable":true,"href":"https:\/\/artstella-elixirs-floraux.com\/en\/wp-json\/wp\/v2\/product_brand?post=6349"},{"taxonomy":"product_cat","embeddable":true,"href":"https:\/\/artstella-elixirs-floraux.com\/en\/wp-json\/wp\/v2\/product_cat?post=6349"},{"taxonomy":"product_tag","embeddable":true,"href":"https:\/\/artstella-elixirs-floraux.com\/en\/wp-json\/wp\/v2\/product_tag?post=6349"}],"curies":[{"name":"wp","href":"https:\/\/api.w.org\/{rel}","templated":true}]}}