{"id":6371,"date":"2025-03-09T13:57:14","date_gmt":"2025-03-09T13:57:14","guid":{"rendered":"https:\/\/artstella-elixirs-floraux.com\/product\/elixir-de-pleiade-5-phi-15ml\/"},"modified":"2025-05-27T20:44:45","modified_gmt":"2025-05-27T20:44:45","slug":"elixir-de-pleiade-5-phi-15ml","status":"publish","type":"product","link":"https:\/\/artstella-elixirs-floraux.com\/en\/product\/elixir-de-pleiade-5-phi-15ml\/","title":{"rendered":"Elixir de Pl\u00e9iade 5 PHI 15ml"},"content":{"rendered":"<p>De 1 \u00e0 5<\/p>","protected":false},"excerpt":{"rendered":"<p>Complexit\u00e9 de l&rsquo;esprit. Activation \u00e9nerg\u00e9tique du cerveau. Liaisons neuronales. \u00c9l\u00e9vation de la conscience.\u00a0 Exp\u00e9rience profonde d&rsquo;humilit\u00e9.<\/p>","protected":false},"featured_media":6372,"template":"","meta":[],"product_brand":[],"product_cat":[128],"product_tag":[],"class_list":{"0":"post-6371","1":"product","2":"type-product","3":"status-publish","4":"has-post-thumbnail","6":"product_cat-les-elixirs-de-planetes","8":"first","9":"instock","10":"taxable","11":"shipping-taxable","12":"purchasable","13":"product-type-simple"},"etheme_brands":{"errors":{"invalid_taxonomy":["Invalid taxonomy."]},"error_data":[]},"jetpack_sharing_enabled":true,"jetpack-related-posts":[{"id":5538,"url":"https:\/\/artstella-elixirs-floraux.com\/en\/product\/coffret-5-pleiades-15ml-phi\/","url_meta":{"origin":6371,"position":0},"title":"COFFRET 5 PLEIADES 15ML PHI","author":"eveapprill","date":"9 March 2025","format":false,"excerpt":"Contient Les 5 \u00e9lixirs de Pleiades","rel":"","context":"Similar post","block_context":{"text":"Similar post","link":""},"img":{"alt_text":"","src":"","width":0,"height":0},"classes":[]},{"id":3527,"url":"https:\/\/artstella-elixirs-floraux.com\/en\/product\/temple-of-light-5-lto-15-ml\/","url_meta":{"origin":6371,"position":1},"title":"TEMPLE OF LIGHT \u00ab\u00a05\u00a0\u00bb LTOE 15 ML","author":"eveapprill","date":"9 March 2025","format":false,"excerpt":"Temple of light (5) \/ Temple de lumi\u00e8re : permet une utilisation prolong\u00e9e pour faire face \u00e0 l'instabilit\u00e9 \u00e9nerg\u00e9tique des la connexion entre les quatre points cit\u00e9s plus haut.","rel":"","context":"Similar post","block_context":{"text":"Similar post","link":""},"img":{"alt_text":"","src":"https:\/\/i0.wp.com\/artstella-elixirs-floraux.com\/wp-content\/uploads\/2025\/03\/98abf329-bfd3-45e6-bae4-c87d83b26e2b.jpg?resize=350%2C200&ssl=1","width":350,"height":200,"srcset":"https:\/\/i0.wp.com\/artstella-elixirs-floraux.com\/wp-content\/uploads\/2025\/03\/98abf329-bfd3-45e6-bae4-c87d83b26e2b.jpg?resize=350%2C200&ssl=1 1x, https:\/\/i0.wp.com\/artstella-elixirs-floraux.com\/wp-content\/uploads\/2025\/03\/98abf329-bfd3-45e6-bae4-c87d83b26e2b.jpg?resize=525%2C300&ssl=1 1.5x, https:\/\/i0.wp.com\/artstella-elixirs-floraux.com\/wp-content\/uploads\/2025\/03\/98abf329-bfd3-45e6-bae4-c87d83b26e2b.jpg?resize=700%2C400&ssl=1 2x"},"classes":[]},{"id":5292,"url":"https:\/\/artstella-elixirs-floraux.com\/en\/product\/complexe-n-5-liberation-deva-30ml\/","url_meta":{"origin":6371,"position":2},"title":"COMPLEXE N\u00b0 5 Lib\u00e9ration DEVA 30ML","author":"eveapprill","date":"9 March 2025","format":false,"excerpt":"COMPLEXE N\u00b0 6\u00a0 Lib\u00e9ration (anciennement D\u00e9saccoutumance) 30ml aide \u00e0 se lib\u00e9rer des habitudes nocives et r\u00e9p\u00e9titives. Il soutient la volont\u00e9 et apaise dans les p\u00e9riodes de changement. Il stimule la vitalit\u00e9 et r\u00e9gularise les rythmes de vie d\u00e9sordonn\u00e9s.","rel":"","context":"Similar post","block_context":{"text":"Similar post","link":""},"img":{"alt_text":"","src":"https:\/\/i0.wp.com\/artstella-elixirs-floraux.com\/wp-content\/uploads\/2025\/03\/73c6ebeb-db7e-42f0-af08-28a7d151d309.jpg?resize=350%2C200&ssl=1","width":350,"height":200,"srcset":"https:\/\/i0.wp.com\/artstella-elixirs-floraux.com\/wp-content\/uploads\/2025\/03\/73c6ebeb-db7e-42f0-af08-28a7d151d309.jpg?resize=350%2C200&ssl=1 1x, https:\/\/i0.wp.com\/artstella-elixirs-floraux.com\/wp-content\/uploads\/2025\/03\/73c6ebeb-db7e-42f0-af08-28a7d151d309.jpg?resize=525%2C300&ssl=1 1.5x, https:\/\/i0.wp.com\/artstella-elixirs-floraux.com\/wp-content\/uploads\/2025\/03\/73c6ebeb-db7e-42f0-af08-28a7d151d309.jpg?resize=700%2C400&ssl=1 2x"},"classes":[]},{"id":12249,"url":"https:\/\/artstella-elixirs-floraux.com\/en\/product\/5-orchidee-de-lintuition-spathoglottis-plicata-sylfos\/","url_meta":{"origin":6371,"position":3},"title":"05. ORCHID\u00c9E DE L\u2019INTUITION Spathoglottis plicata Sylfos","author":"eveapprill","date":"13 March 2026","format":false,"excerpt":"\u00c9lixir d\u2019intuition et de clart\u00e9 int\u00e9rieure. Ouvre la perception subtile, apaise le mental et renforce la confiance dans la voix int\u00e9rieure.","rel":"","context":"Similar post","block_context":{"text":"Similar post","link":""},"img":{"alt_text":"","src":"https:\/\/i0.wp.com\/artstella-elixirs-floraux.com\/wp-content\/uploads\/2026\/03\/5_intuicion_-WEB.png?resize=350%2C200&ssl=1","width":350,"height":200},"classes":[]},{"id":5041,"url":"https:\/\/artstella-elixirs-floraux.com\/en\/product\/apophyllite-7-5-ml-alas-gem-sup\/","url_meta":{"origin":6371,"position":4},"title":"APOPHYLLITE 7.5 ML ALAS GEM SUP","author":"eveapprill","date":"9 March 2025","format":false,"excerpt":"Apophyllite - Apophyllite Indication : distance et indiff\u00e9rence; tension; manque d\u2019empathie, de chaleur, de spontan\u00e9it\u00e9\u00a0; id\u00e9aliste et r\u00eaveur\u00a0; s\u2019\u00e9chappe dans le r\u00eave ou le travail.","rel":"","context":"Similar post","block_context":{"text":"Similar post","link":""},"img":{"alt_text":"","src":"https:\/\/i0.wp.com\/artstella-elixirs-floraux.com\/wp-content\/uploads\/2025\/03\/wp-image1398.png?resize=350%2C200&ssl=1","width":350,"height":200},"classes":[]},{"id":5285,"url":"https:\/\/artstella-elixirs-floraux.com\/en\/product\/complexe-n5-vie-affective-et-sexualite-30ml\/","url_meta":{"origin":6371,"position":5},"title":"COMPLEXE N\u00b05 Vie affective et sexualit\u00e9 30ml","author":"eveapprill","date":"9 March 2025","format":false,"excerpt":"COMPLEXE N\u00b05 Vie affective et sexualit\u00e9 est conseill\u00e9 lorsque la vie affective est d\u00e9s\u00e9quilibr\u00e9e, lorsque la sexualit\u00e9 devient pr\u00e9dominante au d\u00e9triment des autres valeurs. Il favorise l'expression des sentiments profonds et d\u00e9veloppe l'authenticit\u00e9 au niveau de la relation amoureuse.","rel":"","context":"Similar post","block_context":{"text":"Similar post","link":""},"img":{"alt_text":"","src":"https:\/\/i0.wp.com\/artstella-elixirs-floraux.com\/wp-content\/uploads\/2025\/03\/ad399809-a071-4945-853e-c27fb9967aa3.jpg?resize=350%2C200&ssl=1","width":350,"height":200,"srcset":"https:\/\/i0.wp.com\/artstella-elixirs-floraux.com\/wp-content\/uploads\/2025\/03\/ad399809-a071-4945-853e-c27fb9967aa3.jpg?resize=350%2C200&ssl=1 1x, https:\/\/i0.wp.com\/artstella-elixirs-floraux.com\/wp-content\/uploads\/2025\/03\/ad399809-a071-4945-853e-c27fb9967aa3.jpg?resize=525%2C300&ssl=1 1.5x, https:\/\/i0.wp.com\/artstella-elixirs-floraux.com\/wp-content\/uploads\/2025\/03\/ad399809-a071-4945-853e-c27fb9967aa3.jpg?resize=700%2C400&ssl=1 2x"},"classes":[]}],"_links":{"self":[{"href":"https:\/\/artstella-elixirs-floraux.com\/en\/wp-json\/wp\/v2\/product\/6371","targetHints":{"allow":["GET"]}}],"collection":[{"href":"https:\/\/artstella-elixirs-floraux.com\/en\/wp-json\/wp\/v2\/product"}],"about":[{"href":"https:\/\/artstella-elixirs-floraux.com\/en\/wp-json\/wp\/v2\/types\/product"}],"version-history":[{"count":0,"href":"https:\/\/artstella-elixirs-floraux.com\/en\/wp-json\/wp\/v2\/product\/6371\/revisions"}],"wp:featuredmedia":[{"embeddable":true,"href":"https:\/\/artstella-elixirs-floraux.com\/en\/wp-json\/wp\/v2\/media\/6372"}],"wp:attachment":[{"href":"https:\/\/artstella-elixirs-floraux.com\/en\/wp-json\/wp\/v2\/media?parent=6371"}],"wp:term":[{"taxonomy":"product_brand","embeddable":true,"href":"https:\/\/artstella-elixirs-floraux.com\/en\/wp-json\/wp\/v2\/product_brand?post=6371"},{"taxonomy":"product_cat","embeddable":true,"href":"https:\/\/artstella-elixirs-floraux.com\/en\/wp-json\/wp\/v2\/product_cat?post=6371"},{"taxonomy":"product_tag","embeddable":true,"href":"https:\/\/artstella-elixirs-floraux.com\/en\/wp-json\/wp\/v2\/product_tag?post=6371"}],"curies":[{"name":"wp","href":"https:\/\/api.w.org\/{rel}","templated":true}]}}