{"id":6386,"date":"2025-03-09T13:57:32","date_gmt":"2025-03-09T13:57:32","guid":{"rendered":"https:\/\/artstella-elixirs-floraux.com\/product\/le-livre-les-elixirs-danimaux-par-d-mapel\/"},"modified":"2025-05-27T15:03:37","modified_gmt":"2025-05-27T15:03:37","slug":"le-livre-les-elixirs-danimaux-par-d-mapel","status":"publish","type":"product","link":"https:\/\/artstella-elixirs-floraux.com\/en\/product\/le-livre-les-elixirs-danimaux-par-d-mapel\/","title":{"rendered":"Le livre \u00ab\u00a0Les \u00e9lixirs d&rsquo;animaux\u00a0\u00bb par D. Mapel"},"content":{"rendered":"<p>Dans la tradition des \u00e9lixirs floraux, les \u00e9lixirs animaux repr\u00e9sentent la derni\u00e8re \u00e9tape d&rsquo;\u00e9volution des rem\u00e8des vibratoires, soutenant ceux qui les utilisent gr\u00e2ce \u00e0 la sagesse et au pouvoir des animaux sauvages. Les \u00e9lixirs sont cr\u00e9\u00e9s durant une c\u00e9r\u00e9monie d&rsquo;harmonisation avec la nature, et aucun animal n&rsquo;est captur\u00e9 ni bless\u00e9 durant le processus de cr\u00e9ation.<\/p>\n<p>Daniel Mapel, le fondateur et le cr\u00e9ateur des Wild Earth Animal Essences, nous a donn\u00e9 l&rsquo;autorisation de traduire des passages de son livre Into the Heart of the Wild: Healing and Transformation with the Wild Earth Animal Essences.<\/p>","protected":false},"excerpt":{"rendered":"<p>Livre contenant des informations g\u00e9n\u00e9rales au sujet des \u00e9lixirs animaux ainsi que des informations sur tous les \u00e9lixirs et les produits d\u00e9riv\u00e9s de la gamme (descriptifs, photos, affirmations).<\/p>","protected":false},"featured_media":6387,"template":"","meta":[],"product_brand":[],"product_cat":[149],"product_tag":[],"class_list":{"0":"post-6386","1":"product","2":"type-product","3":"status-publish","4":"has-post-thumbnail","6":"product_cat-wea-essences","8":"first","9":"instock","10":"taxable","11":"shipping-taxable","12":"purchasable","13":"product-type-simple"},"etheme_brands":{"errors":{"invalid_taxonomy":["Invalid taxonomy."]},"error_data":[]},"jetpack_sharing_enabled":true,"jetpack-related-posts":[{"id":4197,"url":"https:\/\/artstella-elixirs-floraux.com\/en\/product\/livre-anglais-wild-earth-animal\/","url_meta":{"origin":6386,"position":0},"title":"LIVRE ANGLAIS WILD EARTH ANIMAL","author":"eveapprill","date":"9 March 2025","format":false,"excerpt":"Opuscule d\u00e9crivant les 45 premeirs \u00e9lixirs d'animaux r\u00e9alis\u00e9s par Daniel Mapel, en anglais.","rel":"","context":"Similar post","block_context":{"text":"Similar post","link":""},"img":{"alt_text":"","src":"https:\/\/i0.wp.com\/artstella-elixirs-floraux.com\/wp-content\/uploads\/2025\/03\/wp-image1352.png?resize=350%2C200&ssl=1","width":350,"height":200},"classes":[]},{"id":5356,"url":"https:\/\/artstella-elixirs-floraux.com\/en\/product\/cartes-du-chemin-de-guerison\/","url_meta":{"origin":6386,"position":1},"title":"CARTES DU CHEMIN DE GUERISON","author":"eveapprill","date":"9 March 2025","format":false,"excerpt":"Les cartes du chemin de Gu\u00e9rison par Daniel Mapel cr\u00e9ateur des \u00e9lixirs Wild Earth Animals ! Ce livre et les cartes des animaux vous permettent d'acc\u00e9der au coeur de l'enseignement de Daniel et des animaux!!!","rel":"","context":"Similar post","block_context":{"text":"Similar post","link":""},"img":{"alt_text":"","src":"https:\/\/i0.wp.com\/artstella-elixirs-floraux.com\/wp-content\/uploads\/2025\/03\/contenu-3D.png?resize=350%2C200&ssl=1","width":350,"height":200,"srcset":"https:\/\/i0.wp.com\/artstella-elixirs-floraux.com\/wp-content\/uploads\/2025\/03\/contenu-3D.png?resize=350%2C200&ssl=1 1x, https:\/\/i0.wp.com\/artstella-elixirs-floraux.com\/wp-content\/uploads\/2025\/03\/contenu-3D.png?resize=525%2C300&ssl=1 1.5x, https:\/\/i0.wp.com\/artstella-elixirs-floraux.com\/wp-content\/uploads\/2025\/03\/contenu-3D.png?resize=700%2C400&ssl=1 2x, https:\/\/i0.wp.com\/artstella-elixirs-floraux.com\/wp-content\/uploads\/2025\/03\/contenu-3D.png?resize=1050%2C600&ssl=1 3x, https:\/\/i0.wp.com\/artstella-elixirs-floraux.com\/wp-content\/uploads\/2025\/03\/contenu-3D.png?resize=1400%2C800&ssl=1 4x"},"classes":[]},{"id":4598,"url":"https:\/\/artstella-elixirs-floraux.com\/en\/product\/animal-healing-bush-essences\/","url_meta":{"origin":6386,"position":2},"title":"ANIMAL HEALING BUSH ESSENCES","author":"eveapprill","date":"9 March 2025","format":false,"excerpt":"ANIMAL HEALING BUSH ESSENCES","rel":"","context":"Similar post","block_context":{"text":"Similar post","link":""},"img":{"alt_text":"","src":"","width":0,"height":0},"classes":[]},{"id":6313,"url":"https:\/\/artstella-elixirs-floraux.com\/en\/product\/premier-chakra-weae-30-ml\/","url_meta":{"origin":6386,"position":3},"title":"Premier Chakra WEAE 30 ml","author":"eveapprill","date":"9 March 2025","format":false,"excerpt":"First Chakra Essence fournit un soutien pour recevoir les cadeaux du premier chakra, y compris: s\u2019ancrer, accepter notre corps physique, nous sentir en s\u00e9curit\u00e9, faire face aux probl\u00e8mes de survie, stabilit\u00e9 et enracinement.","rel":"","context":"Similar post","block_context":{"text":"Similar post","link":""},"img":{"alt_text":"","src":"https:\/\/i0.wp.com\/artstella-elixirs-floraux.com\/wp-content\/uploads\/2025\/03\/68bf7613-c8fd-48ce-a419-a6b266b3bb71.jpg?resize=350%2C200&ssl=1","width":350,"height":200,"srcset":"https:\/\/i0.wp.com\/artstella-elixirs-floraux.com\/wp-content\/uploads\/2025\/03\/68bf7613-c8fd-48ce-a419-a6b266b3bb71.jpg?resize=350%2C200&ssl=1 1x, https:\/\/i0.wp.com\/artstella-elixirs-floraux.com\/wp-content\/uploads\/2025\/03\/68bf7613-c8fd-48ce-a419-a6b266b3bb71.jpg?resize=525%2C300&ssl=1 1.5x, https:\/\/i0.wp.com\/artstella-elixirs-floraux.com\/wp-content\/uploads\/2025\/03\/68bf7613-c8fd-48ce-a419-a6b266b3bb71.jpg?resize=700%2C400&ssl=1 2x"},"classes":[]},{"id":6000,"url":"https:\/\/artstella-elixirs-floraux.com\/en\/product\/le-pouvoir-de-guerison-des-animaux-a-korte\/","url_meta":{"origin":6386,"position":4},"title":"Le pouvoir de gu\u00e9rison des animaux A. Korte","author":"eveapprill","date":"9 March 2025","format":false,"excerpt":"Nouveau ! Le dernier livre d'Andreas Korte paru en fran\u00e7ais reprenant ses recherches sur ses rencontres avec les animaux, leur pouvoir de gu\u00e9rison et les \u00e9lixirs qu'ils en a recueilli.","rel":"","context":"Similar post","block_context":{"text":"Similar post","link":""},"img":{"alt_text":"","src":"https:\/\/i0.wp.com\/artstella-elixirs-floraux.com\/wp-content\/uploads\/2025\/03\/wp-image2019.png?resize=350%2C200&ssl=1","width":350,"height":200},"classes":[]},{"id":4385,"url":"https:\/\/artstella-elixirs-floraux.com\/en\/product\/saved-by-the-animals-30-ml\/","url_meta":{"origin":6386,"position":5},"title":"SAVED BY THE ANIMALS 30 ML","author":"eveapprill","date":"9 March 2025","format":false,"excerpt":"","rel":"","context":"Similar post","block_context":{"text":"Similar post","link":""},"img":{"alt_text":"","src":"https:\/\/i0.wp.com\/artstella-elixirs-floraux.com\/wp-content\/uploads\/2025\/03\/wp-image2182.png?resize=350%2C200&ssl=1","width":350,"height":200},"classes":[]}],"_links":{"self":[{"href":"https:\/\/artstella-elixirs-floraux.com\/en\/wp-json\/wp\/v2\/product\/6386","targetHints":{"allow":["GET"]}}],"collection":[{"href":"https:\/\/artstella-elixirs-floraux.com\/en\/wp-json\/wp\/v2\/product"}],"about":[{"href":"https:\/\/artstella-elixirs-floraux.com\/en\/wp-json\/wp\/v2\/types\/product"}],"version-history":[{"count":0,"href":"https:\/\/artstella-elixirs-floraux.com\/en\/wp-json\/wp\/v2\/product\/6386\/revisions"}],"wp:featuredmedia":[{"embeddable":true,"href":"https:\/\/artstella-elixirs-floraux.com\/en\/wp-json\/wp\/v2\/media\/6387"}],"wp:attachment":[{"href":"https:\/\/artstella-elixirs-floraux.com\/en\/wp-json\/wp\/v2\/media?parent=6386"}],"wp:term":[{"taxonomy":"product_brand","embeddable":true,"href":"https:\/\/artstella-elixirs-floraux.com\/en\/wp-json\/wp\/v2\/product_brand?post=6386"},{"taxonomy":"product_cat","embeddable":true,"href":"https:\/\/artstella-elixirs-floraux.com\/en\/wp-json\/wp\/v2\/product_cat?post=6386"},{"taxonomy":"product_tag","embeddable":true,"href":"https:\/\/artstella-elixirs-floraux.com\/en\/wp-json\/wp\/v2\/product_tag?post=6386"}],"curies":[{"name":"wp","href":"https:\/\/api.w.org\/{rel}","templated":true}]}}