{"id":6390,"date":"2025-03-09T13:57:36","date_gmt":"2025-03-09T13:57:36","guid":{"rendered":"https:\/\/artstella-elixirs-floraux.com\/product\/mumma-mojo-30ml\/"},"modified":"2025-06-08T12:47:44","modified_gmt":"2025-06-08T12:47:44","slug":"mumma-mojo-30ml","status":"publish","type":"product","link":"https:\/\/artstella-elixirs-floraux.com\/en\/product\/mumma-mojo-30ml\/","title":{"rendered":"Mumma Mojo 30ml"},"content":{"rendered":"","protected":false},"excerpt":{"rendered":"<p><!-- [if gte mso 9]&gt;--><\/p>\n<p><!-- [if gte mso 9]&gt;--><\/p>\n<p><span style=\"font-size: 12pt;\">Un rem\u00e8de cr\u00e9\u00e9 pour soutenir une maternit\u00e9 plus l\u00e9g\u00e8re et joyeuse !<\/span><\/p>\n<div class=\"WordSection1\">\n<p class=\"MsoNormal\" style=\"margin-bottom: 0.0001pt; line-height: normal;\"><span style=\"font-size: 12pt;\">Un \u00e9lixir pour donner plus d&rsquo;\u00e9lan, de r\u00e9silience, de calme et de renouveau.\u00a0 Il renforce le lien entre une m\u00e8re et son ou ses enfants, am\u00e9liore son intuition et all\u00e8ge le fardeau de responsabilit\u00e9 et l&rsquo;accablement qui peut en d\u00e9couler.<\/span><\/p>\n<p>Surtout, il aide la m\u00e8re \u00e0 s&rsquo;occuper de ses propres besoins, et pas seulement de ceux de sa famille.<\/p>\n<\/div>\n<p><span style=\"font-size: 12pt; font-family: Calibri, sans-serif;\">\u00a0<\/span><\/p>\n","protected":false},"featured_media":6391,"template":"","meta":[],"product_brand":[],"product_cat":[122],"product_tag":[],"class_list":{"0":"post-6390","1":"product","2":"type-product","3":"status-publish","4":"has-post-thumbnail","6":"product_cat-les-composes-du-bush-australien","8":"first","9":"instock","10":"taxable","11":"shipping-taxable","12":"purchasable","13":"product-type-simple"},"etheme_brands":{"errors":{"invalid_taxonomy":["Invalid taxonomy."]},"error_data":[]},"jetpack_sharing_enabled":true,"jetpack-related-posts":[{"id":4169,"url":"https:\/\/artstella-elixirs-floraux.com\/en\/product\/mere-divine-messagers-15ml\/","url_meta":{"origin":6390,"position":0},"title":"MERE DIVINE (MESSAGERS) 15ML","author":"eveapprill","date":"9 March 2025","format":false,"excerpt":"MADRE DIVINA \/ MERE DIVINE Cr\u00e9ation des conditions de l\u2019\u00e9volution \u00b7 Acceptation des contraintes du karma \u00b7 Renforce la r\u00e9alisation de l\u2019\u00e9volution \u00b7 Perfection spirituelle\u00a0","rel":"","context":"Similar post","block_context":{"text":"Similar post","link":""},"img":{"alt_text":"","src":"","width":0,"height":0},"classes":[]},{"id":2256,"url":"https:\/\/artstella-elixirs-floraux.com\/en\/product\/pineapple-weed-alaskan\/","url_meta":{"origin":6390,"position":1},"title":"Pineapple weed Alaskan","author":"eveapprill","date":"9 March 2025","format":false,"excerpt":"Pineapple weed. Matricaria matricariodes Manque d'harmonie avec son environnement physique ; insensible aux bienfaits de la nature ; lien nourricier faible entre la m\u00e8re et l'enfant.","rel":"","context":"Similar post","block_context":{"text":"Similar post","link":""},"img":{"alt_text":"","src":"https:\/\/i0.wp.com\/artstella-elixirs-floraux.com\/wp-content\/uploads\/2025\/03\/wp-image574.png?resize=350%2C200&ssl=1","width":350,"height":200},"classes":[]},{"id":3871,"url":"https:\/\/artstella-elixirs-floraux.com\/en\/product\/etoile-de-mer-15-ml-phi\/","url_meta":{"origin":6390,"position":2},"title":"ETOILE DE MER 15 ML PHI","author":"eveapprill","date":"9 March 2025","format":false,"excerpt":"Etoile de mer Seestern Elle d\u00e9veloppe au travers de l\u2019\u00e9lixir une conscience plus fine dans la perception des sens. Ainsi, les relations interpersonnelles peuvent \u00eatre mieux per\u00e7ues. Les contacts sociaux et la communication sont favoris\u00e9s.","rel":"","context":"Similar post","block_context":{"text":"Similar post","link":""},"img":{"alt_text":"","src":"","width":0,"height":0},"classes":[]},{"id":4533,"url":"https:\/\/artstella-elixirs-floraux.com\/en\/product\/coffret-110-elixirs-de-la-mer-15ml-phi\/","url_meta":{"origin":6390,"position":3},"title":"COFFRET (1)10 Elixirs de la MER 15ML PHI","author":"eveapprill","date":"9 March 2025","format":false,"excerpt":"Les Elixirs de la Mer Coffret 1 : contient\u00a0Algue, Delph, Crabe, Gal\u00e8re portuguaise, Blennie, An\u00e9mone de mer, Oursin, Aplysie, Etoile de mer, Baleine","rel":"","context":"Similar post","block_context":{"text":"Similar post","link":""},"img":{"alt_text":"","src":"https:\/\/i0.wp.com\/artstella-elixirs-floraux.com\/wp-content\/uploads\/2025\/03\/wp-image1150.png?resize=350%2C200&ssl=1","width":350,"height":200,"srcset":"https:\/\/i0.wp.com\/artstella-elixirs-floraux.com\/wp-content\/uploads\/2025\/03\/wp-image1150.png?resize=350%2C200&ssl=1 1x, https:\/\/i0.wp.com\/artstella-elixirs-floraux.com\/wp-content\/uploads\/2025\/03\/wp-image1150.png?resize=525%2C300&ssl=1 1.5x, https:\/\/i0.wp.com\/artstella-elixirs-floraux.com\/wp-content\/uploads\/2025\/03\/wp-image1150.png?resize=700%2C400&ssl=1 2x"},"classes":[]},{"id":6155,"url":"https:\/\/artstella-elixirs-floraux.com\/en\/product\/coffret-3-8-elixirs-de-la-mer-phi\/","url_meta":{"origin":6390,"position":4},"title":"COFFRET (3) 8 Elixirs de la Mer PHI","author":"eveapprill","date":"9 March 2025","format":false,"excerpt":"Coffret (3) 8 \u00e9lixirs de la mer Comprend les \u00e9lixirs de : Holothuroidea (Concombre de la mer), Beluga, Groseille de mer, Hypselodoris, Ver de feu barbu, Orque, et Flabelline mauve","rel":"","context":"Similar post","block_context":{"text":"Similar post","link":""},"img":{"alt_text":"","src":"","width":0,"height":0},"classes":[]},{"id":5170,"url":"https:\/\/artstella-elixirs-floraux.com\/en\/product\/eponge-tubulaire-15-ml-phi\/","url_meta":{"origin":6390,"position":5},"title":"EPONGE TUBULAIRE 15 ML PHI","author":"eveapprill","date":"9 March 2025","format":false,"excerpt":"Eponge tubulaire \u00e0 \u00e9pines\u00a0 (Callyspongia sp.) R\u00f6hrenschwamm\u00a0 De la m\u00eame fa\u00e7on que cette \u00e9ponge filtre l\u2019eau de mer, son \u00e9lixir soutient \u00e9nerg\u00e9tiquement les fonctions du foie et des reins, de fa\u00e7on \u00e0 \u00e9liminer les toxines.\u00a0","rel":"","context":"Similar post","block_context":{"text":"Similar post","link":""},"img":{"alt_text":"","src":"","width":0,"height":0},"classes":[]}],"_links":{"self":[{"href":"https:\/\/artstella-elixirs-floraux.com\/en\/wp-json\/wp\/v2\/product\/6390","targetHints":{"allow":["GET"]}}],"collection":[{"href":"https:\/\/artstella-elixirs-floraux.com\/en\/wp-json\/wp\/v2\/product"}],"about":[{"href":"https:\/\/artstella-elixirs-floraux.com\/en\/wp-json\/wp\/v2\/types\/product"}],"version-history":[{"count":0,"href":"https:\/\/artstella-elixirs-floraux.com\/en\/wp-json\/wp\/v2\/product\/6390\/revisions"}],"wp:featuredmedia":[{"embeddable":true,"href":"https:\/\/artstella-elixirs-floraux.com\/en\/wp-json\/wp\/v2\/media\/6391"}],"wp:attachment":[{"href":"https:\/\/artstella-elixirs-floraux.com\/en\/wp-json\/wp\/v2\/media?parent=6390"}],"wp:term":[{"taxonomy":"product_brand","embeddable":true,"href":"https:\/\/artstella-elixirs-floraux.com\/en\/wp-json\/wp\/v2\/product_brand?post=6390"},{"taxonomy":"product_cat","embeddable":true,"href":"https:\/\/artstella-elixirs-floraux.com\/en\/wp-json\/wp\/v2\/product_cat?post=6390"},{"taxonomy":"product_tag","embeddable":true,"href":"https:\/\/artstella-elixirs-floraux.com\/en\/wp-json\/wp\/v2\/product_tag?post=6390"}],"curies":[{"name":"wp","href":"https:\/\/api.w.org\/{rel}","templated":true}]}}